{"id":5821,"date":"2024-03-01T23:35:30","date_gmt":"2024-03-01T22:35:30","guid":{"rendered":"https:\/\/www.altisfain.com\/?post_type=product&#038;p=5821"},"modified":"2025-08-15T15:01:44","modified_gmt":"2025-08-15T13:01:44","slug":"collier-inox-er-laiton-aux-confins-des-mondes-markarth-almandin-a-inclusion-de-grenat","status":"publish","type":"product","link":"https:\/\/www.altisfain.com\/en\/boutique\/confins-monde\/collier-inox-er-laiton-aux-confins-des-mondes-markarth-almandin-a-inclusion-de-grenat\/","title":{"rendered":"Collier inox et laiton &#8220;Aux Confins des Mondes: Markarth&#8221; Almandin \u00e0 inclusions de grenat"},"content":{"rendered":"<p style=\"text-align:center\">&#8220;Nous go\u00fbtions la fra\u00eecheur, l&#8217;odeur, l&#8217;humidit\u00e9 qui renouvelaient notre chair. Nous \u00e9tions perdus aux confins du monde, car nous savions d\u00e9j\u00e0 que voyager c&#8217;est avant tout changer de chair.&#8221;<\/p>\n<p>Saint-Exup\u00e9ry.<\/p>\n<p style=\"text-align:center\">Markarth est une ville rocheuse de l&#8217;extr\u00eame Ouest de Bordeciel, elle est la capitale de la ch\u00e2tellerie de la la Crevasse. Elle est \u00e9galement le plus grand vestige de la civilisation dwemer dans toute la province.<\/p>\n<p>Dirig\u00e9e par le jarl Igmund, Markarth est sous le contr\u00f4le de la l\u00e9gion imp\u00e9riale durant la Guerre Civile de Bordeciel.<\/p>\n<p style=\"text-align:center\"><b>Ce collier marie un plastron fin et un pendentif serti Almandin \u00e0 inclusions de grenat. <\/b><b>La pierre est un cabochon de forme rectangulaire, de tr\u00e8s belle qualit\u00e9 avec des teintes grises et noire avec inclusions de grenat \u00e0 l&#8217;aspect velout\u00e9. <\/b><b>Le m\u00e9tal utilis\u00e9 est un inox type alimentaire, poli, bross\u00e9 mat et martel\u00e9 main et un laiton premier titre. <\/b><b>Le tour de cou se termine par un mousqueton et une chainette de rallonge agr\u00e9ment\u00e9e d\u2019un entrelac. Cela permet de jouer sur la longueur du collier et ajoute \u00e0 l\u2019ensemble une coh\u00e9rence harmonieuse. Le pendentif \u00e0 des motifs type Art d\u00e9co. Dimension du cabochon: 3,7 cm par 2,9 cm. Dimension du pendentif : 10,8 cm par 4.9 cm.<\/b><\/p>\n<p style=\"text-align:center\"><b>Collier infiniment nordique et Art d\u00e9co!!<\/b><\/p>\n<hr>\n<p style=\"text-align:center\">&#8220;We taste the freshness, odor, moisture which renew our flesh. We were lost to the confines of the world, because we already knew that traveling is all about change of flesh.&#8221;<\/p>\n<p>Saint-Exup\u00e9ry.<\/p>\n<p style=\"text-align:center\">Markarth is a rocky city in the far west of Skyrim, it is the capital of the Rift Hold. It is also the largest remnant of Dwemer civilization in the entire province.<\/p>\n<p>Led by Earl Igmund, Markarth was under the control of the Imperial Legion during the Skyrim Civil War.<br \/>\nThis necklace combines a fine bib and an Almandine-set pendant with garnet inclusions. The stone is a rectangular cabochon, of very good quality with gray and black hues with inclusions of garnet with a velvety appearance. The metal used is food grade stainless steel, polished, matt brushed and hand hammered and first class brass. The neck strap ends with a carabiner and an extension chain decorated with interlacing. This allows you to play with the length of the necklace and adds a harmonious coherence to the whole. The pendant has Art Deco-type motifs. Dimensions of the cabochon: 3.7 cm by 2.9 cm. Dimensions of the pendant: 10.8 cm by 4.9 cm.<\/p>\n<p>Infinitely Nordic and Art Deco necklace!!<\/p>\n","protected":false},"excerpt":{"rendered":"<p style=\"padding-left:40px;text-align:center\"><strong>Collier plastron inox et laiton, pendentif serti Almandin inclusions de grenat, d\u2019inspiration onirique et mystique.<\/strong><\/p>\n<hr>\n<p style=\"text-align:center\"><span class=\"tlid-translation translation\" lang=\"en\"><span class=\"\" title=\"\"><span class=\"VIiyi\" lang=\"en\"><span class=\"JLqJ4b ChMk0b\" data-language-for-alternatives=\"en\" data-language-to-translate-into=\"fr\" data-phrase-index=\"0\"><strong>Stainless steel and brass necklace with Garner Almandin setting, dreamlike and magical inspiration.<\/strong><\/span><\/span><strong> <\/strong><\/span><\/span><\/p>\n","protected":false},"featured_media":5831,"comment_status":"open","ping_status":"closed","template":"","meta":[],"product_brand":[],"product_cat":[17],"product_tag":[31],"class_list":{"0":"post-5821","1":"product","2":"type-product","3":"status-publish","4":"has-post-thumbnail","6":"product_cat-confins-monde","7":"product_tag-collier","8":"pa_ambiance-elfique","9":"pa_ambiance-feerique","10":"pa_matiere-inox","11":"pa_ornement-labradorite","12":"pa_ornement-labradorite-bleue","13":"pa_ornement-labradorite-brune","14":"pa_ornement-labradorite-verte","15":"pa_ornement-pierre-semi","17":"first","18":"outofstock","19":"featured","20":"sold-individually","21":"shipping-taxable","22":"purchasable","23":"product-type-simple"},"translation":{"provider":"WPGlobus","version":"3.0.2","language":"en","enabled_languages":["fr","en"],"languages":{"fr":{"title":true,"content":true,"excerpt":true},"en":{"title":false,"content":false,"excerpt":false}}},"jetpack-related-posts":[],"jetpack_sharing_enabled":true,"_links":{"self":[{"href":"https:\/\/www.altisfain.com\/en\/wp-json\/wp\/v2\/product\/5821","targetHints":{"allow":["GET"]}}],"collection":[{"href":"https:\/\/www.altisfain.com\/en\/wp-json\/wp\/v2\/product"}],"about":[{"href":"https:\/\/www.altisfain.com\/en\/wp-json\/wp\/v2\/types\/product"}],"replies":[{"embeddable":true,"href":"https:\/\/www.altisfain.com\/en\/wp-json\/wp\/v2\/comments?post=5821"}],"wp:featuredmedia":[{"embeddable":true,"href":"https:\/\/www.altisfain.com\/en\/wp-json\/wp\/v2\/media\/5831"}],"wp:attachment":[{"href":"https:\/\/www.altisfain.com\/en\/wp-json\/wp\/v2\/media?parent=5821"}],"wp:term":[{"taxonomy":"product_brand","embeddable":true,"href":"https:\/\/www.altisfain.com\/en\/wp-json\/wp\/v2\/product_brand?post=5821"},{"taxonomy":"product_cat","embeddable":true,"href":"https:\/\/www.altisfain.com\/en\/wp-json\/wp\/v2\/product_cat?post=5821"},{"taxonomy":"product_tag","embeddable":true,"href":"https:\/\/www.altisfain.com\/en\/wp-json\/wp\/v2\/product_tag?post=5821"}],"curies":[{"name":"wp","href":"https:\/\/api.w.org\/{rel}","templated":true}]}}