{"id":581,"date":"2018-03-05T23:33:05","date_gmt":"2018-03-05T22:33:05","guid":{"rendered":"http:\/\/www.altisfain.com\/?post_type=product&#038;p=581"},"modified":"2019-10-20T12:19:32","modified_gmt":"2019-10-20T10:19:32","slug":"collier-inox-monsho-nenuphar","status":"publish","type":"product","link":"https:\/\/www.altisfain.com\/en\/boutique\/monsho\/collier-inox-monsho-nenuphar\/","title":{"rendered":"Collier inox Monsh\u014d N\u00e9nuphar"},"content":{"rendered":"<p style=\"text-align: center;\">Les Monsh\u014d sont les armoiries des familles japonaises.<br \/>\nIls consistent en un symbole souvent encercl\u00e9 ou de forme arrondie. Les dessins \u00e9taient souvent des versions stylis\u00e9es de th\u00e8mes ou objets japonais, souvent issus de la nature.<br \/>\nPresque tout dans la nature avait une symbolique, superstitieuse ou non, ce que influen\u00e7ait les familles dans le choix du motif embl\u00e8me de leur clan.<\/p>\n<p style=\"text-align: center;\">Le n\u00e9nuphar est symbole de vitalit\u00e9 et de puret\u00e9.<\/p>\n<p style=\"text-align: center;\"><b>Pendentif circulaire mont\u00e9 sur un tour de cou articul\u00e9.<br \/>\nUne cha\u00eenette de rallonge termin\u00e9e par une feuille de n\u00e9nuphar permet de jouer sur la longueur du collier.<br \/>\nLe pendentif est form\u00e9 de 2 feuilles de n\u00e9nuphar martel\u00e9es main et soud\u00e9es sur deux branches.<br \/>\nQuatre brins inox entrelacent les feuilles et sortent du cercle en volutes. Diam\u00e8tre du cercle: 5,4 cm.<br \/>\nDimension feuilles: 2,4 cm par 2,4 cm pour la grande feuille, 2,3 cm par 1,9 cm pour la plus petite.<br \/>\nB\u00e9li\u00e8re de pendentif int\u00e9gr\u00e9 au cercle.<br \/>\n<\/b><\/p>\n<p style=\"text-align: center;\"><strong>Collier talisman, d&#8217;inspiration asiatique et elfique!<\/strong><\/p>\n<hr \/>\n<p style=\"text-align: center;\">The Monsh\u014d are the coat of arms of Japanese families.<br \/>\nThey consist of a symbol often encircled or rounded. The drawings were often stylized versions of Japanese themes or objects, often derived from nature. Almost everything in nature had a symbolic, superstitious or not, which influenced the families in the choice of the emblem motif of their clan.<\/p>\n<p style=\"text-align: center;\">The water lily is a symbol of vitality and purity.<\/p>\n<p><strong>Circular pendant mounted on an articulated neck.<\/strong><br \/>\n<strong>An extension chain ending in a nenuphar leaf allows to play along the length of the collar.<\/strong><br \/>\n<strong>The pendant is made of 2 leaves of nenuphar hammered hand and welded on two branches.<\/strong><br \/>\n<strong>Four stainless steel strands interlace the leaves and come out of the circle in volutes.<\/strong><br \/>\n<strong>Diameter of the circle: 5,4 cm.<\/strong><br \/>\n<strong>Leaf dimension: 2.4 cm by 2.4 cm for the large leaf, 2.3 cm by 1.9 cm for the smallest.<\/strong><br \/>\n<strong>Pendant ring in the circle.<\/strong><\/p>\n","protected":false},"excerpt":{"rendered":"<p style=\"text-align: center;\"><strong>Collier inox pendentif, entrelacs et feuilles de n\u00e9nuphar, d&#8217;inspiration asiatique et elfique.<\/strong><\/p>\n<hr \/>\n<p style=\"text-align: center;\"><strong><span class=\"tlid-translation translation\" lang=\"en\"><span class=\"\" title=\"\">Stainless steel pendant necklace, interlacing and lily pads, Asian and Elvish inspired.<\/span><\/span><\/strong><\/p>\n","protected":false},"featured_media":582,"comment_status":"open","ping_status":"closed","template":"","meta":[],"product_brand":[],"product_cat":[25],"product_tag":[31],"class_list":{"0":"post-581","1":"product","2":"type-product","3":"status-publish","4":"has-post-thumbnail","6":"product_cat-monsho","7":"product_tag-collier","8":"pa_ambiance-asiatique","9":"pa_ambiance-elfique","10":"pa_ambiance-feerique","11":"pa_ambiance-vegetal","12":"pa_feuille-nenuphar","13":"pa_matiere-inox","15":"first","16":"instock","17":"sold-individually","18":"shipping-taxable","19":"purchasable","20":"product-type-simple"},"translation":{"provider":"WPGlobus","version":"3.0.2","language":"en","enabled_languages":["fr","en"],"languages":{"fr":{"title":true,"content":true,"excerpt":true},"en":{"title":false,"content":false,"excerpt":false}}},"jetpack-related-posts":[],"jetpack_sharing_enabled":true,"_links":{"self":[{"href":"https:\/\/www.altisfain.com\/en\/wp-json\/wp\/v2\/product\/581","targetHints":{"allow":["GET"]}}],"collection":[{"href":"https:\/\/www.altisfain.com\/en\/wp-json\/wp\/v2\/product"}],"about":[{"href":"https:\/\/www.altisfain.com\/en\/wp-json\/wp\/v2\/types\/product"}],"replies":[{"embeddable":true,"href":"https:\/\/www.altisfain.com\/en\/wp-json\/wp\/v2\/comments?post=581"}],"wp:featuredmedia":[{"embeddable":true,"href":"https:\/\/www.altisfain.com\/en\/wp-json\/wp\/v2\/media\/582"}],"wp:attachment":[{"href":"https:\/\/www.altisfain.com\/en\/wp-json\/wp\/v2\/media?parent=581"}],"wp:term":[{"taxonomy":"product_brand","embeddable":true,"href":"https:\/\/www.altisfain.com\/en\/wp-json\/wp\/v2\/product_brand?post=581"},{"taxonomy":"product_cat","embeddable":true,"href":"https:\/\/www.altisfain.com\/en\/wp-json\/wp\/v2\/product_cat?post=581"},{"taxonomy":"product_tag","embeddable":true,"href":"https:\/\/www.altisfain.com\/en\/wp-json\/wp\/v2\/product_tag?post=581"}],"curies":[{"name":"wp","href":"https:\/\/api.w.org\/{rel}","templated":true}]}}