{"id":5798,"date":"2024-03-01T22:23:28","date_gmt":"2024-03-01T21:23:28","guid":{"rendered":"https:\/\/www.altisfain.com\/?post_type=product&#038;p=5798"},"modified":"2024-10-20T21:31:55","modified_gmt":"2024-10-20T19:31:55","slug":"collier-inox-les-diaboliques-aine-labradorite-2-3","status":"publish","type":"product","link":"https:\/\/www.altisfain.com\/en\/boutique\/les-adoptes\/collier-inox-les-diaboliques-aine-labradorite-2-3\/","title":{"rendered":"Collier inox &#8220;Les Diaboliques: Hel &#8221; Labradorite blanche"},"content":{"rendered":"<p style=\"padding-left:40px\">&#8220;Le mot na\u00eff et \u00e9tonn\u00e9 de la Borgh\u00e8se, quand on lui demanda comment elle avait bien pu poser nue devant Canova: \u00abmais l&#8217;atelier \u00e9tait chaud! il y avait un po\u00eale!\u00bb&#8221;<\/p>\n<p>Les Diaboliques, Barbey d&#8217;Aurevilly.<\/p>\n<p style=\"text-align:center\">Collection inspir\u00e9e de femmes, fictives ou historiques qui, \u00e0 tord ou \u00e0 raison, ont suscit\u00e9 accusations et calomnies et marqu\u00e9 l&#8217;Histoire ou les histoires par leur personnalit\u00e9 sulfureuse&#8230;<\/p>\n<p style=\"text-align:center\">Hel est la d\u00e9esse des morts dans la mythologie nordique. Elle est la fille de Loki et de la g\u00e9ante Angrboda, et la s\u0153ur de Fenrir et de J\u00f6rmungand. Dans les croyances nordiques ancestrales pr\u00e9chr\u00e9tiennes, Hel est l&#8217;une des hypostases de Freyja la Grande D\u00e9esse M\u00e8re, le nom hel (helja) signifie : accueillir, cacher, car Freyja est aussi la d\u00e9esse de la mort qui accueille la moiti\u00e9 des guerriers destin\u00e9s au Valhalla. Elle est \u00e9galement une d\u00e9esse guerri\u00e8re. Dans les textes anciens et selon la tradition odiniste et de l\u2019Asatru, d\u00e9tenteurs de la Propri\u00e9t\u00e9 \u00d3\u00f0al, ant\u00e9rieurs aux sagas (chr\u00e9tiennes pour la grande majorit\u00e9), Hel est la douce d\u00e9esse de la mort. Elle a la moiti\u00e9 du visage plong\u00e9 dans les t\u00e9n\u00e8bres de la mort et l\u2019autre dans la lumi\u00e8re de la vie. Elle conduit les esprits des d\u00e9funts notamment ceux qui ont eu une \u00ab mort de paille \u00bb c&#8217;est-\u00e0-dire une mort naturelle dans leur lit, vers leur vaisseau pour suivre le courant de l\u2019une des douze rivi\u00e8res, les \u00c9liv\u00e1gar dont l\u2019une d\u00e9bouche dans le pays de Giml\u00e9 (\u00e9quivalent des Champs \u00c9lys\u00e9es grecs)<\/p>\n<p style=\"text-align:center\"><strong>Collier inox articul\u00e9 asym\u00e9trique, compos\u00e9 d&#8217;un plastron et d&#8217;un pendentif. En pi\u00e8ce centrale du plastron, un cabochon de tr\u00e8s belle qualit\u00e9 forme ovale serti griffe Labradorite blanche aux reflets bleus<\/strong>. Un pendentif forme goutte au motif dentel\u00e9 serti Labradorite blanche et inclusion de tourmaline termine l&#8217;ensemble. <strong>Le collier en base est un plastron asym\u00e9trique. Un c\u00f4t\u00e9 est martel\u00e9 et pour de ligne, l&#8217;autre est martel\u00e9 et d\u00e9chiquet\u00e9. Une cha\u00eenette de rallonge termin\u00e9e par une perle permet de jouer avec la longueur du collier.<\/strong> <strong>Dimension du collier: 42 cm de long, cha\u00eenette de rallonge de 5 cm pour jouer sur la longueur. Dimension du cabochon de plastron : 2 cm par 1,5 cm . Dimensions du cabochon du pendentif : 3,5 cm par 2,8 cm.<\/strong><\/p>\n<p style=\"text-align:center\"><strong>Style m\u00e9di\u00e9val fantastique et nordique, pi\u00e8ce unique!!<\/strong><\/p>\n<hr>\n<div class=\"text-wrap tlid-copy-target\" style=\"text-align:center\"><span class=\"tlid-translation translation\" lang=\"en\"><span class=\"tlid-translation translation\" lang=\"en\"><strong>&#8220;The naive and astonished word from the Borghese, when asked how she could have posed naked in front of Canova:&#8221; but the workshop was hot! There was a stove! &#8220;<\/strong><\/span><\/span><\/p>\n<p><strong>Les Diaboliques, Barbey d&#8217;Aurevilly<\/strong><\/div>\n<div style=\"text-align:center\"><strong>Collection inspired by women, fictitious or historical who, rightly or wrongly, have aroused accusations and calumnies and marked History or stories by their sulphurous personality &#8230;..<\/strong><\/p>\n<p>Hel is the goddess of the dead in Norse mythology. She is the daughter of Loki and the giantess Angrboda, and the sister of Fenrir and J\u00f6rmungand. In ancestral pre-Christian Nordic beliefs, Hel is one of the hypostases of Freyja the Great Mother Goddess, the name hel (helja) means: to welcome, to hide, because Freyja is also the goddess of death who welcomes half of the warriors destined for Valhalla. She is also a warrior goddess. In ancient texts and according to the Odinist and Asatru tradition, holders of the \u00d3\u00f0al Property, prior to the sagas (the vast majority Christian), Hel is the gentle goddess of death. She has half her face plunged into the darkness of death and the other half into the light of life. She leads the spirits of the deceased, particularly those who had a \u201cstraw death\u201d, that is to say a natural death in their bed, towards their vessel to follow the current of one of the twelve rivers, the \u00c9liv\u00e1gar, of which the &#8216;an outlet into the country of Giml\u00e9 (equivalent to the Greek Champs \u00c9lys\u00e9es)<\/p>\n<p>Asymmetrical articulated stainless steel necklace, composed of a bib and a pendant. In the central piece of the bib, a very good quality oval-shaped cabochon set with a white Labradorite claw with blue reflections. A drop-shaped pendant with a serrated pattern set with white Labradorite and inclusion of tourmaline completes the set. The basic necklace is an asymmetrical bib. One side is hammered and lined, the other is hammered and chipped. An extension chain ending with a pearl allows you to play with the length of the necklace. Dimensions of the necklace: 42 cm long, 5 cm extension chain to play with the length. Dimensions of the plastron cabochon: 2 cm by 1.5 cm. Dimensions of the pendant cabochon: 3.5 cm by 2.8 cm.<\/p>\n<p>Medieval fantasy and Nordic style, unique piece<\/p><\/div>\n","protected":false},"excerpt":{"rendered":"<p style=\"padding-left:40px;text-align:center\"><strong>Collier inox serti Labradorite blanche, d\u2019inspiration nordique et elfique.<\/strong><\/p>\n<hr>\n<div class=\"text-wrap tlid-copy-target\" style=\"text-align:center\">\n<div class=\"result-shield-container tlid-copy-target\" style=\"text-align:center\">\n<div class=\"text-wrap tlid-copy-target\" style=\"text-align:center\">\n<div class=\"result-shield-container tlid-copy-target\" style=\"text-align:center\"><strong>Stainless Steel <\/strong><span class=\"tlid-translation translation\" lang=\"en\" style=\"text-align:center\"><span class=\"\" title=\"\" style=\"text-align:center\"><strong>necklace with white Labradorite setting, of nordic and elven inspiration.<\/strong><\/span><\/span><\/div>\n<\/div>\n<\/div>\n<\/div>\n","protected":false},"featured_media":5799,"comment_status":"open","ping_status":"closed","template":"","meta":[],"product_brand":[],"product_cat":[222],"product_tag":[31],"class_list":{"0":"post-5798","1":"product","2":"type-product","3":"status-publish","4":"has-post-thumbnail","6":"product_cat-les-adoptes","7":"product_tag-collier","8":"pa_ambiance-antique","9":"pa_ambiance-art-nouveau","10":"pa_ambiance-baroque","11":"pa_ambiance-elfique","12":"pa_ambiance-feerique","13":"pa_ambiance-gothique","14":"pa_ambiance-grece-antique","15":"pa_ambiance-victorien","16":"pa_matiere-laiton","17":"pa_ornement-labradorite","18":"pa_ornement-labradorite-bleue","19":"pa_ornement-labradorite-doree","20":"pa_ornement-pierre-semi","22":"first","23":"outofstock","24":"featured","25":"sold-individually","26":"shipping-taxable","27":"purchasable","28":"product-type-simple"},"translation":{"provider":"WPGlobus","version":"3.0.2","language":"en","enabled_languages":["fr","en"],"languages":{"fr":{"title":true,"content":true,"excerpt":true},"en":{"title":false,"content":false,"excerpt":false}}},"jetpack-related-posts":[],"jetpack_sharing_enabled":true,"_links":{"self":[{"href":"https:\/\/www.altisfain.com\/en\/wp-json\/wp\/v2\/product\/5798","targetHints":{"allow":["GET"]}}],"collection":[{"href":"https:\/\/www.altisfain.com\/en\/wp-json\/wp\/v2\/product"}],"about":[{"href":"https:\/\/www.altisfain.com\/en\/wp-json\/wp\/v2\/types\/product"}],"replies":[{"embeddable":true,"href":"https:\/\/www.altisfain.com\/en\/wp-json\/wp\/v2\/comments?post=5798"}],"wp:featuredmedia":[{"embeddable":true,"href":"https:\/\/www.altisfain.com\/en\/wp-json\/wp\/v2\/media\/5799"}],"wp:attachment":[{"href":"https:\/\/www.altisfain.com\/en\/wp-json\/wp\/v2\/media?parent=5798"}],"wp:term":[{"taxonomy":"product_brand","embeddable":true,"href":"https:\/\/www.altisfain.com\/en\/wp-json\/wp\/v2\/product_brand?post=5798"},{"taxonomy":"product_cat","embeddable":true,"href":"https:\/\/www.altisfain.com\/en\/wp-json\/wp\/v2\/product_cat?post=5798"},{"taxonomy":"product_tag","embeddable":true,"href":"https:\/\/www.altisfain.com\/en\/wp-json\/wp\/v2\/product_tag?post=5798"}],"curies":[{"name":"wp","href":"https:\/\/api.w.org\/{rel}","templated":true}]}}