{"id":5788,"date":"2024-03-01T22:02:10","date_gmt":"2024-03-01T21:02:10","guid":{"rendered":"https:\/\/www.altisfain.com\/?post_type=product&#038;p=5788"},"modified":"2025-12-23T04:47:45","modified_gmt":"2025-12-23T03:47:45","slug":"collier-inox-les-diaboliques-les-menades-sonora-sunrise","status":"publish","type":"product","link":"https:\/\/www.altisfain.com\/en\/boutique\/diaboliques\/collier-inox-les-diaboliques-les-menades-sonora-sunrise\/","title":{"rendered":"Collier inox &#8220;Les Diaboliques: les Menades&#8221; Sonora Sunrise"},"content":{"rendered":"<p style=\"padding-left:40px\">&#8220;Le mot na\u00eff et \u00e9tonn\u00e9 de la Borgh\u00e8se, quand on lui demanda comment elle avait bien pu poser nue devant Canova: \u00abmais l&#8217;atelier \u00e9tait chaud! il y avait un po\u00eale!\u00bb&#8221;<\/p>\n<p>Les Diaboliques, Barbey d&#8217;Aurevilly.<\/p>\n<p style=\"text-align:center\">Collection inspir\u00e9e de femmes, fictives ou historiques qui, \u00e0 tord ou \u00e0 raison, ont suscit\u00e9 accusations et calomnies et marqu\u00e9 l&#8217;Histoire ou les histoires par leur personnalit\u00e9 sulfureuse&#8230;<\/p>\n<p style=\"text-align:center\">Le terme \u00ab m\u00e9nades \u00bb d\u00e9signe les bacchantes en tant que pr\u00eatresses de Dionysos sous l&#8217;empire du d\u00e9lire extatique. Elles apparaissent notamment dans la pi\u00e8ce d&#8217;Euripide les Bacchantes, o\u00f9 elles massacrent Penth\u00e9e. Le nom grec signifie les \u00ab furieuses \u00bb. Les m\u00e9nades s&#8217;acharnent sur Orph\u00e9e, \u00e0 coups de thyrse, de pierres et de branches d&#8217;arbre, jusqu&#8217;\u00e0 le tuer, allant jusqu&#8217;\u00e0 le d\u00e9capiter.<\/p>\n<p>Une autre nuance a \u00e9t\u00e9 avanc\u00e9e : les bacchantes sont les femmes mortelles, de chair et d&#8217;os, qui c\u00e9l\u00e8brent Dionysos ; les m\u00e9nades sont les cr\u00e9atures divines ou semi-divines qui composent le cort\u00e8ge mythique du dieu.<\/p>\n<p style=\"text-align:center\"><strong>Collier inox articul\u00e9 asym\u00e9trique, compos\u00e9 d&#8217;une dizaine de fils inox de diam\u00e8tres diff\u00e9rents, soud\u00e9s argent et martel\u00e9s main. En pi\u00e8ce centrale l\u00e9g\u00e8rement d\u00e9cal\u00e9e, un cabochon de tr\u00e8s belle qualit\u00e9 forme ovale serti griffe Sunrise Sonora, teintes rouge, noire et verte<\/strong>. <strong>Le collier en base est un col en V, une s\u00e9rie d&#8217;entrelacs et volutes feuilles de lierre rythme le d\u00e9cor qui se d\u00e9ploie autour du serti envahi d&#8217;une quinzaine de feuilles de lierre.<\/strong> <strong>Une cha\u00eenette de rallonge termin\u00e9e par une feuille de lierre permet de jouer avec la longueur du collier.<\/strong> <strong>Dimension du collier: 42 cm de long, cha\u00eenette de rallonge de 5 cm pour jouer sur la longueur. Dimension du cabochon: 3,5 cm par 2,4 cm .<\/strong><\/p>\n<p style=\"text-align:center\"><strong>Style m\u00e9di\u00e9val fantastique et elfique, pi\u00e8ce unique!!<\/strong><\/p>\n<hr>\n<div class=\"text-wrap tlid-copy-target\" style=\"text-align:center\"><span class=\"tlid-translation translation\" lang=\"en\"><span class=\"tlid-translation translation\" lang=\"en\"><strong>&#8220;The naive and astonished word from the Borghese, when asked how she could have posed naked in front of Canova:&#8221; but the workshop was hot! There was a stove! &#8220;<\/strong><\/span><\/span><\/p>\n<p><strong>Les Diaboliques, Barbey d&#8217;Aurevilly<\/strong><\/div>\n<div style=\"text-align:center\"><strong>Collection inspired by women, fictitious or historical who, rightly or wrongly, have aroused accusations and calumnies and marked History or stories by their sulphurous personality &#8230;..<\/strong><\/p>\n<p>The term \u201cmaenads\u201d designates the bacchantes as priestesses of Dionysus under the influence of ecstatic delirium. They appear in particular in Euripides&#8217; play The Bacchae, where they massacre Pentheus. The Greek name means \u201cthe furious ones\u201d. The maenads attack Orpheus, with thyrsus blows, stones and tree branches, until they kill him, even decapitating him.<\/p>\n<p>Another nuance has been put forward: the bacchantes are the mortal women, of flesh and blood, who celebrate Dionysus; Maenads are the divine or semi-divine creatures that make up the god&#8217;s mythical procession.<\/p>\n<p>Asymmetrical articulated stainless steel necklace, made up of around ten stainless steel wires of different diameters, silver soldered and hand hammered. In the slightly offset central piece, a very good quality oval cabochon set with Sunrise Sonora claw, red, black and green shades. The base necklace is a V-neck, a series of interlacing and ivy leaf scrolls punctuate the decoration which unfolds around the setting invaded by around fifteen ivy leaves. An extension chain ending in an ivy leaf allows you to play with the length of the necklace. Dimensions of the necklace: 42 cm long, 5 cm extension chain to play with the length. Dimensions of the cabochon: 3.5 cm by 2.4 cm.<\/p>\n<p>Medieval fantasy and elven style, unique piece!!<\/p><\/div>\n","protected":false},"excerpt":{"rendered":"<p style=\"padding-left:40px;text-align:center\"><strong>Collier inox serti Sunrise Sonora, d\u2019inspiration Art Nouveau et elfique.<\/strong><\/p>\n<hr>\n<div class=\"text-wrap tlid-copy-target\" style=\"text-align:center\">\n<div class=\"result-shield-container tlid-copy-target\" style=\"text-align:center\">\n<div class=\"text-wrap tlid-copy-target\" style=\"text-align:center\">\n<div class=\"result-shield-container tlid-copy-target\" style=\"text-align:center\"><strong>Stainless Steel <\/strong><span class=\"tlid-translation translation\" lang=\"en\" style=\"text-align:center\"><span class=\"\" title=\"\" style=\"text-align:center\"><strong>necklace with Sunrise Sonora setting, of Art Nouveau and elven inspiration.<\/strong><\/span><\/span><\/div>\n<\/div>\n<\/div>\n<\/div>\n","protected":false},"featured_media":5789,"comment_status":"open","ping_status":"closed","template":"","meta":[],"product_brand":[],"product_cat":[15],"product_tag":[31],"class_list":{"0":"post-5788","1":"product","2":"type-product","3":"status-publish","4":"has-post-thumbnail","6":"product_cat-diaboliques","7":"product_tag-collier","8":"pa_ambiance-antique","9":"pa_ambiance-art-nouveau","10":"pa_ambiance-baroque","11":"pa_ambiance-elfique","12":"pa_ambiance-feerique","13":"pa_ambiance-gothique","14":"pa_ambiance-grece-antique","15":"pa_ambiance-victorien","16":"pa_matiere-laiton","17":"pa_ornement-labradorite","18":"pa_ornement-labradorite-bleue","19":"pa_ornement-labradorite-doree","20":"pa_ornement-pierre-semi","22":"first","23":"outofstock","24":"featured","25":"sold-individually","26":"shipping-taxable","27":"purchasable","28":"product-type-simple"},"translation":{"provider":"WPGlobus","version":"3.0.2","language":"en","enabled_languages":["fr","en"],"languages":{"fr":{"title":true,"content":true,"excerpt":true},"en":{"title":false,"content":false,"excerpt":false}}},"jetpack-related-posts":[],"jetpack_sharing_enabled":true,"_links":{"self":[{"href":"https:\/\/www.altisfain.com\/en\/wp-json\/wp\/v2\/product\/5788","targetHints":{"allow":["GET"]}}],"collection":[{"href":"https:\/\/www.altisfain.com\/en\/wp-json\/wp\/v2\/product"}],"about":[{"href":"https:\/\/www.altisfain.com\/en\/wp-json\/wp\/v2\/types\/product"}],"replies":[{"embeddable":true,"href":"https:\/\/www.altisfain.com\/en\/wp-json\/wp\/v2\/comments?post=5788"}],"wp:featuredmedia":[{"embeddable":true,"href":"https:\/\/www.altisfain.com\/en\/wp-json\/wp\/v2\/media\/5789"}],"wp:attachment":[{"href":"https:\/\/www.altisfain.com\/en\/wp-json\/wp\/v2\/media?parent=5788"}],"wp:term":[{"taxonomy":"product_brand","embeddable":true,"href":"https:\/\/www.altisfain.com\/en\/wp-json\/wp\/v2\/product_brand?post=5788"},{"taxonomy":"product_cat","embeddable":true,"href":"https:\/\/www.altisfain.com\/en\/wp-json\/wp\/v2\/product_cat?post=5788"},{"taxonomy":"product_tag","embeddable":true,"href":"https:\/\/www.altisfain.com\/en\/wp-json\/wp\/v2\/product_tag?post=5788"}],"curies":[{"name":"wp","href":"https:\/\/api.w.org\/{rel}","templated":true}]}}