{"id":5765,"date":"2024-01-17T13:23:20","date_gmt":"2024-01-17T12:23:20","guid":{"rendered":"https:\/\/www.altisfain.com\/?post_type=product&#038;p=5765"},"modified":"2024-12-14T22:13:15","modified_gmt":"2024-12-14T21:13:15","slug":"collier-inox-aux-confins-des-mondes-elivagar-labradorite","status":"publish","type":"product","link":"https:\/\/www.altisfain.com\/en\/boutique\/les-adoptes\/collier-inox-aux-confins-des-mondes-elivagar-labradorite\/","title":{"rendered":"Collier inox &#8220;Aux Confins des Mondes: Eliv\u00e1gar&#8221; Labradorite"},"content":{"rendered":"<p style=\"text-align:center\">&#8220;Nous go\u00fbtions la fra\u00eecheur, l&#8217;odeur, l&#8217;humidit\u00e9 qui renouvelaient notre chair. Nous \u00e9tions perdus aux confins du monde, car nous savions d\u00e9j\u00e0 que voyager c&#8217;est avant tout changer de chair.&#8221;<\/p>\n<p>Saint-Exup\u00e9ry.<\/p>\n<p style=\"text-align:center\">Dans la mythologie nordique, \u00c9liv\u00e1gar (flots tumultueux) est un nom collectif qui d\u00e9signe les rivi\u00e8res pr\u00e9sentes \u00e0 l&#8217;origine du monde et dont la source est Hvergelmir. Les fleuves qui s&#8217;\u00e9coulent d&#8217;Hvergelmir sont \u00e0 l&#8217;origine du monde, dans la mythologie nordique. Ils jouent un r\u00f4le dans l&#8217;apparition des J\u00f6tunn. qui est d\u00e9crit dans le Vaf\u00fer\u00fa\u00f0nism\u00e1l :<\/p>\n<p>\u00ab Des \u00c9liv\u00e1gar<\/p>\n<p>rejaillirent des gouttes de venin,<\/p>\n<p>Cr\u00fbrent jusqu&#8217;\u00e0 ce qu&#8217;il en sorte un g\u00e9ant ;<\/p>\n<p>L\u00e0, nos races<\/p>\n<p>Remontent toutes,<\/p>\n<p>Aussi sont-elles toutes f\u00e9roces. \u00bb<\/p>\n<p>De leur flot glac\u00e9 \u00e9manent des effluves empoisonn\u00e9s, qui deviennent givre dans l&#8217;ab\u00eeme Ginnungagap. Le Gr\u00edmnism\u00e1l donne le nom d&#8217;un grand nombre des fleuves de l&#8217;\u00c9liv\u00e1gar .<\/p>\n<p style=\"text-align:center\"><b>Ce collier tr\u00e8s mystique marie un jeu d&#8217;entrelacs et un serti Labradorite au centre du collier . <\/b><b>La pierre est un cabochon facett\u00e9 de forme goutte, de tr\u00e8s belle qualit\u00e9 avec des teintes vertes, bleues et pointes de dor\u00e9. <\/b><b>Le m\u00e9tal utilis\u00e9 est un inox type alimentaire, poli, bross\u00e9 mat et martel\u00e9 main. <\/b><b>Le tour de cou se termine par un mousqueton et une chainette de rallonge agr\u00e9ment\u00e9e d\u2019un entrelac. Cela permet de jouer sur la longueur du collier et ajoute \u00e0 l\u2019ensemble une coh\u00e9rence harmonieuse.<\/b><b> <\/b><b>Dimension du cabochon: 4 cm par 2,3 cm.<\/b><\/p>\n<p style=\"text-align:center\"><b>Collier infiniment elfique et Art nouveau!!<\/b><\/p>\n<hr>\n<p style=\"text-align:center\">&#8220;We taste the freshness, odor, moisture which renew our flesh. We were lost to the confines of the world, because we already knew that traveling is all about change of flesh.&#8221;<\/p>\n<p>Saint-Exup\u00e9ry.<\/p>\n<p style=\"text-align:center\">In Norse mythology, \u00c9liv\u00e1gar (turbulent floods) is a collective name which designates the rivers present at the origin of the world and whose source is Hvergelmir. The rivers that flow from Hvergelmir are the origin of the world, in Norse mythology. They play a role in the appearance of the J\u00f6tunn. which is described in the Vaf\u00fer\u00fa\u00f0nism\u00e1l:<\/p>\n<p>\u00ab Of the \u00c9liv\u00e1gar<\/p>\n<p>drops of venom erupted,<\/p>\n<p>They grew until a giant came out;<\/p>\n<p>There, our races<\/p>\n<p>They all come back,<\/p>\n<p>So they are all fierce. \u00bb<\/p>\n<p>From their icy flow emanate poisonous effluvia, which become frost in the Ginnungagap abyss. The Gr\u00edmnism\u00e1l gives the name of a large number of the rivers of the \u00c9liv\u00e1gar:<br \/>\n<strong>This very mystical necklace combines a play of interlacing and a Labradorite setting in the center of the necklace. The stone is a faceted drop-shaped cabochon, of very good quality with green, blue hues and hints of gold. The metal used is food grade stainless steel, polished, matt brushed and hand hammered. The neck strap ends with a carabiner and an extension chain decorated with interlacing. This allows you to play with the length of the necklace and adds a harmonious coherence to the whole. Dimensions of the cabochon: 4 cm by 2.3 cm.<\/strong><\/p>\n<p><strong> Infinitely elvish and Art Nouveau necklace!!<\/strong><\/p>\n","protected":false},"excerpt":{"rendered":"<p style=\"padding-left:40px;text-align:center\"><strong>Collier  entrelacs inox et serti Labradorite, d\u2019inspiration onirique et mystique.<\/strong><\/p>\n<hr>\n<p style=\"text-align:center\"><span class=\"tlid-translation translation\" lang=\"en\"><span class=\"\" title=\"\"><span class=\"VIiyi\" lang=\"en\"><span class=\"JLqJ4b ChMk0b\" data-language-for-alternatives=\"en\" data-language-to-translate-into=\"fr\" data-phrase-index=\"0\"><strong>Stainless steel interlacing necklace with Labradorite setting, dreamlike and magical inspiration.<\/strong><\/span><\/span><strong> <\/strong><\/span><\/span><\/p>\n","protected":false},"featured_media":5772,"comment_status":"open","ping_status":"closed","template":"","meta":[],"product_brand":[],"product_cat":[222],"product_tag":[31],"class_list":{"0":"post-5765","1":"product","2":"type-product","3":"status-publish","4":"has-post-thumbnail","6":"product_cat-les-adoptes","7":"product_tag-collier","8":"pa_ambiance-elfique","9":"pa_ambiance-feerique","10":"pa_matiere-inox","11":"pa_ornement-labradorite","12":"pa_ornement-labradorite-bleue","13":"pa_ornement-labradorite-brune","14":"pa_ornement-labradorite-verte","15":"pa_ornement-pierre-semi","17":"first","18":"outofstock","19":"featured","20":"sold-individually","21":"shipping-taxable","22":"purchasable","23":"product-type-simple"},"translation":{"provider":"WPGlobus","version":"3.0.2","language":"en","enabled_languages":["fr","en"],"languages":{"fr":{"title":true,"content":true,"excerpt":true},"en":{"title":false,"content":false,"excerpt":false}}},"jetpack-related-posts":[],"jetpack_sharing_enabled":true,"_links":{"self":[{"href":"https:\/\/www.altisfain.com\/en\/wp-json\/wp\/v2\/product\/5765","targetHints":{"allow":["GET"]}}],"collection":[{"href":"https:\/\/www.altisfain.com\/en\/wp-json\/wp\/v2\/product"}],"about":[{"href":"https:\/\/www.altisfain.com\/en\/wp-json\/wp\/v2\/types\/product"}],"replies":[{"embeddable":true,"href":"https:\/\/www.altisfain.com\/en\/wp-json\/wp\/v2\/comments?post=5765"}],"wp:featuredmedia":[{"embeddable":true,"href":"https:\/\/www.altisfain.com\/en\/wp-json\/wp\/v2\/media\/5772"}],"wp:attachment":[{"href":"https:\/\/www.altisfain.com\/en\/wp-json\/wp\/v2\/media?parent=5765"}],"wp:term":[{"taxonomy":"product_brand","embeddable":true,"href":"https:\/\/www.altisfain.com\/en\/wp-json\/wp\/v2\/product_brand?post=5765"},{"taxonomy":"product_cat","embeddable":true,"href":"https:\/\/www.altisfain.com\/en\/wp-json\/wp\/v2\/product_cat?post=5765"},{"taxonomy":"product_tag","embeddable":true,"href":"https:\/\/www.altisfain.com\/en\/wp-json\/wp\/v2\/product_tag?post=5765"}],"curies":[{"name":"wp","href":"https:\/\/api.w.org\/{rel}","templated":true}]}}