{"id":576,"date":"2018-03-05T23:20:03","date_gmt":"2018-03-05T22:20:03","guid":{"rendered":"http:\/\/www.altisfain.com\/?post_type=product&#038;p=576"},"modified":"2022-01-12T21:32:07","modified_gmt":"2022-01-12T20:32:07","slug":"boucles-doreilles-monsho-lotus","status":"publish","type":"product","link":"https:\/\/www.altisfain.com\/en\/boutique\/monsho\/boucles-doreilles-monsho-lotus\/","title":{"rendered":"Boucles d&#8217;oreilles Monsh\u014d Lotus"},"content":{"rendered":"<p style=\"text-align: center;\">Les Monsh\u014d sont les armoiries des familles japonaises.<br \/>\nIls consistent en un symbole souvent encercl\u00e9 ou de forme arrondie. Les dessins \u00e9taient souvent des versions stylis\u00e9es de th\u00e8mes ou objets japonais, souvent issus de la nature.<br \/>\nPresque tout dans la nature avait une symbolique, superstitieuse ou non, ce que influen\u00e7ait les familles dans le choix du motif embl\u00e8me de leur clan.<\/p>\n<p style=\"text-align: center;\">Le Lotus est symbole d&#8217;\u00e9panouissement.<\/p>\n<p style=\"text-align: center;\"><strong><b>Boucles d&#8217;oreilles forme circulaire, avec au centre une feuille de lotus martel\u00e9e main et et entrelacs inox martel\u00e9s, soud\u00e9s argent serpentant derri\u00e8re la feuille et sur le cercle.<br \/>\nDiam\u00e8tre cercle: 4 cm.<br \/>\nDimension feuille de lotus: 2,2 cm par 2,5 cm.<br \/>\nLongueur totale de la boucle: 6,2 cm.<br \/>\nAttaches am\u00e9ricaine argent 925.<\/b><\/strong><\/p>\n<p style=\"text-align: center;\"><strong>D&#8217;inspiration asiatique et elfique!<\/strong><\/p>\n<hr \/>\n<p style=\"text-align: center;\">The Monsh\u014d is the coat of Japanese families.<br \/>\nThey consist of a symbol often encircled or rounded.<br \/>\nThe drawings were often stylized versions of Japanese themes or objects, often derived from nature.<br \/>\nAlmost everything in nature had a symbolic, superstitious or not, what influenced families in choosing the emblem reason for their clan.<\/p>\n<p style=\"text-align: center;\">The Lotus is a symbol of fulfillment.<\/p>\n<p><strong>Circular shaped elven hoop earrings, with a hand hammered lotus leaf at the center and hammered, silver welded stainless steel tracery snaking behind the leaf and on the circle.<\/strong><br \/>\n<strong>Diameter circle: 4 cm.<\/strong><br \/>\n<strong>Dimension lotus leaf: 2.2 cm by 2.5 cm.<\/strong><br \/>\n<strong>Total length of the loop: 6.2 cm.<\/strong><br \/>\n<strong>925 American silver ties.<\/strong><\/p>\n<p><strong>Asian and Elvish inspired!<\/strong><\/p>\n","protected":false},"excerpt":{"rendered":"<p style=\"text-align: center;\"><strong>Boucles d&#8217;oreilles type cr\u00e9oles inox attaches argent 925, entrelacs et feuilles de lotus, d&#8217;inspiration asiatique et elfique.<\/strong><\/p>\n<hr \/>\n<p style=\"text-align: center;\"><strong><span class=\"tlid-translation translation\" lang=\"en\"><span class=\"\" title=\"\">925 sterling silver creole earrings, interlacing and lotus leaves, Asian and Elvish inspired.<\/span><\/span><\/strong><\/p>\n","protected":false},"featured_media":577,"comment_status":"open","ping_status":"closed","template":"","meta":[],"product_brand":[],"product_cat":[25],"product_tag":[34,111],"class_list":{"0":"post-576","1":"product","2":"type-product","3":"status-publish","4":"has-post-thumbnail","6":"product_cat-monsho","7":"product_tag-boucles-oreilles","8":"product_tag-creoles","9":"pa_ambiance-asiatique","10":"pa_ambiance-elfique","11":"pa_ambiance-feerique","12":"pa_ambiance-vegetal","13":"pa_feuille-lotus","14":"pa_matiere-argent-925","15":"pa_matiere-inox","17":"first","18":"instock","19":"sold-individually","20":"shipping-taxable","21":"purchasable","22":"product-type-simple"},"translation":{"provider":"WPGlobus","version":"3.0.2","language":"en","enabled_languages":["fr","en"],"languages":{"fr":{"title":true,"content":true,"excerpt":true},"en":{"title":false,"content":false,"excerpt":false}}},"jetpack-related-posts":[],"jetpack_sharing_enabled":true,"_links":{"self":[{"href":"https:\/\/www.altisfain.com\/en\/wp-json\/wp\/v2\/product\/576","targetHints":{"allow":["GET"]}}],"collection":[{"href":"https:\/\/www.altisfain.com\/en\/wp-json\/wp\/v2\/product"}],"about":[{"href":"https:\/\/www.altisfain.com\/en\/wp-json\/wp\/v2\/types\/product"}],"replies":[{"embeddable":true,"href":"https:\/\/www.altisfain.com\/en\/wp-json\/wp\/v2\/comments?post=576"}],"wp:featuredmedia":[{"embeddable":true,"href":"https:\/\/www.altisfain.com\/en\/wp-json\/wp\/v2\/media\/577"}],"wp:attachment":[{"href":"https:\/\/www.altisfain.com\/en\/wp-json\/wp\/v2\/media?parent=576"}],"wp:term":[{"taxonomy":"product_brand","embeddable":true,"href":"https:\/\/www.altisfain.com\/en\/wp-json\/wp\/v2\/product_brand?post=576"},{"taxonomy":"product_cat","embeddable":true,"href":"https:\/\/www.altisfain.com\/en\/wp-json\/wp\/v2\/product_cat?post=576"},{"taxonomy":"product_tag","embeddable":true,"href":"https:\/\/www.altisfain.com\/en\/wp-json\/wp\/v2\/product_tag?post=576"}],"curies":[{"name":"wp","href":"https:\/\/api.w.org\/{rel}","templated":true}]}}