{"id":5747,"date":"2024-01-16T21:33:53","date_gmt":"2024-01-16T20:33:53","guid":{"rendered":"https:\/\/www.altisfain.com\/?post_type=product&#038;p=5747"},"modified":"2024-10-20T21:33:11","modified_gmt":"2024-10-20T19:33:11","slug":"collier-inox-les-passages-celestes-la-course-deos-labradorite-2","status":"publish","type":"product","link":"https:\/\/www.altisfain.com\/en\/boutique\/les-adoptes\/collier-inox-les-passages-celestes-la-course-deos-labradorite-2\/","title":{"rendered":"Collier inox &#8220;les Passages C\u00e9lestes: l&#8217; \u00c9lixir de Longue Vie&#8221; Labradorite"},"content":{"rendered":"<p style=\"padding-left:40px;text-align:center\"><strong>\u201cSi la vie n&#8217;est qu&#8217;un passage, sur ce passage au moins semons des fleurs.\u201d<\/strong><\/p>\n<p><strong>Montaigne<\/strong><\/p>\n<p style=\"text-align:center\"><strong>\u00ab Les Passages C\u00e9lestes \u00bb est une collection inspir\u00e9e des diff\u00e9rents portes conduisant \u00e0 des univers oniriques mais aussi personnels, des voies qui m\u00e8nent \u00e0 la pleine conscience de soi et du monde. Ces passerelles nous transportent vers des havres supr\u00eames, des finalit\u00e9s plus hautes, des buts ultimes. Ils touchent l&#8217;Histoire, la Spiritualit\u00e9, le Fantastique. Empruntons ces passages et nous entrons dans des contr\u00e9es intimes et fantaisistes.<\/strong><\/p>\n<p style=\"margin:0.5em0px1em;padding:0px;border:0px;font-style:normal;font-weight:400;line-height:inherit;font-family:-apple-system,BlinkMacSystemFont,\">L&#8217;\u00e9lixir de longue vie (Elixir Vitae) est une potion ou une boisson l\u00e9gendaire qui aurait la vertu de prolonger ind\u00e9finiment la vie ou de conserver ind\u00e9finiment sa jeunesse. La recherche d&#8217;un tel \u00e9lixir est un des buts de l&#8217;alchimie.<br \/>\nPlusieurs mythologies pr\u00e9sentent une telle potion. On retiendra par exemple les mythes de H\u00e9noch, Idunn, Thot et Herm\u00e8s Trism\u00e9giste, qui en auraient consomm\u00e9.<\/p>\n<p>Collier inox ambiance elfique, tour de cou articul\u00e9 et pendentif serti Labradorite. Cabochon de tr\u00e8s belle qualit\u00e9 forme goutte, aux teintes dor\u00e9es ou vertes selon la lumiere. D\u00e9cor d&#8217;entrelacs qui entourent la pierre en serti griffe. Tour de cou articul\u00e9 avec fils qui serpentent, de 40 \u00e0 45 cm de long, avec chainette de rallonge termin\u00e9 par un entrelac, afin de jouer sur la longueur du collier. Dimension du pendentif: 5,5 cm par 3,5 cm. Dimension du cabochon: 3 cm par 1,7 cm.<\/p>\n<p>Le pendentif peut se d\u00e9tacher du collier et \u00eatre mont\u00e9 sur une chaine.<\/p>\n<p style=\"text-align:center\">Pendentif infiniment elfique et mystique!!<\/p>\n<hr>\n<p style=\"text-align:center\"><strong>\u201cIf life is only a passage, on this passage at least let us sow flowers.\u201d<\/strong><\/p>\n<p><strong>Montaigne<\/strong><\/p>\n<p style=\"text-align:center\"><strong>&#8220;Les Passages C\u00e9lestes&#8221; is a collection inspired by the different doors leading to dreamlike but also personal universes, paths that lead to full awareness of oneself and the world. These gateways transport us to supreme havens, higher ends, ultimate goals. They touch History, Spirituality, the Fantasy. Take these passages and we enter intimate and whimsical lands.<\/strong><\/p>\n<p style=\"text-align:center\"><strong>The elixir of long life (Elixir Vitae) is a legendary potion or drink said to have the virtue of indefinitely extending life or indefinitely retaining one&#8217;s youth.  The search for such an elixir is one of the goals of alchemy.<\/strong><br \/>\n<strong> Several mythologies feature such a potion.  We will remember, for example, the myths of Enoch, Idunn, Thoth and Hermes Trismegistus, who are said to have consumed it.<\/strong><\/p>\n<p style=\"text-align:center\">Elven-style stainless steel necklace, articulated choker and Labradorite-set pendant.  Very good quality drop-shaped cabochon, with golden or green hues depending on the light.  Decoration of interlacing which surround the stone in claw setting.  Articulated choker with winding wires, 40 to 45 cm long, with extension chain ending in an interlacing, to play on the length of the necklace.  Dimensions of the pendant: 5.5 cm by 3.5 cm.  Dimensions of the cabochon: 3 cm by 1.7 cm.<br \/>\nThe pendant can be detached from the necklace and mounted on a chain.<\/p>\n<p>Infinitely elvish and mystical pendant!!<\/p>\n","protected":false},"excerpt":{"rendered":"<p style=\"text-align: center\"><strong>Collier pendentif esprit elfique et celtique, serti Labradorite. <\/strong><\/p>\n<p style=\"text-align: center\"><strong>Infiniment mystique et onirique!<\/strong><\/p>\n<hr \/>\n<p style=\"text-align: center\"><span class=\"tlid-translation translation\" lang=\"en\"><strong><span class=\"\" title=\"\">Elven and Celtic spirit pendant necklace, set with Labradorite.<\/span><\/strong><\/span><\/p>\n<p style=\"text-align: center\"><strong><span title=\"\">Infinitely mystical and dreamlike!<\/span><\/strong><\/p>\n","protected":false},"featured_media":5753,"comment_status":"open","ping_status":"closed","template":"","meta":[],"product_brand":[],"product_cat":[222],"product_tag":[31,131],"class_list":{"0":"post-5747","1":"product","2":"type-product","3":"status-publish","4":"has-post-thumbnail","6":"product_cat-les-adoptes","7":"product_tag-collier","8":"product_tag-pendentif","9":"pa_ambiance-baroque","10":"pa_ambiance-celtique","11":"pa_ambiance-elfique","12":"pa_ambiance-feerique","13":"pa_ambiance-mystique","14":"pa_ambiance-victorien","15":"pa_matiere-inox","16":"pa_ornement-labradorite","17":"pa_ornement-labradorite-bleue","18":"pa_ornement-labradorite-doree","19":"pa_ornement-labradorite-orange","20":"pa_ornement-pierre-semi","22":"first","23":"outofstock","24":"featured","25":"shipping-taxable","26":"purchasable","27":"product-type-simple"},"translation":{"provider":"WPGlobus","version":"3.0.2","language":"en","enabled_languages":["fr","en"],"languages":{"fr":{"title":true,"content":true,"excerpt":true},"en":{"title":false,"content":false,"excerpt":false}}},"jetpack-related-posts":[],"jetpack_sharing_enabled":true,"_links":{"self":[{"href":"https:\/\/www.altisfain.com\/en\/wp-json\/wp\/v2\/product\/5747","targetHints":{"allow":["GET"]}}],"collection":[{"href":"https:\/\/www.altisfain.com\/en\/wp-json\/wp\/v2\/product"}],"about":[{"href":"https:\/\/www.altisfain.com\/en\/wp-json\/wp\/v2\/types\/product"}],"replies":[{"embeddable":true,"href":"https:\/\/www.altisfain.com\/en\/wp-json\/wp\/v2\/comments?post=5747"}],"wp:featuredmedia":[{"embeddable":true,"href":"https:\/\/www.altisfain.com\/en\/wp-json\/wp\/v2\/media\/5753"}],"wp:attachment":[{"href":"https:\/\/www.altisfain.com\/en\/wp-json\/wp\/v2\/media?parent=5747"}],"wp:term":[{"taxonomy":"product_brand","embeddable":true,"href":"https:\/\/www.altisfain.com\/en\/wp-json\/wp\/v2\/product_brand?post=5747"},{"taxonomy":"product_cat","embeddable":true,"href":"https:\/\/www.altisfain.com\/en\/wp-json\/wp\/v2\/product_cat?post=5747"},{"taxonomy":"product_tag","embeddable":true,"href":"https:\/\/www.altisfain.com\/en\/wp-json\/wp\/v2\/product_tag?post=5747"}],"curies":[{"name":"wp","href":"https:\/\/api.w.org\/{rel}","templated":true}]}}