{"id":5738,"date":"2024-01-16T21:04:03","date_gmt":"2024-01-16T20:04:03","guid":{"rendered":"https:\/\/www.altisfain.com\/?post_type=product&#038;p=5738"},"modified":"2024-10-20T21:33:40","modified_gmt":"2024-10-20T19:33:40","slug":"collier-inox-les-passages-celestes-la-course-deos-labradorite-3","status":"publish","type":"product","link":"https:\/\/www.altisfain.com\/en\/boutique\/les-adoptes\/collier-inox-les-passages-celestes-la-course-deos-labradorite-3\/","title":{"rendered":"Collier inox &#8220;les Passages C\u00e9lestes: Rituels de Magie Verte&#8221; Labradorite"},"content":{"rendered":"<p style=\"padding-left:40px;text-align:center\"><strong>\u201cSi la vie n&#8217;est qu&#8217;un passage, sur ce passage au moins semons des fleurs.\u201d<\/strong><\/p>\n<p><strong>Montaigne<\/strong><\/p>\n<p style=\"text-align:center\"><strong>\u00ab Les Passages C\u00e9lestes \u00bb est une collection inspir\u00e9e des diff\u00e9rents portes conduisant \u00e0 des univers oniriques mais aussi personnels, des voies qui m\u00e8nent \u00e0 la pleine conscience de soi et du monde. Ces passerelles nous transportent vers des havres supr\u00eames, des finalit\u00e9s plus hautes, des buts ultimes. Ils touchent l&#8217;Histoire, la Spiritualit\u00e9, le Fantastique. Empruntons ces passages et nous entrons dans des contr\u00e9es intimes et fantaisistes.<\/strong><\/p>\n<p style=\"text-align:center\"> <strong>La magie verte est une autre branche de la magie blanche, qui utilise avec pr\u00e9dilection les \u00e9l\u00e9ments v\u00e9g\u00e9taux (plantes, herbes, fleurs, etc). Elle est tr\u00e8s attach\u00e9e au pouvoir de la Nature dont elle invoque les b\u00e9n\u00e9fices. Elle met l\u2019accent sur les cycles et les ph\u00e9nom\u00e8nes naturels.<\/strong><\/p>\n<p style=\"text-align:center\"><strong>L\u2019explication de la magie verte est li\u00e9e justement aux pouvoirs de la Nature, qui est en permanente connexion avec notre \u00eatre int\u00e9rieur, puisque nous faisons partie d\u2019elle (m\u00eame si nous avons parfois tendance \u00e0 l\u2019oublier).<\/strong><br \/>\n<strong>L\u2019herboristerie (la pr\u00e9paration des plantes m\u00e9dicinales), la phytoth\u00e9rapie (m\u00e9decine traditionnelle ancestrale bas\u00e9e sur les propri\u00e9t\u00e9 des plantes) et l\u2019aromath\u00e9rapie sont souvent les petites \u201dcousines\u201d de la magie verte, qui est surnomm\u00e9e \u201dmagie des plantes\u201d.<\/strong><\/p>\n<p style=\"text-align:center\">Collier inox ambiance elfique, tour de cou articul\u00e9 et pendentif serti Labradorite. Cabochon de tr\u00e8s belle qualit\u00e9 forme ovale, aux teintes vertes profondes. D\u00e9cor d&#8217;entrelacs qui entourent la pierre en serti griffe avec un croissant de lune martel\u00e9. Tour de cou articul\u00e9 avec fils qui serpentent, de 40 \u00e0 45 cm de long, avec chainette de rallonge termin\u00e9 par un entrelac, afin de jouer sur la longueur du collier. Dimension du pendentif: 6 cm par 3,5 cm. Dimension du cabochon: 2,7 cm par 1,9 cm.<\/p>\n<p>Le pendentif peut se d\u00e9tacher du collier et \u00eatre mont\u00e9 sur une chaine.<\/p>\n<p style=\"text-align:center\">Pendentif infiniment elfique et mystique!!<\/p>\n<hr>\n<p style=\"text-align:center\"><strong>\u201cIf life is only a passage, on this passage at least let us sow flowers.\u201d<\/strong><\/p>\n<p><strong>Montaigne<\/strong><\/p>\n<p style=\"text-align:center\"><strong>&#8220;Les Passages C\u00e9lestes&#8221; is a collection inspired by the different doors leading to dreamlike but also personal universes, paths that lead to full awareness of oneself and the world. These gateways transport us to supreme havens, higher ends, ultimate goals. They touch History, Spirituality, the Fantasy. Take these passages and we enter intimate and whimsical lands.<\/strong><\/p>\n<p style=\"text-align:center\"><strong>Green magic is another branch of white magic, which preferably uses plant elements (plants, herbs, flowers, etc.).  She is very attached to the power of Nature whose benefits she invokes.  It emphasizes cycles and natural phenomena.<\/strong><br \/>\n<strong> The explanation of green magic is precisely linked to the powers of Nature, which is in permanent connection with our inner being, since we are part of it (even if we sometimes tend to forget it).<\/strong><br \/>\n<strong> Herbalism (the preparation of medicinal plants), phytotherapy (traditional ancestral medicine based on the properties of plants) and aromatherapy are often the little \u201ccousins\u201d of green magic, which is nicknamed \u201cplant magic\u201d.<\/strong><\/p>\n<p>Elven-style stainless steel necklace, articulated choker and Labradorite-set pendant.  Very good quality oval shaped cabochon, with deep green hues.  Decorated with interlacing surrounding the claw-set stone with a hammered crescent moon.  Articulated choker with winding wires, 40 to 45 cm long, with extension chain ending in an interlacing, to play on the length of the necklace.  Dimensions of the pendant: 6 cm by 3.5 cm.  Dimensions of the cabochon: 2.7 cm by 1.9 cm.<\/p>\n<p>The pendant can be detached from the necklace and mounted on a chain.<\/p>\n<p>Infinitely elvish and mystical pendant!!<\/p>\n","protected":false},"excerpt":{"rendered":"<p style=\"text-align: center\"><strong>Collier pendentif esprit elfique et celtique, serti Labradorite. <\/strong><\/p>\n<p style=\"text-align: center\"><strong>Infiniment mystique et onirique!<\/strong><\/p>\n<hr \/>\n<p style=\"text-align: center\"><span class=\"tlid-translation translation\" lang=\"en\"><strong><span class=\"\" title=\"\">Elven and Celtic spirit pendant necklace, set with Labradorite.<\/span><\/strong><\/span><\/p>\n<p style=\"text-align: center\"><strong><span title=\"\">Infinitely mystical and dreamlike!<\/span><\/strong><\/p>\n","protected":false},"featured_media":5739,"comment_status":"open","ping_status":"closed","template":"","meta":[],"product_brand":[],"product_cat":[222],"product_tag":[31,131],"class_list":{"0":"post-5738","1":"product","2":"type-product","3":"status-publish","4":"has-post-thumbnail","6":"product_cat-les-adoptes","7":"product_tag-collier","8":"product_tag-pendentif","9":"pa_ambiance-baroque","10":"pa_ambiance-celtique","11":"pa_ambiance-elfique","12":"pa_ambiance-feerique","13":"pa_ambiance-mystique","14":"pa_ambiance-victorien","15":"pa_matiere-inox","16":"pa_ornement-labradorite","17":"pa_ornement-labradorite-bleue","18":"pa_ornement-labradorite-doree","19":"pa_ornement-labradorite-orange","20":"pa_ornement-pierre-semi","22":"first","23":"outofstock","24":"featured","25":"shipping-taxable","26":"purchasable","27":"product-type-simple"},"translation":{"provider":"WPGlobus","version":"3.0.2","language":"en","enabled_languages":["fr","en"],"languages":{"fr":{"title":true,"content":true,"excerpt":true},"en":{"title":false,"content":false,"excerpt":false}}},"jetpack-related-posts":[],"jetpack_sharing_enabled":true,"_links":{"self":[{"href":"https:\/\/www.altisfain.com\/en\/wp-json\/wp\/v2\/product\/5738","targetHints":{"allow":["GET"]}}],"collection":[{"href":"https:\/\/www.altisfain.com\/en\/wp-json\/wp\/v2\/product"}],"about":[{"href":"https:\/\/www.altisfain.com\/en\/wp-json\/wp\/v2\/types\/product"}],"replies":[{"embeddable":true,"href":"https:\/\/www.altisfain.com\/en\/wp-json\/wp\/v2\/comments?post=5738"}],"wp:featuredmedia":[{"embeddable":true,"href":"https:\/\/www.altisfain.com\/en\/wp-json\/wp\/v2\/media\/5739"}],"wp:attachment":[{"href":"https:\/\/www.altisfain.com\/en\/wp-json\/wp\/v2\/media?parent=5738"}],"wp:term":[{"taxonomy":"product_brand","embeddable":true,"href":"https:\/\/www.altisfain.com\/en\/wp-json\/wp\/v2\/product_brand?post=5738"},{"taxonomy":"product_cat","embeddable":true,"href":"https:\/\/www.altisfain.com\/en\/wp-json\/wp\/v2\/product_cat?post=5738"},{"taxonomy":"product_tag","embeddable":true,"href":"https:\/\/www.altisfain.com\/en\/wp-json\/wp\/v2\/product_tag?post=5738"}],"curies":[{"name":"wp","href":"https:\/\/api.w.org\/{rel}","templated":true}]}}