{"id":572,"date":"2018-03-05T23:07:35","date_gmt":"2018-03-05T22:07:35","guid":{"rendered":"http:\/\/www.altisfain.com\/?post_type=product&#038;p=572"},"modified":"2022-01-12T21:32:21","modified_gmt":"2022-01-12T20:32:21","slug":"boucles-doreilles-monsho-hedera-lierre","status":"publish","type":"product","link":"https:\/\/www.altisfain.com\/en\/boutique\/monsho\/boucles-doreilles-monsho-hedera-lierre\/","title":{"rendered":"Boucles d&#8217;oreilles Monsh\u014d Hedera Lierre"},"content":{"rendered":"<p style=\"text-align: center;\">Les Monsh\u014d sont les armoiries des familles japonaises.<br \/>\nIls consistent en un symbole souvent encercl\u00e9 ou de forme arrondie. Les dessins \u00e9taient souvent des versions stylis\u00e9es de th\u00e8mes ou objets japonais, souvent issus de la nature.<br \/>\nPresque tout dans la nature avait une symbolique, superstitieuse ou non, ce que influen\u00e7ait les familles dans le choix du motif embl\u00e8me de leur clan.<\/p>\n<p style=\"text-align: center;\">Le lierre est symbole d&#8217;attachement.<\/p>\n<p style=\"text-align: center;\"><strong><b>Boucles d&#8217;oreilles forme circulaire, avec au centre une feuille de lierre martel\u00e9e main et et entrelacs inox martel\u00e9s, soud\u00e9s argent serpentant derri\u00e8re la feuille et sur le cercle.<br \/>\nDiam\u00e8tre cercle: 3,8 cm.<br \/>\nDimension feuille de ginkgo: 2,6 cm par 2,1 cm.<br \/>\nLongueur totale de la boucle: 6 cm.<br \/>\nAttaches am\u00e9ricaine argent 925.<\/b><\/strong><\/p>\n<p style=\"text-align: center;\"><strong>D&#8217;inspiration asiatique et elfique!<\/strong><\/p>\n","protected":false},"excerpt":{"rendered":"<p style=\"text-align: center;\"><strong>Boucles d&#8217;oreilles type cr\u00e9oles inox attaches argent 925, entrelacs et feuilles de lierre hedera, d&#8217;inspiration asiatique et elfique.<\/strong><\/p>\n","protected":false},"featured_media":573,"comment_status":"open","ping_status":"closed","template":"","meta":[],"product_brand":[],"product_cat":[25],"product_tag":[34,111],"class_list":{"0":"post-572","1":"product","2":"type-product","3":"status-publish","4":"has-post-thumbnail","6":"product_cat-monsho","7":"product_tag-boucles-oreilles","8":"product_tag-creoles","9":"pa_ambiance-asiatique","10":"pa_ambiance-elfique","11":"pa_ambiance-feerique","12":"pa_ambiance-vegetal","13":"pa_feuille-hedera","14":"pa_feuille-lierre","15":"pa_matiere-argent-925","16":"pa_matiere-inox","18":"first","19":"instock","20":"sold-individually","21":"shipping-taxable","22":"purchasable","23":"product-type-simple"},"translation":{"provider":"WPGlobus","version":"3.0.2","language":"en","enabled_languages":["fr","en"],"languages":{"fr":{"title":true,"content":true,"excerpt":true},"en":{"title":false,"content":false,"excerpt":false}}},"jetpack-related-posts":[],"jetpack_sharing_enabled":true,"_links":{"self":[{"href":"https:\/\/www.altisfain.com\/en\/wp-json\/wp\/v2\/product\/572","targetHints":{"allow":["GET"]}}],"collection":[{"href":"https:\/\/www.altisfain.com\/en\/wp-json\/wp\/v2\/product"}],"about":[{"href":"https:\/\/www.altisfain.com\/en\/wp-json\/wp\/v2\/types\/product"}],"replies":[{"embeddable":true,"href":"https:\/\/www.altisfain.com\/en\/wp-json\/wp\/v2\/comments?post=572"}],"wp:featuredmedia":[{"embeddable":true,"href":"https:\/\/www.altisfain.com\/en\/wp-json\/wp\/v2\/media\/573"}],"wp:attachment":[{"href":"https:\/\/www.altisfain.com\/en\/wp-json\/wp\/v2\/media?parent=572"}],"wp:term":[{"taxonomy":"product_brand","embeddable":true,"href":"https:\/\/www.altisfain.com\/en\/wp-json\/wp\/v2\/product_brand?post=572"},{"taxonomy":"product_cat","embeddable":true,"href":"https:\/\/www.altisfain.com\/en\/wp-json\/wp\/v2\/product_cat?post=572"},{"taxonomy":"product_tag","embeddable":true,"href":"https:\/\/www.altisfain.com\/en\/wp-json\/wp\/v2\/product_tag?post=572"}],"curies":[{"name":"wp","href":"https:\/\/api.w.org\/{rel}","templated":true}]}}