{"id":5682,"date":"2023-11-29T16:18:45","date_gmt":"2023-11-29T15:18:45","guid":{"rendered":"https:\/\/www.altisfain.com\/?post_type=product&#038;p=5682"},"modified":"2025-08-16T13:52:12","modified_gmt":"2025-08-16T11:52:12","slug":"pendentif-inox-les-passages-celeste-les-portes-d-imladris-labradorite-2","status":"publish","type":"product","link":"https:\/\/www.altisfain.com\/en\/boutique\/les-passages-celestes\/pendentif-inox-les-passages-celeste-les-portes-d-imladris-labradorite-2\/","title":{"rendered":"Pendentif laiton &#8220;les Passages C\u00e9lestes: &#8220;Les Affres de M\u00e9duse&#8221; Labradorite"},"content":{"rendered":"<p style=\"text-align:center\"><strong>\u201cSi la vie n&#8217;est qu&#8217;un passage, sur ce passage au moins semons des fleurs.\u201d<\/strong><\/p>\n<p><strong>Montaigne<\/strong><\/p>\n<p style=\"text-align:center\"><strong>\u00ab Les Passages C\u00e9lestes \u00bb est une collection inspir\u00e9e des diff\u00e9rents portes conduisant \u00e0 des univers oniriques mais aussi personnels, des voies qui m\u00e8nent \u00e0 la pleine conscience de soi et du monde. Ces passerelles nous transportent vers des havres supr\u00eames, des finalit\u00e9s plus hautes, des buts ultimes. Ils touchent l&#8217;Histoire, la Spiritualit\u00e9, le Fantastique. Empruntons ces passages et nous entrons dans des contr\u00e9es intimes et fantaisistes.<\/strong><\/p>\n<p>La m\u00e9duse au regard p\u00e9trifiant et \u00e0 la chevelure faite de serpents vivait \u00e0 Gorgoni, une \u00eele lointaine et inconnue et transformait de son simple regard chaque chose en pierre.<\/p>\n<p>La tradition mythologique pr\u00e9cise que Pers\u00e9e aurait grandi \u00e0 S\u00e9riphos. Akrisius, roi d&#8217;Argos, avait \u00e9t\u00e9 \u00e0 Delphes pour savoir s&#8217;il aurait un fils pour lui succ\u00e9der sur le tr\u00f4ne, et re\u00e7u un oracle qui pr\u00e9cisait qu&#8217;il serait tu\u00e9 par son petit fils. Par peur, il enferma donc sa fille Danae dans une grotte afin de l&#8217;isoler. Zeus per\u00e7a le subterfuge et engrossa Danae. Le roi Akrisius ne pouvait pas tuer sa fille aim\u00e9e de Zeus ni l&#8217;enfant, fils de Zeus, car il risquait la col\u00e8re du dieu. Alors il laissa la destin\u00e9e faire son choix, il mit sa fille et l&#8217;enfant dans un coffre et le d\u00e9posa en pleine mer afin qu&#8217;il soit port\u00e9 par les courants loin de l&#8217;Argolide. Les vents et les courants auraient transport\u00e9 le coffre jusqu&#8217;aux rivages de Seriphos. Dan\u00e9e et son fils furent accueilli par Dictys un des deux rois de S\u00e9riphos. La vie devait s&#8217;\u00e9couler tranquillement et Pers\u00e9e devint un jeune homme. Podylectes, l&#8217;autre roi de S\u00e9rifos, aimait Danae mais celle-ci rejetait ses avances. La pr\u00e9sence de Pers\u00e9e \u00e9tait une g\u00eane pour ses desseins, alors il envoya Pers\u00e9e, fils de Danae, tuer la m\u00e9duse. Il \u00e9tait certain que Pers\u00e9e serait transform\u00e9 en pierres par la m\u00e9duse et qu&#8217;ainsi il se vengerait de Danae. Mais Pers\u00e9e poss\u00e9dait un bouclier fourni par Ath\u00e9na qui ressemblait \u00e0 un miroir et une \u00e9p\u00e9e remise par Herm\u00e8s. Devant la m\u00e9duse, il se prot\u00e9gea de son regard qui renvoyait la lumi\u00e8re et \u00e9blouit l&#8217;horrible gorgone, l&#8217;instant n\u00e9cessaire pour pouvoir lui couper la t\u00eate. Il la transporta dans un sac et, revenu au palais du roi Podylectes, sortit la t\u00eate de m\u00e9duse et transforma le roi et l&#8217;\u00eele en pierre. Peut-\u00eatre ce mythe est aussi une explication pour les anciens grecs de l&#8217;aridit\u00e9 de l&#8217;\u00eele de S\u00e9rifos (S\u00e9rifos signifie l&#8217;acide).<\/p>\n<p>Pendentif collier laiton ambiance elfique serti Labradorite. Cabochon de tr\u00e8s belle qualit\u00e9 forme rectangulaire, aux reflets bleut\u00e9s, dor\u00e9es et vertes intenses stri\u00e9es de noir. D\u00e9cor d&#8217;entrelacs qui entourent la pierre en serti griffe. Dimension du pendentif : 8,5 cm par 8 cm. Dimension du cabochon: 3 cm par 1,5 cm. Torque laiton fait main \u00e0 dimension.<\/p>\n<p style=\"text-align:center\">Pendentif infiniment elfique et mystique!!<\/p>\n<hr>\n<p style=\"text-align:center\"><strong><strong><strong>\u201cIf life is only a passage, on this passage at least let us sow flowers.\u201d<\/strong><\/strong><\/strong><\/p>\n<p style=\"text-align:center\"><strong> Montaigne<\/strong><\/p>\n<p><strong> \u201cLes Passages C\u00e9lestes\u201d is a collection inspired by the different doors leading to dreamlike but also personal universes, paths that lead to full awareness of oneself and the world. These gateways transport us to supreme havens, higher purposes, ultimate goals. They touch on History, Spirituality, Fantasy. Let us take these passages and we enter into intimate and fanciful lands.<\/strong><\/p>\n<p>Medusa with a petrifying gaze and hair made of snakes lived on Gorgoni, a distant and unknown island and transformed everything into stone with her simple gaze.<\/p>\n<p>Mythological tradition specifies that Perseus grew up in Seriphos. Akrisius, king of Argos, had gone to Delphi to find out if he would have a son to succeed him on the throne, and received an oracle which specified that he would be killed by his grandson. Out of fear, he locked his daughter Danae in a cave to isolate her. Zeus saw through the subterfuge and impregnated Danae. King Akrisius could not kill his daughter, beloved by Zeus, nor the child, son of Zeus, because he risked the god&#8217;s wrath. So he let destiny make its choice, he put his daughter and the child in a chest and placed it in the open sea so that it would be carried by the currents far from Argolis. Winds and currents would have carried the chest to the shores of Seriphos. Danea and her son were welcomed by Dictys, one of the two kings of Seriphos. Life was to pass peacefully and Perseus became a young man. Podylectes, the other king of Serifos, loved Danae but she rejected his advances. Perseus&#8217; presence was a hindrance to his designs, so he sent Perseus, son of Danae, to kill Medusa. He was certain that Perseus would be transformed into stones by Medusa and thus he would take revenge on Danae. But Perseus had a shield given by Athena that looked like a mirror and a sword given by Hermes. In front of the jellyfish, he protected himself from its gaze which reflected the light and dazzled the horrible gorgon, the moment necessary to be able to cut off its head. He carried it in a bag and, returning to the palace of King Podylectes, took out the head of Medusa and transformed the king and the island into stone. Perhaps this myth is also an explanation for the ancient Greeks of the aridity of the island of Serifos (Serifos means acid).<\/p>\n<p>Brass necklace pendant with elven atmosphere set with Labradorite. Cabochon of very good quality, rectangular shape, with intense bluish, golden and green reflections streaked with black. Decoration of interlacing which surround the stone in claw setting. Dimensions of the pendant: 8.5 cm by 8 cm. Dimensions of the cabochon: 3 cm by 1.5 cm. Handmade brass torque to size.<\/p>\n<p>Infinitely elvish and mystical pendant!!<\/p>\n","protected":false},"excerpt":{"rendered":"<p style=\"text-align: center\"><strong>Pendentif esprit elfique et Art nouveau, serti Labradorite. <\/strong><\/p>\n<p style=\"text-align: center\"><strong>Infiniment mystique et onirique!<\/strong><\/p>\n<hr \/>\n<p style=\"text-align: center\"><strong><strong>Elvish and Art Nouveau spirit pendant, set with Labradorite.<\/strong><\/strong><\/p>\n<p><strong> Infinitely mystical and dreamlike!<\/strong><\/p>\n","protected":false},"featured_media":5704,"comment_status":"open","ping_status":"closed","template":"","meta":{"jetpack_publicize_message":"","jetpack_publicize_feature_enabled":true,"jetpack_social_post_already_shared":false,"jetpack_social_options":{"image_generator_settings":{"template":"highway","default_image_id":0,"font":"","enabled":false},"version":2}},"product_brand":[],"product_cat":[130],"product_tag":[131],"class_list":{"0":"post-5682","1":"product","2":"type-product","3":"status-publish","4":"has-post-thumbnail","6":"product_cat-les-passages-celestes","7":"product_tag-pendentif","8":"pa_ambiance-baroque","9":"pa_ambiance-celtique","10":"pa_ambiance-elfique","11":"pa_ambiance-feerique","12":"pa_ambiance-mystique","13":"pa_ambiance-victorien","14":"pa_matiere-laiton","15":"pa_ornement-labradorite-blanche","16":"pa_ornement-peristerite","17":"pa_ornement-pierre-semi","18":"pa_ornement-tourmaline","20":"first","21":"outofstock","22":"featured","23":"shipping-taxable","24":"purchasable","25":"product-type-simple"},"translation":{"provider":"WPGlobus","version":"3.0.2","language":"en","enabled_languages":["fr","en"],"languages":{"fr":{"title":true,"content":true,"excerpt":true},"en":{"title":false,"content":false,"excerpt":false}}},"jetpack_publicize_connections":[],"jetpack-related-posts":[],"jetpack_sharing_enabled":true,"jetpack_likes_enabled":true,"_links":{"self":[{"href":"https:\/\/www.altisfain.com\/en\/wp-json\/wp\/v2\/product\/5682","targetHints":{"allow":["GET"]}}],"collection":[{"href":"https:\/\/www.altisfain.com\/en\/wp-json\/wp\/v2\/product"}],"about":[{"href":"https:\/\/www.altisfain.com\/en\/wp-json\/wp\/v2\/types\/product"}],"replies":[{"embeddable":true,"href":"https:\/\/www.altisfain.com\/en\/wp-json\/wp\/v2\/comments?post=5682"}],"wp:featuredmedia":[{"embeddable":true,"href":"https:\/\/www.altisfain.com\/en\/wp-json\/wp\/v2\/media\/5704"}],"wp:attachment":[{"href":"https:\/\/www.altisfain.com\/en\/wp-json\/wp\/v2\/media?parent=5682"}],"wp:term":[{"taxonomy":"product_brand","embeddable":true,"href":"https:\/\/www.altisfain.com\/en\/wp-json\/wp\/v2\/product_brand?post=5682"},{"taxonomy":"product_cat","embeddable":true,"href":"https:\/\/www.altisfain.com\/en\/wp-json\/wp\/v2\/product_cat?post=5682"},{"taxonomy":"product_tag","embeddable":true,"href":"https:\/\/www.altisfain.com\/en\/wp-json\/wp\/v2\/product_tag?post=5682"}],"curies":[{"name":"wp","href":"https:\/\/api.w.org\/{rel}","templated":true}]}}