{"id":5681,"date":"2023-11-29T16:17:35","date_gmt":"2023-11-29T15:17:35","guid":{"rendered":"https:\/\/www.altisfain.com\/?post_type=product&#038;p=5681"},"modified":"2024-12-14T22:13:36","modified_gmt":"2024-12-14T21:13:36","slug":"bague-inox-les-passages-celestes-la-porte-de-la-lune-pierre-de-lune-naturelle-6","status":"publish","type":"product","link":"https:\/\/www.altisfain.com\/en\/boutique\/les-adoptes\/bague-inox-les-passages-celestes-la-porte-de-la-lune-pierre-de-lune-naturelle-6\/","title":{"rendered":"Bague inox &#8220;Les Passages C\u00e9lestes: les Com\u00e8tes&#8221;, Aventurine"},"content":{"rendered":"<p style=\"text-align:center\"><strong>\u201cSi la vie n\u2019est qu\u2019un passage, sur ce passage au moins semons des fleurs.\u201d<\/strong><\/p>\n<p><strong>Montaigne<\/strong><\/p>\n<p style=\"text-align:center\"><strong>\u00ab Les Passages C\u00e9lestes \u00bb est une collection inspir\u00e9e des diff\u00e9rents portes conduisant \u00e0 des univers oniriques mais aussi personnels, des voies qui m\u00e8nent \u00e0 la pleine conscience de soi et du monde. Ces passerelles nous transportent vers des havres supr\u00eames, des finalit\u00e9s plus hautes, des buts ultimes. Ils touchent l\u2019Histoire, la Spiritualit\u00e9, le Fantastique. Empruntons ces passages et nous entrons dans des contr\u00e9es intimes et fantaisistes.<\/strong><\/p>\n<p style=\"text-align:center\">Bague inox taille 51, chaton serti Aventurine de tr\u00e8s belle qualit\u00e9 en forme ronde et aux teintes vertes. Jong de 25 mm, dimension de la pierre: 1,5 cm de diam\u00e8tre.<\/p>\n<p style=\"text-align:center\">Esprit tr\u00e8s mystique et cosmique.<\/p>\n<hr>\n<p style=\"text-align:center\"><span class=\"VIiyi\" lang=\"en\"><span class=\"JLqJ4b\" data-language-for-alternatives=\"en\" data-language-to-translate-into=\"fr\" data-phrase-index=\"0\"><strong>&#8220;If life is only a passage, in this passage at least let us sow flowers.&#8221; Montaigne<\/strong><\/span><\/span><\/p>\n<p style=\"text-align:center\"><span class=\"VIiyi\" lang=\"en\"><span class=\"JLqJ4b\" data-language-for-alternatives=\"en\" data-language-to-translate-into=\"fr\" data-phrase-index=\"0\"><strong>\u201cLes Passages C\u00e9lestes\u201d is a collection inspired by the different doors leading to dreamlike but also personal universes, paths that lead to full awareness of oneself and the world. These bridges transport us to supreme havens, higher goals, ultimate goals. They touch on History, Spirituality, the Fantastic. Take these passages and we enter intimate and fanciful lands.<\/strong> <\/span><\/span><\/p>\n<p style=\"text-align:center\">Stainless steel ring size 51, bezel set with very good quality Aventurine in round shape and green tints.  Jong of 25 mm, stone size: 1.5 cm in diameter.<\/p>\n<p>Very mystical and cosmic spirit.<\/p>\n","protected":false},"excerpt":{"rendered":"<p style=\"text-align:center\"><strong>Bague inox et serti Labradorite naturelle, ambiance elfique et \u00e9pur\u00e9e!<\/strong><\/p>\n<hr>\n<p style=\"text-align:center\"><span class=\"VIiyi\" lang=\"en\"><span class=\"JLqJ4b ChMk0b\" data-language-for-alternatives=\"en\" data-language-to-translate-into=\"fr\" data-phrase-index=\"0\"><strong>Stainless steel ring and natural Labradorite set, elven and refined atmosphere!<\/strong><\/span><\/span><\/p>\n","protected":false},"featured_media":5697,"comment_status":"open","ping_status":"closed","template":"","meta":[],"product_brand":[],"product_cat":[222],"product_tag":[32],"class_list":{"0":"post-5681","1":"product","2":"type-product","3":"status-publish","4":"has-post-thumbnail","6":"product_cat-les-adoptes","7":"product_tag-bague","8":"product_shipping_class-colissimo-france-et-assurance","9":"pa_ambiance-art-nouveau","10":"pa_ambiance-elfique","11":"pa_ambiance-gothique","12":"pa_matiere-inox","13":"pa_ornement-pierre-de-lune","14":"pa_ornement-pierre-naturelle","16":"first","17":"outofstock","18":"sold-individually","19":"shipping-taxable","20":"purchasable","21":"product-type-simple"},"translation":{"provider":"WPGlobus","version":"3.0.2","language":"en","enabled_languages":["fr","en"],"languages":{"fr":{"title":true,"content":true,"excerpt":true},"en":{"title":false,"content":false,"excerpt":false}}},"jetpack-related-posts":[],"jetpack_sharing_enabled":true,"_links":{"self":[{"href":"https:\/\/www.altisfain.com\/en\/wp-json\/wp\/v2\/product\/5681","targetHints":{"allow":["GET"]}}],"collection":[{"href":"https:\/\/www.altisfain.com\/en\/wp-json\/wp\/v2\/product"}],"about":[{"href":"https:\/\/www.altisfain.com\/en\/wp-json\/wp\/v2\/types\/product"}],"replies":[{"embeddable":true,"href":"https:\/\/www.altisfain.com\/en\/wp-json\/wp\/v2\/comments?post=5681"}],"wp:featuredmedia":[{"embeddable":true,"href":"https:\/\/www.altisfain.com\/en\/wp-json\/wp\/v2\/media\/5697"}],"wp:attachment":[{"href":"https:\/\/www.altisfain.com\/en\/wp-json\/wp\/v2\/media?parent=5681"}],"wp:term":[{"taxonomy":"product_brand","embeddable":true,"href":"https:\/\/www.altisfain.com\/en\/wp-json\/wp\/v2\/product_brand?post=5681"},{"taxonomy":"product_cat","embeddable":true,"href":"https:\/\/www.altisfain.com\/en\/wp-json\/wp\/v2\/product_cat?post=5681"},{"taxonomy":"product_tag","embeddable":true,"href":"https:\/\/www.altisfain.com\/en\/wp-json\/wp\/v2\/product_tag?post=5681"}],"curies":[{"name":"wp","href":"https:\/\/api.w.org\/{rel}","templated":true}]}}