{"id":5678,"date":"2023-11-29T16:10:42","date_gmt":"2023-11-29T15:10:42","guid":{"rendered":"https:\/\/www.altisfain.com\/?post_type=product&#038;p=5678"},"modified":"2024-10-20T21:35:53","modified_gmt":"2024-10-20T19:35:53","slug":"bague-inox-les-passages-celestes-la-porte-de-la-lune-pierre-de-lune-naturelle-3","status":"publish","type":"product","link":"https:\/\/www.altisfain.com\/en\/boutique\/les-adoptes\/bague-inox-les-passages-celestes-la-porte-de-la-lune-pierre-de-lune-naturelle-3\/","title":{"rendered":"Bague inox &#8220;Les Passages C\u00e9lestes: les Com\u00e8tes&#8221;, Labradorite"},"content":{"rendered":"<p style=\"text-align:center\"><strong>\u201cSi la vie n\u2019est qu\u2019un passage, sur ce passage au moins semons des fleurs.\u201d<\/strong><\/p>\n<p><strong>Montaigne<\/strong><\/p>\n<p style=\"text-align:center\"><strong>\u00ab Les Passages C\u00e9lestes \u00bb est une collection inspir\u00e9e des diff\u00e9rents portes conduisant \u00e0 des univers oniriques mais aussi personnels, des voies qui m\u00e8nent \u00e0 la pleine conscience de soi et du monde. Ces passerelles nous transportent vers des havres supr\u00eames, des finalit\u00e9s plus hautes, des buts ultimes. Ils touchent l\u2019Histoire, la Spiritualit\u00e9, le Fantastique. Empruntons ces passages et nous entrons dans des contr\u00e9es intimes et fantaisistes.<\/strong><\/p>\n<p>Les com\u00e8tes \u00e9taient vues autrefois comme un halo lumineux qui apparaissait \u00e9pisodiquement dans le ciel, et qui \u00e9tait interpr\u00e9t\u00e9, selon son aspect et selon le contexte historique, comme un signe de bon ou mauvais augure. En 1696 encore, William Whiston dans sa Nouvelle Th\u00e9orie de la Terre, avance que la com\u00e8te de 1680 est celle qui provoqua le D\u00e9luge lors d&#8217;un passage juste au-dessus de la Terre. Il soutient que les com\u00e8tes sont responsables des catastrophes qu&#8217;a connues la Terre tout au long de son histoire, et qu&#8217;elles sont guid\u00e9es par la volont\u00e9 divine : \u00ab La Terre selon lui existait dans le chaos avant la cr\u00e9ation dont parle Mo\u00efse et cette cr\u00e9ation n&#8217;eut d&#8217;autre effet que de lui donner une forme et une consistance propres \u00e0 la mettre en \u00e9tat de servir d&#8217;habitation au genre humain. La Terre dit cet auteur devenue fertile et peupl\u00e9e au temps de la cr\u00e9ation conserva cette forme et cette consistance jusqu&#8217;au dix-huiti\u00e8me jour de novembre de l&#8217;ann\u00e9e 2565 avant la p\u00e9riode julienne o\u00f9 elle eut le malheur de rencontrer et de traverser l\u2019atmosph\u00e8re d&#8217;une grande com\u00e8te dont la queue l&#8217;inonda d&#8217;un immense volume d&#8217;eau ce qui produisit le m\u00e9morable fl\u00e9au du d\u00e9luge universel rapport\u00e9 dans l&#8217;\u00e9criture, fl\u00e9au d&#8217;o\u00f9 sont n\u00e9s tous les ravages toutes les alt\u00e9rations tous les ph\u00e9nom\u00e8nes physiques qu&#8217;on observe \u00e0 la surface et dans int\u00e9rieur de ce globe. \u00bb<\/p>\n<p style=\"text-align:center\">Bague inox taille 57, chaton serti Labradorite adulaire de tr\u00e8s belle qualit\u00e9 en forme ronde et aux reflets verts, bleues et dor\u00e9s. Jonc de 25 mm, dimension de la pierre: 1,5 cm de diam\u00e8tre.<\/p>\n<p style=\"text-align:center\">Esprit tr\u00e8s mystique et cosmique.<\/p>\n<hr>\n<p style=\"text-align:center\"><span class=\"VIiyi\" lang=\"en\"><span class=\"JLqJ4b\" data-language-for-alternatives=\"en\" data-language-to-translate-into=\"fr\" data-phrase-index=\"0\"><strong>&#8220;If life is only a passage, in this passage at least let us sow flowers.&#8221; Montaigne<\/strong><\/span><\/span><\/p>\n<p style=\"text-align:center\"><span class=\"VIiyi\" lang=\"en\"><span class=\"JLqJ4b\" data-language-for-alternatives=\"en\" data-language-to-translate-into=\"fr\" data-phrase-index=\"0\"><strong>\u201cLes Passages C\u00e9lestes\u201d is a collection inspired by the different doors leading to dreamlike but also personal universes, paths that lead to full awareness of oneself and the world. These bridges transport us to supreme havens, higher goals, ultimate goals. They touch on History, Spirituality, the Fantastic. Take these passages and we enter intimate and fanciful lands.<\/strong> <\/span><\/span><\/p>\n<p style=\"text-align:center\">Comets were once seen as a luminous halo which appeared episodically in the sky, and which was interpreted, depending on its appearance and the historical context, as a sign of good or bad omen.  As late as 1696, William Whiston in his New Theory of the Earth suggested that the comet of 1680 was the one that caused the Flood when it passed just above the Earth.  He maintains that comets are responsible for the catastrophes that the Earth has experienced throughout its history, and that they are guided by divine will: &#8220;The Earth according to him existed in chaos before the creation of which Moses speaks and this  creation had no other effect than to give it a form and a consistency suitable to put it in a position to serve as a dwelling for the human race.  The Earth, says this author, which became fertile and populated at the time of creation, retained this form and consistency until the eighteenth day of November in the year 2565 before the Julian period when it had the misfortune of meeting and crossing the  atmosphere of a great comet whose tail flooded it with an immense volume of water which produced the memorable scourge of the universal flood reported in writing, a scourge from which were born all the ravages all the alterations all the phenomena  physics that we observe on the surface and in the interior of this globe.  \u00bb<\/p>\n<p>Stainless steel ring size 57, bezel set with very good quality Labradorite in round shape and with green, blue and golden reflections.  Bangle of 25 mm, stone size: 1.5 cm in diameter.<\/p>\n<p>Very mystical and cosmic spirit<\/p>\n","protected":false},"excerpt":{"rendered":"<p style=\"text-align:center\"><strong>Bague inox et serti Labradorite naturelle, ambiance elfique et \u00e9pur\u00e9e!<\/strong><\/p>\n<hr>\n<p style=\"text-align:center\"><span class=\"VIiyi\" lang=\"en\"><span class=\"JLqJ4b ChMk0b\" data-language-for-alternatives=\"en\" data-language-to-translate-into=\"fr\" data-phrase-index=\"0\"><strong>Stainless steel ring and natural Labradorite set, elven and refined atmosphere!<\/strong><\/span><\/span><\/p>\n","protected":false},"featured_media":5683,"comment_status":"open","ping_status":"closed","template":"","meta":[],"product_brand":[],"product_cat":[222],"product_tag":[32],"class_list":{"0":"post-5678","1":"product","2":"type-product","3":"status-publish","4":"has-post-thumbnail","6":"product_cat-les-adoptes","7":"product_tag-bague","8":"product_shipping_class-colissimo-france-et-assurance","9":"pa_ambiance-art-nouveau","10":"pa_ambiance-elfique","11":"pa_ambiance-gothique","12":"pa_matiere-inox","13":"pa_ornement-pierre-de-lune","14":"pa_ornement-pierre-naturelle","16":"first","17":"outofstock","18":"sold-individually","19":"shipping-taxable","20":"purchasable","21":"product-type-simple"},"translation":{"provider":"WPGlobus","version":"3.0.2","language":"en","enabled_languages":["fr","en"],"languages":{"fr":{"title":true,"content":true,"excerpt":true},"en":{"title":false,"content":false,"excerpt":false}}},"jetpack-related-posts":[],"jetpack_sharing_enabled":true,"_links":{"self":[{"href":"https:\/\/www.altisfain.com\/en\/wp-json\/wp\/v2\/product\/5678","targetHints":{"allow":["GET"]}}],"collection":[{"href":"https:\/\/www.altisfain.com\/en\/wp-json\/wp\/v2\/product"}],"about":[{"href":"https:\/\/www.altisfain.com\/en\/wp-json\/wp\/v2\/types\/product"}],"replies":[{"embeddable":true,"href":"https:\/\/www.altisfain.com\/en\/wp-json\/wp\/v2\/comments?post=5678"}],"wp:featuredmedia":[{"embeddable":true,"href":"https:\/\/www.altisfain.com\/en\/wp-json\/wp\/v2\/media\/5683"}],"wp:attachment":[{"href":"https:\/\/www.altisfain.com\/en\/wp-json\/wp\/v2\/media?parent=5678"}],"wp:term":[{"taxonomy":"product_brand","embeddable":true,"href":"https:\/\/www.altisfain.com\/en\/wp-json\/wp\/v2\/product_brand?post=5678"},{"taxonomy":"product_cat","embeddable":true,"href":"https:\/\/www.altisfain.com\/en\/wp-json\/wp\/v2\/product_cat?post=5678"},{"taxonomy":"product_tag","embeddable":true,"href":"https:\/\/www.altisfain.com\/en\/wp-json\/wp\/v2\/product_tag?post=5678"}],"curies":[{"name":"wp","href":"https:\/\/api.w.org\/{rel}","templated":true}]}}