{"id":567,"date":"2018-03-05T22:46:56","date_gmt":"2018-03-05T21:46:56","guid":{"rendered":"http:\/\/www.altisfain.com\/?post_type=product&#038;p=567"},"modified":"2022-01-17T22:30:15","modified_gmt":"2022-01-17T21:30:15","slug":"boucles-doreilles-monsho-volubilis","status":"publish","type":"product","link":"https:\/\/www.altisfain.com\/en\/boutique\/monsho\/boucles-doreilles-monsho-volubilis\/","title":{"rendered":"Boucles d&#8217;oreilles Monsh\u014d Volubilis"},"content":{"rendered":"<p style=\"text-align: center;\">Les Monsh\u014d sont les armoiries des familles japonaises.<br \/>\nIls consistent en un symbole souvent encercl\u00e9 ou de forme arrondie. Les dessins \u00e9taient souvent des versions stylis\u00e9es de th\u00e8mes ou objets japonais, souvent issus de la nature.<br \/>\nPresque tout dans la nature avait une symbolique, superstitieuse ou non, ce que influen\u00e7ait les familles dans le choix du motif embl\u00e8me de leur clan.<\/p>\n<p style=\"text-align: center;\">Le Volubilis symbolise l&#8217;envie de plaire, la d\u00e9votion, le charme.<\/p>\n<p style=\"text-align: center;\"><strong><b>Boucles d&#8217;oreilles forme circulaire, avec au centre une feuille de volubilis martel\u00e9e main et et entrelacs inox martel\u00e9s, soud\u00e9s argent serpentant derri\u00e8re la feuille et sur le cercle.<br \/>\nDiam\u00e8tre cercle: 4,1 cm.<br \/>\nDimension feuille de volubilis: 2,5 cm par 2,3 cm.<br \/>\nLongueur totale de la boucle d&#8217;oreille: 6,3 cm.<br \/>\nAttaches am\u00e9ricaine argent 925. <\/b><\/strong><\/p>\n<p style=\"text-align: center;\"><strong>D&#8217;inspiration asiatique et elfique!<\/strong><\/p>\n<hr \/>\n<div class=\"text-wrap tlid-copy-target\">\n<p class=\"result-shield-container tlid-copy-target\" style=\"text-align: center;\" tabindex=\"0\"><span class=\"tlid-translation translation\" lang=\"en\"><span class=\"\" title=\"\">The Monsh\u014d are the coat of arms of Japanese families.<\/span><br \/>\n<span title=\"\">They consist of a symbol often circled or rounded.<\/span> <span title=\"\">The drawings were often stylized versions of Japanese themes or objects, often from nature.<\/span><br \/>\n<span title=\"\">Almost everything in nature had a symbolic, superstitious or not, which influenced the families in the choice of emblem pattern of their clan.<\/span><\/p>\n<p><span title=\"\">The Volubilis symbolizes the desire to please, the devotion, the charm.<\/span><\/p>\n<p><strong><span title=\"\">Circular shaped earrings, with a hand-hammered, hand-hammered leaf and hammered, silver-welded stainless steel interlacing behind the leaf and on the circle.<\/span><\/strong><br \/>\n<strong><span title=\"\">Circle diameter: 4.1 cm.<\/span><\/strong><br \/>\n<strong><span title=\"\">Leaf size of volubilis: 2.5 cm by 2.3 cm.<\/span><\/strong><br \/>\n<strong><span title=\"\">Total length of the earring: 6.3 cm.<\/span><\/strong><br \/>\n<strong><span title=\"\">925 American silver ties.<\/span><\/strong><\/p>\n<p><strong><span title=\"\">Asian and Elvish inspired!<\/span><\/strong><\/span><\/p>\n<\/div>\n<div class=\"tlid-result-transliteration-container result-transliteration-container transliteration-container\">\n<div class=\"tlid-transliteration-content transliteration-content full\"><\/div>\n<\/div>\n","protected":false},"excerpt":{"rendered":"<p style=\"text-align: center;\"><strong>Boucles d&#8217;oreilles type cr\u00e9oles inox attaches argent 925, entrelacs et feuilles de volubilis, d&#8217;inspiration asiatique et elfique.<\/strong><\/p>\n<hr \/>\n<p style=\"text-align: center;\"><strong><span class=\"tlid-translation translation\" lang=\"en\"><span class=\"\" title=\"\">925 silver stainless steel creole earrings, interlaced and leaf of volubilis, Asian and Elvish inspiration.<\/span><\/span><\/strong><\/p>\n","protected":false},"featured_media":568,"comment_status":"open","ping_status":"closed","template":"","meta":[],"product_brand":[],"product_cat":[25],"product_tag":[34,111],"class_list":{"0":"post-567","1":"product","2":"type-product","3":"status-publish","4":"has-post-thumbnail","6":"product_cat-monsho","7":"product_tag-boucles-oreilles","8":"product_tag-creoles","9":"pa_ambiance-asiatique","10":"pa_ambiance-elfique","11":"pa_ambiance-feerique","12":"pa_ambiance-vegetal","13":"pa_feuille-volubilis","14":"pa_matiere-argent-925","15":"pa_matiere-inox","17":"first","18":"instock","19":"sold-individually","20":"shipping-taxable","21":"purchasable","22":"product-type-simple"},"translation":{"provider":"WPGlobus","version":"3.0.2","language":"en","enabled_languages":["fr","en"],"languages":{"fr":{"title":true,"content":true,"excerpt":true},"en":{"title":false,"content":false,"excerpt":false}}},"jetpack-related-posts":[],"jetpack_sharing_enabled":true,"_links":{"self":[{"href":"https:\/\/www.altisfain.com\/en\/wp-json\/wp\/v2\/product\/567","targetHints":{"allow":["GET"]}}],"collection":[{"href":"https:\/\/www.altisfain.com\/en\/wp-json\/wp\/v2\/product"}],"about":[{"href":"https:\/\/www.altisfain.com\/en\/wp-json\/wp\/v2\/types\/product"}],"replies":[{"embeddable":true,"href":"https:\/\/www.altisfain.com\/en\/wp-json\/wp\/v2\/comments?post=567"}],"wp:featuredmedia":[{"embeddable":true,"href":"https:\/\/www.altisfain.com\/en\/wp-json\/wp\/v2\/media\/568"}],"wp:attachment":[{"href":"https:\/\/www.altisfain.com\/en\/wp-json\/wp\/v2\/media?parent=567"}],"wp:term":[{"taxonomy":"product_brand","embeddable":true,"href":"https:\/\/www.altisfain.com\/en\/wp-json\/wp\/v2\/product_brand?post=567"},{"taxonomy":"product_cat","embeddable":true,"href":"https:\/\/www.altisfain.com\/en\/wp-json\/wp\/v2\/product_cat?post=567"},{"taxonomy":"product_tag","embeddable":true,"href":"https:\/\/www.altisfain.com\/en\/wp-json\/wp\/v2\/product_tag?post=567"}],"curies":[{"name":"wp","href":"https:\/\/api.w.org\/{rel}","templated":true}]}}