{"id":5666,"date":"2023-11-22T15:47:45","date_gmt":"2023-11-22T14:47:45","guid":{"rendered":"https:\/\/www.altisfain.com\/?post_type=product&#038;p=5666"},"modified":"2023-11-22T20:00:23","modified_gmt":"2023-11-22T19:00:23","slug":"pendentif-inox-les-passages-celestes-gatsby-le-magnifique-pietersite","status":"publish","type":"product","link":"https:\/\/www.altisfain.com\/en\/boutique\/les-passages-celestes\/pendentif-inox-les-passages-celestes-gatsby-le-magnifique-pietersite\/","title":{"rendered":"Pendentif laiton &#8220;les Passages C\u00e9lestes: &#8220;Gatsby le Magnifique &#8221; Pietersite"},"content":{"rendered":"<ul>\n<li style=\"text-align: center;\"><strong>\u201cSi la vie n&#8217;est qu&#8217;un passage, sur ce passage au moins semons des fleurs.\u201d<\/strong><\/li>\n<\/ul>\n<p><strong>Montaigne<\/strong><\/p>\n<p style=\"text-align: center;\"><strong>\u00ab Les Passages C\u00e9lestes \u00bb est une collection inspir\u00e9e des diff\u00e9rents portes conduisant \u00e0 des univers oniriques mais aussi personnels, des voies qui m\u00e8nent \u00e0 la pleine conscience de soi et du monde. Ces passerelles nous transportent vers des havres supr\u00eames, des finalit\u00e9s plus hautes, des buts ultimes. Ils touchent l&#8217;Histoire, la Spiritualit\u00e9, le Fantastique. Empruntons ces passages et nous entrons dans des contr\u00e9es intimes et fantaisistes.<\/strong><\/p>\n<p style=\"text-align: center;\">Gatsby le Magnifique<br \/>\nAu d\u00e9but des ann\u00e9es 1920, dans une d\u00e9bauche de luxe, d&#8217;alcool et d&#8217;argent, un myst\u00e9rieux personnage s&#8217;installe \u00e0 Long Island dans un domaine incroyable d&#8217;extravagance. Qui est ce charmant et l\u00e9gendaire Gatsby, incarnation du pouvoir et de la r\u00e9ussite, dont les f\u00eates attirent toute la soci\u00e9t\u00e9 locale ? Les rumeurs les plus folles circulent. Un espion ? Un gentleman anglais ? Un h\u00e9ros de guerre ? Un mythomane ?<br \/>\nUne v\u00e9rit\u00e9 plus profonde se cache derri\u00e8re l&#8217;orgueil et la magnificence de Gatsby, celle d&#8217;un ancien adolescent pauvre et d&#8217;un amant trahi qui ressemble beaucoup \u00e0 Fitzgerald lui-m\u00eame.<br \/>\nLe vingti\u00e8me si\u00e8cle ne fait que commencer mais la f\u00eate semble d\u00e9j\u00e0 finie\u2026<\/p>\n<p style=\"text-align: center;\">Pendentif collier laiton bross\u00e9 et vernis satin haute r\u00e9sistance ambiance elfique serti Pietersite. Cabochon de tr\u00e8s belle qualit\u00e9 forme rectangle marbr\u00e9e noir et gris, avec des inclusions brunes et bleues. D\u00e9cor d&#8217;entrelacs qui entourent la pierre en serti griffe. Dimension du pendentif : 8,5 cm par 8 cm. Dimension du cabochon: 2 cm par 2 cm. Torque laiton fait main \u00e0 dimension.<\/p>\n<p style=\"text-align: center;\">Pendentif infiniment elfique et mystique!!<\/p>\n<hr \/>\n<p style=\"text-align: center;\"><strong><strong><strong>\u201cIf life is only a passage, on this passage at least let us sow flowers.\u201d<\/strong><\/strong><\/strong><\/p>\n<p style=\"text-align: center;\"><strong> Montaigne<\/strong><\/p>\n<p><strong> \u201cLes Passages C\u00e9lestes\u201d is a collection inspired by the different doors leading to dreamlike but also personal universes, paths that lead to full awareness of oneself and the world. These gateways transport us to supreme havens, higher purposes, ultimate goals. They touch on History, Spirituality, Fantasy. Let us take these passages and we enter into intimate and fanciful lands.<\/strong><\/p>\n<p style=\"text-align: center;\">Gatsby the magnificent<br \/>\nIn the early 1920s, in a debauchery of luxury, alcohol and money, a mysterious character settles on Long Island in an incredible estate of extravagance. Who is this charming and legendary Gatsby, incarnation of power and success, whose parties attract all of local society? The craziest rumors are circulating. A spy ? An English gentleman? A war hero? A mythomaniac?<br \/>\nA deeper truth lies behind Gatsby&#8217;s hubris and magnificence, that of a formerly impoverished teenager and betrayed lover who bears a strong resemblance to Fitzgerald himself.<br \/>\nThe twentieth century has only just begun but the party already seems to be over&#8230;<\/p>\n<p>Brushed brass and high-resistance satin varnish necklace pendant with elvish atmosphere set in Pietersite. Very good quality rectangle shape cabochon marbled black and gray, with brown and blue inclusions. Decoration of interlacing which surround the stone in claw setting. Dimensions of the pendant: 8.5 cm by 8 cm. Dimensions of the cabochon: 2 cm by 2 cm. Handmade brass torque to size.<\/p>\n<p>Infinitely elvish and mystical pendant!!<\/p>\n","protected":false},"excerpt":{"rendered":"<p style=\"text-align: center;\"><strong>Pendentif esprit elfique et Art nouveau, serti Pietersite. <\/strong><\/p>\n<p style=\"text-align: center;\"><strong>Infiniment mystique et onirique!<\/strong><\/p>\n<hr \/>\n<p style=\"text-align: center;\"><strong><strong>Elvish and Art Nouveau spirit pendant, set with Pietersite.<\/strong><\/strong><\/p>\n<p><strong> Infinitely mystical and dreamlike!<\/strong><\/p>\n","protected":false},"featured_media":5667,"comment_status":"open","ping_status":"closed","template":"","meta":{"jetpack_publicize_message":"","jetpack_publicize_feature_enabled":true,"jetpack_social_post_already_shared":false,"jetpack_social_options":{"image_generator_settings":{"template":"highway","default_image_id":0,"font":"","enabled":false},"version":2}},"product_brand":[],"product_cat":[130],"product_tag":[131],"class_list":{"0":"post-5666","1":"product","2":"type-product","3":"status-publish","4":"has-post-thumbnail","6":"product_cat-les-passages-celestes","7":"product_tag-pendentif","8":"pa_ambiance-baroque","9":"pa_ambiance-celtique","10":"pa_ambiance-elfique","11":"pa_ambiance-feerique","12":"pa_ambiance-mystique","13":"pa_ambiance-victorien","14":"pa_matiere-laiton","15":"pa_ornement-pierre-naturelle","16":"pa_ornement-pierre-semi","17":"pa_ornement-pietersite","19":"first","20":"instock","21":"featured","22":"shipping-taxable","23":"purchasable","24":"product-type-simple"},"translation":{"provider":"WPGlobus","version":"3.0.2","language":"en","enabled_languages":["fr","en"],"languages":{"fr":{"title":true,"content":true,"excerpt":true},"en":{"title":false,"content":false,"excerpt":false}}},"jetpack_publicize_connections":[],"jetpack-related-posts":[],"jetpack_sharing_enabled":true,"jetpack_likes_enabled":true,"_links":{"self":[{"href":"https:\/\/www.altisfain.com\/en\/wp-json\/wp\/v2\/product\/5666","targetHints":{"allow":["GET"]}}],"collection":[{"href":"https:\/\/www.altisfain.com\/en\/wp-json\/wp\/v2\/product"}],"about":[{"href":"https:\/\/www.altisfain.com\/en\/wp-json\/wp\/v2\/types\/product"}],"replies":[{"embeddable":true,"href":"https:\/\/www.altisfain.com\/en\/wp-json\/wp\/v2\/comments?post=5666"}],"wp:featuredmedia":[{"embeddable":true,"href":"https:\/\/www.altisfain.com\/en\/wp-json\/wp\/v2\/media\/5667"}],"wp:attachment":[{"href":"https:\/\/www.altisfain.com\/en\/wp-json\/wp\/v2\/media?parent=5666"}],"wp:term":[{"taxonomy":"product_brand","embeddable":true,"href":"https:\/\/www.altisfain.com\/en\/wp-json\/wp\/v2\/product_brand?post=5666"},{"taxonomy":"product_cat","embeddable":true,"href":"https:\/\/www.altisfain.com\/en\/wp-json\/wp\/v2\/product_cat?post=5666"},{"taxonomy":"product_tag","embeddable":true,"href":"https:\/\/www.altisfain.com\/en\/wp-json\/wp\/v2\/product_tag?post=5666"}],"curies":[{"name":"wp","href":"https:\/\/api.w.org\/{rel}","templated":true}]}}