{"id":5642,"date":"2023-11-20T22:19:59","date_gmt":"2023-11-20T21:19:59","guid":{"rendered":"https:\/\/www.altisfain.com\/?post_type=product&#038;p=5642"},"modified":"2024-10-20T21:36:12","modified_gmt":"2024-10-20T19:36:12","slug":"pendentif-inox-les-passages-celestes-les-tourments-du-nautilus-apache_gold","status":"publish","type":"product","link":"https:\/\/www.altisfain.com\/en\/boutique\/les-adoptes\/pendentif-inox-les-passages-celestes-les-tourments-du-nautilus-apache_gold\/","title":{"rendered":"Pendentif laiton &#8220;les Passages C\u00e9lestes: &#8220;Les tourments du Nautilus &#8221; Apache Gold"},"content":{"rendered":"<ul>\n<li style=\"text-align:center\"><strong>\u201cSi la vie n&#8217;est qu&#8217;un passage, sur ce passage au moins semons des fleurs.\u201d<\/strong><\/li>\n<\/ul>\n<p><strong>Montaigne<\/strong><\/p>\n<p style=\"text-align:center\"><strong>\u00ab Les Passages C\u00e9lestes \u00bb est une collection inspir\u00e9e des diff\u00e9rents portes conduisant \u00e0 des univers oniriques mais aussi personnels, des voies qui m\u00e8nent \u00e0 la pleine conscience de soi et du monde. Ces passerelles nous transportent vers des havres supr\u00eames, des finalit\u00e9s plus hautes, des buts ultimes. Ils touchent l&#8217;Histoire, la Spiritualit\u00e9, le Fantastique. Empruntons ces passages et nous entrons dans des contr\u00e9es intimes et fantaisistes.<\/strong><\/p>\n<p style=\"text-align:center\">Cr\u00e9ature l\u00e9gendaire, le kraken est l\u2019un des monstres marins les plus connus. Capable de broyer n\u2019importe quel bateau \u00e0 l\u2019aide de ses puissants tentacules, il a terroris\u00e9 les p\u00eacheurs durant des si\u00e8cles. Le mythe a lentement laiss\u00e9 place \u00e0 la r\u00e9alit\u00e9. Au cours du XIXe si\u00e8cle, des sp\u00e9cimens de calmars d\u2019une dizaine de m\u00e8tres sont retrouv\u00e9s en mer ou \u00e9chou\u00e9s.<\/p>\n<p>En 1857, le Danois Johan Japetus Steenstrup d\u00e9crit scientifiquement ce calmar g\u00e9ant sous le nom d\u2019Architeuthis dux. Quatre ans plus tard, le navire fran\u00e7ais Alecton se trouve confront\u00e9 \u00e0 un c\u00e9phalopode de 6 m\u00e8tres de long au large de T\u00e9n\u00e9riffe, dans l\u2019Atlantique. L\u2019\u00e9quipage essaye de le hisser \u00e0 bord, sans succ\u00e8s.<\/p>\n<p>C\u2019est gr\u00e2ce \u00e0 cet \u00e9pisode que Jules Verne d\u00e9crivit l\u2019attaque du Nautilus par \u00ab un calmar de dimensions colossales ayant 18 m\u00e8tres de longueur \u00bb dans Vingt mille lieues sous les mers.<\/p>\n<p style=\"text-align:center\">Pendentif collier laiton bross\u00e9 et vernis satin haute r\u00e9sistance ambiance elfique serti Apache Gold. Cabochon de tr\u00e8s belle qualit\u00e9 forme goutte marbr\u00e9e noir et gris, avec des inclusions or. D\u00e9cor d&#8217;entrelacs qui entourent la pierre en serti griffe. Dimension du pendentif : 8,5 cm par 8,5 cm. Dimension du cabochon: 2 cm par 2 cm. Torque laiton fait main \u00e0 dimension.<\/p>\n<p style=\"text-align:center\">Pendentif infiniment elfique et mystique!!<\/p>\n<hr>\n<p style=\"text-align:center\"><strong><strong><strong>\u201cIf life is only a passage, on this passage at least let us sow flowers.\u201d<\/strong><\/strong><\/strong><\/p>\n<p style=\"text-align:center\"><strong> Montaigne<\/strong><\/p>\n<p><strong> \u201cLes Passages C\u00e9lestes\u201d is a collection inspired by the different doors leading to dreamlike but also personal universes, paths that lead to full awareness of oneself and the world. These gateways transport us to supreme havens, higher purposes, ultimate goals. They touch on History, Spirituality, Fantasy. Let us take these passages and we enter into intimate and fanciful lands.<\/strong><\/p>\n<p style=\"text-align:center\">A legendary creature, the kraken is one of the most famous sea monsters.  Capable of crushing any boat with its powerful tentacles, it has terrorized fishermen for centuries.  The myth slowly gave way to reality.  During the 19th century, specimens of squid measuring around ten meters were found at sea or stranded.<\/p>\n<p>In 1857, the Dane Johan Japetus Steenstrup scientifically described this giant squid under the name Architeuthis dux.  Four years later, the French ship Alecton found itself confronted with a 6-meter-long cephalopod off the coast of Tenerife, in the Atlantic.  The crew tried to hoist him on board, without success.<\/p>\n<p>It is thanks to this episode that Jules Verne described the attack on the Nautilus by \u201ca squid of colossal dimensions measuring 18 meters in length\u201d in Twenty Thousand Leagues Under the Sea.<\/p>\n<p>Brushed brass and high-resistance satin varnish necklace pendant with elvish atmosphere set in Apache Gold.  Very good quality cabochon in black and gray marbled drop shape, with gold inclusions.  Decoration of interlacing which surround the stone in claw setting.  Dimensions of the pendant: 8.5 cm by 8.5 cm.  Dimensions of the cabochon: 2 cm by 2 cm.  Handmade brass torque to size.<\/p>\n<p>Infinitely elvish and mystical pendant!!<\/p>\n","protected":false},"excerpt":{"rendered":"<p style=\"text-align: center;\"><strong>Pendentif esprit elfique et Art nouveau, serti Apache Gold. <\/strong><\/p>\n<p style=\"text-align: center;\"><strong>Infiniment mystique et onirique!<\/strong><\/p>\n<hr \/>\n<p style=\"text-align: center;\"><strong><strong>Elvish and Art Nouveau spirit pendant, set with Gold Apache.<\/strong><\/strong><\/p>\n<p><strong> Infinitely mystical and dreamlike!<\/strong><\/p>\n","protected":false},"featured_media":5657,"comment_status":"open","ping_status":"closed","template":"","meta":[],"product_brand":[],"product_cat":[222],"product_tag":[131],"class_list":{"0":"post-5642","1":"product","2":"type-product","3":"status-publish","4":"has-post-thumbnail","6":"product_cat-les-adoptes","7":"product_tag-pendentif","8":"pa_ambiance-baroque","9":"pa_ambiance-celtique","10":"pa_ambiance-elfique","11":"pa_ambiance-feerique","12":"pa_ambiance-mystique","13":"pa_ambiance-victorien","14":"pa_matiere-laiton","15":"pa_ornement-apache-gold","16":"pa_ornement-larme-dapache","18":"first","19":"outofstock","20":"featured","21":"shipping-taxable","22":"purchasable","23":"product-type-simple"},"translation":{"provider":"WPGlobus","version":"3.0.2","language":"en","enabled_languages":["fr","en"],"languages":{"fr":{"title":true,"content":true,"excerpt":true},"en":{"title":false,"content":false,"excerpt":false}}},"jetpack-related-posts":[],"jetpack_sharing_enabled":true,"_links":{"self":[{"href":"https:\/\/www.altisfain.com\/en\/wp-json\/wp\/v2\/product\/5642","targetHints":{"allow":["GET"]}}],"collection":[{"href":"https:\/\/www.altisfain.com\/en\/wp-json\/wp\/v2\/product"}],"about":[{"href":"https:\/\/www.altisfain.com\/en\/wp-json\/wp\/v2\/types\/product"}],"replies":[{"embeddable":true,"href":"https:\/\/www.altisfain.com\/en\/wp-json\/wp\/v2\/comments?post=5642"}],"wp:featuredmedia":[{"embeddable":true,"href":"https:\/\/www.altisfain.com\/en\/wp-json\/wp\/v2\/media\/5657"}],"wp:attachment":[{"href":"https:\/\/www.altisfain.com\/en\/wp-json\/wp\/v2\/media?parent=5642"}],"wp:term":[{"taxonomy":"product_brand","embeddable":true,"href":"https:\/\/www.altisfain.com\/en\/wp-json\/wp\/v2\/product_brand?post=5642"},{"taxonomy":"product_cat","embeddable":true,"href":"https:\/\/www.altisfain.com\/en\/wp-json\/wp\/v2\/product_cat?post=5642"},{"taxonomy":"product_tag","embeddable":true,"href":"https:\/\/www.altisfain.com\/en\/wp-json\/wp\/v2\/product_tag?post=5642"}],"curies":[{"name":"wp","href":"https:\/\/api.w.org\/{rel}","templated":true}]}}