{"id":5641,"date":"2023-11-20T22:14:50","date_gmt":"2023-11-20T21:14:50","guid":{"rendered":"https:\/\/www.altisfain.com\/?post_type=product&#038;p=5641"},"modified":"2025-10-20T22:02:46","modified_gmt":"2025-10-20T20:02:46","slug":"pendentif-inox-les-passages-celeste-les-portes-d-imladris-labradorite","status":"publish","type":"product","link":"https:\/\/www.altisfain.com\/en\/boutique\/les-passages-celestes\/pendentif-inox-les-passages-celeste-les-portes-d-imladris-labradorite\/","title":{"rendered":"Pendentif laiton &#8220;les Passages C\u00e9lestes: &#8220;Les portes d&#8217; Imladris&#8221; Labradorite"},"content":{"rendered":"<p style=\"text-align:center\"><strong>\u201cSi la vie n&#8217;est qu&#8217;un passage, sur ce passage au moins semons des fleurs.\u201d<\/strong><\/p>\n<p><strong>Montaigne<\/strong><\/p>\n<p style=\"text-align:center\"><strong>\u00ab Les Passages C\u00e9lestes \u00bb est une collection inspir\u00e9e des diff\u00e9rents portes conduisant \u00e0 des univers oniriques mais aussi personnels, des voies qui m\u00e8nent \u00e0 la pleine conscience de soi et du monde. Ces passerelles nous transportent vers des havres supr\u00eames, des finalit\u00e9s plus hautes, des buts ultimes. Ils touchent l&#8217;Histoire, la Spiritualit\u00e9, le Fantastique. Empruntons ces passages et nous entrons dans des contr\u00e9es intimes et fantaisistes.<\/strong><\/p>\n<p style=\"text-align:center\">La Derni\u00e8re Maison Hospitali\u00e8re \u00e0 l&#8217;Ouest des Montagnes de Brume a \u00e9t\u00e9 construite par Elrond au cours de la guerre des Elfes et de Sauron, aux alentours de 1697 2A. Elrond, se retirant avec les restes de l&#8217;arm\u00e9e des Noldor, se r\u00e9fugia dans la vall\u00e9e d&#8217;Imladris et y construisit ce refuge pour toutes les personnes cherchant repos et pour ceux qui fuyaient l&#8217;ombre de Sauron \u00e0 la recherche de paix, comme les D\u00fanedain du Nord dont le royaume fut d\u00e9truit en 1973 3A. Imladris \u00e9tait non seulement la demeure de Ma\u00eetre Elrond et de ses gens, mais nombreux furent ceux qui vinrent y demeurer, Hommes, Elfes ou m\u00eame Hobbits, notamment Bilbo Bessac. La joie et la bonne humeur y r\u00e9gnaient et le ciel nocturne y \u00e9tait plus magnifique que n&#8217;importe o\u00f9 ailleurs, cela gr\u00e2ce \u00e0 la puissance de Vilya, l&#8217;Anneau de l&#8217;Air, dont Elrond avait la garde.<\/p>\n<p style=\"text-align:center\">Pendentif collier laiton ambiance elfique serti Labradorite. Cabochon de tr\u00e8s belle qualit\u00e9 forme rectangulaire, aux reflets bleut\u00e9s, dor\u00e9es et vertes intenses stri\u00e9es de noir. D\u00e9cor d&#8217;entrelacs qui entourent la pierre en serti griffe. Dimension du pendentif : 9 cm par 8 cm. Dimension du cabochon: 2 cm par 2 cm. Torque laiton fait main \u00e0 dimension.<\/p>\n<p style=\"text-align:center\">Pendentif infiniment elfique et mystique!!<\/p>\n<hr>\n<p style=\"text-align:center\"><strong><strong><strong>\u201cIf life is only a passage, on this passage at least let us sow flowers.\u201d<\/strong><\/strong><\/strong><\/p>\n<p style=\"text-align:center\"><strong> Montaigne<\/strong><\/p>\n<p><strong> \u201cLes Passages C\u00e9lestes\u201d is a collection inspired by the different doors leading to dreamlike but also personal universes, paths that lead to full awareness of oneself and the world. These gateways transport us to supreme havens, higher purposes, ultimate goals. They touch on History, Spirituality, Fantasy. Let us take these passages and we enter into intimate and fanciful lands.<\/strong><\/p>\n<p style=\"text-align:center\">The Last Hospitaller House West of the Mist Mountains was built by Elrond during the War of the Elves and Sauron, circa 1697 2A.  Elrond, retreating with the remnants of the Noldor army, took refuge in the valley of Imladris and built there this refuge for all people seeking rest and for those who fled the shadow of Sauron in search of peace, as  the Northern D\u00fanedain whose kingdom was destroyed in 1973 3A.  Imladris was not only the home of Master Elrond and his people, but many came to stay there, Men, Elves and even Hobbits, notably Bilbo Bessac.  Joy and good humor reigned there and the night sky was more magnificent than anywhere else, thanks to the power of Vilya, the Ring of Air, of which Elrond was in charge.<\/p>\n<p>Brass necklace pendant with elven atmosphere set with Labradorite.  Cabochon of very good quality, rectangular shape, with intense bluish, golden and green reflections streaked with black.  Decoration of interlacing which surround the stone in claw setting.  Dimensions of the pendant: 9 cm by 8 cm.  Dimensions of the cabochon: 2 cm by 2 cm.  Handmade brass torque to size.<\/p>\n<p>Infinitely elvish and mystical pendant!!<\/p>\n","protected":false},"excerpt":{"rendered":"<p style=\"text-align: center;\"><strong>Pendentif esprit elfique et Art nouveau, serti Labradorite. <\/strong><\/p>\n<p style=\"text-align: center;\"><strong>Infiniment mystique et onirique!<\/strong><\/p>\n<hr \/>\n<p style=\"text-align: center;\"><strong><strong>Elvish and Art Nouveau spirit pendant, set with Labradorite.<\/strong><\/strong><\/p>\n<p><strong> Infinitely mystical and dreamlike!<\/strong><\/p>\n","protected":false},"featured_media":5648,"comment_status":"open","ping_status":"closed","template":"","meta":[],"product_brand":[],"product_cat":[130],"product_tag":[131],"class_list":{"0":"post-5641","1":"product","2":"type-product","3":"status-publish","4":"has-post-thumbnail","6":"product_cat-les-passages-celestes","7":"product_tag-pendentif","8":"pa_ambiance-baroque","9":"pa_ambiance-celtique","10":"pa_ambiance-elfique","11":"pa_ambiance-feerique","12":"pa_ambiance-mystique","13":"pa_ambiance-victorien","14":"pa_matiere-laiton","15":"pa_ornement-labradorite-blanche","16":"pa_ornement-peristerite","17":"pa_ornement-pierre-semi","18":"pa_ornement-tourmaline","20":"first","21":"outofstock","22":"featured","23":"shipping-taxable","24":"purchasable","25":"product-type-simple"},"translation":{"provider":"WPGlobus","version":"3.0.2","language":"en","enabled_languages":["fr","en"],"languages":{"fr":{"title":true,"content":true,"excerpt":true},"en":{"title":false,"content":false,"excerpt":false}}},"jetpack-related-posts":[],"jetpack_sharing_enabled":true,"_links":{"self":[{"href":"https:\/\/www.altisfain.com\/en\/wp-json\/wp\/v2\/product\/5641","targetHints":{"allow":["GET"]}}],"collection":[{"href":"https:\/\/www.altisfain.com\/en\/wp-json\/wp\/v2\/product"}],"about":[{"href":"https:\/\/www.altisfain.com\/en\/wp-json\/wp\/v2\/types\/product"}],"replies":[{"embeddable":true,"href":"https:\/\/www.altisfain.com\/en\/wp-json\/wp\/v2\/comments?post=5641"}],"wp:featuredmedia":[{"embeddable":true,"href":"https:\/\/www.altisfain.com\/en\/wp-json\/wp\/v2\/media\/5648"}],"wp:attachment":[{"href":"https:\/\/www.altisfain.com\/en\/wp-json\/wp\/v2\/media?parent=5641"}],"wp:term":[{"taxonomy":"product_brand","embeddable":true,"href":"https:\/\/www.altisfain.com\/en\/wp-json\/wp\/v2\/product_brand?post=5641"},{"taxonomy":"product_cat","embeddable":true,"href":"https:\/\/www.altisfain.com\/en\/wp-json\/wp\/v2\/product_cat?post=5641"},{"taxonomy":"product_tag","embeddable":true,"href":"https:\/\/www.altisfain.com\/en\/wp-json\/wp\/v2\/product_tag?post=5641"}],"curies":[{"name":"wp","href":"https:\/\/api.w.org\/{rel}","templated":true}]}}