{"id":5607,"date":"2023-11-08T01:09:57","date_gmt":"2023-11-08T00:09:57","guid":{"rendered":"https:\/\/www.altisfain.com\/?post_type=product&#038;p=5607"},"modified":"2024-10-20T21:40:38","modified_gmt":"2024-10-20T19:40:38","slug":"pendentif-inox-les-passages-celestes-etoile-du-soir-peristerite","status":"publish","type":"product","link":"https:\/\/www.altisfain.com\/en\/boutique\/les-adoptes\/pendentif-inox-les-passages-celestes-etoile-du-soir-peristerite\/","title":{"rendered":"Pendentif inox &#8220;les Passages C\u00e9lestes: &#8220;\u00c9toile du Soir &#8221; Peristerite"},"content":{"rendered":"<ul>\n<li><strong>\u201cSi la vie n&#8217;est qu&#8217;un passage, sur ce passage au moins semons des fleurs.\u201d<\/strong><\/li>\n<\/ul>\n<p><strong>Montaigne<\/strong><\/p>\n<p style=\"text-align: center;\"><strong>\u00ab Les Passages C\u00e9lestes \u00bb est une collection inspir\u00e9e des diff\u00e9rents portes conduisant \u00e0 des univers oniriques mais aussi personnels, des voies qui m\u00e8nent \u00e0 la pleine conscience de soi et du monde. Ces passerelles nous transportent vers des havres supr\u00eames, des finalit\u00e9s plus hautes, des buts ultimes. Ils touchent l&#8217;Histoire, la Spiritualit\u00e9, le Fantastique. Empruntons ces passages et nous entrons dans des contr\u00e9es intimes et fantaisistes.<\/strong><\/p>\n<p style=\"text-align: center;\"><strong>Bijou elfique qu&#8217; on appelle Undomiel, nom que l&#8217; on donne parfois \u00e0 Arwen elle m\u00eame. Arwen Undomiel est son nom complet. Il symbolise non seulement sa beaut\u00e9 et sa bont\u00e9, mais aussi sa long\u00e9vit\u00e9 : en le donnant \u00e0 Aragorn afin qu il le porte au cours de son long p\u00e9riple vers les t\u00e9n\u00e8bres, elle engage aussi son coeur et sa vie.<\/strong><\/p>\n<p><strong>Arwen, en sindarin \u00ab Noble dame \u00bb.<\/strong><\/p>\n<p><strong>Elle est la fille d&#8217;Elrond et de Celebr\u00edan, petite-fille de Galadriel, et fait partie des peredhil, les Demi-Elfes. En raison de sa grande beaut\u00e9, elle est souvent compar\u00e9e \u00e0 L\u00fathien, et on la surnomme Und\u00f3miel (\u00ab \u00e9toile du soir \u00bb, en anglais Evenstar).<\/strong><\/p>\n<p><strong>&#8221; Elle avait de plus un port de reine. La pens\u00e9e et le savoir se r\u00e9v\u00e9laient dans son regard. Arwen, fille d&#8217;Elrond, dans laquelle disait-on, l&#8217;image m\u00eame de Luthien \u00e9tait revenue sur terre ; et on l&#8217;appelait Undomiel, car elle \u00e9tait l&#8217;Etoile du Soir de son peuple.<\/strong><\/p>\n<p style=\"text-align: center;\">Pendentif collier inox ambiance elfique serti Peristerite. Cabochon de tr\u00e8s belle qualit\u00e9 forme ovale, aux reflets bleut\u00e9s intenses. D\u00e9cor d&#8217;entrelacs qui entourent la pierre en serti griffe. Dimension du pendentif : 9,8 cm par 8 cm. Dimension du cabochon: 1,8 cm par 1,4 cm. Chaine maille serpent de 45 cm.<\/p>\n<p style=\"text-align: center;\">Pendentif infiniment elfique et mystique!!<\/p>\n<hr \/>\n<p style=\"text-align: center;\"><strong><strong><strong>\u201cIf life is only a passage, on this passage at least let us sow flowers.\u201d<\/strong><\/strong><\/strong><\/p>\n<p style=\"text-align: center;\"><strong> Montaigne<\/strong><\/p>\n<p><strong> \u201cLes Passages C\u00e9lestes\u201d is a collection inspired by the different doors leading to dreamlike but also personal universes, paths that lead to full awareness of oneself and the world. These gateways transport us to supreme havens, higher purposes, ultimate goals. They touch on History, Spirituality, Fantasy. Let us take these passages and we enter into intimate and fanciful lands.<\/strong><\/p>\n<p><strong>Elven jewelry called Undomiel, a name sometimes given to Arwen herself. Arwen Undomiel is her full name. It symbolizes not only her beauty and goodness, but also her longevity: by giving it to Aragorn so that he can carry it during his long journey towards darkness, she also commits his heart and his life.<\/strong><\/p>\n<p><strong>Arwen, in Sindarin \u201cNoble lady\u201d.<\/strong><\/p>\n<p><strong>She is the daughter of Elrond and Celebr\u00edan, granddaughter of Galadriel, and is one of the peredhil, the Half-Elves. Because of its great beauty, it is often compared to L\u00fathien, and it is nicknamed Und\u00f3miel (\u201cevening star\u201d, in English Evenstar).<\/strong><\/p>\n<p><strong>&#8220;She also had the bearing of a queen. Thought and knowledge were revealed in her gaze. Arwen, daughter of Elrond, in whom it was said, the very image of Luthien had returned to earth; and she was called Undomiel, for she was the Evening Star of her people.<\/strong><\/p>\n<p>Stainless steel necklace pendant with elven atmosphere set with Peristerite. Very good quality oval shaped cabochon, with intense bluish reflections. Decoration of interlacing which surround the stone in claw setting. Dimensions of the pendant: 9 cm by 3.5 cm. Dimensions of the cabochon: 2.2 cm by 1.4 cm. 45 cm snake mesh chain.<\/p>\n<p>Infinitely elvish and mystical pendant!!<\/p>\n","protected":false},"excerpt":{"rendered":"<p style=\"text-align: center;\"><strong>Pendentif esprit elfique et Art nouveau, serti Peristerite. <\/strong><\/p>\n<p style=\"text-align: center;\"><strong>Infiniment mystique et onirique!<\/strong><\/p>\n<hr \/>\n<p style=\"text-align: center;\"><strong><strong>Elvish and Art Nouveau spirit pendant, set with Natural Moonstone.<\/strong><\/strong><\/p>\n<p><strong> Infinitely mystical and dreamlike!<\/strong><\/p>\n","protected":false},"featured_media":5628,"comment_status":"open","ping_status":"closed","template":"","meta":[],"product_brand":[],"product_cat":[222],"product_tag":[131],"class_list":{"0":"post-5607","1":"product","2":"type-product","3":"status-publish","4":"has-post-thumbnail","6":"product_cat-les-adoptes","7":"product_tag-pendentif","8":"pa_ambiance-baroque","9":"pa_ambiance-celtique","10":"pa_ambiance-elfique","11":"pa_ambiance-feerique","12":"pa_ambiance-mystique","13":"pa_ambiance-victorien","14":"pa_matiere-inox","15":"pa_ornement-labradorite-blanche","16":"pa_ornement-peristerite","17":"pa_ornement-pierre-semi","19":"first","20":"outofstock","21":"featured","22":"shipping-taxable","23":"purchasable","24":"product-type-simple"},"translation":{"provider":"WPGlobus","version":"3.0.2","language":"en","enabled_languages":["fr","en"],"languages":{"fr":{"title":true,"content":true,"excerpt":true},"en":{"title":false,"content":false,"excerpt":false}}},"jetpack-related-posts":[],"jetpack_sharing_enabled":true,"_links":{"self":[{"href":"https:\/\/www.altisfain.com\/en\/wp-json\/wp\/v2\/product\/5607","targetHints":{"allow":["GET"]}}],"collection":[{"href":"https:\/\/www.altisfain.com\/en\/wp-json\/wp\/v2\/product"}],"about":[{"href":"https:\/\/www.altisfain.com\/en\/wp-json\/wp\/v2\/types\/product"}],"replies":[{"embeddable":true,"href":"https:\/\/www.altisfain.com\/en\/wp-json\/wp\/v2\/comments?post=5607"}],"wp:featuredmedia":[{"embeddable":true,"href":"https:\/\/www.altisfain.com\/en\/wp-json\/wp\/v2\/media\/5628"}],"wp:attachment":[{"href":"https:\/\/www.altisfain.com\/en\/wp-json\/wp\/v2\/media?parent=5607"}],"wp:term":[{"taxonomy":"product_brand","embeddable":true,"href":"https:\/\/www.altisfain.com\/en\/wp-json\/wp\/v2\/product_brand?post=5607"},{"taxonomy":"product_cat","embeddable":true,"href":"https:\/\/www.altisfain.com\/en\/wp-json\/wp\/v2\/product_cat?post=5607"},{"taxonomy":"product_tag","embeddable":true,"href":"https:\/\/www.altisfain.com\/en\/wp-json\/wp\/v2\/product_tag?post=5607"}],"curies":[{"name":"wp","href":"https:\/\/api.w.org\/{rel}","templated":true}]}}