{"id":5605,"date":"2023-11-08T01:05:58","date_gmt":"2023-11-08T00:05:58","guid":{"rendered":"https:\/\/www.altisfain.com\/?post_type=product&#038;p=5605"},"modified":"2024-10-20T21:41:13","modified_gmt":"2024-10-20T19:41:13","slug":"pendentif-inox-les-passages-celestes-la-chanson-des-nibelungen-labradorite","status":"publish","type":"product","link":"https:\/\/www.altisfain.com\/en\/boutique\/les-adoptes\/pendentif-inox-les-passages-celestes-la-chanson-des-nibelungen-labradorite\/","title":{"rendered":"Pendentif inox &#8220;les Passages C\u00e9lestes: &#8220;La Chanson des Nibelungen&#8221; Labradorite"},"content":{"rendered":"<ul>\n<li><strong>\u201cSi la vie n&#8217;est qu&#8217;un passage, sur ce passage au moins semons des fleurs.\u201d<\/strong><\/li>\n<\/ul>\n<p><strong>Montaigne<\/strong><\/p>\n<p style=\"text-align: center;\"><strong>\u00ab Les Passages C\u00e9lestes \u00bb est une collection inspir\u00e9e des diff\u00e9rents portes conduisant \u00e0 des univers oniriques mais aussi personnels, des voies qui m\u00e8nent \u00e0 la pleine conscience de soi et du monde. Ces passerelles nous transportent vers des havres supr\u00eames, des finalit\u00e9s plus hautes, des buts ultimes. Ils touchent l&#8217;Histoire, la Spiritualit\u00e9, le Fantastique. Empruntons ces passages et nous entrons dans des contr\u00e9es intimes et fantaisistes.<\/strong><\/p>\n<p style=\"text-align: center;\"><strong>La chanson des Nibelungen&#8221; retrace la fameuse l\u00e9gende de Siegfried, de ses origines \u00e0 sa mort et de sa mort \u00e0 la vengeance de sa femme Kriemhilde. Cette l\u00e9gende fait partie des fondations de la culture germanique et islandaise, mais pas seulement puisqu&#8217;on retrouve de nombreux \u00e9l\u00e9ments appartenant \u00e0 la mythologie grecque.<\/strong><br \/>\n<strong>Cette \u0153uvre s&#8217;est bas\u00e9e sur la chanson d&#8217;un po\u00e8te allemand du XIII\u00e8me si\u00e8cle qui lui-m\u00eame s&#8217;\u00e9tait bas\u00e9 sur des l\u00e9gendes datant de l&#8217;occupation de l&#8217;Empire romain sur le sol germanique avant sa chute. V\u00e9ritable travail de r\u00e9\u00e9criture et de recherche, &#8220;La chanson des Nibelungen&#8221; est une \u0153uvre complexe qui d\u00e9voile beaucoup d&#8217;information en tr\u00e8s peu de mots, une lecture attentionn\u00e9e est ainsi requise.<\/strong><br \/>\n<strong>L&#8217;\u00e9criture de Mettra est moderne et simple. Le r\u00e9cit est pris en charge par le narrateur, un troubadour qui lie les personnages entre eux. Entre amour courtois et bain de sang, l&#8217;histoire est sous la coupe de l&#8217;Amour qui d\u00e9chirera le c\u0153ur de la moiti\u00e9 des personnages.<\/strong><br \/>\n<strong>Ce qui peut \u00eatre amusant, c&#8217;est de remarquer combien cette l\u00e9gende a pu inspirer autant d&#8217;auteurs, de Perrault \u00e0 Tolkien, de &#8220;la Belle au bois dormant&#8221; au &#8220;Seigneur des anneaux&#8221;.<\/strong><br \/>\n<strong>Une l\u00e9gende passionnante tr\u00e8s bien r\u00e9\u00e9crite sous la plume de Mettra qui int\u00e9ressera les initi\u00e9s comme les non-initi\u00e9s.<\/strong><\/p>\n<p style=\"text-align: center;\">Pendentif collier inox ambiance elfique serti Labradorite. Cabochon de tr\u00e8s belle qualit\u00e9 forme g\u00e9om\u00e9trique, aux reflets bleut\u00e9s, dor\u00e9es et vertes intenses stri\u00e9es de noir. D\u00e9cor d&#8217;entrelacs qui entourent la pierre en serti griffe. Dimension du pendentif : 8,8 cm par 7,7 cm. Dimension du cabochon: 2 cm par 2 cm. Chaine maille serpent de 45 cm.<\/p>\n<p style=\"text-align: center;\">Pendentif infiniment elfique et mystique!!<\/p>\n<hr \/>\n<p style=\"text-align: center;\"><strong><strong><strong>\u201cIf life is only a passage, on this passage at least let us sow flowers.\u201d<\/strong><\/strong><\/strong><\/p>\n<p style=\"text-align: center;\"><strong> Montaigne<\/strong><\/p>\n<p><strong> \u201cLes Passages C\u00e9lestes\u201d is a collection inspired by the different doors leading to dreamlike but also personal universes, paths that lead to full awareness of oneself and the world. These gateways transport us to supreme havens, higher purposes, ultimate goals. They touch on History, Spirituality, Fantasy. Let us take these passages and we enter into intimate and fanciful lands.<\/strong><\/p>\n<p style=\"text-align: center;\"><strong>The Song of the Nibelungen&#8221; traces the famous legend of Siegfried, from his origins to his death and from his death to the revenge of his wife Kriemhilde. This legend is part of the foundations of Germanic and Icelandic culture, but not only since we find many elements belonging to Greek mythology.<\/strong><br \/>\n<strong> This work was based on the song of a 13th century German poet who himself was based on legends dating from the occupation of the Roman Empire on Germanic soil before its fall. A true work of rewriting and research, \u201cThe Song of the Nibelungen\u201d is a complex work which reveals a lot of information in very few words, careful reading is therefore required.<\/strong><br \/>\n<strong> Mettra&#8217;s writing is modern and simple. The story is taken care of by the narrator, a troubadour who links the characters together. Between courtly love and bloodshed, the story is under the influence of Love which will tear the hearts of half of the characters.<\/strong><br \/>\n<strong> What can be amusing is to notice how this legend has been able to inspire so many authors, from Perrault to Tolkien, from \u201cSleeping Beauty\u201d to \u201cLord of the Rings\u201d.<\/strong><br \/>\n<strong> A fascinating legend very well rewritten by Mettra which will interest both initiated and uninitiated people.<\/strong><\/p>\n<p>Stainless steel necklace pendant with elven atmosphere set with Labradorite. Cabochon of very good quality geometric shape, with intense bluish, golden and green reflections streaked with black. Decoration of interlacing which surround the stone in claw setting. Dimensions of the pendant: 8.8 cm by 7.7 cm. Dimensions of the cabochon: 2 cm by 2 cm. 45 cm snake mesh chain.<\/p>\n<p>Infinitely elvish and mystical pendant!!<\/p>\n","protected":false},"excerpt":{"rendered":"<p style=\"text-align: center;\"><strong>Pendentif esprit elfique et Art nouveau, serti Labradorite. <\/strong><\/p>\n<p style=\"text-align: center;\"><strong>Infiniment mystique et onirique!<\/strong><\/p>\n<hr \/>\n<p style=\"text-align: center;\"><strong><strong>Elvish and Art Nouveau spirit pendant, set with Labradorite.<\/strong><\/strong><\/p>\n<p><strong> Infinitely mystical and dreamlike!<\/strong><\/p>\n","protected":false},"featured_media":5608,"comment_status":"open","ping_status":"closed","template":"","meta":[],"product_brand":[],"product_cat":[222],"product_tag":[131],"class_list":{"0":"post-5605","1":"product","2":"type-product","3":"status-publish","4":"has-post-thumbnail","6":"product_cat-les-adoptes","7":"product_tag-pendentif","8":"pa_ambiance-baroque","9":"pa_ambiance-celtique","10":"pa_ambiance-elfique","11":"pa_ambiance-feerique","12":"pa_ambiance-mystique","13":"pa_ambiance-victorien","14":"pa_matiere-inox","15":"pa_ornement-labradorite-blanche","16":"pa_ornement-peristerite","17":"pa_ornement-pierre-semi","18":"pa_ornement-tourmaline","20":"first","21":"outofstock","22":"featured","23":"shipping-taxable","24":"purchasable","25":"product-type-simple"},"translation":{"provider":"WPGlobus","version":"3.0.2","language":"en","enabled_languages":["fr","en"],"languages":{"fr":{"title":true,"content":true,"excerpt":true},"en":{"title":false,"content":false,"excerpt":false}}},"jetpack-related-posts":[],"jetpack_sharing_enabled":true,"_links":{"self":[{"href":"https:\/\/www.altisfain.com\/en\/wp-json\/wp\/v2\/product\/5605","targetHints":{"allow":["GET"]}}],"collection":[{"href":"https:\/\/www.altisfain.com\/en\/wp-json\/wp\/v2\/product"}],"about":[{"href":"https:\/\/www.altisfain.com\/en\/wp-json\/wp\/v2\/types\/product"}],"replies":[{"embeddable":true,"href":"https:\/\/www.altisfain.com\/en\/wp-json\/wp\/v2\/comments?post=5605"}],"wp:featuredmedia":[{"embeddable":true,"href":"https:\/\/www.altisfain.com\/en\/wp-json\/wp\/v2\/media\/5608"}],"wp:attachment":[{"href":"https:\/\/www.altisfain.com\/en\/wp-json\/wp\/v2\/media?parent=5605"}],"wp:term":[{"taxonomy":"product_brand","embeddable":true,"href":"https:\/\/www.altisfain.com\/en\/wp-json\/wp\/v2\/product_brand?post=5605"},{"taxonomy":"product_cat","embeddable":true,"href":"https:\/\/www.altisfain.com\/en\/wp-json\/wp\/v2\/product_cat?post=5605"},{"taxonomy":"product_tag","embeddable":true,"href":"https:\/\/www.altisfain.com\/en\/wp-json\/wp\/v2\/product_tag?post=5605"}],"curies":[{"name":"wp","href":"https:\/\/api.w.org\/{rel}","templated":true}]}}