{"id":5592,"date":"2023-11-03T22:46:17","date_gmt":"2023-11-03T21:46:17","guid":{"rendered":"https:\/\/www.altisfain.com\/?post_type=product&#038;p=5592"},"modified":"2025-06-08T23:33:28","modified_gmt":"2025-06-08T21:33:28","slug":"collier-inox-les-diaboliques-aine-labradorite-2","status":"publish","type":"product","link":"https:\/\/www.altisfain.com\/en\/boutique\/diaboliques\/collier-inox-les-diaboliques-aine-labradorite-2\/","title":{"rendered":"Collier laiton dor\u00e9 &#8220;Les Diaboliques: H\u00e9l\u00e8ne de Sparte&#8221; Labradorite"},"content":{"rendered":"<p style=\"padding-left:40px\">&#8220;Le mot na\u00eff et \u00e9tonn\u00e9 de la Borgh\u00e8se, quand on lui demanda comment elle avait bien pu poser nue devant Canova: \u00abmais l&#8217;atelier \u00e9tait chaud! il y avait un po\u00eale!\u00bb&#8221;<\/p>\n<p>Les Diaboliques, Barbey d&#8217;Aurevilly.<\/p>\n<p style=\"text-align:center\">Collection inspir\u00e9e de femmes, fictives ou historiques qui, \u00e0 tord ou \u00e0 raison, ont suscit\u00e9 accusations et calomnies et marqu\u00e9 l&#8217;Histoire ou les histoires par leur personnalit\u00e9 sulfureuse&#8230;<\/p>\n<p style=\"text-align:center\">H\u00e9l\u00e8ne est le paradigme de la beaut\u00e9 f\u00e9minine, une Aphrodite faite femme et mortelle. Comme telle, elle a \u00e9t\u00e9 accus\u00e9e pendant des si\u00e8cles, d&#8217;adult\u00e8re, et d\u00e9nigr\u00e9e pour avoir caus\u00e9 une longue et p\u00e9nible guerre. Mais elle a \u00e9t\u00e9 d\u00e9fendue aussi, avec autant de t\u00e9nacit\u00e9, par ceux qui voyaient en elle, soit un instrument passif aux mains des Dieux, soit un \u00eatre innocent des p\u00e9ch\u00e9s qu&#8217;on lui imputait. On peut la voir \u00e9galement ainsi: une femme qui voulait s&#8217;affranchir d&#8217;une condition qui ne lui apportait pas ce qu&#8217;elle m\u00e9ritait: une vie d&#8217;amour, de respect, \u00e0 la hauteur de ses esp\u00e9rances et de ses valeurs.<\/p>\n<p style=\"text-align:center\"><strong>Collier laiton premier titre articul\u00e9 sym\u00e9trique, compos\u00e9 d&#8217;une trentaine de fils laiton de diam\u00e8tres diff\u00e9rents, soud\u00e9s argent et martel\u00e9s main. En pi\u00e8ce centrale, un cabochon de tr\u00e8s belle qualit\u00e9 forme goutte serti griffe Labradorite, teinte noire, orange, dor\u00e9e et bleue intenses<\/strong>. <strong>Le collier en base est g\u00e9om\u00e9trique, une s\u00e9rie d&#8217;entrelacs et volutes rythme le d\u00e9cor qui se d\u00e9ploie autour du serti. Un verni satin haute r\u00e9sistance et hypoallergenique permet de stopper toute oxydation et noircissement et donne au laiton un aspect velout\u00e9 et chaleureux.<\/strong> <strong>Une cha\u00eenette de rallonge termin\u00e9e par un entrelacs permet de jouer avec la longueur du collier.<\/strong> <strong>Dimension du collier: 40 cm de long, cha\u00eenette de rallonge de 5 cm pour jouer sur la longueur. Dimension du cabochon: 4 cm par 2,1 cm .<\/strong><\/p>\n<p style=\"text-align:center\"><strong>Style m\u00e9di\u00e9val fantastique et elfique, pi\u00e8ce unique!!<\/strong><\/p>\n<hr>\n<div class=\"text-wrap tlid-copy-target\" style=\"text-align:center\"><span class=\"tlid-translation translation\" lang=\"en\"><span class=\"tlid-translation translation\" lang=\"en\"><strong>&#8220;The naive and astonished word from the Borghese, when asked how she could have posed naked in front of Canova:&#8221; but the workshop was hot! There was a stove! &#8220;<\/strong><\/span><\/span><\/p>\n<p><strong>Les Diaboliques, Barbey d&#8217;Aurevilly<\/strong><\/div>\n<div style=\"text-align:center\">\n<p><strong>Collection inspired by women, fictitious or historical who, rightly or wrongly, have aroused accusations and calumnies and marked History or stories by their sulphurous personality &#8230;..<\/strong><\/p>\n<p>H\u00e9l\u00e8ne is the paradigm of feminine beauty, an Aphrodite made woman and mortal.  As such, she was accused for centuries of adultery and denigrated for causing a long and painful war.  But she was also defended, with equal tenacity, by those who saw in her, either a passive instrument in the hands of the Gods, or a being innocent of the sins imputed to her.  We can also see her like this: a woman who wanted to free herself from a condition that did not give her what she deserved: a life of love, of respect, living up to her hopes and her values.<\/p>\n<p><strong> Symmetrical articulated first title brass necklace, composed of around thirty brass wires of different diameters, silver soldered and hand hammered.  In the central piece, a very good quality drop-shaped cabochon set with Labradorite claw, intense black, orange, gold and blue hues.  The base necklace is geometric, a series of interlacings and volutes punctuate the decoration which unfolds around the setting.  A high-strength, hypoallergenic satin varnish stops any oxidation and blackening and gives the brass a velvety and warm appearance.  An extension chain ending in an interlacing allows you to play with the length of the necklace.  Dimensions of the necklace: 40 cm long, 5 cm extension chain to play with the length.  Dimensions of the cabochon: 4 cm by 2.1 cm.<\/strong><\/p>\n<p><strong> Medieval fantasy and elven style, unique piece!!<\/strong><\/div>\n<div class=\"text-wrap tlid-copy-target\"><\/div>\n","protected":false},"excerpt":{"rendered":"<p style=\"padding-left: 40px; text-align: center;\"><strong>Collier laiton serti Labradorite, d\u2019inspiration Art Nouveau et Antique.<\/strong><\/p>\n<hr \/>\n<div class=\"text-wrap tlid-copy-target\" style=\"text-align: center;\">\n<div class=\"result-shield-container tlid-copy-target\" style=\"text-align: center;\">\n<div class=\"text-wrap tlid-copy-target\" style=\"text-align: center;\">\n<div class=\"result-shield-container tlid-copy-target\" style=\"text-align: center;\"><strong>Brass<\/strong><span class=\"tlid-translation translation\" lang=\"en\" style=\"text-align: center;\"><span class=\"\" style=\"text-align: center;\" title=\"\"><strong> necklace with Labradorite setting, of Art Nouveau and Antic inspiration.<\/strong><\/span><\/span><\/div>\n<\/div>\n<\/div>\n<\/div>\n","protected":false},"featured_media":5593,"comment_status":"open","ping_status":"closed","template":"","meta":{"jetpack_publicize_message":"","jetpack_publicize_feature_enabled":true,"jetpack_social_post_already_shared":false,"jetpack_social_options":{"image_generator_settings":{"template":"highway","default_image_id":0,"font":"","enabled":false},"version":2}},"product_brand":[],"product_cat":[15],"product_tag":[31],"class_list":{"0":"post-5592","1":"product","2":"type-product","3":"status-publish","4":"has-post-thumbnail","6":"product_cat-diaboliques","7":"product_tag-collier","8":"pa_ambiance-antique","9":"pa_ambiance-art-nouveau","10":"pa_ambiance-baroque","11":"pa_ambiance-elfique","12":"pa_ambiance-feerique","13":"pa_ambiance-gothique","14":"pa_ambiance-grece-antique","15":"pa_ambiance-victorien","16":"pa_matiere-laiton","17":"pa_ornement-labradorite","18":"pa_ornement-labradorite-bleue","19":"pa_ornement-labradorite-doree","20":"pa_ornement-pierre-semi","22":"first","23":"outofstock","24":"featured","25":"sold-individually","26":"shipping-taxable","27":"purchasable","28":"product-type-simple"},"translation":{"provider":"WPGlobus","version":"3.0.2","language":"en","enabled_languages":["fr","en"],"languages":{"fr":{"title":true,"content":true,"excerpt":true},"en":{"title":false,"content":false,"excerpt":false}}},"jetpack_publicize_connections":[],"jetpack-related-posts":[],"jetpack_sharing_enabled":true,"jetpack_likes_enabled":true,"_links":{"self":[{"href":"https:\/\/www.altisfain.com\/en\/wp-json\/wp\/v2\/product\/5592","targetHints":{"allow":["GET"]}}],"collection":[{"href":"https:\/\/www.altisfain.com\/en\/wp-json\/wp\/v2\/product"}],"about":[{"href":"https:\/\/www.altisfain.com\/en\/wp-json\/wp\/v2\/types\/product"}],"replies":[{"embeddable":true,"href":"https:\/\/www.altisfain.com\/en\/wp-json\/wp\/v2\/comments?post=5592"}],"wp:featuredmedia":[{"embeddable":true,"href":"https:\/\/www.altisfain.com\/en\/wp-json\/wp\/v2\/media\/5593"}],"wp:attachment":[{"href":"https:\/\/www.altisfain.com\/en\/wp-json\/wp\/v2\/media?parent=5592"}],"wp:term":[{"taxonomy":"product_brand","embeddable":true,"href":"https:\/\/www.altisfain.com\/en\/wp-json\/wp\/v2\/product_brand?post=5592"},{"taxonomy":"product_cat","embeddable":true,"href":"https:\/\/www.altisfain.com\/en\/wp-json\/wp\/v2\/product_cat?post=5592"},{"taxonomy":"product_tag","embeddable":true,"href":"https:\/\/www.altisfain.com\/en\/wp-json\/wp\/v2\/product_tag?post=5592"}],"curies":[{"name":"wp","href":"https:\/\/api.w.org\/{rel}","templated":true}]}}