{"id":5579,"date":"2023-10-31T17:11:06","date_gmt":"2023-10-31T16:11:06","guid":{"rendered":"https:\/\/www.altisfain.com\/?post_type=product&#038;p=5579"},"modified":"2024-10-20T21:41:46","modified_gmt":"2024-10-20T19:41:46","slug":"collier-inox-les-diaboliques-galadriel-labradorite","status":"publish","type":"product","link":"https:\/\/www.altisfain.com\/en\/boutique\/les-adoptes\/collier-inox-les-diaboliques-galadriel-labradorite\/","title":{"rendered":"Collier inox &#8220;Les Diaboliques: Galadriel&#8221; Labradorite"},"content":{"rendered":"<p style=\"padding-left:40px\">&#8220;Le mot na\u00eff et \u00e9tonn\u00e9 de la Borgh\u00e8se, quand on lui demanda comment elle avait bien pu poser nue devant Canova: \u00abmais l&#8217;atelier \u00e9tait chaud! il y avait un po\u00eale!\u00bb&#8221;<\/p>\n<p>Les Diaboliques, Barbey d&#8217;Aurevilly.<\/p>\n<p style=\"text-align:center\">Collection inspir\u00e9e de femmes, fictives ou historiques qui, \u00e0 tord ou \u00e0 raison, ont suscit\u00e9 accusations et calomnies et marqu\u00e9 l&#8217;Histoire ou les histoires par leur personnalit\u00e9 sulfureuse&#8230;<\/p>\n<p style=\"text-align:center\">Galadriel est une Elfe de p\u00e8re \u00f1oldorin et de m\u00e8re telerine. Son ascendance est \u00e9galement en partie vanyarine par sa grand-m\u00e8re paternelle Indis, de qui lui vient sa chevelure blonde, en laquelle les Eldar voient un reflet de la lumi\u00e8re des Arbres de Valinor. Cela inspire peut-\u00eatre \u00e0 F\u00ebanor la cr\u00e9ation des Silmarils, joyaux dans lesquels est conserv\u00e9e la lumi\u00e8re des Arbres, apr\u00e8s que Galadriel a refus\u00e9 par trois fois sa requ\u00eate d\u2019une m\u00e8che de ses cheveux. Le texte \u00ab The Shibboleth of F\u00ebanor \u00bb, publi\u00e9 en partie dans Contes et l\u00e9gendes inachev\u00e9s et en totalit\u00e9 dans The Peoples of Middle-earth, d\u00e9crit le caract\u00e8re de Galadriel, \u00ab vigoureuse de corps et d\u2019esprit, et ferme en son vouloir \u00bb, \u00ab fi\u00e8re et forte et volontaire \u00bb, dot\u00e9e d\u2019un \u00ab don merveilleux de p\u00e9n\u00e9tration \u00bb, mais \u00ab mis\u00e9ricordieuse et compr\u00e9hensive \u00bb.<\/p>\n<p>Dans Le Seigneur des anneaux, J. R. R. Tolkien offre une autre description de Galadriel dans laquelle il apporte plus de d\u00e9tails sur son apparence physique et celle de son mari Celeborn :<\/p>\n<p>\u00ab Ils \u00e9taient tr\u00e8s grands, la Dame non moins grande que le Seigneur ; et leurs visages \u00e9taient graves et beaux. Tous deux \u00e9taient v\u00eatus de blanc ; et la chevelure de la Dame \u00e9tait d\u2019or fonc\u00e9, et celle du seigneur Celeborn \u00e9tait d\u2019argent, longue et brillante ; mais ils n\u2019avaient pas d\u2019\u00e2ge, sinon dans la profondeur de leurs yeux ; car ceux-ci \u00e9taient vifs comme des lances sous les \u00e9toiles, mais aussi insondables que les puits d\u2019une longue m\u00e9moire. \u00bb Tolkien.<\/p>\n<p style=\"text-align:center\"><strong>Collier inox articul\u00e9 sym\u00e9trique, compos\u00e9 d&#8217;une vingtaine de fils inox de diam\u00e8tres diff\u00e9rents, soud\u00e9s argent et martel\u00e9s main. En pi\u00e8ce centrale, un cabochon de tr\u00e8s belle qualit\u00e9 forme ovale serti griffe Labradorite, teinte verte et bleue<\/strong>. <strong>Une cha\u00eenette de rallonge termin\u00e9e par un entrelacs permet de jouer avec la longueur du collier.<\/strong> <strong>Dimension du collier: 40 cm de long, cha\u00eenette de rallonge de 5 cm pour jouer sur la longueur. Dimension du cabochon: 3,4 cm par 2,4 cm .<\/strong><\/p>\n<p style=\"text-align:center\"><strong>Style m\u00e9di\u00e9val fantastique et elfique, pi\u00e8ce unique!!<\/strong><\/p>\n<hr>\n<div class=\"text-wrap tlid-copy-target\" style=\"text-align:center\"><span class=\"tlid-translation translation\" lang=\"en\"><span class=\"tlid-translation translation\" lang=\"en\"><strong>&#8220;The naive and astonished word from the Borghese, when asked how she could have posed naked in front of Canova:&#8221; but the workshop was hot! There was a stove! &#8220;<\/strong><\/span><\/span><\/p>\n<p><strong>Les Diaboliques, Barbey d&#8217;Aurevilly<\/strong><\/div>\n<div style=\"text-align:center\"><strong> <\/strong><\/p>\n<p><strong>Collection inspired by women, fictitious or historical who, rightly or wrongly, have aroused accusations and calumnies and marked History or stories by their sulphurous personality &#8230;..<\/strong><\/p>\n<p>Roxane is Cyrano&#8217;s cousin, which is what Ligni\u00e8re immediately clarifies to Christian; and she confirmed this relationship at the siege of Arras: Monsieur de Bergerac, I am your cousin. They spent their childhood together, at least, every summer in Bergerac. Cyrano was her almost brother, they played in the park, near the lake, and the corn provided the blond hair for your dolls&#8230; Roxane, in short petticoats, was called Madeleine&#8230;<\/p>\n<p>Galadriel is an Elf with a Noldorin father and a Telerine mother.  His ancestry is also partly Vanyarin through his paternal grandmother Indis, from whom he gets his blond hair, in which the Eldar see a reflection of the light of the Trees of Valinor.  This perhaps inspired F\u00ebanor to create the Silmarils, jewels in which the light of the Trees is preserved, after Galadriel refused three times his request for a lock of her hair.  The text &#8220;The Shibboleth of F\u00ebanor&#8221;, published in part in Unfinished Tales and Legends and entirely in The Peoples of Middle-earth, describes the character of Galadriel, &#8220;vigorous in body and mind, and firm in her will&#8221;,  \u201cproud and strong and willful\u201d, endowed with a \u201cwonderful gift of penetration\u201d, but \u201cmerciful and understanding\u201d.<\/p>\n<p>In The Lord of the Rings, J. R. R. Tolkien offers another description of Galadriel in which he provides more details about her physical appearance and that of her husband Celeborn:<\/p>\n<p>\u201cThey were very great, the Lady no less great than the Lord;  and their faces were grave and beautiful.  Both were dressed in white;  and the Lady&#8217;s hair was dark gold, and Lord Celeborn&#8217;s hair was silver, long and shining;  but they had no age, except in the depth of their eyes;  for these were sharp as spears under the stars, but as unfathomable as the wells of a long memory.  \u00bb Tolkien.<\/p>\n<p><strong>Symmetrical articulated stainless steel necklace, made up of around twenty stainless steel wires of different diameters, silver soldered and hand hammered.  In the central piece, a very good quality oval-shaped cabochon set with Labradorite claw, green and blue tint.  An extension chain ending in an interlacing allows you to play with the length of the necklace.  Dimensions of the necklace: 40 cm long, 5 cm extension chain to play with the length.  Dimensions of the cabochon: 3.4 cm by 2.4 cm.<\/strong><\/p>\n<p><strong> Medieval fantasy and elven style, unique piece!!<\/strong><\/div>\n<div class=\"text-wrap tlid-copy-target\"><\/div>\n","protected":false},"excerpt":{"rendered":"<p style=\"padding-left:40px;text-align:center\"><strong>Collier inox serti Labradorite, d\u2019inspiration celtique.<\/strong><\/p>\n<hr>\n<div class=\"text-wrap tlid-copy-target\" style=\"text-align:center\">\n<div class=\"result-shield-container tlid-copy-target\" style=\"text-align:center\">\n<div class=\"text-wrap tlid-copy-target\" style=\"text-align:center\">\n<div class=\"result-shield-container tlid-copy-target\" style=\"text-align:center\"><span class=\"tlid-translation translation\" lang=\"en\" style=\"text-align:center\"><span class=\"\" title=\"\" style=\"text-align:center\"><strong>Stainless steel necklace with Ammonite setting, of celt inspiration.<\/strong><\/span><\/span><\/div>\n<\/div>\n<\/div>\n<\/div>\n","protected":false},"featured_media":5582,"comment_status":"open","ping_status":"closed","template":"","meta":{"jetpack_publicize_message":"","jetpack_publicize_feature_enabled":true,"jetpack_social_post_already_shared":false,"jetpack_social_options":{"image_generator_settings":{"template":"highway","default_image_id":0,"font":"","enabled":false},"version":2}},"product_brand":[],"product_cat":[222],"product_tag":[31],"class_list":{"0":"post-5579","1":"product","2":"type-product","3":"status-publish","4":"has-post-thumbnail","6":"product_cat-les-adoptes","7":"product_tag-collier","8":"pa_ambiance-antique","9":"pa_ambiance-art-nouveau","10":"pa_ambiance-baroque","11":"pa_ambiance-elfique","12":"pa_ambiance-feerique","13":"pa_ambiance-gothique","14":"pa_ambiance-grece-antique","15":"pa_ambiance-victorien","16":"pa_matiere-inox","17":"pa_ornement-labradorite","18":"pa_ornement-labradorite-bleue","19":"pa_ornement-labradorite-doree","20":"pa_ornement-labradorite-verte","21":"pa_ornement-pierre-semi","23":"first","24":"outofstock","25":"featured","26":"sold-individually","27":"shipping-taxable","28":"purchasable","29":"product-type-simple"},"translation":{"provider":"WPGlobus","version":"3.0.2","language":"en","enabled_languages":["fr","en"],"languages":{"fr":{"title":true,"content":true,"excerpt":true},"en":{"title":false,"content":false,"excerpt":false}}},"jetpack_publicize_connections":[],"jetpack-related-posts":[],"jetpack_sharing_enabled":true,"jetpack_likes_enabled":true,"_links":{"self":[{"href":"https:\/\/www.altisfain.com\/en\/wp-json\/wp\/v2\/product\/5579","targetHints":{"allow":["GET"]}}],"collection":[{"href":"https:\/\/www.altisfain.com\/en\/wp-json\/wp\/v2\/product"}],"about":[{"href":"https:\/\/www.altisfain.com\/en\/wp-json\/wp\/v2\/types\/product"}],"replies":[{"embeddable":true,"href":"https:\/\/www.altisfain.com\/en\/wp-json\/wp\/v2\/comments?post=5579"}],"wp:featuredmedia":[{"embeddable":true,"href":"https:\/\/www.altisfain.com\/en\/wp-json\/wp\/v2\/media\/5582"}],"wp:attachment":[{"href":"https:\/\/www.altisfain.com\/en\/wp-json\/wp\/v2\/media?parent=5579"}],"wp:term":[{"taxonomy":"product_brand","embeddable":true,"href":"https:\/\/www.altisfain.com\/en\/wp-json\/wp\/v2\/product_brand?post=5579"},{"taxonomy":"product_cat","embeddable":true,"href":"https:\/\/www.altisfain.com\/en\/wp-json\/wp\/v2\/product_cat?post=5579"},{"taxonomy":"product_tag","embeddable":true,"href":"https:\/\/www.altisfain.com\/en\/wp-json\/wp\/v2\/product_tag?post=5579"}],"curies":[{"name":"wp","href":"https:\/\/api.w.org\/{rel}","templated":true}]}}