{"id":5570,"date":"2023-10-30T21:55:35","date_gmt":"2023-10-30T20:55:35","guid":{"rendered":"https:\/\/www.altisfain.com\/?post_type=product&#038;p=5570"},"modified":"2024-10-20T21:41:58","modified_gmt":"2024-10-20T19:41:58","slug":"collier-inox-les-diaboliques-aine-labradorite-3","status":"publish","type":"product","link":"https:\/\/www.altisfain.com\/en\/boutique\/les-adoptes\/collier-inox-les-diaboliques-aine-labradorite-3\/","title":{"rendered":"Collier inox &#8220;Les Diaboliques: Roxane&#8221; Labradorite"},"content":{"rendered":"<p style=\"padding-left:40px\">&#8220;Le mot na\u00eff et \u00e9tonn\u00e9 de la Borgh\u00e8se, quand on lui demanda comment elle avait bien pu poser nue devant Canova: \u00abmais l&#8217;atelier \u00e9tait chaud! il y avait un po\u00eale!\u00bb&#8221;<\/p>\n<p>Les Diaboliques, Barbey d&#8217;Aurevilly.<\/p>\n<p style=\"text-align:center\">Collection inspir\u00e9e de femmes, fictives ou historiques qui, \u00e0 tord ou \u00e0 raison, ont suscit\u00e9 accusations et calomnies et marqu\u00e9 l&#8217;Histoire ou les histoires par leur personnalit\u00e9 sulfureuse&#8230;..<\/p>\n<p style=\"text-align:center\"><strong> <\/strong><span class=\"txtNoir14\" style=\"font-family:Arial,Helvetica,sans-serif;font-size:14px;text-decoration:none;font-style:normal;font-weight:400;letter-spacing:normal;text-transform:none;text-align:left\"><strong>Roxane est la cousine de Cyrano, c&#8217;est d&#8217;ailleurs ce que Ligni\u00e8re pr\u00e9cise tout de suite \u00e0 Christian ; et elle confirme cette parent\u00e9 au si\u00e8ge d&#8217;Arras :<\/strong><span> <\/span><i>Monsieur de Bergerac, je suis votre cousine.<\/i><span> <\/span>Ils ont pass\u00e9 leur enfance ensemble, du moins,<span> <\/span><i>tous les \u00e9t\u00e9s \u00e0 Bergerac<\/i>. Cyrano \u00e9tait son presque fr\u00e8re, ils jouaient dans le parc, pr\u00e8s du lac,<span> <\/span><i>et les ma\u00efs fournissaient les cheveux blonds pour vos poup\u00e9es&#8230; Roxane, en jupons courts, s&#8217;appelait Madeleine&#8230;<\/i><\/span><\/p>\n<p><span style=\"font-family:Arial,Helvetica,sans-serif;font-size:12px;font-style:normal;font-weight:400;letter-spacing:normal;text-transform:none;float:none;text-align:center\">La personnalit\u00e9 de Roxane \u00e9volue tout au long des cinq actes, du profane au sacr\u00e9. Tout d&#8217;abord Pr\u00e9cieuse fr\u00e9quentant le th\u00e9\u00e2tre de l&#8217;H\u00f4tel de Bourgogne et les salons o\u00f9 l&#8217;on discourt sur<span style=\"text-align:center\"> <\/span><\/span><i style=\"font-family: Arial, Helvetica, sans-serif;font-size: 12px;font-weight: 400;letter-spacing: normal;text-align: justify;text-indent: 0px;text-transform: none\">Le Tendre<\/i><span style=\"font-family:Arial,Helvetica,sans-serif;font-size:12px;font-style:normal;font-weight:400;letter-spacing:normal;text-transform:none;float:none;text-align:center\">, aguicheuse se fiant au para\u00eetre des gar\u00e7ons et gamine un peu \u00e9cervel\u00e9e chez Ragueneau, elle d\u00e9couvre l&#8217;amour aux mots de Cyrano-Christian sous son balcon, \u00e0 condition toutefois que l&#8217;amoureux soit joli gar\u00e7on.<\/span><\/p>\n<p><span style=\"font-family:Arial,Helvetica,sans-serif;font-size:12px;font-style:normal;font-weight:400;letter-spacing:normal;text-transform:none;float:none;text-align:center\">Les lettres \u00e9crites depuis Arras la transforment : la Pr\u00e9cieuse devient une h\u00e9ro\u00efne et son amour, absolu. D\u00e9gag\u00e9e du para\u00eetre, elle aime, vraiment et profond\u00e9ment, elle aimerait m\u00eame un homme laid. Et la mort de son mari conduit cette \u00e9pouse encore vierge au couvent&#8230;<\/span><\/p>\n<p style=\"text-align:center\"><strong>Collier plastron inox articul\u00e9 asym\u00e9trique, compos\u00e9 d&#8217;une dizaine de fils inox de diam\u00e8tres diff\u00e9rents, soud\u00e9s argent et martel\u00e9s main. En pi\u00e8ce centrale, un cabochon de tr\u00e8s belle qualit\u00e9 forme ronde serti griffe Labradorite, teinte verte et dor\u00e9e et pointe de ble<\/strong>u. <strong>Le tour de cou est orn\u00e9 d&#8217;entrelacs. Une cha\u00eenette de rallonge termin\u00e9e par un entrelacs permet de jouer avec la longueur du collier.<\/strong> <strong>Dimension du collier: 42 cm de long, cha\u00eenette de rallonge de 5 cm pour jouer sur la longueur. Dimension du cabochon: 2,8 cm de diametre.<\/strong><\/p>\n<p style=\"text-align:center\"><strong>Style m\u00e9di\u00e9val fantastique et elfique, pi\u00e8ce unique!!<\/strong><\/p>\n<hr>\n<div class=\"text-wrap tlid-copy-target\" style=\"text-align:center\"><span class=\"tlid-translation translation\" lang=\"en\"><span class=\"tlid-translation translation\" lang=\"en\"><strong>&#8220;The naive and astonished word from the Borghese, when asked how she could have posed naked in front of Canova:&#8221; but the workshop was hot! There was a stove! &#8220;<\/strong><\/span><\/span><\/p>\n<p><strong>Les Diaboliques, Barbey d&#8217;Aurevilly<\/strong><\/div>\n<div style=\"text-align:center\"><strong> <\/strong><\/p>\n<p><strong>Collection inspired by women, fictitious or historical who, rightly or wrongly, have aroused accusations and calumnies and marked History or stories by their sulphurous personality &#8230;..<\/strong><\/p>\n<p>Roxane is Cyrano&#8217;s cousin, which is what Ligni\u00e8re immediately clarifies to Christian; and she confirmed this relationship at the siege of Arras: Monsieur de Bergerac, I am your cousin. They spent their childhood together, at least, every summer in Bergerac. Cyrano was her almost brother, they played in the park, near the lake, and the corn provided the blond hair for your dolls&#8230; Roxane, in short petticoats, was called Madeleine&#8230;<\/p>\n<p>The personality of our Roxane evolves throughout the five acts, from the profane to the sacred. First of all Precious frequenting the theater of the H\u00f4tel de Bourgogne and the salons where people talk about Le Tendre, seductive trusting the appearance of boys and a slightly brainless kid at Ragueneau, she discovers love in the words of Cyrano -Christian under his balcony, provided that the lover is a pretty boy.<\/p>\n<p>The letters written from Arras transform her: the Precious becomes a heroine and her love, absolute. Free from appearances, she loves, truly and deeply, she would even love an ugly man. And the death of her husband leads this still virgin wife to the convent&#8230;<\/p>\n<p>Asymmetrical articulated stainless steel bib necklace, made up of around ten stainless steel wires of different diameters, silver soldered and hand hammered. In the center piece, a very good quality round shaped cabochon set with Labradorite claw, green and gold tint and hint of blue. The neckpiece is decorated with interlacing. An extension chain ending in an interlacing allows you to play with the length of the necklace. Dimensions of the necklace: 42 cm long, 5 cm extension chain to play with the length. Dimensions of the cabochon: 2.8 cm in diameter.<\/p>\n<p>Medieval fantasy and elven style, unique piece!<\/p><\/div>\n<div class=\"text-wrap tlid-copy-target\"><\/div>\n","protected":false},"excerpt":{"rendered":"<p style=\"padding-left:40px;text-align:center\"><strong>Collier inox serti Labradorite, d\u2019inspiration celtique.<\/strong><\/p>\n<hr>\n<div class=\"text-wrap tlid-copy-target\" style=\"text-align:center\">\n<div class=\"result-shield-container tlid-copy-target\" style=\"text-align:center\">\n<div class=\"text-wrap tlid-copy-target\" style=\"text-align:center\">\n<div class=\"result-shield-container tlid-copy-target\" style=\"text-align:center\"><span class=\"tlid-translation translation\" lang=\"en\" style=\"text-align:center\"><span class=\"\" title=\"\" style=\"text-align:center\"><strong>Stainless steel necklace with Ammonite setting, of celt inspiration.<\/strong><\/span><\/span><\/div>\n<\/div>\n<\/div>\n<\/div>\n","protected":false},"featured_media":5572,"comment_status":"open","ping_status":"closed","template":"","meta":[],"product_brand":[],"product_cat":[222],"product_tag":[31],"class_list":{"0":"post-5570","1":"product","2":"type-product","3":"status-publish","4":"has-post-thumbnail","6":"product_cat-les-adoptes","7":"product_tag-collier","8":"pa_ambiance-antique","9":"pa_ambiance-art-nouveau","10":"pa_ambiance-baroque","11":"pa_ambiance-elfique","12":"pa_ambiance-feerique","13":"pa_ambiance-gothique","14":"pa_ambiance-grece-antique","15":"pa_ambiance-victorien","16":"pa_matiere-inox","17":"pa_ornement-labradorite","18":"pa_ornement-labradorite-bleue","19":"pa_ornement-labradorite-doree","20":"pa_ornement-labradorite-verte","21":"pa_ornement-pierre-semi","23":"first","24":"outofstock","25":"featured","26":"sold-individually","27":"shipping-taxable","28":"purchasable","29":"product-type-simple"},"translation":{"provider":"WPGlobus","version":"3.0.2","language":"en","enabled_languages":["fr","en"],"languages":{"fr":{"title":true,"content":true,"excerpt":true},"en":{"title":false,"content":false,"excerpt":false}}},"jetpack-related-posts":[],"jetpack_sharing_enabled":true,"_links":{"self":[{"href":"https:\/\/www.altisfain.com\/en\/wp-json\/wp\/v2\/product\/5570","targetHints":{"allow":["GET"]}}],"collection":[{"href":"https:\/\/www.altisfain.com\/en\/wp-json\/wp\/v2\/product"}],"about":[{"href":"https:\/\/www.altisfain.com\/en\/wp-json\/wp\/v2\/types\/product"}],"replies":[{"embeddable":true,"href":"https:\/\/www.altisfain.com\/en\/wp-json\/wp\/v2\/comments?post=5570"}],"wp:featuredmedia":[{"embeddable":true,"href":"https:\/\/www.altisfain.com\/en\/wp-json\/wp\/v2\/media\/5572"}],"wp:attachment":[{"href":"https:\/\/www.altisfain.com\/en\/wp-json\/wp\/v2\/media?parent=5570"}],"wp:term":[{"taxonomy":"product_brand","embeddable":true,"href":"https:\/\/www.altisfain.com\/en\/wp-json\/wp\/v2\/product_brand?post=5570"},{"taxonomy":"product_cat","embeddable":true,"href":"https:\/\/www.altisfain.com\/en\/wp-json\/wp\/v2\/product_cat?post=5570"},{"taxonomy":"product_tag","embeddable":true,"href":"https:\/\/www.altisfain.com\/en\/wp-json\/wp\/v2\/product_tag?post=5570"}],"curies":[{"name":"wp","href":"https:\/\/api.w.org\/{rel}","templated":true}]}}