{"id":5558,"date":"2023-10-21T12:41:10","date_gmt":"2023-10-21T10:41:10","guid":{"rendered":"https:\/\/www.altisfain.com\/?post_type=product&#038;p=5558"},"modified":"2025-10-20T22:05:30","modified_gmt":"2025-10-20T20:05:30","slug":"pendentif-inox-talisman-meandres-lunaires-labradorite","status":"publish","type":"product","link":"https:\/\/www.altisfain.com\/en\/boutique\/nymphes\/pendentif-inox-talisman-meandres-lunaires-labradorite\/","title":{"rendered":"Pendentif inox &#8220;Talisman : M\u00e9andres Lunaires &#8221; Labradorite"},"content":{"rendered":"<p>Un talisman est un objet (pierre, anneau, etc.) portant des signes consacr\u00e9s auxquels sont attribu\u00e9es des vertus de protection et de pouvoirs magiques.L&#8217;art de fabriquer des talismans s&#8217;appelle la talismanie.<br \/>\n<span class=\"ILfuVd\"><span class=\"hgKElc\"> En lithoth\u00e9rapie, la pierre labradorite est connue pour ses vertus de protection. Elle est extr\u00eamement protectrice en absorbant le n\u00e9gatif, mais aussi en \u00e9tant un bouclier \u00e0 part enti\u00e8re. La labradorite prot\u00e8ge du n\u00e9gatif environnant en l\u2019absorbant jusqu\u2019\u00e0 ce qu\u2019il soit totalement dissout.<\/span><\/span><\/p>\n<p style=\"text-align:center\">Collier inox, serti griffe avec cabochon forme goutte Labradorite  aux teintes intenses de bleu, vert, mauve et rose . D\u00e9cors de lunes en laiton et volutes. D\u00e9cor, serti et plastron fait main, martel\u00e9s et cisel\u00e9s.Chaine inox de 40 cm maillage rectangle.<\/p>\n<div class=\"listing-tabs\" data-module=\"tabs\">\n<div class=\"col-wrapper\">\n<p class=\"col-sm-12 col-md-4\" style=\"text-align:center\">Dimensions pendentif: 8,2 cm par 5,5 cm.<br \/>\nDimensions cabochon Labradorite : 3,6 cm par 2,4 cm.<\/p>\n<\/div>\n<\/div>\n<p style=\"text-align:center\"><strong>Pendentif infiniment elfique et onirique!! <\/strong><\/p>\n<hr>\n<p><span class=\"VIiyi\" lang=\"en\"><span class=\"JLqJ4b\" data-language-for-alternatives=\"en\" data-language-to-translate-into=\"fr\" data-phrase-index=\"0\" data-number-of-phrases=\"1\">A talisman is an object (stone, ring, etc.) bearing consecrated signs to which are attributed the virtues of protection and magical powers.The art of making talismans is called talismania.<\/span><\/span><\/p>\n<p>In lithotherapy, labradorite stone is known for its protective properties.  It is extremely protective by absorbing the negative, but also by being a shield in its own right.  Labradorite protects from the surrounding negative by absorbing it until it is completely dissolved.<\/p>\n<p>Stainless steel necklace, claw setting with Labradorite drop-shaped cabochon in intense shades of blue, green, mauve and pink.  Decorated with brass moons and scrolls.  Handmade decoration, setting and plastron, hammered and chiselled. 40 cm stainlesssteel chain with rectangular mesh.<\/p>\n<p>Pendant dimensions: 8.2 cm by 5.5 cm.<br \/>\nLabradorite cabochon dimensions: 3.6 cm by 2.4 cm.<\/p>\n<p>Infinitely elvish and dreamlike pendant!!<\/p>\n","protected":false},"excerpt":{"rendered":"<p style=\"text-align:center\"><strong>Collier inox serti Labradorite et d\u00e9cor de lunes et volutes. <\/strong><strong>Pendentif infiniment elfique et esprit \u00e9sot\u00e9rique.<\/strong><\/p>\n<hr>\n<p style=\"text-align:center\"><span class=\"VIiyi\" lang=\"en\"><span class=\"JLqJ4b ChMk0b\" data-language-for-alternatives=\"en\" data-language-to-translate-into=\"fr\" data-phrase-index=\"0\" data-number-of-phrases=\"1\"><strong>Stainless steel pendant set with Labradorite and Moons and scrolls pattern. Infinitely elven pendant and esoteric spirit<\/strong><\/span><\/span><strong>.<\/strong><\/p>\n","protected":false},"featured_media":5560,"comment_status":"open","ping_status":"closed","template":"","meta":[],"product_brand":[],"product_cat":[22],"product_tag":[131],"class_list":{"0":"post-5558","1":"product","2":"type-product","3":"status-publish","4":"has-post-thumbnail","6":"product_cat-nymphes","7":"product_tag-pendentif","8":"pa_ambiance-art-nouveau","9":"pa_ambiance-celtique","10":"pa_ambiance-elfique","11":"pa_ambiance-feerique","12":"pa_ambiance-medieval","13":"pa_ambiance-vegetal","14":"pa_matiere-inox","15":"pa_matiere-laiton","16":"pa_ornement-labradorite","17":"pa_ornement-labradorite-arc-en-ciel","18":"pa_ornement-labradorite-bleue","19":"pa_ornement-labradorite-rose","20":"pa_ornement-labradorite-verte","21":"pa_ornement-pierre-semi","23":"first","24":"instock","25":"featured","26":"sold-individually","27":"shipping-taxable","28":"purchasable","29":"product-type-simple"},"translation":{"provider":"WPGlobus","version":"3.0.2","language":"en","enabled_languages":["fr","en"],"languages":{"fr":{"title":true,"content":true,"excerpt":true},"en":{"title":false,"content":false,"excerpt":false}}},"jetpack-related-posts":[],"jetpack_sharing_enabled":true,"_links":{"self":[{"href":"https:\/\/www.altisfain.com\/en\/wp-json\/wp\/v2\/product\/5558","targetHints":{"allow":["GET"]}}],"collection":[{"href":"https:\/\/www.altisfain.com\/en\/wp-json\/wp\/v2\/product"}],"about":[{"href":"https:\/\/www.altisfain.com\/en\/wp-json\/wp\/v2\/types\/product"}],"replies":[{"embeddable":true,"href":"https:\/\/www.altisfain.com\/en\/wp-json\/wp\/v2\/comments?post=5558"}],"wp:featuredmedia":[{"embeddable":true,"href":"https:\/\/www.altisfain.com\/en\/wp-json\/wp\/v2\/media\/5560"}],"wp:attachment":[{"href":"https:\/\/www.altisfain.com\/en\/wp-json\/wp\/v2\/media?parent=5558"}],"wp:term":[{"taxonomy":"product_brand","embeddable":true,"href":"https:\/\/www.altisfain.com\/en\/wp-json\/wp\/v2\/product_brand?post=5558"},{"taxonomy":"product_cat","embeddable":true,"href":"https:\/\/www.altisfain.com\/en\/wp-json\/wp\/v2\/product_cat?post=5558"},{"taxonomy":"product_tag","embeddable":true,"href":"https:\/\/www.altisfain.com\/en\/wp-json\/wp\/v2\/product_tag?post=5558"}],"curies":[{"name":"wp","href":"https:\/\/api.w.org\/{rel}","templated":true}]}}