{"id":555,"date":"2018-03-05T21:53:03","date_gmt":"2018-03-05T20:53:03","guid":{"rendered":"http:\/\/www.altisfain.com\/?post_type=product&#038;p=555"},"modified":"2022-01-12T21:33:06","modified_gmt":"2022-01-12T20:33:06","slug":"boucles-doreilles-monsho-lierre","status":"publish","type":"product","link":"https:\/\/www.altisfain.com\/en\/boutique\/monsho\/boucles-doreilles-monsho-lierre\/","title":{"rendered":"Boucles d&#8217;oreilles Monsh\u014d Lierre"},"content":{"rendered":"<p style=\"text-align: center;\">Les Monsh\u014d sont les armoiries des familles japonaises.<br \/>\nIls consistent en un symbole souvent encercl\u00e9 ou de forme arrondie. Les dessins \u00e9taient souvent des versions stylis\u00e9es de th\u00e8mes ou objets japonais, souvent issus de la nature.<br \/>\nPresque tout dans la nature avait une symbolique, superstitieuse ou non, ce que influen\u00e7ait les familles dans le choix du motif embl\u00e8me de leur clan.<\/p>\n<p style=\"text-align: center;\">Le lierre est l&#8217;embl\u00e8me bien connu de l&#8217;attachement.<br \/>\nLorsque que Iseult rejoint Tristan dans la mort, un pied de vigne et un pied de lierre poussent enlac\u00e9s sur les lieux du drame.<br \/>\nDepuis ce jour, le lierre symbolise l&#8217;\u00e9treinte amoureuse et aussi amicale.<br \/>\nSa devise : &#8220;Je m&#8217;attache ou je meurs&#8221;<\/p>\n<p style=\"text-align: center;\"><strong><b>Boucles d&#8217;oreilles forme circulaire, avec au centre une feuille de lierre martel\u00e9e main et et entrelacs inox martel\u00e9s, soud\u00e9s argent serpentant derri\u00e8re la feuille et sur le cercle.<br \/>\nDiam\u00e8tre cercle: 4 cm.<br \/>\nDimension feuille d&#8217;acanthe: 1,8 cm par 2,3 cm.<br \/>\nLongueur totale de la boucle d&#8217;oreille: 5,8 cm.<br \/>\nAttaches am\u00e9ricaine argent 925.<br \/>\n<\/b><\/strong><\/p>\n<p style=\"text-align: center;\"><strong>D&#8217;inspiration asiatique et elfique!<\/strong><\/p>\n<hr \/>\n<p style=\"text-align: center;\">The Monsh\u014d is the coat of Japanese families.<br \/>\nThey consist of a symbol often encircled or rounded.<br \/>\nThe drawings were often stylized versions of Japanese themes or objects, often derived from nature.<br \/>\nAlmost everything in nature had a symbolic, superstitious or not, what influenced families in choosing the emblem reason for their clan.<\/p>\n<p style=\"text-align: center;\">The ivy is the well-known emblem of attachment.<br \/>\nWhen that Tristan Isolde joined in death, a vine and ivy grow up embracing on the scene.<br \/>\nSince that day, ivy symbolizes love and also friendly hug.<br \/>\nHis motto: &#8220;I attach myself or I die&#8221;.<\/p>\n<p><strong>Stainless steel elven hopp earrings circular shape, with a central ivy leaf and hand hammered and hammered intertwining stainless, welded silver snaking behind the leaf and on the circle.<\/strong><br \/>\n<strong>Circle diameter: 4 cm.<\/strong><br \/>\n<strong>Ivy leaf dimension: 1.8 cm by 2.3 cm.<\/strong><br \/>\n<strong>Total length of the earring: 5.8 cm.<\/strong><br \/>\n<strong>925 American ties.<\/strong><\/p>\n","protected":false},"excerpt":{"rendered":"<p style=\"text-align: center;\"><strong>Boucles d&#8217;oreilles type cr\u00e9oles inox attaches argent 925, entrelacs et feuilles de lierre trilob\u00e9, d&#8217;inspiration asiatique et elfique.<\/strong><\/p>\n<hr \/>\n<p style=\"text-align: center;\"><strong><span class=\"tlid-translation translation\" lang=\"en\"><span class=\"\" title=\"\">925 silver 925 stainless steel creole earrings, trilobed ivy and trilac leafs, Asian and Elvish inspired.<\/span><\/span><\/strong><\/p>\n","protected":false},"featured_media":556,"comment_status":"open","ping_status":"closed","template":"","meta":{"jetpack_publicize_message":"","jetpack_publicize_feature_enabled":true,"jetpack_social_post_already_shared":false,"jetpack_social_options":{"image_generator_settings":{"template":"highway","default_image_id":0,"font":"","enabled":false},"version":2}},"product_brand":[],"product_cat":[25],"product_tag":[34,111],"class_list":{"0":"post-555","1":"product","2":"type-product","3":"status-publish","4":"has-post-thumbnail","6":"product_cat-monsho","7":"product_tag-boucles-oreilles","8":"product_tag-creoles","9":"pa_ambiance-asiatique","10":"pa_ambiance-elfique","11":"pa_ambiance-feerique","12":"pa_ambiance-vegetal","13":"pa_feuille-lierre","14":"pa_matiere-argent-925","15":"pa_matiere-inox","17":"first","18":"instock","19":"sold-individually","20":"shipping-taxable","21":"purchasable","22":"product-type-simple"},"translation":{"provider":"WPGlobus","version":"3.0.2","language":"en","enabled_languages":["fr","en"],"languages":{"fr":{"title":true,"content":true,"excerpt":true},"en":{"title":false,"content":false,"excerpt":false}}},"jetpack_publicize_connections":[],"jetpack-related-posts":[],"jetpack_sharing_enabled":true,"jetpack_likes_enabled":true,"_links":{"self":[{"href":"https:\/\/www.altisfain.com\/en\/wp-json\/wp\/v2\/product\/555","targetHints":{"allow":["GET"]}}],"collection":[{"href":"https:\/\/www.altisfain.com\/en\/wp-json\/wp\/v2\/product"}],"about":[{"href":"https:\/\/www.altisfain.com\/en\/wp-json\/wp\/v2\/types\/product"}],"replies":[{"embeddable":true,"href":"https:\/\/www.altisfain.com\/en\/wp-json\/wp\/v2\/comments?post=555"}],"wp:featuredmedia":[{"embeddable":true,"href":"https:\/\/www.altisfain.com\/en\/wp-json\/wp\/v2\/media\/556"}],"wp:attachment":[{"href":"https:\/\/www.altisfain.com\/en\/wp-json\/wp\/v2\/media?parent=555"}],"wp:term":[{"taxonomy":"product_brand","embeddable":true,"href":"https:\/\/www.altisfain.com\/en\/wp-json\/wp\/v2\/product_brand?post=555"},{"taxonomy":"product_cat","embeddable":true,"href":"https:\/\/www.altisfain.com\/en\/wp-json\/wp\/v2\/product_cat?post=555"},{"taxonomy":"product_tag","embeddable":true,"href":"https:\/\/www.altisfain.com\/en\/wp-json\/wp\/v2\/product_tag?post=555"}],"curies":[{"name":"wp","href":"https:\/\/api.w.org\/{rel}","templated":true}]}}