{"id":5549,"date":"2023-09-30T17:03:50","date_gmt":"2023-09-30T15:03:50","guid":{"rendered":"https:\/\/www.altisfain.com\/?post_type=product&#038;p=5549"},"modified":"2024-12-14T22:14:02","modified_gmt":"2024-12-14T21:14:02","slug":"pendentif-inox-les-passages-celestes-feminin-sacre-peristerite-tourmaline","status":"publish","type":"product","link":"https:\/\/www.altisfain.com\/en\/boutique\/les-adoptes\/pendentif-inox-les-passages-celestes-feminin-sacre-peristerite-tourmaline\/","title":{"rendered":"Pendentif inox &#8220;les Passages C\u00e9lestes: &#8220;F\u00e9minin Sacr\u00e9&#8221; Peristerite Tourmaline"},"content":{"rendered":"<ul>\n<li><strong>\u201cSi la vie n&#8217;est qu&#8217;un passage, sur ce passage au moins semons des fleurs.\u201d<\/strong><\/li>\n<\/ul>\n<p><strong>Montaigne<\/strong><\/p>\n<p style=\"text-align: center;\"><strong>\u00ab Les Passages C\u00e9lestes \u00bb est une collection inspir\u00e9e des diff\u00e9rents portes conduisant \u00e0 des univers oniriques mais aussi personnels, des voies qui m\u00e8nent \u00e0 la pleine conscience de soi et du monde. Ces passerelles nous transportent vers des havres supr\u00eames, des finalit\u00e9s plus hautes, des buts ultimes. Ils touchent l&#8217;Histoire, la Spiritualit\u00e9, le Fantastique. Empruntons ces passages et nous entrons dans des contr\u00e9es intimes et fantaisistes.<\/strong><\/p>\n<p style=\"text-align: center;\">Depuis les temps anciens, les cultures \u00e0 travers le monde ont c\u00e9l\u00e9br\u00e9 le f\u00e9minin sacr\u00e9, une force cr\u00e9atrice mystique qui habite en chacune de nous, ind\u00e9pendamment de notre sexe biologique. Cette \u00e9nergie f\u00e9minine, \u00e9galement appel\u00e9e \u00ab yin \u00bb en m\u00e9decine chinoise, est souvent associ\u00e9e \u00e0 la fertilit\u00e9, \u00e0 l\u2019amour, \u00e0 l\u2019intuition et \u00e0 la gu\u00e9rison.<\/p>\n<p>Le f\u00e9minin sacr\u00e9 peut \u00eatre consid\u00e9r\u00e9 comme une force qui transcende la dualit\u00e9 de la vie, l\u2019\u00e9quilibre n\u00e9cessaire pour que la vie soit compl\u00e8te. Cette notion remonte aux cultures antiques et est associ\u00e9e \u00e0 des d\u00e9esses majeures, telles qu\u2019Isis, la d\u00e9esse \u00e9gyptienne de la maternit\u00e9 et de la magie. Ou encore la d\u00e9esse grecque Aphrodite, symbole de l\u2019amour et de la beaut\u00e9.<\/p>\n<p style=\"text-align: center;\">Pendentif collier inox ambiance elfique serti Peristerite avec inclusion de Tourmaline. Cabochon de tr\u00e8s belle qualit\u00e9 forme ovale, aux reflets bleut\u00e9s intenses. D\u00e9cor d&#8217;entrelacs qui entourent la pierre en serti griffe. Dimension du pendentif : 9 cm par 3,5 cm. Dimension du cabochon: 2,2 cm par 1,4 cm. Chaine maille serpent de 45 cm.<\/p>\n<p style=\"text-align: center;\">Pendentif infiniment elfique et mystique!!<\/p>\n<hr \/>\n<p style=\"text-align: center;\"><strong><strong><strong>\u201cIf life is only a passage, on this passage at least let us sow flowers.\u201d<\/strong><\/strong><\/strong><\/p>\n<p><strong> Montaigne<\/strong><\/p>\n<p><strong> \u201cLes Passages C\u00e9lestes\u201d is a collection inspired by the different doors leading to dreamlike but also personal universes, paths that lead to full awareness of oneself and the world. These gateways transport us to supreme havens, higher purposes, ultimate goals. They touch on History, Spirituality, Fantasy. Let us take these passages and we enter into intimate and fanciful lands.<\/strong><\/p>\n<p>The sacred feminine can be seen as a force that transcends the duality of life, the balance necessary for life to be complete. This notion dates back to ancient cultures and is associated with major goddesses, such as Isis, the Egyptian goddess of motherhood and magic. Or the Greek goddess Aphrodite, symbol of love and beauty.<\/p>\n<p>Stainless steel necklace pendant with elven atmosphere set with Peristerite with inclusion of Tourmaline. Very good quality oval shaped cabochon, with intense bluish reflections. Decoration of interlacing which surround the stone in claw setting. Dimensions of the pendant: 9 cm by 3.5 cm. Dimensions of the cabochon: 2.2 cm by 1.4 cm. 45 cm snake mesh chain.<\/p>\n<p>Infinitely elvish and mystical pendant!!<\/p>\n","protected":false},"excerpt":{"rendered":"<p style=\"text-align: center;\"><strong>Pendentif esprit elfique et Art nouveau, serti Peristerite inclusion de Tourmaline. <\/strong><\/p>\n<p style=\"text-align: center;\"><strong>Infiniment mystique et onirique!<\/strong><\/p>\n<hr \/>\n<p style=\"text-align: center;\"><strong><strong>Elvish and Art Nouveau spirit pendant, set with Moonstone Labradorite with Tourmaline.<\/strong><\/strong><\/p>\n<p><strong> Infinitely mystical and dreamlike!<\/strong><\/p>\n","protected":false},"featured_media":5550,"comment_status":"open","ping_status":"closed","template":"","meta":{"jetpack_publicize_message":"","jetpack_publicize_feature_enabled":true,"jetpack_social_post_already_shared":false,"jetpack_social_options":{"image_generator_settings":{"template":"highway","default_image_id":0,"font":"","enabled":false},"version":2}},"product_brand":[],"product_cat":[222],"product_tag":[131],"class_list":{"0":"post-5549","1":"product","2":"type-product","3":"status-publish","4":"has-post-thumbnail","6":"product_cat-les-adoptes","7":"product_tag-pendentif","8":"pa_ambiance-baroque","9":"pa_ambiance-celtique","10":"pa_ambiance-elfique","11":"pa_ambiance-feerique","12":"pa_ambiance-mystique","13":"pa_ambiance-victorien","14":"pa_matiere-inox","15":"pa_ornement-labradorite-blanche","16":"pa_ornement-peristerite","17":"pa_ornement-pierre-semi","18":"pa_ornement-tourmaline","20":"first","21":"outofstock","22":"featured","23":"shipping-taxable","24":"purchasable","25":"product-type-simple"},"translation":{"provider":"WPGlobus","version":"3.0.2","language":"en","enabled_languages":["fr","en"],"languages":{"fr":{"title":true,"content":true,"excerpt":true},"en":{"title":false,"content":false,"excerpt":false}}},"jetpack_publicize_connections":[],"jetpack-related-posts":[],"jetpack_sharing_enabled":true,"jetpack_likes_enabled":true,"_links":{"self":[{"href":"https:\/\/www.altisfain.com\/en\/wp-json\/wp\/v2\/product\/5549","targetHints":{"allow":["GET"]}}],"collection":[{"href":"https:\/\/www.altisfain.com\/en\/wp-json\/wp\/v2\/product"}],"about":[{"href":"https:\/\/www.altisfain.com\/en\/wp-json\/wp\/v2\/types\/product"}],"replies":[{"embeddable":true,"href":"https:\/\/www.altisfain.com\/en\/wp-json\/wp\/v2\/comments?post=5549"}],"wp:featuredmedia":[{"embeddable":true,"href":"https:\/\/www.altisfain.com\/en\/wp-json\/wp\/v2\/media\/5550"}],"wp:attachment":[{"href":"https:\/\/www.altisfain.com\/en\/wp-json\/wp\/v2\/media?parent=5549"}],"wp:term":[{"taxonomy":"product_brand","embeddable":true,"href":"https:\/\/www.altisfain.com\/en\/wp-json\/wp\/v2\/product_brand?post=5549"},{"taxonomy":"product_cat","embeddable":true,"href":"https:\/\/www.altisfain.com\/en\/wp-json\/wp\/v2\/product_cat?post=5549"},{"taxonomy":"product_tag","embeddable":true,"href":"https:\/\/www.altisfain.com\/en\/wp-json\/wp\/v2\/product_tag?post=5549"}],"curies":[{"name":"wp","href":"https:\/\/api.w.org\/{rel}","templated":true}]}}