{"id":5536,"date":"2023-09-30T10:48:55","date_gmt":"2023-09-30T08:48:55","guid":{"rendered":"https:\/\/www.altisfain.com\/?post_type=product&#038;p=5536"},"modified":"2024-10-20T21:42:15","modified_gmt":"2024-10-20T19:42:15","slug":"pendentif-inox-les-passages-celestes-la-moria-larvikite","status":"publish","type":"product","link":"https:\/\/www.altisfain.com\/en\/boutique\/les-adoptes\/pendentif-inox-les-passages-celestes-la-moria-larvikite\/","title":{"rendered":"Pendentif inox &#8220;les Passages C\u00e9lestes: la Moria&#8221; Larvikite"},"content":{"rendered":"<ul>\n<li><strong>\u201cSi la vie n&#8217;est qu&#8217;un passage, sur ce passage au moins semons des fleurs.\u201d<\/strong><\/li>\n<\/ul>\n<p><strong>Montaigne<\/strong><\/p>\n<p style=\"text-align: center;\"><strong>\u00ab Les Passages C\u00e9lestes \u00bb est une collection inspir\u00e9e des diff\u00e9rents portes conduisant \u00e0 des univers oniriques mais aussi personnels, des voies qui m\u00e8nent \u00e0 la pleine conscience de soi et du monde. Ces passerelles nous transportent vers des havres supr\u00eames, des finalit\u00e9s plus hautes, des buts ultimes. Ils touchent l&#8217;Histoire, la Spiritualit\u00e9, le Fantastique. Empruntons ces passages et nous entrons dans des contr\u00e9es intimes et fantaisistes.<\/strong><\/p>\n<p style=\"text-align: center;\"><strong>Fond\u00e9e dans un lointain pass\u00e9 par Durin, l&#8217;un des Sept P\u00e8res de la race naine, la Moria est pendant des mill\u00e9naires une cit\u00e9 florissante gr\u00e2ce \u00e0 la pr\u00e9sence d&#8217;une veine de mithril, m\u00e9tal pr\u00e9cieux entre tous, dans ses profondeurs. Au Deuxi\u00e8me \u00c2ge, elle entretient des relations fructueuses avec les Elfes du royaume voisin d&#8217;Eregion. La cupidit\u00e9 des Nains les pousse \u00e0 creuser toujours plus profond\u00e9ment sous les montagnes, et, au milieu du Troisi\u00e8me \u00c2ge, ils r\u00e9veillent accidentellement un Balrog, puissante cr\u00e9ature d\u00e9moniaque qui les contraint \u00e0 abandonner la cit\u00e9. Par la suite, Sauron, le Seigneur Sombre, repeuple les ruines de la Moria avec ses Orques.<\/strong><\/p>\n<p style=\"text-align: center;\">Pendentif collier inox ambiance elfique serti Larvikite. Cabochon de tr\u00e8s belle qualit\u00e9 forme ovales, aux teintes noires, grises et iris\u00e9es blanc. D\u00e9cor d&#8217;entrelacs qui entourent la pierre en serti griffe. Dimension du pendentif : 8 cm par 5 cm. Dimension du cabochon: 1,8 cm par 1,4 cm. Chaine maille serpent de 45 cm.<\/p>\n<p style=\"text-align: center;\">Pendentif infiniment elfique et mystique!!<\/p>\n<hr \/>\n<p style=\"text-align: center;\"><strong>\u201cIf life is only a passage, on this passage at least let us sow flowers.\u201d<\/strong><\/p>\n<p><strong> Montaigne<\/strong><\/p>\n<p><strong> \u201cLes Passages C\u00e9lestes\u201d is a collection inspired by the different doors leading to dreamlike but also personal universes, paths that lead to full awareness of oneself and the world. These gateways transport us to supreme havens, higher purposes, ultimate goals. They touch on History, Spirituality, Fantasy. Let us take these passages and we enter into intimate and fanciful lands.<\/strong><\/p>\n<p><strong> Founded in the distant past by Durin, one of the Seven Fathers of the dwarven race, Moria has been a thriving city for millennia thanks to the presence of a vein of mithril, the most precious metal among all, in its depths. In the Second Age, she maintains fruitful relations with the Elves of the neighboring kingdom of Eregion. The Dwarves&#8217; greed pushes them to dig ever deeper beneath the mountains, and, in the middle of the Third Age, they accidentally awaken a Balrog, a powerful demonic creature which forces them to abandon the city. Subsequently, Sauron, the Dark Lord, repopulates the ruins of Moria with his Orcs.<\/strong><\/p>\n<p>Stainless steel necklace pendant with elven atmosphere set with Larvikite. Very good quality oval shaped cabochon, in black, gray and iridescent white shades. Decoration of interlacing which surround the stone in claw setting. Dimensions of the pendant: 8 cm by 5 cm. Dimensions of the cabochon: 1.8 cm by 1.4 cm. 45 cm snake mesh chain.<\/p>\n<p>Infinitely elvish and mystical pendant!!<\/p>\n","protected":false},"excerpt":{"rendered":"<p style=\"text-align: center;\"><strong>Pendentif esprit elfique et Art nouveau, serti Larvikite. <\/strong><\/p>\n<p style=\"text-align: center;\"><strong>Infiniment mystique et onirique!<\/strong><\/p>\n<hr \/>\n<p style=\"text-align: center;\"><strong>Elvish and Art Nouveau spirit pendant, set with Larvikite.<\/strong><\/p>\n<p><strong> Infinitely mystical and dreamlike!<\/strong><\/p>\n","protected":false},"featured_media":5546,"comment_status":"open","ping_status":"closed","template":"","meta":[],"product_brand":[],"product_cat":[222],"product_tag":[131],"class_list":{"0":"post-5536","1":"product","2":"type-product","3":"status-publish","4":"has-post-thumbnail","6":"product_cat-les-adoptes","7":"product_tag-pendentif","8":"pa_ambiance-baroque","9":"pa_ambiance-celtique","10":"pa_ambiance-elfique","11":"pa_ambiance-feerique","12":"pa_ambiance-mystique","13":"pa_ambiance-victorien","14":"pa_matiere-inox","15":"pa_ornement-labradorite-noire","16":"pa_ornement-larvikite","17":"pa_ornement-pierre-semi","19":"first","20":"outofstock","21":"featured","22":"shipping-taxable","23":"purchasable","24":"product-type-simple"},"translation":{"provider":"WPGlobus","version":"3.0.2","language":"en","enabled_languages":["fr","en"],"languages":{"fr":{"title":true,"content":true,"excerpt":true},"en":{"title":false,"content":false,"excerpt":false}}},"jetpack-related-posts":[],"jetpack_sharing_enabled":true,"_links":{"self":[{"href":"https:\/\/www.altisfain.com\/en\/wp-json\/wp\/v2\/product\/5536","targetHints":{"allow":["GET"]}}],"collection":[{"href":"https:\/\/www.altisfain.com\/en\/wp-json\/wp\/v2\/product"}],"about":[{"href":"https:\/\/www.altisfain.com\/en\/wp-json\/wp\/v2\/types\/product"}],"replies":[{"embeddable":true,"href":"https:\/\/www.altisfain.com\/en\/wp-json\/wp\/v2\/comments?post=5536"}],"wp:featuredmedia":[{"embeddable":true,"href":"https:\/\/www.altisfain.com\/en\/wp-json\/wp\/v2\/media\/5546"}],"wp:attachment":[{"href":"https:\/\/www.altisfain.com\/en\/wp-json\/wp\/v2\/media?parent=5536"}],"wp:term":[{"taxonomy":"product_brand","embeddable":true,"href":"https:\/\/www.altisfain.com\/en\/wp-json\/wp\/v2\/product_brand?post=5536"},{"taxonomy":"product_cat","embeddable":true,"href":"https:\/\/www.altisfain.com\/en\/wp-json\/wp\/v2\/product_cat?post=5536"},{"taxonomy":"product_tag","embeddable":true,"href":"https:\/\/www.altisfain.com\/en\/wp-json\/wp\/v2\/product_tag?post=5536"}],"curies":[{"name":"wp","href":"https:\/\/api.w.org\/{rel}","templated":true}]}}