{"id":5523,"date":"2023-09-28T12:52:56","date_gmt":"2023-09-28T10:52:56","guid":{"rendered":"https:\/\/www.altisfain.com\/?post_type=product&#038;p=5523"},"modified":"2024-10-20T21:42:32","modified_gmt":"2024-10-20T19:42:32","slug":"collier-inox-les-passages-celestes-minute-papillon-fluorite-2","status":"publish","type":"product","link":"https:\/\/www.altisfain.com\/en\/boutique\/les-adoptes\/collier-inox-les-passages-celestes-minute-papillon-fluorite-2\/","title":{"rendered":"Collier inox &#8220;les Passages C\u00e9lestes: &#8220;L&#8217; Envol des Monarques&#8221; Labradorite"},"content":{"rendered":"<p style=\"text-align:center\"><strong>\u201cSi la vie n&#8217;est qu&#8217;un passage, sur ce passage au moins semons des fleurs.\u201d<\/strong><\/p>\n<p><strong>Montaigne<\/strong><\/p>\n<p style=\"text-align:center\"><strong>\u00ab Les Passages C\u00e9lestes \u00bb est une collection inspir\u00e9e des diff\u00e9rents portes conduisant \u00e0 des univers oniriques mais aussi personnels, des voies qui m\u00e8nent \u00e0 la pleine conscience de soi et du monde. Ces passerelles nous transportent vers des havres supr\u00eames, des finalit\u00e9s plus hautes, des buts ultimes. Ils touchent l&#8217;Histoire, la Spiritualit\u00e9, le Fantastique. Empruntons ces passages et nous entrons dans des contr\u00e9es intimes et fantaisistes.<\/strong><\/p>\n<p style=\"text-align:center\"><strong>    <\/strong><strong> <\/strong><strong> <\/strong><strong> <\/strong><strong> <\/strong><strong>  Les migrations de Monarques (Danaus plexippus) sont encore aujourd\u2019hui un spectacle \u00e9tonnant. Il y a plusieurs mill\u00e9naires, sans pressions humaines, nous pouvons supposer qu\u2019elles l\u2019\u00e9taient plus encore. Ces trajets massifs s\u2019\u00e9tendent principalement du centre du Mexique aux lacs du sud du Canada et du nord-est des \u00c9tats-Unis. L\u2019arriv\u00e9e et le d\u00e9part de centaines de papillons sur un m\u00eame lieu \u00e9taient per\u00e7us par les peuples azt\u00e8ques comme la visite des \u00e2mes des guerriers tomb\u00e9s au combat ou sacrifi\u00e9s. Leur \u00e2me rejoindrait le soleil, o\u00f9 ils prosp\u00e8reraient, et en reviendrait apr\u00e8s quelques ann\u00e9es. De par le battement de leurs ailes et leurs couleurs flamboyantes, ils sont associ\u00e9s au feu solaire.<\/strong><\/p>\n<p style=\"text-align:center\">  Collier inox ambiance elfique articul\u00e9 motif Art Nouveau et pendentif serti Labradorite. Cabochon de tr\u00e8s belle qualit\u00e9 forme ronde, teintes bleues, dor\u00e9es et vertes intenses. D\u00e9cor de papillons sur le pendentif et sur le  tour de cou. Tour de cou articul\u00e9 de 40 \u00e0 45 cm de long, avec chainette de rallonge termin\u00e9 par un papillon, afin de jouer sur la longueur du collier. Dimension du pendentif: 6,7 cm par 6 cm. Dimension du cabochon: 2,8 cm de diam\u00e8tre.<\/p>\n<p style=\"text-align:center\">Pendentif infiniment elfique et mystique!!<\/p>\n<hr>\n<p style=\"text-align:center\">&#8220;If life is only a passage, on this passage at least sow flowers.&#8221;<\/p>\n<p>Montaigne<\/p>\n<p style=\"text-align:center\">&#8220;The heavenly passages&#8221; is a collection inspired by the different doors leading to dreamlike but also personal worlds, paths that lead to the full awareness of oneself and the world. These bridges carry us to supreme havens, higher ends, ultimate goals. They touch History, Spirituality, Fantasy. Let&#8217;s take these passages and we enter intimate and fanciful countries.<\/p>\n<p style=\"text-align:center\"><span class=\"VIiyi\" lang=\"en\"><span class=\"JLqJ4b\" data-language-for-alternatives=\"en\" data-language-to-translate-into=\"fr\" data-phrase-index=\"0\">   <\/span><\/span>    <b> The migrations of Monarchs (Danaus plexippus) are still an astonishing spectacle today.  Several millennia ago, without human pressures, we can assume that they were even more so.  These massive runs extend primarily from central Mexico to the lakes of southern Canada and the northeastern United States.  The arrival and departure of hundreds of butterflies in the same place was perceived by the Aztec people as the visit of the souls of warriors fallen in battle or sacrificed.  Their soul would go to the sun, where they would prosper, and return after a few years.  By the beating of their wings and their flamboyant colors, they are associated with solar fire.<\/b><\/p>\n<p><b><\/b><b> Stainless steel necklace with elven ambiance, articulated Art Nouveau motif and Labradorite-set pendant.  Very good quality cabochon, round shape, intense blue, gold and green hues.  Butterflies decoration on the pendant and on the neck strap.  Articulated choker 40 to 45 cm long, with extension chain ending in a butterfly, to play on the length of the necklace.  Pendant size: 6.7 cm by 6 cm.  Dimensions of the cabochon: 2.8 cm in diameter.<\/b><br \/>\n<strong>Pendant infinitely Elvish and mystical !!<\/strong><\/p>\n","protected":false},"excerpt":{"rendered":"<p style=\"text-align:center\"><strong>Collier pendentif esprit elfique et celtique, serti Labradorite et papillon.<\/strong><\/p>\n<p style=\"text-align:center\"><strong>Infiniment mystique et onirique!<\/strong><\/p>\n<hr>\n<p style=\"text-align:center\"><span class=\"tlid-translation translation\" lang=\"en\"><span class=\"\" title=\"\"><strong>Elven and Celtic spirit pendant necklace, set with Labradorite and butterfly.<\/strong><\/span><\/span><\/p>\n<p style=\"text-align:center\"><span title=\"\"><strong>Infinitely mystical and dreamlike!<\/strong><\/span><\/p>\n","protected":false},"featured_media":5532,"comment_status":"open","ping_status":"closed","template":"","meta":{"jetpack_publicize_message":"","jetpack_publicize_feature_enabled":true,"jetpack_social_post_already_shared":false,"jetpack_social_options":{"image_generator_settings":{"template":"highway","default_image_id":0,"font":"","enabled":false},"version":2}},"product_brand":[],"product_cat":[222],"product_tag":[31,131],"class_list":{"0":"post-5523","1":"product","2":"type-product","3":"status-publish","4":"has-post-thumbnail","6":"product_cat-les-adoptes","7":"product_tag-collier","8":"product_tag-pendentif","9":"pa_ambiance-baroque","10":"pa_ambiance-celtique","11":"pa_ambiance-elfique","12":"pa_ambiance-feerique","13":"pa_ambiance-mystique","14":"pa_ambiance-victorien","15":"pa_matiere-inox","16":"pa_ornement-fluorite","17":"pa_ornement-pierre-semi","19":"first","20":"outofstock","21":"featured","22":"shipping-taxable","23":"purchasable","24":"product-type-simple"},"translation":{"provider":"WPGlobus","version":"3.0.2","language":"en","enabled_languages":["fr","en"],"languages":{"fr":{"title":true,"content":true,"excerpt":true},"en":{"title":false,"content":false,"excerpt":false}}},"jetpack_publicize_connections":[],"jetpack-related-posts":[],"jetpack_sharing_enabled":true,"jetpack_likes_enabled":true,"_links":{"self":[{"href":"https:\/\/www.altisfain.com\/en\/wp-json\/wp\/v2\/product\/5523","targetHints":{"allow":["GET"]}}],"collection":[{"href":"https:\/\/www.altisfain.com\/en\/wp-json\/wp\/v2\/product"}],"about":[{"href":"https:\/\/www.altisfain.com\/en\/wp-json\/wp\/v2\/types\/product"}],"replies":[{"embeddable":true,"href":"https:\/\/www.altisfain.com\/en\/wp-json\/wp\/v2\/comments?post=5523"}],"wp:featuredmedia":[{"embeddable":true,"href":"https:\/\/www.altisfain.com\/en\/wp-json\/wp\/v2\/media\/5532"}],"wp:attachment":[{"href":"https:\/\/www.altisfain.com\/en\/wp-json\/wp\/v2\/media?parent=5523"}],"wp:term":[{"taxonomy":"product_brand","embeddable":true,"href":"https:\/\/www.altisfain.com\/en\/wp-json\/wp\/v2\/product_brand?post=5523"},{"taxonomy":"product_cat","embeddable":true,"href":"https:\/\/www.altisfain.com\/en\/wp-json\/wp\/v2\/product_cat?post=5523"},{"taxonomy":"product_tag","embeddable":true,"href":"https:\/\/www.altisfain.com\/en\/wp-json\/wp\/v2\/product_tag?post=5523"}],"curies":[{"name":"wp","href":"https:\/\/api.w.org\/{rel}","templated":true}]}}