{"id":551,"date":"2018-03-05T21:36:19","date_gmt":"2018-03-05T20:36:19","guid":{"rendered":"http:\/\/www.altisfain.com\/?post_type=product&#038;p=551"},"modified":"2022-01-12T21:33:15","modified_gmt":"2022-01-12T20:33:15","slug":"boucles-doreilles-monsho-orme","status":"publish","type":"product","link":"https:\/\/www.altisfain.com\/en\/boutique\/monsho\/boucles-doreilles-monsho-orme\/","title":{"rendered":"Boucles d&#8217;oreilles Monsh\u014d Orme"},"content":{"rendered":"<p style=\"text-align: center;\">Les Monsh\u014d sont les armoiries des familles japonaises.<br \/>\nIls consistent en un symbole souvent encercl\u00e9 ou de forme arrondie. Les dessins \u00e9taient souvent des versions stylis\u00e9es de th\u00e8mes ou objets japonais, souvent issus de la nature.<br \/>\nPresque tout dans la nature avait une symbolique, superstitieuse ou non, ce que influen\u00e7ait les familles dans le choix du motif embl\u00e8me de leur clan.<\/p>\n<p style=\"text-align: center;\">En raison de son genre hermaphrodite, l\u2019orme est le symbole de l\u2019hybride, du croisement.<br \/>\nArbre des carrefours, protecteur des fronti\u00e8res, il est l\u2019arbre \u00e0 la crois\u00e9e du monde infernal et du monde terrestre, \u00e0 la crois\u00e9e du pass\u00e9, du pr\u00e9sent et du futur.<\/p>\n<p style=\"text-align: center;\"><strong>Boucles d&#8217;oreilles forme circulaire, avec au centre une feuille d&#8217;orme martel\u00e9e main et et entrelacs inox martel\u00e9s, soud\u00e9s argent serpentant derri\u00e8re la feuille et sur le cercle.<\/strong><br \/>\n<strong>Diam\u00e8tre cercle: 4,3 cm.<\/strong><br \/>\n<strong>Dimension feuille d&#8217;orme: 3 cm par 1,6 cm.<\/strong><br \/>\n<strong>Longueur totale de la boucle d&#8217;oreille: 6,5 cm.<\/strong><br \/>\n<strong>Attaches am\u00e9ricaine argent 925.<\/strong><\/p>\n<p style=\"text-align: center;\"><strong>D&#8217;inspiration asiatique et elfique!<\/strong><\/p>\n<hr \/>\n<p style=\"text-align: center;\">The Monsh\u014d is the coat of Japanese families.<br \/>\nThey consist of a symbol often encircled or rounded.<br \/>\nThe drawings were often stylized versions of Japanese themes or objects, often derived from nature.<br \/>\nAlmost everything in nature had a symbolic, superstitious or not, what influenced families in choosing the emblem reason for their clan.<\/p>\n<p style=\"text-align: center;\">Because of its kind hermaphrodite, elm is the symbol of the hybrid crossover.<br \/>\nTree crossroads, protector of the borders, it is the tree at the crossroads of the infernal world and the earthly world, at the crossroads of past, present and future.<\/p>\n<p><strong>Elven hoop earrings circular shape, with a central elm leaf and hand hammered and hammered intertwining stainless, welded silver snaking behind the leaves and on the circle.<\/strong><br \/>\n<strong>Circle diameter: 4,3 cm.<\/strong><br \/>\n<strong>Dimension leaf elm: 3 cm by 1.6 cm.<\/strong><br \/>\n<strong>Total length of the earring: 6.5 cm.<\/strong><br \/>\n<strong>925 American ties.<\/strong><\/p>\n","protected":false},"excerpt":{"rendered":"<p style=\"text-align: center;\"><strong>Boucles d&#8217;oreilles type cr\u00e9oles inox attaches argent 925, entrelacs et feuilles d&#8217;orme, d&#8217;inspiration asiatique et elfique.<\/strong><\/p>\n<hr \/>\n<p style=\"text-align: center;\"><strong><span class=\"tlid-translation translation\" lang=\"en\"><span class=\"\" title=\"\">925 silver 925 stainless steel creole earrings, interlaced and elm leaves, Asian and Elvish inspired.<\/span><\/span><\/strong><\/p>\n","protected":false},"featured_media":552,"comment_status":"open","ping_status":"closed","template":"","meta":[],"product_brand":[],"product_cat":[25],"product_tag":[34,111],"class_list":{"0":"post-551","1":"product","2":"type-product","3":"status-publish","4":"has-post-thumbnail","6":"product_cat-monsho","7":"product_tag-boucles-oreilles","8":"product_tag-creoles","9":"pa_ambiance-asiatique","10":"pa_ambiance-elfique","11":"pa_ambiance-feerique","12":"pa_ambiance-vegetal","13":"pa_feuille-orme","14":"pa_matiere-argent-925","15":"pa_matiere-inox","17":"first","18":"instock","19":"sold-individually","20":"shipping-taxable","21":"purchasable","22":"product-type-simple"},"translation":{"provider":"WPGlobus","version":"3.0.2","language":"en","enabled_languages":["fr","en"],"languages":{"fr":{"title":true,"content":true,"excerpt":true},"en":{"title":false,"content":false,"excerpt":false}}},"jetpack-related-posts":[],"jetpack_sharing_enabled":true,"_links":{"self":[{"href":"https:\/\/www.altisfain.com\/en\/wp-json\/wp\/v2\/product\/551","targetHints":{"allow":["GET"]}}],"collection":[{"href":"https:\/\/www.altisfain.com\/en\/wp-json\/wp\/v2\/product"}],"about":[{"href":"https:\/\/www.altisfain.com\/en\/wp-json\/wp\/v2\/types\/product"}],"replies":[{"embeddable":true,"href":"https:\/\/www.altisfain.com\/en\/wp-json\/wp\/v2\/comments?post=551"}],"wp:featuredmedia":[{"embeddable":true,"href":"https:\/\/www.altisfain.com\/en\/wp-json\/wp\/v2\/media\/552"}],"wp:attachment":[{"href":"https:\/\/www.altisfain.com\/en\/wp-json\/wp\/v2\/media?parent=551"}],"wp:term":[{"taxonomy":"product_brand","embeddable":true,"href":"https:\/\/www.altisfain.com\/en\/wp-json\/wp\/v2\/product_brand?post=551"},{"taxonomy":"product_cat","embeddable":true,"href":"https:\/\/www.altisfain.com\/en\/wp-json\/wp\/v2\/product_cat?post=551"},{"taxonomy":"product_tag","embeddable":true,"href":"https:\/\/www.altisfain.com\/en\/wp-json\/wp\/v2\/product_tag?post=551"}],"curies":[{"name":"wp","href":"https:\/\/api.w.org\/{rel}","templated":true}]}}