{"id":547,"date":"2018-03-05T21:24:09","date_gmt":"2018-03-05T20:24:09","guid":{"rendered":"http:\/\/www.altisfain.com\/?post_type=product&#038;p=547"},"modified":"2022-01-12T21:33:27","modified_gmt":"2022-01-12T20:33:27","slug":"boucles-doreilles-monsho-palmette","status":"publish","type":"product","link":"https:\/\/www.altisfain.com\/en\/boutique\/monsho\/boucles-doreilles-monsho-palmette\/","title":{"rendered":"Boucles d&#8217;oreilles Monsh\u014d Palmette"},"content":{"rendered":"<p style=\"text-align: center;\">Les Monsh\u014d sont les armoiries des familles japonaises.<br \/>\nIls consistent en un symbole souvent encercl\u00e9 ou de forme arrondie. Les dessins \u00e9taient souvent des versions stylis\u00e9es de th\u00e8mes ou objets japonais, souvent issus de la nature.<br \/>\nPresque tout dans la nature avait une symbolique, superstitieuse ou non, ce que influen\u00e7ait les familles dans le choix du motif embl\u00e8me de leur clan.<\/p>\n<p style=\"text-align: center;\">La Palmette fut tr\u00e8s souvent utilis\u00e9e en architecture.<br \/>\nDans l&#8217;art roman c&#8217;est le symbole de l&#8217;au del\u00e0, les palmettes ornent les chapiteaux d&#8217;\u00e9glise, les sarcophages.<br \/>\nDans l&#8217;art \u00e9gyptien, la palmette repr\u00e9sente l\u2019arbre sacr\u00e9, symbole de la fertilit\u00e9 et de la vie.<\/p>\n<p style=\"text-align: center;\"><strong>Boucles d&#8217;oreilles forme circulaire, avec au centre une feuille de palmette martel\u00e9e main et et entrelacs inox martel\u00e9s, soud\u00e9s argent serpentant derri\u00e8re la feuille et sur le cercle.<\/strong><br \/>\n<strong> Diam\u00e8tre cercle: 4,2 cm.<\/strong><br \/>\n<strong> Dimension feuille de palmette: 2,2 cm par 2,5 cm.<\/strong><br \/>\n<strong> Longueur totale de la boucle d&#8217;oreille: 6 cm.<\/strong><br \/>\n<strong> Attaches am\u00e9ricaine argent 925.<\/strong><\/p>\n<p style=\"text-align: center;\"><strong>D&#8217;inspiration asiatique et elfique!<\/strong><\/p>\n<hr \/>\n<p style=\"text-align: center;\">The Monsh\u014d is the coat of Japanese families.<br \/>\nThey consist of a symbol often encircled or rounded.<br \/>\nThe drawings were often stylized versions of Japanese themes or objects, often derived from nature.<br \/>\nAlmost everything in nature had a symbolic, superstitious or not, what influenced families in choosing the emblem reason for their clan.<\/p>\n<p style=\"text-align: center;\">The Palmette was often used in architecture.<br \/>\nIn Romanesque art is the symbol of the past, the palm leaves adorn the church capitals, sarcophagi.<br \/>\nIn Egyptian art, palm leaf represents the sacred tree, the symbol of fertility and life.<\/p>\n<p><strong>Stainless steel elven hoop earrings circular shape, with a central palm leaf and hand hammered sheet and stainless steel tracery hammered, welded silver snaking behind the sheet and on the circle.<\/strong><br \/>\n<strong>Circle diameter: 4,2 cm.<\/strong><br \/>\n<strong>Palm leaf sheet size: 2.2 cm by 2.5 cm.<\/strong><br \/>\n<strong>Total length of the earring: 6 cm.<\/strong><br \/>\n<strong>925 American ties.<\/strong><\/p>\n","protected":false},"excerpt":{"rendered":"<p style=\"text-align: center;\"><strong>Boucles d&#8217;oreilles inox attaches argent 925, entrelacs et feuilles de palmette, d&#8217;inspiration asiatique et elfique.<\/strong><\/p>\n<hr \/>\n<p style=\"text-align: center;\"><strong><span class=\"tlid-translation translation\" lang=\"en\"><span class=\"\" title=\"\">925 silver stainless steel earrings, interlacing and palm leaves, Asian and Elvish inspired.<\/span><\/span><\/strong><\/p>\n","protected":false},"featured_media":548,"comment_status":"open","ping_status":"closed","template":"","meta":[],"product_brand":[],"product_cat":[25],"product_tag":[34],"class_list":{"0":"post-547","1":"product","2":"type-product","3":"status-publish","4":"has-post-thumbnail","6":"product_cat-monsho","7":"product_tag-boucles-oreilles","8":"pa_ambiance-asiatique","9":"pa_ambiance-elfique","10":"pa_ambiance-feerique","11":"pa_ambiance-vegetal","12":"pa_feuille-palmette","13":"pa_matiere-argent-925","14":"pa_matiere-inox","16":"first","17":"instock","18":"sold-individually","19":"shipping-taxable","20":"purchasable","21":"product-type-simple"},"translation":{"provider":"WPGlobus","version":"3.0.2","language":"en","enabled_languages":["fr","en"],"languages":{"fr":{"title":true,"content":true,"excerpt":true},"en":{"title":false,"content":false,"excerpt":false}}},"jetpack-related-posts":[],"jetpack_sharing_enabled":true,"_links":{"self":[{"href":"https:\/\/www.altisfain.com\/en\/wp-json\/wp\/v2\/product\/547","targetHints":{"allow":["GET"]}}],"collection":[{"href":"https:\/\/www.altisfain.com\/en\/wp-json\/wp\/v2\/product"}],"about":[{"href":"https:\/\/www.altisfain.com\/en\/wp-json\/wp\/v2\/types\/product"}],"replies":[{"embeddable":true,"href":"https:\/\/www.altisfain.com\/en\/wp-json\/wp\/v2\/comments?post=547"}],"wp:featuredmedia":[{"embeddable":true,"href":"https:\/\/www.altisfain.com\/en\/wp-json\/wp\/v2\/media\/548"}],"wp:attachment":[{"href":"https:\/\/www.altisfain.com\/en\/wp-json\/wp\/v2\/media?parent=547"}],"wp:term":[{"taxonomy":"product_brand","embeddable":true,"href":"https:\/\/www.altisfain.com\/en\/wp-json\/wp\/v2\/product_brand?post=547"},{"taxonomy":"product_cat","embeddable":true,"href":"https:\/\/www.altisfain.com\/en\/wp-json\/wp\/v2\/product_cat?post=547"},{"taxonomy":"product_tag","embeddable":true,"href":"https:\/\/www.altisfain.com\/en\/wp-json\/wp\/v2\/product_tag?post=547"}],"curies":[{"name":"wp","href":"https:\/\/api.w.org\/{rel}","templated":true}]}}