{"id":5461,"date":"2023-06-25T15:01:04","date_gmt":"2023-06-25T13:01:04","guid":{"rendered":"https:\/\/www.altisfain.com\/?post_type=product&#038;p=5461"},"modified":"2024-12-14T22:14:53","modified_gmt":"2024-12-14T21:14:53","slug":"collier-inox-les-diaboliques-aine-labradorite","status":"publish","type":"product","link":"https:\/\/www.altisfain.com\/en\/boutique\/les-adoptes\/collier-inox-les-diaboliques-aine-labradorite\/","title":{"rendered":"Collier inox &#8220;Les Diaboliques: \u00c1ine&#8221; Labradorite"},"content":{"rendered":"<p style=\"padding-left: 40px;\">&#8220;Le mot na\u00eff et \u00e9tonn\u00e9 de la Borgh\u00e8se, quand on lui demanda comment elle avait bien pu poser nue devant Canova: \u00abmais l&#8217;atelier \u00e9tait chaud! il y avait un po\u00eale!\u00bb&#8221;<br \/>\nLes Diaboliques, Barbey d&#8217;Aurevilly.<\/p>\n<p style=\"text-align: center;\">Collection inspir\u00e9e de femmes, fictives ou historiques qui, \u00e0 tord ou \u00e0 raison, ont suscit\u00e9 accusations et calomnies et marqu\u00e9 l&#8217;Histoire ou les histoires par leur personnalit\u00e9 sulfureuse&#8230;..<\/p>\n<p style=\"text-align: center;\">\u00a0<strong> D\u00e9esse f\u00e9e, c\u2019est \u00e0 la fois la Reine des F\u00e9es du Munster o\u00f9 apparemment il y en a plusieurs, c\u2019est aussi la d\u00e9esse irlandaise de la Fertilit\u00e9 et de l\u2019Amour, c\u2019est la plus connue des Leanan Sidhe disent certains, dot\u00e9e \u00e0 la fois de la capacit\u00e9 d\u2019inspirer la cr\u00e9ativit\u00e9 des mortels avec lesquels elle se lie, et de pouvoirs quasi-vampiriques puisqu\u2019elle absorbe leur \u00e9nergie vitale. Aine \u00e9tait aussi la d\u00e9esse de po\u00e9sie voire de la folie. Le cairn de Mullach an Triuir sur la montagne, Cnoc Aine, pouvait soit accorder le don de po\u00e9sie soit provoquer la folie. <\/strong><strong>Ceux qui s\u2019asseyaient sur la pierre, Cathair Aine, risquaient de perdre l\u2019esprit temporairement et ceux qui s\u2019y asseyaient trois fois le perdaient \u00e0 tout jamais. Une l\u00e9gende raconte aussi que tous les chiens errants d\u2019Irlande se rassemblaient ici. <\/strong><\/p>\n<p style=\"text-align: center;\"><strong>Collier inox articul\u00e9 asym\u00e9trique, compos\u00e9 d&#8217;une dizaine de fils inox de diam\u00e8tres diff\u00e9rents, soud\u00e9s argent et martel\u00e9s main. <\/strong><strong>En pi\u00e8ce centrale l\u00e9g\u00e8rement d\u00e9cal\u00e9e, un cabochon de tr\u00e8s belle qualit\u00e9 forme goutte serti griffe Labradorite facett\u00e9e, teinte verte et dor\u00e9e et pointe de bleu. <\/strong><strong>Le collier est mall\u00e9able, il peut se serrer et desserrer pour s&#8217;adapter au plus pr\u00e8s de votre cou. <\/strong><strong>Dimension du collier: 42 cm de long, cha\u00eenette de rallonge de 5 cm pour jouer sur la longueur.<\/strong><strong><br \/>\n<\/strong><\/p>\n<p style=\"text-align: center;\"><strong>Dimension du cabochon: 3,2 cm par 3,2 cm.<\/strong><\/p>\n<p style=\"text-align: center;\"><strong>Style m\u00e9di\u00e9val fantastique et elfique, pi\u00e8ce unique!!<\/strong><strong><br \/>\n<\/strong><\/p>\n<hr \/>\n<div class=\"text-wrap tlid-copy-target\" style=\"text-align: center;\"><span class=\"tlid-translation translation\" lang=\"en\"><span class=\"tlid-translation translation\" lang=\"en\"><strong>&#8220;The naive and astonished word from the Borghese, when asked how she could have posed naked in front of Canova:&#8221; but the workshop was hot! There was a stove! &#8220;<\/strong><br \/>\n<strong>Les Diaboliques, Barbey d&#8217;Aurevilly.<\/strong><\/span><\/span><\/div>\n<div><\/div>\n<div class=\"text-wrap tlid-copy-target\" style=\"text-align: center;\"><strong>Collection inspired by women, fictitious or historical who, rightl<\/strong><strong>y or wrongly, have aroused accusations and calumnies and marked History or stories by their sulphurous personality &#8230;..<\/strong><\/div>\n<div><\/div>\n<div class=\"text-wrap tlid-copy-target\" style=\"text-align: center;\"><span class=\"VIiyi\" lang=\"en\"><span class=\"JLqJ4b\" data-language-for-alternatives=\"en\" data-language-to-translate-into=\"fr\" data-phrase-index=\"0\">\u00a0Fairy goddess, she is both the Queen of the Fairies of Munster where apparently there are several, she is also the Irish goddess of Fertility and Love, she is the best known of the Leanan Sidhe, some say , endowed with both the ability to inspire creativity in the mortals she bonds with, and near-vampiric powers as she absorbs their life energy. Aine was also the goddess of poetry and even madness. The cairn of Mullach an Triuir on the mountain, Cnoc Aine, could either bestow the gift of poetry or induce madness.<\/span><\/span><\/div>\n<div class=\"text-wrap tlid-copy-target\" style=\"text-align: center;\"><span class=\"VIiyi\" lang=\"en\"><span class=\"JLqJ4b\" data-language-for-alternatives=\"en\" data-language-to-translate-into=\"fr\" data-phrase-index=\"0\">\u00a0Those who sat on the stone, Cathair Aine, risked losing their mind temporarily and those who sat on it three times lost it forever. A legend also says that all the stray dogs of Ireland gathered here.<\/span><\/span><\/div>\n<div class=\"text-wrap tlid-copy-target\" style=\"text-align: center;\"><span class=\"VIiyi\" lang=\"en\"><span class=\"JLqJ4b\" data-language-for-alternatives=\"en\" data-language-to-translate-into=\"fr\" data-phrase-index=\"0\">\u00a0<\/span><\/span><\/div>\n<div class=\"text-wrap tlid-copy-target\" style=\"text-align: center;\"><span class=\"VIiyi\" lang=\"en\"><span class=\"JLqJ4b\" data-language-for-alternatives=\"en\" data-language-to-translate-into=\"fr\" data-phrase-index=\"0\">\u00a0<strong>Asymmetrical articulated stainless steel necklace, made up of around ten stainless steel wires of different diameters, silver welded and hand hammered.<\/strong><\/span><\/span><\/div>\n<div class=\"text-wrap tlid-copy-target\" style=\"text-align: center;\"><strong><span class=\"VIiyi\" lang=\"en\"><span class=\"JLqJ4b\" data-language-for-alternatives=\"en\" data-language-to-translate-into=\"fr\" data-phrase-index=\"0\">\u00a0In the slightly offset central piece, a very good quality drop-shaped cabochon set with faceted Labradorite claw, green and gold tint and blue tip.<\/span><\/span><\/strong><\/div>\n<div class=\"text-wrap tlid-copy-target\" style=\"text-align: center;\"><strong><span class=\"VIiyi\" lang=\"en\"><span class=\"JLqJ4b\" data-language-for-alternatives=\"en\" data-language-to-translate-into=\"fr\" data-phrase-index=\"0\">\u00a0The collar is malleable, it can tighten and loosen to fit closer to your neck.<\/span><\/span><\/strong><\/div>\n<div class=\"text-wrap tlid-copy-target\" style=\"text-align: center;\"><strong><span class=\"VIiyi\" lang=\"en\"><span class=\"JLqJ4b\" data-language-for-alternatives=\"en\" data-language-to-translate-into=\"fr\" data-phrase-index=\"0\">\u00a0Dimension of the necklace: 42 cm long, 5 cm extension chain to play on the length.<\/span><\/span><\/strong><\/div>\n<div class=\"text-wrap tlid-copy-target\" style=\"text-align: center;\"><strong><span class=\"VIiyi\" lang=\"en\"><span class=\"JLqJ4b\" data-language-for-alternatives=\"en\" data-language-to-translate-into=\"fr\" data-phrase-index=\"0\">\u00a0Dimension of the cabochon: 3.2 cm by 3.2 cm.<\/span><\/span><\/strong><\/div>\n<div class=\"text-wrap tlid-copy-target\" style=\"text-align: center;\"><strong><span class=\"VIiyi\" lang=\"en\"><span class=\"JLqJ4b\" data-language-for-alternatives=\"en\" data-language-to-translate-into=\"fr\" data-phrase-index=\"0\">\u00a0<\/span><\/span><\/strong><\/div>\n<div class=\"text-wrap tlid-copy-target\" style=\"text-align: center;\"><strong><span class=\"VIiyi\" lang=\"en\"><span class=\"JLqJ4b\" data-language-for-alternatives=\"en\" data-language-to-translate-into=\"fr\" data-phrase-index=\"0\">\u00a0Medieval fantasy and elven style, unique piece!!<\/span><\/span><\/strong><\/div>\n","protected":false},"excerpt":{"rendered":"<p style=\"padding-left: 40px; text-align: center;\"><strong>Collier inox serti Labradorite, d&#8217;inspiration celtique.<br \/>\n<\/strong><\/p>\n<hr \/>\n<div class=\"text-wrap tlid-copy-target\">\n<div class=\"result-shield-container tlid-copy-target\" style=\"text-align: center;\" tabindex=\"0\">\n<div class=\"text-wrap tlid-copy-target\">\n<div class=\"result-shield-container tlid-copy-target\" style=\"text-align: left;\" tabindex=\"0\"><strong><span class=\"tlid-translation translation\" lang=\"en\"><span class=\"\" title=\"\">Stainless steel necklace with Ammonite setting, of celt inspiration.<\/span><\/span><\/strong><\/div>\n<\/div>\n<div class=\"tlid-result-transliteration-container result-transliteration-container transliteration-container\">\n<div class=\"tlid-transliteration-content transliteration-content full\"><\/div>\n<\/div>\n<p><strong><span class=\"tlid-translation translation\" lang=\"en\"><span class=\"\" title=\"\">\u00a0<\/span><\/span><\/strong><\/p>\n<\/div>\n<\/div>\n<div class=\"tlid-result-transliteration-container result-transliteration-container transliteration-container\">\n<div class=\"tlid-transliteration-content transliteration-content full\"><\/div>\n<\/div>\n<div class=\"result-footer source-or-target-footer tlid-copy-target\"><\/div>\n","protected":false},"featured_media":5462,"comment_status":"open","ping_status":"closed","template":"","meta":[],"product_brand":[],"product_cat":[222],"product_tag":[31],"class_list":{"0":"post-5461","1":"product","2":"type-product","3":"status-publish","4":"has-post-thumbnail","6":"product_cat-les-adoptes","7":"product_tag-collier","8":"pa_ambiance-antique","9":"pa_ambiance-art-nouveau","10":"pa_ambiance-baroque","11":"pa_ambiance-elfique","12":"pa_ambiance-feerique","13":"pa_ambiance-gothique","14":"pa_ambiance-grece-antique","15":"pa_ambiance-victorien","16":"pa_matiere-inox","17":"pa_ornement-labradorite","18":"pa_ornement-labradorite-bleue","19":"pa_ornement-labradorite-doree","20":"pa_ornement-labradorite-verte","21":"pa_ornement-pierre-semi","23":"first","24":"outofstock","25":"featured","26":"sold-individually","27":"shipping-taxable","28":"purchasable","29":"product-type-simple"},"translation":{"provider":"WPGlobus","version":"3.0.2","language":"en","enabled_languages":["fr","en"],"languages":{"fr":{"title":true,"content":true,"excerpt":true},"en":{"title":false,"content":false,"excerpt":false}}},"jetpack-related-posts":[],"jetpack_sharing_enabled":true,"_links":{"self":[{"href":"https:\/\/www.altisfain.com\/en\/wp-json\/wp\/v2\/product\/5461","targetHints":{"allow":["GET"]}}],"collection":[{"href":"https:\/\/www.altisfain.com\/en\/wp-json\/wp\/v2\/product"}],"about":[{"href":"https:\/\/www.altisfain.com\/en\/wp-json\/wp\/v2\/types\/product"}],"replies":[{"embeddable":true,"href":"https:\/\/www.altisfain.com\/en\/wp-json\/wp\/v2\/comments?post=5461"}],"wp:featuredmedia":[{"embeddable":true,"href":"https:\/\/www.altisfain.com\/en\/wp-json\/wp\/v2\/media\/5462"}],"wp:attachment":[{"href":"https:\/\/www.altisfain.com\/en\/wp-json\/wp\/v2\/media?parent=5461"}],"wp:term":[{"taxonomy":"product_brand","embeddable":true,"href":"https:\/\/www.altisfain.com\/en\/wp-json\/wp\/v2\/product_brand?post=5461"},{"taxonomy":"product_cat","embeddable":true,"href":"https:\/\/www.altisfain.com\/en\/wp-json\/wp\/v2\/product_cat?post=5461"},{"taxonomy":"product_tag","embeddable":true,"href":"https:\/\/www.altisfain.com\/en\/wp-json\/wp\/v2\/product_tag?post=5461"}],"curies":[{"name":"wp","href":"https:\/\/api.w.org\/{rel}","templated":true}]}}