{"id":5449,"date":"2023-06-25T12:45:50","date_gmt":"2023-06-25T10:45:50","guid":{"rendered":"https:\/\/www.altisfain.com\/?post_type=product&#038;p=5449"},"modified":"2026-04-26T08:04:55","modified_gmt":"2026-04-26T06:04:55","slug":"collier-histoires-delles-l-apaisee-pyrite-a-plumes","status":"publish","type":"product","link":"https:\/\/www.altisfain.com\/en\/boutique\/histoires-elles\/collier-histoires-delles-l-apaisee-pyrite-a-plumes\/","title":{"rendered":"Collier &#8220;Histoires d&#8217;Elles: l&#8217; Apais\u00e9e&#8221; Pyrite \u00e0 plumes"},"content":{"rendered":"<p style=\"text-align: center;\">&#8220;<strong>Faire de grand discours \u00e9loquents n&#8217;est pas une preuve de sagesse. L&#8217;homme apais\u00e9, sans haine ni peur, m\u00e9rite d&#8217;\u00eatre appel\u00e9 sage<\/strong><br \/>\n<strong>Bouddha<\/strong><\/p>\n<p style=\"text-align: center;\"><strong>La collection s\u2019appelle \u00ab Histoires d\u2019Elles \u00bb : elle parle de nous, les Femmes, une Ode \u00e0 cette F\u00e9minit\u00e9 multiple et sacr\u00e9e.<\/strong><br \/>\n<strong>Ce sont des histoires \u00e0 la fois communes et personnelles, un retour sur nos qualit\u00e9s assum\u00e9es, nos talents revendiqu\u00e9s mais aussi nos travers, nos fantaisies voir nos manies que l\u2019on souhaite cacher, mais qui nous rendent uniques, sp\u00e9ciales, qui font de nous ce que nous sommes.<\/strong><br \/>\n<strong>Ces cr\u00e9ations n\u2019enjolivent pas mais subliment toutes ces parts de nous, sans rien omettre.<\/strong><br \/>\n<strong>Je vous souhaite de belles histoires avec cette collection, que vous puissiez vous rencontrer et vous raconter \u00e0 travers elle.<\/strong><\/p>\n<p style=\"text-align: center;\">Ce collier tr\u00e8s Art Nouveau marie un plastron articul\u00e9 avec entrelacs et feuilles de fr\u00eane et un serti Pyrite \u00e0 plumes d\u00e9cal\u00e9 du centre du collier .<br \/>\nLa pierre est un cabochon de forme rectangulaire, de tr\u00e8s belle qualit\u00e9 avec des teintes or, noires et grises.<br \/>\nLe m\u00e9tal utilis\u00e9 est un inox type alimentaire, poli et martel\u00e9 main.<br \/>\nLe tour de cou se termine par un mousqueton et une chainette de rallonge agr\u00e9ment\u00e9e d\u2019une feuille de fr\u00eane . Cela permet de jouer sur la longueur du collier et ajoute \u00e0 l\u2019ensemble une coh\u00e9rence harmonieuse.<br \/>\nDimension des feuilles de fr\u00eane : 2 cm par 1,5 cm.<br \/>\nDimension du cabochon: 3,5 cm par 2 cm.<\/p>\n<p style=\"text-align: center;\">Collier infiniment\u2026. je vous laisse libre des interpr\u00e9tations!<\/p>\n<hr \/>\n<p style=\"text-align: center;\"><strong>&#8220;Making great eloquent speeches is no proof of wisdom. The peaceful man, without hate or fear, deserves to be called wise<\/strong><br \/>\n<strong>Buddha<\/strong><\/p>\n<p style=\"text-align: center;\"><strong>The collection is called \u201cHistoires d\u2019Elles\u201d: it talks about us, Women, an Ode to this multiple and sacred Femininity.<\/strong><br \/>\n<strong>These are both common and personal stories, a return to our assumed qualities, our claimed talents but also our failings, our fantasies or even our quirks that we wish to hide, but which make us unique, special, which make us what we are.<\/strong><br \/>\n<strong>These creations do not embellish but sublimate all these parts of us, without omitting anything.<\/strong><br \/>\n<strong>I wish you great stories with this collection, that you can meet and tell each other through it.<\/strong><\/p>\n<p style=\"text-align: center;\">This very Art Nouveau necklace combines an articulated breastplate with interlacing and ash leaves and a feathered Pyrite setting offset from the center of the necklace.<br \/>\nThe stone is a rectangular shaped cabochon, of very good quality with gold, black and gray hues.<br \/>\nThe metal used is food-grade stainless steel, polished and hand-hammered.<br \/>\nThe choker ends with a carabiner and an extension chain embellished with an ash leaf. This allows you to play on the length of the necklace and adds a harmonious coherence to the whole.<br \/>\nDimensions of the ash leaves: 2 cm by 1.5 cm.<br \/>\nDimensions of the cabochon: 3.5 cm by 2 cm.<\/p>\n<p style=\"text-align: center;\">Necklace infinitely\u2026. I leave you free to interpret!<\/p>\n","protected":false},"excerpt":{"rendered":"<p style=\"text-align: center;\"><strong>Collier inox mariant serti Pyrite \u00e0 plumes et feuilles de fr\u00eane, inspiration elfique et onirique.<\/strong><\/p>\n<hr \/>\n<p style=\"text-align: center;\"><strong><span class=\"tlid-translation translation\" lang=\"en\"><span class=\"\" title=\"\">Stainless steel necklace set with Pyrite and ash leaves, elven and dreamlike inspiration.<\/span><\/span><\/strong><\/p>\n","protected":false},"featured_media":5450,"comment_status":"open","ping_status":"closed","template":"","meta":[],"product_brand":[],"product_cat":[20],"product_tag":[31],"class_list":{"0":"post-5449","1":"product","2":"type-product","3":"status-publish","4":"has-post-thumbnail","6":"product_cat-histoires-elles","7":"product_tag-collier","8":"pa_ambiance-art-nouveau","9":"pa_ambiance-bucolique","10":"pa_ambiance-celtique","11":"pa_ambiance-elfique","12":"pa_ambiance-feerique","13":"pa_feuille-lierre","14":"pa_matiere-inox","15":"pa_ornement-pierre-naturelle","16":"pa_ornement-pyrite","18":"first","19":"outofstock","20":"featured","21":"sold-individually","22":"shipping-taxable","23":"purchasable","24":"product-type-simple"},"translation":{"provider":"WPGlobus","version":"3.0.2","language":"en","enabled_languages":["fr","en"],"languages":{"fr":{"title":true,"content":true,"excerpt":true},"en":{"title":false,"content":false,"excerpt":false}}},"jetpack-related-posts":[],"jetpack_sharing_enabled":true,"_links":{"self":[{"href":"https:\/\/www.altisfain.com\/en\/wp-json\/wp\/v2\/product\/5449","targetHints":{"allow":["GET"]}}],"collection":[{"href":"https:\/\/www.altisfain.com\/en\/wp-json\/wp\/v2\/product"}],"about":[{"href":"https:\/\/www.altisfain.com\/en\/wp-json\/wp\/v2\/types\/product"}],"replies":[{"embeddable":true,"href":"https:\/\/www.altisfain.com\/en\/wp-json\/wp\/v2\/comments?post=5449"}],"wp:featuredmedia":[{"embeddable":true,"href":"https:\/\/www.altisfain.com\/en\/wp-json\/wp\/v2\/media\/5450"}],"wp:attachment":[{"href":"https:\/\/www.altisfain.com\/en\/wp-json\/wp\/v2\/media?parent=5449"}],"wp:term":[{"taxonomy":"product_brand","embeddable":true,"href":"https:\/\/www.altisfain.com\/en\/wp-json\/wp\/v2\/product_brand?post=5449"},{"taxonomy":"product_cat","embeddable":true,"href":"https:\/\/www.altisfain.com\/en\/wp-json\/wp\/v2\/product_cat?post=5449"},{"taxonomy":"product_tag","embeddable":true,"href":"https:\/\/www.altisfain.com\/en\/wp-json\/wp\/v2\/product_tag?post=5449"}],"curies":[{"name":"wp","href":"https:\/\/api.w.org\/{rel}","templated":true}]}}