{"id":5423,"date":"2023-06-24T17:43:06","date_gmt":"2023-06-24T15:43:06","guid":{"rendered":"https:\/\/www.altisfain.com\/?post_type=product&#038;p=5423"},"modified":"2024-10-20T21:45:34","modified_gmt":"2024-10-20T19:45:34","slug":"collier-inox-les-passages-celestes-malgre-la-tempete-pietersite","status":"publish","type":"product","link":"https:\/\/www.altisfain.com\/en\/boutique\/les-adoptes\/collier-inox-les-passages-celestes-malgre-la-tempete-pietersite\/","title":{"rendered":"Collier inox &#8220;les Passages C\u00e9lestes: Malgr\u00e9 la Temp\u00eate&#8221; Pietersite"},"content":{"rendered":"<p style=\"text-align: left;\"><strong>\u201cSi la vie n&#8217;est qu&#8217;un passage, sur ce passage au moins semons des fleurs.\u201d<\/strong><br \/>\n<strong>Montaigne<\/strong><\/p>\n<p style=\"text-align: center;\"><strong>\u00ab Les Passages C\u00e9lestes \u00bb est une collection inspir\u00e9e des diff\u00e9rents portes conduisant \u00e0 des univers oniriques mais aussi personnels, des voies qui m\u00e8nent \u00e0 la pleine conscience de soi et du monde. Ces passerelles nous transportent vers des havres supr\u00eames, des finalit\u00e9s plus hautes, des buts ultimes. Ils touchent l&#8217;Histoire, la Spiritualit\u00e9, le Fantastique. Empruntons ces passages et nous entrons dans des contr\u00e9es intimes et fantaisistes.<\/strong><\/p>\n<p style=\"text-align: center;\">La pietersite est appel\u00e9e aussi pierre de temp\u00eate en raison de son lien avec ce ph\u00e9nom\u00e8ne climatique, elle a \u00e9t\u00e9 d\u00e9couverte tr\u00e8s r\u00e9cemment. Cens\u00e9 garder les &#8220;clefs du royaume des cieux&#8221;, elle joint la conscience quotidienne au spirituel, rappelant \u00e0 l&#8217;individu qu&#8217;il est un \u00eatre incorporel ayant entrepris un voyage humain. Elle est associ\u00e9e au ginkgo biloba qui repr\u00e9sente \u00e9galement la r\u00e9sistance, et pour cause. En plus d\u2019avoir r\u00e9sist\u00e9 \u00e0 de grandes extinctions et \u00e0 des \u00e8res glaciaires, le Ginkgo biloba n\u2019est sensible \u00e0 aucune maladie connue et ne conna\u00eet pas de pr\u00e9dateurs. Il s\u2019adapte aussi tr\u00e8s bien aux changements climatiques puisqu\u2019il supporte \u00e0 la fois le froid et la s\u00e8cheresse. Enfin, cet arbre est connu pour son excellente r\u00e9sistance \u00e0 la pollution. Il est d\u2019ailleurs, symboliquement, la premi\u00e8re esp\u00e8ce v\u00e9g\u00e9tale \u00e0 avoir pouss\u00e9 suite au bombardement atomique de Hiroshima en 1945.<\/p>\n<p style=\"text-align: center;\"><strong>\u00a0 \u00a0 <\/strong><strong>\u00a0<\/strong> \u00a0 Collier inox ambiance elfique, serti pietersite, d\u00e9cor d&#8217;entrelacs et de feuilles de ginkgo. Cabochon de tr\u00e8s belle qualit\u00e9 forme ovale, teintes noires et bleues tr\u00e8s intenses, avec pointe de rouge. Tour de cou de 40 \u00e0 45 cm de long, avec chainette de rallonge termin\u00e9 par un entrelacs, afin de jouer sur la longueur du collier. Dimension du cabochon: 3 cm par 1,8 cm.<\/p>\n<p style=\"text-align: center;\">Collier infiniment elfique et mystique!!<\/p>\n<hr \/>\n<p style=\"text-align: center;\">&#8220;If life is only a passage, on this passage at least sow flowers.&#8221;<br \/>\nMontaigne<\/p>\n<p style=\"text-align: center;\">&#8220;The heavenly passages&#8221; is a collection inspired by the different doors leading to dreamlike but also personal worlds, paths that lead to the full awareness of oneself and the world. These bridges carry us to supreme havens, higher ends, ultimate goals. They touch History, Spirituality, Fantasy. Let&#8217;s take these passages and we enter intimate and fanciful countries.<\/p>\n<p style=\"text-align: center;\"><span class=\"VIiyi\" lang=\"en\"><span class=\"JLqJ4b\" data-language-for-alternatives=\"en\" data-language-to-translate-into=\"fr\" data-phrase-index=\"0\">\u00a0 \u00a0<\/span><\/span><\/p>\n<p style=\"text-align: center;\">Pietersite is also called storm stone because of its link with this climatic phenomenon, it was discovered very recently. Supposed to keep the &#8220;keys to the kingdom of heaven&#8221;, it joins the daily consciousness to the spiritual, reminding the individual that he is an incorporeal being who has undertaken a human journey. It is associated with ginkgo biloba which also represents resistance, and for good reason. In addition to having resisted great extinctions and ice ages, Ginkgo biloba is not susceptible to any known disease and knows no predators. It also adapts very well to climate change since it supports both cold and drought. Finally, this tree is known for its excellent resistance to pollution. It is also, symbolically, the first plant species to have grown following the atomic bombing of Hiroshima in 1945.<\/p>\n<p style=\"text-align: center;\">Elvish-style stainless steel necklace, pietersite setting, decor of interlacing and ginkgo leaves. Very good quality cabochon, oval shape, very intense black and blue hues, with a hint of red. Choker 40 to 45 cm long, with extension chain ending in interlacing, in order to play on the length of the necklace. Dimension of the cabochon: 3 cm by 1.8 cm.<\/p>\n<p style=\"text-align: center;\">Infinitely elven and mystical necklace!!<\/p>\n","protected":false},"excerpt":{"rendered":"<p style=\"text-align: center;\"><strong>Collier pendentif esprit elfique et celtique, serti Pietersite. <\/strong><\/p>\n<p style=\"text-align: center;\"><strong>Infiniment mystique et onirique!<\/strong><\/p>\n<hr \/>\n<p style=\"text-align: center;\"><span class=\"tlid-translation translation\" lang=\"en\"><strong><span class=\"\" title=\"\">Elven and Celtic spirit pendant necklace, set with Pietersite.<\/span><\/strong><\/span><\/p>\n<p style=\"text-align: center;\"><strong><span title=\"\">Infinitely mystical and dreamlike!<\/span><\/strong><\/p>\n","protected":false},"featured_media":5424,"comment_status":"open","ping_status":"closed","template":"","meta":[],"product_brand":[],"product_cat":[222],"product_tag":[31,131],"class_list":{"0":"post-5423","1":"product","2":"type-product","3":"status-publish","4":"has-post-thumbnail","6":"product_cat-les-adoptes","7":"product_tag-collier","8":"product_tag-pendentif","9":"pa_ambiance-baroque","10":"pa_ambiance-celtique","11":"pa_ambiance-elfique","12":"pa_ambiance-feerique","13":"pa_ambiance-mystique","14":"pa_ambiance-victorien","15":"pa_matiere-inox","16":"pa_ornement-pierre-semi","17":"pa_ornement-pietersite","19":"first","20":"outofstock","21":"featured","22":"shipping-taxable","23":"purchasable","24":"product-type-simple"},"translation":{"provider":"WPGlobus","version":"3.0.2","language":"en","enabled_languages":["fr","en"],"languages":{"fr":{"title":true,"content":true,"excerpt":true},"en":{"title":false,"content":false,"excerpt":false}}},"jetpack-related-posts":[],"jetpack_sharing_enabled":true,"_links":{"self":[{"href":"https:\/\/www.altisfain.com\/en\/wp-json\/wp\/v2\/product\/5423","targetHints":{"allow":["GET"]}}],"collection":[{"href":"https:\/\/www.altisfain.com\/en\/wp-json\/wp\/v2\/product"}],"about":[{"href":"https:\/\/www.altisfain.com\/en\/wp-json\/wp\/v2\/types\/product"}],"replies":[{"embeddable":true,"href":"https:\/\/www.altisfain.com\/en\/wp-json\/wp\/v2\/comments?post=5423"}],"wp:featuredmedia":[{"embeddable":true,"href":"https:\/\/www.altisfain.com\/en\/wp-json\/wp\/v2\/media\/5424"}],"wp:attachment":[{"href":"https:\/\/www.altisfain.com\/en\/wp-json\/wp\/v2\/media?parent=5423"}],"wp:term":[{"taxonomy":"product_brand","embeddable":true,"href":"https:\/\/www.altisfain.com\/en\/wp-json\/wp\/v2\/product_brand?post=5423"},{"taxonomy":"product_cat","embeddable":true,"href":"https:\/\/www.altisfain.com\/en\/wp-json\/wp\/v2\/product_cat?post=5423"},{"taxonomy":"product_tag","embeddable":true,"href":"https:\/\/www.altisfain.com\/en\/wp-json\/wp\/v2\/product_tag?post=5423"}],"curies":[{"name":"wp","href":"https:\/\/api.w.org\/{rel}","templated":true}]}}