{"id":5421,"date":"2023-06-22T13:30:17","date_gmt":"2023-06-22T11:30:17","guid":{"rendered":"https:\/\/www.altisfain.com\/?post_type=product&#038;p=5421"},"modified":"2024-10-20T21:45:50","modified_gmt":"2024-10-20T19:45:50","slug":"collier-inox-les-passages-celestes-songe-dune-nuit-de-ete-labradorite","status":"publish","type":"product","link":"https:\/\/www.altisfain.com\/en\/boutique\/les-adoptes\/collier-inox-les-passages-celestes-songe-dune-nuit-de-ete-labradorite\/","title":{"rendered":"Collier inox &#8220;les Passages C\u00e9lestes: Songe d&#8217;une nuit de \u00e9t\u00e9 &#8221; Labradorite"},"content":{"rendered":"<p style=\"text-align: left;\"><strong>\u201cSi la vie n&#8217;est qu&#8217;un passage, sur ce passage au moins semons des fleurs.\u201d<\/strong><br \/>\n<strong>Montaigne<\/strong><\/p>\n<p style=\"text-align: center;\"><strong>\u00ab Les Passages C\u00e9lestes \u00bb est une collection inspir\u00e9e des diff\u00e9rents portes conduisant \u00e0 des univers oniriques mais aussi personnels, des voies qui m\u00e8nent \u00e0 la pleine conscience de soi et du monde. Ces passerelles nous transportent vers des havres supr\u00eames, des finalit\u00e9s plus hautes, des buts ultimes. Ils touchent l&#8217;Histoire, la Spiritualit\u00e9, le Fantastique. Empruntons ces passages et nous entrons dans des contr\u00e9es intimes et fantaisistes.<\/strong><\/p>\n<p style=\"text-align: center;\"><em>Le Songe d&#8217;une nuit d&#8217;\u00e9t\u00e9<\/em>\u00a0est une pi\u00e8ce inclassable, o\u00f9 le merveilleux le dispute au comique. C&#8217;est une m\u00e9ditation sur les pouvoirs du r\u00eave et de l&#8217;imagination face \u00e0 l&#8217;arbitraire de la loi, qui donne une forme dramatique \u00e0 l&#8217;intuition de l&#8217;inconscient. Ainsi, la for\u00eat permet aux jeunes gens d&#8217;\u00e9chapper aux rigueurs de la loi familiale et civile et, lieu de tous les aveuglements, de donner libre cours aux passions les plus d\u00e9brid\u00e9es. Ces exp\u00e9riences-limites, born\u00e9es finalement par le retour \u00e0 la vie r\u00e9elle au r\u00e9veil, semblent permettre la lib\u00e9ration de leurs pulsions. Rendus \u00e0 la cour d&#8217;Ath\u00e8nes, les jeunes amants paraissent avoir effectu\u00e9 les ajustements n\u00e9cessaires \u00e0 la vie sociale, ne gardant de leurs exc\u00e8s nocturnes qu&#8217;un souvenir lointain.<\/p>\n<p style=\"text-align: center;\"><strong>\u00a0 \u00a0 <\/strong><strong>\u00a0<\/strong> \u00a0 Collier inox ambiance elfique, serti Labradorite, d\u00e9cor d&#8217;entrelacs et de papillons. Cabochon de tr\u00e8s belle qualit\u00e9 forme ronde, teintes vertes et bleues tr\u00e8s intenses, stri\u00e9e de noir. Tour de cou de 40 \u00e0 45 cm de long, avec chainette de rallonge termin\u00e9 par un entrelacs, afin de jouer sur la longueur du collier. Diam\u00e8tre du cabochon: 3 cm.<\/p>\n<p style=\"text-align: center;\">Pendentif infiniment elfique et mystique!!<\/p>\n<hr \/>\n<p style=\"text-align: center;\">&#8220;If life is only a passage, on this passage at least sow flowers.&#8221;<br \/>\nMontaigne<\/p>\n<p style=\"text-align: center;\">&#8220;The heavenly passages&#8221; is a collection inspired by the different doors leading to dreamlike but also personal worlds, paths that lead to the full awareness of oneself and the world. These bridges carry us to supreme havens, higher ends, ultimate goals. They touch History, Spirituality, Fantasy. Let&#8217;s take these passages and we enter intimate and fanciful countries.<\/p>\n<p style=\"text-align: center;\"><span class=\"VIiyi\" lang=\"en\"><span class=\"JLqJ4b\" data-language-for-alternatives=\"en\" data-language-to-translate-into=\"fr\" data-phrase-index=\"0\">\u00a0 \u00a0<\/span><\/span> <strong>A Midsummer Night&#8217;s Dream is an unclassifiable play, where the marvelous vies with the comic. It is a meditation on the powers of dreams and imagination in the face of the arbitrariness of the law, which gives dramatic form to the intuition of the unconscious. Thus, the forest allows young people to escape the rigors of family and civil law and, instead of all blindness, to give free rein to the most unbridled passions. These borderline experiences, ultimately limited by the return to real life on waking, seem to allow the release of their drives. Returned to the court of Athens, the young lovers seem to have made the necessary adjustments to social life, keeping only a distant memory of their nocturnal excesses.<\/strong><\/p>\n<p style=\"text-align: center;\"><strong>Elven-inspired stainless steel necklace, set with Labradorite, interlacing and butterfly decor. Cabochon of very good quality, round shape, very intense green and blue hues, streaked with black. Choker 40 to 45 cm long, with extension chain ending in interlacing, in order to play on the length of the necklace. Diameter of the cabochon: 3.6 cm by 4.8 cm.<\/strong><\/p>\n<p style=\"text-align: center;\"><strong>Infinitely elven and mystical pendant!!<\/strong><\/p>\n","protected":false},"excerpt":{"rendered":"<p style=\"text-align: center;\"><strong>Collier pendentif esprit elfique et celtique, serti Labradorite. <\/strong><\/p>\n<p style=\"text-align: center;\"><strong>Infiniment mystique et onirique!<\/strong><\/p>\n<hr \/>\n<p style=\"text-align: center;\"><span class=\"tlid-translation translation\" lang=\"en\"><strong><span class=\"\" title=\"\">Elven and Celtic spirit pendant necklace, set with Labradorite.<\/span><\/strong><\/span><\/p>\n<p style=\"text-align: center;\"><strong><span title=\"\">Infinitely mystical and dreamlike!<\/span><\/strong><\/p>\n","protected":false},"featured_media":5422,"comment_status":"open","ping_status":"closed","template":"","meta":[],"product_brand":[],"product_cat":[222],"product_tag":[31,131],"class_list":{"0":"post-5421","1":"product","2":"type-product","3":"status-publish","4":"has-post-thumbnail","6":"product_cat-les-adoptes","7":"product_tag-collier","8":"product_tag-pendentif","9":"pa_ambiance-baroque","10":"pa_ambiance-celtique","11":"pa_ambiance-elfique","12":"pa_ambiance-feerique","13":"pa_ambiance-mystique","14":"pa_ambiance-victorien","15":"pa_matiere-inox","16":"pa_ornement-labradorite","17":"pa_ornement-labradorite-bleue","18":"pa_ornement-labradorite-verte","19":"pa_ornement-pierre-semi","21":"first","22":"outofstock","23":"featured","24":"shipping-taxable","25":"purchasable","26":"product-type-simple"},"translation":{"provider":"WPGlobus","version":"3.0.2","language":"en","enabled_languages":["fr","en"],"languages":{"fr":{"title":true,"content":true,"excerpt":true},"en":{"title":false,"content":false,"excerpt":false}}},"jetpack-related-posts":[],"jetpack_sharing_enabled":true,"_links":{"self":[{"href":"https:\/\/www.altisfain.com\/en\/wp-json\/wp\/v2\/product\/5421","targetHints":{"allow":["GET"]}}],"collection":[{"href":"https:\/\/www.altisfain.com\/en\/wp-json\/wp\/v2\/product"}],"about":[{"href":"https:\/\/www.altisfain.com\/en\/wp-json\/wp\/v2\/types\/product"}],"replies":[{"embeddable":true,"href":"https:\/\/www.altisfain.com\/en\/wp-json\/wp\/v2\/comments?post=5421"}],"wp:featuredmedia":[{"embeddable":true,"href":"https:\/\/www.altisfain.com\/en\/wp-json\/wp\/v2\/media\/5422"}],"wp:attachment":[{"href":"https:\/\/www.altisfain.com\/en\/wp-json\/wp\/v2\/media?parent=5421"}],"wp:term":[{"taxonomy":"product_brand","embeddable":true,"href":"https:\/\/www.altisfain.com\/en\/wp-json\/wp\/v2\/product_brand?post=5421"},{"taxonomy":"product_cat","embeddable":true,"href":"https:\/\/www.altisfain.com\/en\/wp-json\/wp\/v2\/product_cat?post=5421"},{"taxonomy":"product_tag","embeddable":true,"href":"https:\/\/www.altisfain.com\/en\/wp-json\/wp\/v2\/product_tag?post=5421"}],"curies":[{"name":"wp","href":"https:\/\/api.w.org\/{rel}","templated":true}]}}