{"id":5392,"date":"2023-03-13T17:56:23","date_gmt":"2023-03-13T16:56:23","guid":{"rendered":"https:\/\/www.altisfain.com\/?post_type=product&#038;p=5392"},"modified":"2024-10-20T21:46:23","modified_gmt":"2024-10-20T19:46:23","slug":"pendentif-inox-les-passages-celestes-la-belle-epoque-fluorite","status":"publish","type":"product","link":"https:\/\/www.altisfain.com\/en\/boutique\/les-adoptes\/pendentif-inox-les-passages-celestes-la-belle-epoque-fluorite\/","title":{"rendered":"Pendentif inox &#8220;les Passages C\u00e9lestes: la Belle \u00c9poque&#8221; Fluorite"},"content":{"rendered":"<p style=\"text-align: center;\"><strong>\u201cSi la vie n&#8217;est qu&#8217;un passage, sur ce passage au moins semons des fleurs.\u201d<\/strong><br \/>\n<strong>Montaigne<\/strong><\/p>\n<p style=\"text-align: center;\"><strong>\u00ab Les Passages C\u00e9lestes \u00bb est une collection inspir\u00e9e des diff\u00e9rents portes conduisant \u00e0 des univers oniriques mais aussi personnels, des voies qui m\u00e8nent \u00e0 la pleine conscience de soi et du monde. Ces passerelles nous transportent vers des havres supr\u00eames, des finalit\u00e9s plus hautes, des buts ultimes. Ils touchent l&#8217;Histoire, la Spiritualit\u00e9, le Fantastique. Empruntons ces passages et nous entrons dans des contr\u00e9es intimes et fantaisistes.<\/strong><\/p>\n<p style=\"text-align: center;\"><strong>La\u00a0Belle \u00c9poque\u00a0symbolise des ann\u00e9es foisonnantes d\u2019une grande richesse artistique, aussi importantes que celles dites \u201cclassiques\u201d. Suivront les ann\u00e9es d\u2019apr\u00e8s-guerre, appel\u00e9 \u201cles Ann\u00e9es folles\u201c.<\/strong><\/p>\n<p style=\"text-align: center;\"><strong>Ce foisonnement d\u2019id\u00e9e s\u2019explique par la volont\u00e9 des artistes de\u00a0transgresser l\u2019art classique\u00a0en s\u2019affranchissant des r\u00e8gles pr\u00e9existantes. Voici comment\u00a0l\u2019Art nouveau\u00a0est n\u00e9.<\/strong><\/p>\n<p style=\"text-align: center;\">Pendentif collier inox ambiance elfique, tour de cou articul\u00e9 serti Fluorite. Cabochon de tr\u00e8s belle qualit\u00e9 forme goutte, aux teintes bleues, vertes et violettes. D\u00e9cor d&#8217;entrelacs qui entourent la pierre en serti griffe. Dimension du pendentif : 8 cm par 7,5 cm. Dimension du cabochon: 2,8 cm par 1,9 cm.<\/p>\n<p style=\"text-align: center;\">Pendentif infiniment elfique et mystique!!<\/p>\n","protected":false},"excerpt":{"rendered":"<p style=\"text-align: center;\"><strong>Pendentif esprit elfique et Art nouveau, serti Fluorite. <\/strong><\/p>\n<p style=\"text-align: center;\"><strong>Infiniment mystique et onirique!<\/strong><\/p>\n","protected":false},"featured_media":5393,"comment_status":"open","ping_status":"closed","template":"","meta":[],"product_brand":[],"product_cat":[222],"product_tag":[131],"class_list":{"0":"post-5392","1":"product","2":"type-product","3":"status-publish","4":"has-post-thumbnail","6":"product_cat-les-adoptes","7":"product_tag-pendentif","8":"pa_ambiance-baroque","9":"pa_ambiance-celtique","10":"pa_ambiance-elfique","11":"pa_ambiance-feerique","12":"pa_ambiance-mystique","13":"pa_ambiance-victorien","14":"pa_matiere-inox","15":"pa_ornement-fluorite","16":"pa_ornement-pierre-semi","18":"first","19":"outofstock","20":"featured","21":"shipping-taxable","22":"purchasable","23":"product-type-simple"},"translation":{"provider":"WPGlobus","version":"3.0.2","language":"en","enabled_languages":["fr","en"],"languages":{"fr":{"title":true,"content":true,"excerpt":true},"en":{"title":false,"content":false,"excerpt":false}}},"jetpack-related-posts":[],"jetpack_sharing_enabled":true,"_links":{"self":[{"href":"https:\/\/www.altisfain.com\/en\/wp-json\/wp\/v2\/product\/5392","targetHints":{"allow":["GET"]}}],"collection":[{"href":"https:\/\/www.altisfain.com\/en\/wp-json\/wp\/v2\/product"}],"about":[{"href":"https:\/\/www.altisfain.com\/en\/wp-json\/wp\/v2\/types\/product"}],"replies":[{"embeddable":true,"href":"https:\/\/www.altisfain.com\/en\/wp-json\/wp\/v2\/comments?post=5392"}],"wp:featuredmedia":[{"embeddable":true,"href":"https:\/\/www.altisfain.com\/en\/wp-json\/wp\/v2\/media\/5393"}],"wp:attachment":[{"href":"https:\/\/www.altisfain.com\/en\/wp-json\/wp\/v2\/media?parent=5392"}],"wp:term":[{"taxonomy":"product_brand","embeddable":true,"href":"https:\/\/www.altisfain.com\/en\/wp-json\/wp\/v2\/product_brand?post=5392"},{"taxonomy":"product_cat","embeddable":true,"href":"https:\/\/www.altisfain.com\/en\/wp-json\/wp\/v2\/product_cat?post=5392"},{"taxonomy":"product_tag","embeddable":true,"href":"https:\/\/www.altisfain.com\/en\/wp-json\/wp\/v2\/product_tag?post=5392"}],"curies":[{"name":"wp","href":"https:\/\/api.w.org\/{rel}","templated":true}]}}