{"id":5387,"date":"2023-03-13T16:46:29","date_gmt":"2023-03-13T15:46:29","guid":{"rendered":"https:\/\/www.altisfain.com\/?post_type=product&#038;p=5387"},"modified":"2025-11-09T22:05:54","modified_gmt":"2025-11-09T21:05:54","slug":"diademe-inox-les-diaboliques-titania-labradorite","status":"publish","type":"product","link":"https:\/\/www.altisfain.com\/en\/boutique\/diaboliques\/diademe-inox-les-diaboliques-titania-labradorite\/","title":{"rendered":"Diad\u00e8me inox &#8220;les Diaboliques: Titania&#8221; Labradorite"},"content":{"rendered":"<p style=\"text-align: center;\"><b>Le mot na\u00eff et \u00e9tonn\u00e9 de la Borgh\u00e8se, quand on lui demanda comment elle avait bien pu poser nue devant Canova: \u00abmais l\u2019atelier \u00e9tait chaud! il y avait un po\u00eale!\u00bb\u201d <\/b><b>Les Diaboliques, Barbey d\u2019Aurevilly.<\/b><\/p>\n<p style=\"text-align: center;\"><b>\u00a0<\/b><b>Collection inspir\u00e9e de femmes, fictives ou historiques qui, \u00e0 tord ou \u00e0 raison, ont suscit\u00e9 accusations et calomnies et marqu\u00e9 l\u2019Histoire ou les histoires par leur personnalit\u00e9 sulfureuse\u2026..<\/b><\/p>\n<p style=\"text-align: center;\"><b>\u00a0<\/b><b>Titania est le nom donn\u00e9 par William Shakespeare \u00e0 la reine des f\u00e9es des contes populaires anglais qui, traditionnellement, n&#8217;avait pas de nom. Il est \u00e0 noter que le terme \u00ab f\u00e9e \u00bb englobe toute une population mythologique telle que elfes, nains, lutins et f\u00e9es.<\/b><\/p>\n<p style=\"text-align: center;\"><b>Il emprunta ce nom \u00e0 Ovide qui dans les M\u00e9tamorphoses nomme Titaniae, les s\u0153urs des Titans. <\/b><b>Dans la pi\u00e8ce de Shakespeare, Titania est la femme d&#8217;Ob\u00e9ron, roi des elfes. <\/b><b>Touch\u00e9e par un sort jet\u00e9 par Puck sur ordre de son mari, elle tombe endormie. L&#8217;enchantement veut qu&#8217;elle tombe amoureuse du premier venu \u00e0 son r\u00e9veil, \u00e0 savoir le laid Nick Bottom, victime d&#8217;un sort qui l&#8217;a m\u00e9tamorphos\u00e9 en \u00e2ne.<\/b><b><br \/>\n<\/b><\/p>\n<p style=\"text-align: center;\">Diad\u00e8me celtique ou tiare imperiale. Diad\u00e8me r\u00e9alis\u00e9 en fils inox sur un d\u00e9cor asym\u00e9trique et surmont\u00e9 d&#8217;un serti Labradorite. Pierre forme goutte Labradorite aux teint\u00e9s bleues tr\u00e8s intenses.<\/p>\n<p style=\"text-align: center;\">Diad\u00e8me d&#8217;inspiration celtique et Art nouveau.<b><br \/>\n<\/b><\/p>\n","protected":false},"excerpt":{"rendered":"<p style=\"text-align: center;\"><strong>Diad\u00e8me esprit celtique et Art nouveau, serti Labradorite bleue. <\/strong><\/p>\n<p style=\"text-align: center;\"><strong>Infiniment art nouveau et onirique!<\/strong><\/p>\n","protected":false},"featured_media":5388,"comment_status":"open","ping_status":"closed","template":"","meta":[],"product_brand":[],"product_cat":[15,130],"product_tag":[30],"class_list":{"0":"post-5387","1":"product","2":"type-product","3":"status-publish","4":"has-post-thumbnail","6":"product_cat-diaboliques","7":"product_cat-les-passages-celestes","8":"product_tag-coiffure","9":"pa_ambiance-baroque","10":"pa_ambiance-celtique","11":"pa_ambiance-elfique","12":"pa_ambiance-feerique","13":"pa_ambiance-mystique","14":"pa_ambiance-victorien","15":"pa_matiere-inox","16":"pa_ornement-labradorite","17":"pa_ornement-labradorite-bleue","18":"pa_ornement-pierre-semi","20":"first","21":"outofstock","22":"featured","23":"shipping-taxable","24":"purchasable","25":"product-type-simple"},"translation":{"provider":"WPGlobus","version":"3.0.2","language":"en","enabled_languages":["fr","en"],"languages":{"fr":{"title":true,"content":true,"excerpt":true},"en":{"title":false,"content":false,"excerpt":false}}},"jetpack-related-posts":[],"jetpack_sharing_enabled":true,"_links":{"self":[{"href":"https:\/\/www.altisfain.com\/en\/wp-json\/wp\/v2\/product\/5387","targetHints":{"allow":["GET"]}}],"collection":[{"href":"https:\/\/www.altisfain.com\/en\/wp-json\/wp\/v2\/product"}],"about":[{"href":"https:\/\/www.altisfain.com\/en\/wp-json\/wp\/v2\/types\/product"}],"replies":[{"embeddable":true,"href":"https:\/\/www.altisfain.com\/en\/wp-json\/wp\/v2\/comments?post=5387"}],"wp:featuredmedia":[{"embeddable":true,"href":"https:\/\/www.altisfain.com\/en\/wp-json\/wp\/v2\/media\/5388"}],"wp:attachment":[{"href":"https:\/\/www.altisfain.com\/en\/wp-json\/wp\/v2\/media?parent=5387"}],"wp:term":[{"taxonomy":"product_brand","embeddable":true,"href":"https:\/\/www.altisfain.com\/en\/wp-json\/wp\/v2\/product_brand?post=5387"},{"taxonomy":"product_cat","embeddable":true,"href":"https:\/\/www.altisfain.com\/en\/wp-json\/wp\/v2\/product_cat?post=5387"},{"taxonomy":"product_tag","embeddable":true,"href":"https:\/\/www.altisfain.com\/en\/wp-json\/wp\/v2\/product_tag?post=5387"}],"curies":[{"name":"wp","href":"https:\/\/api.w.org\/{rel}","templated":true}]}}