{"id":5381,"date":"2023-03-13T16:30:39","date_gmt":"2023-03-13T15:30:39","guid":{"rendered":"https:\/\/www.altisfain.com\/?post_type=product&#038;p=5381"},"modified":"2023-03-13T16:46:21","modified_gmt":"2023-03-13T15:46:21","slug":"diademe-inox-les-diaboliques-zelda-fitzgerald-emeraude-brute","status":"publish","type":"product","link":"https:\/\/www.altisfain.com\/en\/boutique\/diaboliques\/diademe-inox-les-diaboliques-zelda-fitzgerald-emeraude-brute\/","title":{"rendered":"Diad\u00e8me inox &#8220;les Diaboliques: Zelda Fitzgerald&#8221; \u00c9meraude brute"},"content":{"rendered":"<p style=\"text-align: center;\"><b>Le mot na\u00eff et \u00e9tonn\u00e9 de la Borgh\u00e8se, quand on lui demanda comment elle avait bien pu poser nue devant Canova: \u00abmais l\u2019atelier \u00e9tait chaud! il y avait un po\u00eale!\u00bb\u201d<\/b><\/p>\n<p style=\"text-align: center;\"><b>Les Diaboliques, Barbey d\u2019Aurevilly.<\/b><b><br \/>\n<\/b><\/p>\n<p style=\"text-align: center;\"><b>\u00a0<\/b><\/p>\n<p style=\"text-align: center;\"><b>Collection inspir\u00e9e de femmes, fictives ou historiques qui, \u00e0 tord ou \u00e0 raison, ont suscit\u00e9 accusations et calomnies et marqu\u00e9 l\u2019Histoire ou les histoires par leur personnalit\u00e9 sulfureuse\u2026..<\/b><\/p>\n<p style=\"text-align: center;\"><b>\u00a0<\/b><\/p>\n<p style=\"text-align: center;\"><b>Zelda Fitzgerald fut une ic\u00f4ne des ann\u00e9es 1920 \u2014 surnomm\u00e9e la \u00ab premi\u00e8re gar\u00e7onne am\u00e9ricaine \u00bb par son mari. Apr\u00e8s le succ\u00e8s du premier roman de celui-ci, L&#8217;Envers du paradis, le couple devint c\u00e9l\u00e8bre. La presse am\u00e9ricaine vit en eux l&#8217;incarnation des Ann\u00e9es folles et de l&#8217;\u00e2ge du Jazz : jeunes, riches, beaux et pleins de vie. L&#8217;int\u00e9r\u00eat pour les Fitzgerald resurgit peu apr\u00e8s sa mort : le couple devient le sujet privil\u00e9gi\u00e9 d&#8217;essais, de livres populaires et de films. Apr\u00e8s avoir \u00e9t\u00e9 un embl\u00e8me de l&#8217;\u00e2ge d&#8217;or du jazz, des ann\u00e9es folles et de la g\u00e9n\u00e9ration perdue, Zelda Fitzgerald trouva un nouveau r\u00f4le \u00e0 titre posthume : \u00e0 la suite d&#8217;une c\u00e9l\u00e8bre biographie, \u00e9crite par Nancy Milford et parue en 1970, qui la d\u00e9peint en victime d&#8217;un mari autoritaire, elle devint une ic\u00f4ne f\u00e9ministe.<\/b><b><br \/>\n<\/b><\/p>\n<p style=\"text-align: center;\">Diad\u00e8me esprit headband, style ann\u00e9es folles. Diad\u00e8me r\u00e9alis\u00e9 en fils inox sur un d\u00e9cor asym\u00e9trique et surmont\u00e9 d&#8217;un serti \u00c9meraude brute. Pierre ovale \u00c9meraude brute dans les teintes vert clair et fonc\u00e9 et noire.<\/p>\n<p style=\"text-align: center;\">Diad\u00e8me d&#8217;inspiration charleston et Art D\u00e9co.<b><br \/>\n<\/b><\/p>\n","protected":false},"excerpt":{"rendered":"<p style=\"text-align: center;\"><strong>Diad\u00e8me esprit headband Art Deco , serti \u00c9meraude brute. <\/strong><\/p>\n<p style=\"text-align: center;\"><strong>Infiniment art nouveau et onirique!<\/strong><\/p>\n","protected":false},"featured_media":5382,"comment_status":"open","ping_status":"closed","template":"","meta":[],"product_brand":[],"product_cat":[15,130],"product_tag":[30],"class_list":{"0":"post-5381","1":"product","2":"type-product","3":"status-publish","4":"has-post-thumbnail","6":"product_cat-diaboliques","7":"product_cat-les-passages-celestes","8":"product_tag-coiffure","9":"pa_ambiance-baroque","10":"pa_ambiance-celtique","11":"pa_ambiance-elfique","12":"pa_ambiance-feerique","13":"pa_ambiance-mystique","14":"pa_ambiance-victorien","15":"pa_matiere-inox","16":"pa_ornement-emeraude","17":"pa_ornement-pierre-semi","19":"first","20":"instock","21":"featured","22":"shipping-taxable","23":"purchasable","24":"product-type-simple"},"translation":{"provider":"WPGlobus","version":"3.0.2","language":"en","enabled_languages":["fr","en"],"languages":{"fr":{"title":true,"content":true,"excerpt":true},"en":{"title":false,"content":false,"excerpt":false}}},"jetpack-related-posts":[],"jetpack_sharing_enabled":true,"_links":{"self":[{"href":"https:\/\/www.altisfain.com\/en\/wp-json\/wp\/v2\/product\/5381","targetHints":{"allow":["GET"]}}],"collection":[{"href":"https:\/\/www.altisfain.com\/en\/wp-json\/wp\/v2\/product"}],"about":[{"href":"https:\/\/www.altisfain.com\/en\/wp-json\/wp\/v2\/types\/product"}],"replies":[{"embeddable":true,"href":"https:\/\/www.altisfain.com\/en\/wp-json\/wp\/v2\/comments?post=5381"}],"wp:featuredmedia":[{"embeddable":true,"href":"https:\/\/www.altisfain.com\/en\/wp-json\/wp\/v2\/media\/5382"}],"wp:attachment":[{"href":"https:\/\/www.altisfain.com\/en\/wp-json\/wp\/v2\/media?parent=5381"}],"wp:term":[{"taxonomy":"product_brand","embeddable":true,"href":"https:\/\/www.altisfain.com\/en\/wp-json\/wp\/v2\/product_brand?post=5381"},{"taxonomy":"product_cat","embeddable":true,"href":"https:\/\/www.altisfain.com\/en\/wp-json\/wp\/v2\/product_cat?post=5381"},{"taxonomy":"product_tag","embeddable":true,"href":"https:\/\/www.altisfain.com\/en\/wp-json\/wp\/v2\/product_tag?post=5381"}],"curies":[{"name":"wp","href":"https:\/\/api.w.org\/{rel}","templated":true}]}}