{"id":5364,"date":"2023-02-08T15:53:37","date_gmt":"2023-02-08T14:53:37","guid":{"rendered":"https:\/\/www.altisfain.com\/?post_type=product&#038;p=5364"},"modified":"2024-10-20T21:47:08","modified_gmt":"2024-10-20T19:47:08","slug":"collier-inox-les-passages-celestes-le-souffle-divin-labradorite","status":"publish","type":"product","link":"https:\/\/www.altisfain.com\/en\/boutique\/les-adoptes\/collier-inox-les-passages-celestes-le-souffle-divin-labradorite\/","title":{"rendered":"Collier inox &#8220;les Passages C\u00e9lestes: le Souffle Divin&#8221; Labradorite"},"content":{"rendered":"<p style=\"text-align: center;\"><strong>\u201cSi la vie n&#8217;est qu&#8217;un passage, sur ce passage au moins semons des fleurs.\u201d<\/strong><br \/>\n<strong>Montaigne<\/strong><\/p>\n<p style=\"text-align: center;\"><strong>\u00ab\u00a0Les Passages C\u00e9lestes\u00a0\u00bb est une collection inspir\u00e9e des diff\u00e9rents portes conduisant \u00e0 des univers oniriques mais aussi personnels, des voies qui m\u00e8nent \u00e0 la pleine conscience de soi et du monde. Ces passerelles nous transportent vers des havres supr\u00eames, des finalit\u00e9s plus hautes, des buts ultimes. Ils touchent l&#8217;Histoire, la Spiritualit\u00e9, le Fantastique. Empruntons ces passages et nous entrons dans des contr\u00e9es intimes et fantaisistes.<\/strong><\/p>\n<p style=\"text-align: center;\"><b>Le souffle est l\u2019\u00e9nergie ou la substance universelle qui coule en toute chose. C\u2019est une \u00e9nergie qui porte, qui relie, qui rassemble ce qui semble \u00e9pars.<\/b><b> De la m\u00eame mani\u00e8re que la respiration nous permet de vivre, le souffle spirituel nous permet de trouver un sens \u00e0 notre vie : il ne tient qu\u2019\u00e0 nous de reconna\u00eetre et d\u2019accueillir ce souffle qui nous p\u00e9n\u00e8tre d\u00e9j\u00e0.<\/b><b> Ainsi, le souffle touche l\u2019humain qui est pr\u00eat \u00e0 le recevoir en ouvrant son coeur et son intellect. Il lui faudra relier son \u00e2me \u00e0 l\u2019\u00e2me du monde, au cosmos tout entier.<\/b><b>\u00a0Recevoir le souffle divin, c\u2019est ouvrir sa conscience pour acc\u00e9der \u00e0 la connaissance des lois cosmiques fondamentales. C\u2019est recevoir les dons de Dieu : sagesse et connaissance. C\u2019est se laisser traverser par toutes les \u00e9nergies cosmiques ; c\u2019est entrer dans un monde de paix et de s\u00e9r\u00e9nit\u00e9, c\u2019est devenir immortel.<\/b><\/p>\n<p style=\"text-align: center;\">Collier inox ambiance elfique, tour de cou articul\u00e9 serti Labradorite. Cabochon de tr\u00e8s belle qualit\u00e9 forme ovale, aux teintes bleues\u00a0 et dor\u00e9es, vertes er orang\u00e9es. D\u00e9cor d&#8217;entrelacs qui entourent la pierre en serti griffe. Tour de cou articul\u00e9 avec fils qui serpentent, de 40 \u00e0 45 cm de long, avec chainette de rallonge termin\u00e9 par un entrelac, afin de jouer sur la longueur du collier. Dimension du cabochon: 2,8 cm par 1,9 cm.<\/p>\n<p style=\"text-align: center;\">Pendentif infiniment elfique et mystique!!<\/p>\n<hr \/>\n<p style=\"text-align: center;\"><strong>\u201cIf life is only a passage, on this passage at least let us sow flowers.\u201d<\/strong><br \/>\n<strong>Montaigne<\/strong><\/p>\n<p style=\"text-align: center;\"><strong>&#8220;Les Passages C\u00e9lestes&#8221; is a collection inspired by the different doors leading to dreamlike but also personal universes, paths that lead to full awareness of oneself and the world. These gateways transport us to supreme havens, higher ends, ultimate goals. They touch History, Spirituality, the Fantasy. Take these passages and we enter intimate and whimsical lands.<\/strong><\/p>\n<p style=\"text-align: center;\">Breath is the universal energy or substance that flows through everything. It is an energy that carries, that connects, that brings together what seems scattered. In the same way that the breath allows us to live, the spiritual breath allows us to find meaning in our life: it is up to us to recognize and welcome this breath that is already entering us. Thus, the breath touches the human who is ready to receive it by opening his heart and his intellect. He will have to connect his soul to the soul of the world, to the entire cosmos. To receive the divine breath is to open one&#8217;s consciousness to access the knowledge of fundamental cosmic laws. It is to receive the gifts of God: wisdom and knowledge. It is letting yourself be crossed by all the cosmic energies; it is to enter a world of peace and serenity, it is to become immortal.<\/p>\n<p style=\"text-align: center;\">Elven-inspired stainless steel necklace, articulated choker set with Labradorite. Very good quality cabochon in oval shape, with blue and gold, green and orange hues. Decor of interlacing which surrounds the stone in claw setting. Articulated choker with meandering threads, 40 to 45 cm long, with extension chain ending in interlacing, in order to play on the length of the necklace. Dimension of the cabochon: 2.8 cm by 1.9 cm.<\/p>\n<p style=\"text-align: center;\">Infinitely elven and mystical pendant!!<\/p>\n","protected":false},"excerpt":{"rendered":"<p style=\"text-align: center;\"><strong>Collier esprit elfique et celtique, serti Labradorite. <\/strong><\/p>\n<p style=\"text-align: center;\"><strong>Infiniment mystique et onirique!<\/strong><\/p>\n<hr \/>\n<p style=\"text-align: center;\"><span class=\"tlid-translation translation\" lang=\"en\"><strong><span class=\"\" title=\"\">Elven and Celtic spirit necklace, set with Labradorite.<\/span><\/strong><\/span><\/p>\n<p style=\"text-align: center;\"><strong><span title=\"\">Infinitely mystical and dreamlike!<\/span><\/strong><\/p>\n","protected":false},"featured_media":5365,"comment_status":"open","ping_status":"closed","template":"","meta":[],"product_brand":[],"product_cat":[222],"product_tag":[31],"class_list":{"0":"post-5364","1":"product","2":"type-product","3":"status-publish","4":"has-post-thumbnail","6":"product_cat-les-adoptes","7":"product_tag-collier","8":"pa_ambiance-baroque","9":"pa_ambiance-celtique","10":"pa_ambiance-elfique","11":"pa_ambiance-feerique","12":"pa_ambiance-mystique","13":"pa_ambiance-victorien","14":"pa_matiere-inox","15":"pa_ornement-labradorite","16":"pa_ornement-labradorite-bleue","17":"pa_ornement-labradorite-doree","18":"pa_ornement-labradorite-orange","19":"pa_ornement-pierre-semi","21":"first","22":"outofstock","23":"featured","24":"shipping-taxable","25":"purchasable","26":"product-type-simple"},"translation":{"provider":"WPGlobus","version":"3.0.2","language":"en","enabled_languages":["fr","en"],"languages":{"fr":{"title":true,"content":true,"excerpt":true},"en":{"title":false,"content":false,"excerpt":false}}},"jetpack-related-posts":[],"jetpack_sharing_enabled":true,"_links":{"self":[{"href":"https:\/\/www.altisfain.com\/en\/wp-json\/wp\/v2\/product\/5364","targetHints":{"allow":["GET"]}}],"collection":[{"href":"https:\/\/www.altisfain.com\/en\/wp-json\/wp\/v2\/product"}],"about":[{"href":"https:\/\/www.altisfain.com\/en\/wp-json\/wp\/v2\/types\/product"}],"replies":[{"embeddable":true,"href":"https:\/\/www.altisfain.com\/en\/wp-json\/wp\/v2\/comments?post=5364"}],"wp:featuredmedia":[{"embeddable":true,"href":"https:\/\/www.altisfain.com\/en\/wp-json\/wp\/v2\/media\/5365"}],"wp:attachment":[{"href":"https:\/\/www.altisfain.com\/en\/wp-json\/wp\/v2\/media?parent=5364"}],"wp:term":[{"taxonomy":"product_brand","embeddable":true,"href":"https:\/\/www.altisfain.com\/en\/wp-json\/wp\/v2\/product_brand?post=5364"},{"taxonomy":"product_cat","embeddable":true,"href":"https:\/\/www.altisfain.com\/en\/wp-json\/wp\/v2\/product_cat?post=5364"},{"taxonomy":"product_tag","embeddable":true,"href":"https:\/\/www.altisfain.com\/en\/wp-json\/wp\/v2\/product_tag?post=5364"}],"curies":[{"name":"wp","href":"https:\/\/api.w.org\/{rel}","templated":true}]}}