{"id":5352,"date":"2023-01-14T23:31:22","date_gmt":"2023-01-14T22:31:22","guid":{"rendered":"https:\/\/www.altisfain.com\/?post_type=product&#038;p=5352"},"modified":"2025-08-14T10:39:59","modified_gmt":"2025-08-14T08:39:59","slug":"collier-inox-les-diaboliques-yara-greyjoy-ammonite","status":"publish","type":"product","link":"https:\/\/www.altisfain.com\/en\/boutique\/diaboliques\/collier-inox-les-diaboliques-yara-greyjoy-ammonite\/","title":{"rendered":"Collier inox &#8220;Les Diaboliques: Yara Greyjoy&#8221; Ammonite"},"content":{"rendered":"<p style=\"padding-left: 40px;\">&#8220;Le mot na\u00eff et \u00e9tonn\u00e9 de la Borgh\u00e8se, quand on lui demanda comment elle avait bien pu poser nue devant Canova: \u00abmais l&#8217;atelier \u00e9tait chaud! il y avait un po\u00eale!\u00bb&#8221;<br \/>\nLes Diaboliques, Barbey d&#8217;Aurevilly.<\/p>\n<p style=\"text-align: center;\">Collection inspir\u00e9e de femmes, fictives ou historiques qui, \u00e0 tord ou \u00e0 raison, ont suscit\u00e9 accusations et calomnies et marqu\u00e9 l&#8217;Histoire ou les histoires par leur personnalit\u00e9 sulfureuse&#8230;..<\/p>\n<p style=\"text-align: center;\">\u00a0Yara est l&#8217;unique fille de Lord Balon et Lady Alannys. Elle grandit \u00e0 Pyk, un lieu important des \u00celes de Fer, et avait trois fr\u00e8res, Rodrik, Maron et Theon. Derni\u00e8re survivante de la lign\u00e9e Greyjoy, Yara est une f\u00e9roce guerri\u00e8re qui tenta de prendre la succession de son p\u00e8re mais se fit doubl\u00e9 par son oncle. Fuyant avec son fr\u00e8re, Theon, ils all\u00e8rent aider Daenerys Targaryen dans son combat pour le Tr\u00f4ne de Fer. Apr\u00e8s la mort de son oncle, elle reprit les \u00celes de Fer et fut couronn\u00e9e reine. Yara est une femme courageuse, intelligente, d\u00e9termin\u00e9e et fi\u00e8re. C&#8217;est aussi une forte t\u00eate ayant un sens de l&#8217;humour sarcastique et cynique. Elle est \u00e9galement une cheffe farouche tenant grandement \u00e0 son ind\u00e9pendance.<\/p>\n<p style=\"text-align: center;\"><strong>Collier inox compos\u00e9 d&#8217; une plaque plastron martel\u00e9e et cisel\u00e9e avec \u00e9paulettes en plaques et fils. D&#8217;un c\u00f4t\u00e9, des motifs en nageoires, de l&#8217;autre, des tentacules qui se d\u00e9ploient sur toute l&#8217;\u00e9paule. Un pendentif serti griffe Ammonite avec inclusion d&#8217; H\u00e9matite vient souligner le caract\u00e8re &#8220;pirate&#8221; du collier. Des papillons de nuit au nombre de 9 volettent autour de la pierre.<br \/>\nLe collier articul\u00e9 se termine par une chainette de rallonge avec entrelacs pour jouer sur la longueur du collier.<br \/>\nDimension du cabochon: 3,5 cm par 3,5 cm.<br \/>\nDimension du collier: 8 cm de long au centre,\u00a0 13 cm d&#8217;un bord \u00e0 l&#8217;autre.<br \/>\nTaille du tour de cou: 45 cm \u00e0 49 cm.<\/strong><\/p>\n<p style=\"text-align: center;\"><strong>Collier infiniment gothique, pi\u00e8ce unique!!<\/strong><\/p>\n<hr \/>\n<div class=\"text-wrap tlid-copy-target\" style=\"text-align: center;\"><span class=\"tlid-translation translation\" lang=\"en\"><span class=\"tlid-translation translation\" lang=\"en\"><strong>&#8220;The naive and astonished word from the Borghese, when asked how she could have posed naked in front of Canova:&#8221; but the workshop was hot! There was a stove! &#8220;<\/strong><br \/>\n<strong>Les Diaboliques, Barbey d&#8217;Aurevilly.<\/strong><\/span><\/span><\/div>\n<div><\/div>\n<div class=\"text-wrap tlid-copy-target\" style=\"text-align: center;\"><strong>Collection inspired by women, fictitious or historical who, rightl<\/strong><strong>y or wrongly, have aroused accusations and calumnies and marked History or stories by their sulphurous personality &#8230;..<\/strong><\/div>\n<div><\/div>\n<div class=\"text-wrap tlid-copy-target\" style=\"text-align: center;\"><span class=\"VIiyi\" lang=\"en\"><span class=\"JLqJ4b\" data-language-for-alternatives=\"en\" data-language-to-translate-into=\"fr\" data-phrase-index=\"0\">\u00a0Yara is the only daughter of Lord Balon and Lady Alannys. She grew up in Pyk, an important place in the Iron Islands, and had three brothers, Rodrik, Maron and Theon. Last survivor of the Greyjoy line, Yara is a fierce warrior who tried to take over from her father but was overtaken by her uncle. Fleeing with her brother, Theon, they went to help Daenerys Targaryen in her fight for the Iron Throne. After her uncle&#8217;s death, she retook the Iron Islands and was crowned queen. Yara is a brave, intelligent, determined and proud woman. He is also a strong head with a sarcastic and cynical sense of humor. She is also a fierce leader who values \u200b\u200bher independence greatly.<\/span><\/span><\/div>\n<div class=\"text-wrap tlid-copy-target\" style=\"text-align: center;\"><span class=\"VIiyi\" lang=\"en\"><span class=\"JLqJ4b\" data-language-for-alternatives=\"en\" data-language-to-translate-into=\"fr\" data-phrase-index=\"0\">\u00a0<\/span><\/span><\/div>\n<div class=\"text-wrap tlid-copy-target\" style=\"text-align: center;\"><strong><span class=\"VIiyi\" lang=\"en\"><span class=\"JLqJ4b\" data-language-for-alternatives=\"en\" data-language-to-translate-into=\"fr\" data-phrase-index=\"0\">\u00a0Stainless steel collar composed of a hammered and chiseled breast plate with shoulder pads in plates and wires. On one side, fin patterns, on the other, tentacles that extend over the entire shoulder. A pendant set with Ammonite claw with inclusion of Hematite underlines the &#8220;pirate&#8221; character of the necklace. Nine moths flutter around the stone.<\/span><\/span><\/strong><\/div>\n<div class=\"text-wrap tlid-copy-target\" style=\"text-align: center;\"><strong><span class=\"VIiyi\" lang=\"en\"><span class=\"JLqJ4b\" data-language-for-alternatives=\"en\" data-language-to-translate-into=\"fr\" data-phrase-index=\"0\">\u00a0The articulated necklace ends with an extension chain with interlacing to play on the length of the necklace.<\/span><\/span><\/strong><\/div>\n<div class=\"text-wrap tlid-copy-target\" style=\"text-align: center;\"><strong><span class=\"VIiyi\" lang=\"en\"><span class=\"JLqJ4b\" data-language-for-alternatives=\"en\" data-language-to-translate-into=\"fr\" data-phrase-index=\"0\">\u00a0Dimension of the cabochon: 3.5 cm by 3.5 cm.<\/span><\/span><\/strong><\/div>\n<div class=\"text-wrap tlid-copy-target\" style=\"text-align: center;\"><strong><span class=\"VIiyi\" lang=\"en\"><span class=\"JLqJ4b\" data-language-for-alternatives=\"en\" data-language-to-translate-into=\"fr\" data-phrase-index=\"0\">\u00a0Necklace dimension: 8 cm long in the center, 13 cm from one edge to the other.<\/span><\/span><\/strong><\/div>\n<div class=\"text-wrap tlid-copy-target\" style=\"text-align: center;\"><strong><span class=\"VIiyi\" lang=\"en\"><span class=\"JLqJ4b\" data-language-for-alternatives=\"en\" data-language-to-translate-into=\"fr\" data-phrase-index=\"0\">\u00a0Neck circumference size: 45 cm to 49 cm.<\/span><\/span><\/strong><\/div>\n<div class=\"text-wrap tlid-copy-target\" style=\"text-align: center;\"><strong><span class=\"VIiyi\" lang=\"en\"><span class=\"JLqJ4b\" data-language-for-alternatives=\"en\" data-language-to-translate-into=\"fr\" data-phrase-index=\"0\">\u00a0<\/span><\/span><\/strong><\/div>\n<div class=\"text-wrap tlid-copy-target\" style=\"text-align: center;\"><strong><span class=\"VIiyi\" lang=\"en\"><span class=\"JLqJ4b\" data-language-for-alternatives=\"en\" data-language-to-translate-into=\"fr\" data-phrase-index=\"0\">\u00a0Infinitely Gothic necklace, unique piece!!<\/span><\/span><\/strong><\/div>\n","protected":false},"excerpt":{"rendered":"<p style=\"text-align: center; padding-left: 40px;\"><strong>Collier inox serti Ammonite, d&#8217;inspiration gothique.<br \/>\n<\/strong><\/p>\n<hr \/>\n<div class=\"text-wrap tlid-copy-target\">\n<div class=\"result-shield-container tlid-copy-target\" style=\"text-align: center;\" tabindex=\"0\">\n<div class=\"text-wrap tlid-copy-target\">\n<div class=\"result-shield-container tlid-copy-target\" tabindex=\"0\"><strong><span class=\"tlid-translation translation\" lang=\"en\"><span class=\"\" title=\"\">Stainless steel necklace with Ammonite setting, of gothic inspiration.<\/span><\/span><\/strong><\/div>\n<\/div>\n<div class=\"tlid-result-transliteration-container result-transliteration-container transliteration-container\">\n<div class=\"tlid-transliteration-content transliteration-content full\"><\/div>\n<\/div>\n<p><strong><span class=\"tlid-translation translation\" lang=\"en\"><span class=\"\" title=\"\">\u00a0<\/span><\/span><\/strong><\/p>\n<\/div>\n<\/div>\n<div class=\"tlid-result-transliteration-container result-transliteration-container transliteration-container\" style=\"text-align: center;\">\n<div class=\"tlid-transliteration-content transliteration-content full\"><\/div>\n<\/div>\n<div class=\"result-footer source-or-target-footer tlid-copy-target\" style=\"text-align: center;\"><\/div>\n","protected":false},"featured_media":5353,"comment_status":"open","ping_status":"closed","template":"","meta":[],"product_brand":[],"product_cat":[15],"product_tag":[31],"class_list":{"0":"post-5352","1":"product","2":"type-product","3":"status-publish","4":"has-post-thumbnail","6":"product_cat-diaboliques","7":"product_tag-collier","8":"pa_ambiance-antique","9":"pa_ambiance-art-nouveau","10":"pa_ambiance-baroque","11":"pa_ambiance-elfique","12":"pa_ambiance-feerique","13":"pa_ambiance-gothique","14":"pa_ambiance-grece-antique","15":"pa_ambiance-victorien","16":"pa_matiere-inox","17":"pa_ornement-ammonite","18":"pa_ornement-fossile","19":"pa_ornement-pierre-semi","21":"first","22":"instock","23":"featured","24":"sold-individually","25":"shipping-taxable","26":"purchasable","27":"product-type-simple"},"translation":{"provider":"WPGlobus","version":"3.0.2","language":"en","enabled_languages":["fr","en"],"languages":{"fr":{"title":true,"content":true,"excerpt":true},"en":{"title":false,"content":false,"excerpt":false}}},"jetpack-related-posts":[],"jetpack_sharing_enabled":true,"_links":{"self":[{"href":"https:\/\/www.altisfain.com\/en\/wp-json\/wp\/v2\/product\/5352","targetHints":{"allow":["GET"]}}],"collection":[{"href":"https:\/\/www.altisfain.com\/en\/wp-json\/wp\/v2\/product"}],"about":[{"href":"https:\/\/www.altisfain.com\/en\/wp-json\/wp\/v2\/types\/product"}],"replies":[{"embeddable":true,"href":"https:\/\/www.altisfain.com\/en\/wp-json\/wp\/v2\/comments?post=5352"}],"wp:featuredmedia":[{"embeddable":true,"href":"https:\/\/www.altisfain.com\/en\/wp-json\/wp\/v2\/media\/5353"}],"wp:attachment":[{"href":"https:\/\/www.altisfain.com\/en\/wp-json\/wp\/v2\/media?parent=5352"}],"wp:term":[{"taxonomy":"product_brand","embeddable":true,"href":"https:\/\/www.altisfain.com\/en\/wp-json\/wp\/v2\/product_brand?post=5352"},{"taxonomy":"product_cat","embeddable":true,"href":"https:\/\/www.altisfain.com\/en\/wp-json\/wp\/v2\/product_cat?post=5352"},{"taxonomy":"product_tag","embeddable":true,"href":"https:\/\/www.altisfain.com\/en\/wp-json\/wp\/v2\/product_tag?post=5352"}],"curies":[{"name":"wp","href":"https:\/\/api.w.org\/{rel}","templated":true}]}}