{"id":535,"date":"2018-03-05T20:30:58","date_gmt":"2018-03-05T19:30:58","guid":{"rendered":"http:\/\/www.altisfain.com\/?post_type=product&#038;p=535"},"modified":"2022-01-12T21:34:00","modified_gmt":"2022-01-12T20:34:00","slug":"boucles-doreilles-monsho-acanthe","status":"publish","type":"product","link":"https:\/\/www.altisfain.com\/en\/boutique\/monsho\/boucles-doreilles-monsho-acanthe\/","title":{"rendered":"Boucles d&#8217;oreilles Monsh\u014d Acanthe"},"content":{"rendered":"<p style=\"text-align: center;\">Les Monsh\u014d sont les armoiries des familles japonaises.<br \/>\nIls consistent en un symbole souvent encercl\u00e9 ou de forme arrondie. Les dessins \u00e9taient souvent des versions stylis\u00e9es de th\u00e8mes ou objets japonais, souvent issus de la nature.<br \/>\nPresque tout dans la nature avait une symbolique, superstitieuse ou non, ce que influen\u00e7ait les familles dans le choix du motif embl\u00e8me de leur clan.<\/p>\n<p style=\"text-align: center;\">L&#8217;Acanthe symbolise la victoire et le terme des \u00e9preuves terrestres. La feuille d&#8217;acanthe surmonte les colonnes corinthiennes comme un symbole de gloire pour ceux qui ont triomph\u00e9 des obstacles jalonnant leur route.<\/p>\n<p style=\"text-align: center;\"><b>Boucles d&#8217;oreilles forme circulaire, avec au centre une feuille d&#8217;acanthe martel\u00e9e main et et entrelacs inox martel\u00e9s, soud\u00e9s argent serpentant derri\u00e8re la feuille et sur le cercle.<br \/>\nDiam\u00e8tre cercle: 4,1 cm.<br \/>\nDimension feuille d&#8217;acanthe: 2,5 cm par 2,5 cm.<br \/>\nLongueur totale de la boucle d&#8217;oreille: 6,5 cm.<br \/>\nAttaches am\u00e9ricaine argent 925.<br \/>\n<\/b><\/p>\n<p style=\"text-align: center;\"><strong>D&#8217;inspiration asiatique et elfique!<\/strong><\/p>\n<hr \/>\n<p style=\"text-align: center;\">The Monsh\u014d are the coat of arms of Japanese families.<br \/>\nThey consist of a symbol often encircled or rounded. The drawings were often stylized versions of Japanese themes or objects, often derived from nature. Almost everything in nature had a symbolic, superstitious or not, which influenced the families in the choice of the emblem motif of their clan.<\/p>\n<p style=\"text-align: center;\">The Acanthus symbolizes the victory and the end of the terrestrial tests. The acanthus leaf overcomes the Corinthian columns as a symbol of glory for those who have triumphed over the obstacles along their path.<\/p>\n<p><strong>Elven hoop earrings circular pattern, with in the center an acanthus leaf hammered hand and hammered stainless steel interlacings, welded silver meandering behind the leaf and on the circle.<\/strong><br \/>\n<strong>Diameter of circle: 4,1 cm.<\/strong><br \/>\n<strong>Acanthus leaf size: 2.5 cm by 2.5 cm.<\/strong><br \/>\n<strong>Total length of the earring: 6.4 cm.<\/strong><br \/>\n<strong>Fasteners American silver 925.<\/strong><\/p>\n","protected":false},"excerpt":{"rendered":"<p style=\"text-align: center;\"><strong>Boucles d&#8217;oreilles inox attaches argent 925, entrelacs et feuilles d&#8217;acanthe, d&#8217;inspiration asiatique et elfique.<\/strong><\/p>\n<hr \/>\n<div class=\"text-wrap tlid-copy-target\">\n<p class=\"result-shield-container tlid-copy-target\" style=\"text-align: center;\" tabindex=\"0\"><strong><span class=\"tlid-translation translation\" lang=\"en\"><span class=\"\" title=\"\">925 silver stainless steel earrings, interlacing and acanthus leaves, Asian and Elvish inspired.<\/span><\/span><\/strong><\/p>\n<\/div>\n<div class=\"tlid-result-transliteration-container result-transliteration-container transliteration-container\">\n<div class=\"tlid-transliteration-content transliteration-content full\"><\/div>\n<\/div>\n","protected":false},"featured_media":536,"comment_status":"open","ping_status":"closed","template":"","meta":[],"product_brand":[],"product_cat":[25],"product_tag":[34,111],"class_list":{"0":"post-535","1":"product","2":"type-product","3":"status-publish","4":"has-post-thumbnail","6":"product_cat-monsho","7":"product_tag-boucles-oreilles","8":"product_tag-creoles","9":"pa_ambiance-asiatique","10":"pa_ambiance-elfique","11":"pa_ambiance-feerique","12":"pa_ambiance-vegetal","13":"pa_feuille-acanthe","14":"pa_matiere-argent-925","15":"pa_matiere-inox","17":"first","18":"instock","19":"sold-individually","20":"shipping-taxable","21":"purchasable","22":"product-type-simple"},"translation":{"provider":"WPGlobus","version":"3.0.2","language":"en","enabled_languages":["fr","en"],"languages":{"fr":{"title":true,"content":true,"excerpt":true},"en":{"title":false,"content":false,"excerpt":false}}},"jetpack-related-posts":[],"jetpack_sharing_enabled":true,"_links":{"self":[{"href":"https:\/\/www.altisfain.com\/en\/wp-json\/wp\/v2\/product\/535","targetHints":{"allow":["GET"]}}],"collection":[{"href":"https:\/\/www.altisfain.com\/en\/wp-json\/wp\/v2\/product"}],"about":[{"href":"https:\/\/www.altisfain.com\/en\/wp-json\/wp\/v2\/types\/product"}],"replies":[{"embeddable":true,"href":"https:\/\/www.altisfain.com\/en\/wp-json\/wp\/v2\/comments?post=535"}],"wp:featuredmedia":[{"embeddable":true,"href":"https:\/\/www.altisfain.com\/en\/wp-json\/wp\/v2\/media\/536"}],"wp:attachment":[{"href":"https:\/\/www.altisfain.com\/en\/wp-json\/wp\/v2\/media?parent=535"}],"wp:term":[{"taxonomy":"product_brand","embeddable":true,"href":"https:\/\/www.altisfain.com\/en\/wp-json\/wp\/v2\/product_brand?post=535"},{"taxonomy":"product_cat","embeddable":true,"href":"https:\/\/www.altisfain.com\/en\/wp-json\/wp\/v2\/product_cat?post=535"},{"taxonomy":"product_tag","embeddable":true,"href":"https:\/\/www.altisfain.com\/en\/wp-json\/wp\/v2\/product_tag?post=535"}],"curies":[{"name":"wp","href":"https:\/\/api.w.org\/{rel}","templated":true}]}}