{"id":5330,"date":"2023-01-05T22:54:58","date_gmt":"2023-01-05T21:54:58","guid":{"rendered":"https:\/\/www.altisfain.com\/?post_type=product&#038;p=5330"},"modified":"2024-10-20T21:47:46","modified_gmt":"2024-10-20T19:47:46","slug":"collier-inox-les-passages-celestes-le-miroir-sorciere-amethyste-trapiche","status":"publish","type":"product","link":"https:\/\/www.altisfain.com\/en\/boutique\/les-adoptes\/collier-inox-les-passages-celestes-le-miroir-sorciere-amethyste-trapiche\/","title":{"rendered":"Collier inox &#8220;les Passages C\u00e9lestes: le Miroir Sorci\u00e8re&#8221; Am\u00e9thyste Trapiche"},"content":{"rendered":"<p style=\"text-align: center; padding-left: 40px;\"><strong>\u201cSi la vie n&#8217;est qu&#8217;un passage, sur ce passage au moins semons des fleurs.\u201d<\/strong><br \/>\n<strong>Montaigne<\/strong><\/p>\n<p style=\"text-align: center;\"><strong>\u00ab\u00a0Les Passages C\u00e9lestes\u00a0\u00bb est une collection inspir\u00e9e des diff\u00e9rents portes conduisant \u00e0 des univers oniriques mais aussi personnels, des voies qui m\u00e8nent \u00e0 la pleine conscience de soi et du monde. Ces passerelles nous transportent vers des havres supr\u00eames, des finalit\u00e9s plus hautes, des buts ultimes. Ils touchent l&#8217;Histoire, la Spiritualit\u00e9, le Fantastique. Empruntons ces passages et nous entrons dans des contr\u00e9es intimes et fantaisistes.<\/strong><\/p>\n<p><strong><span class=\"font-555555\">Le miroir sorci\u00e8re se distingue des autres miroirs ronds par le fait qu\u2019il est n\u00e9cessairement \u00e9quip\u00e9 d\u2019un\u00a0verre convexe, c\u2019est-\u00e0-dire d\u2019un\u00a0verre bomb\u00e9\u00a0vers l\u2019ext\u00e9rieur. Cette caract\u00e9ristique \u00e0 non seulement une incidence esth\u00e9tique, mais aussi pratique. En effet cette sp\u00e9cificit\u00e9 des miroirs convexes permet \u00e0 ses possesseurs de voir l\u2019ensemble d\u2019une pi\u00e8ce. Le tout sans avoir \u00e0 se d\u00e9placer ou \u00e0 se tourner. C\u2019est pourquoi ils avaient donc tout d\u2019abord une fonction de surveillance. Ainsi les miroirs de sorci\u00e8re \u00e9taient souvent plac\u00e9s dans des lieux o\u00f9 l\u2019on trouve aujourd\u2019hui majoritairement des cam\u00e9ras de surveillance, \u00e0 savoir dans les banques et les boutiques ; d\u2019o\u00f9 son nom d\u00e9j\u00e0 \u00e9voqu\u00e9 de \u00ab\u00a0<em>miroir de banquier<\/em>\u201d. <\/span><\/strong><strong><span class=\"font-555555\">\u00c9l\u00e9ment de pouvoir, de surveillance et donc de dissuasion les miroirs de sorci\u00e8res firent rapidement leur entr\u00e9e dans les milieux bourgeois. L\u00e0 pr\u00e9cis\u00e9ment o\u00f9 les domestiques suscitaient souvent la m\u00e9fiance de leurs ma\u00eetres. Or ces premiers \u00e9taient relativement incultes et illettr\u00e9s et plus enclin \u00e0 croire en la v\u00e9racit\u00e9 des superstitions. Ainsi croyaient-ils souvent que les miroirs continuaient \u00e0 voir, \u00e0 les observer, m\u00eame en l\u2019absence de leur ma\u00eetre. D\u2019o\u00f9 naquit le nom le plus usuel et le plus connu de ce miroir : le miroir de sorci\u00e8re. Il est donc faux de croire, contrairement \u00e0 ce que pense l\u2019opinion commune, que leur nom provient de leur pouvoir d\u00e9formant.<\/span><\/strong><\/p>\n<p style=\"text-align: center;\">Collier inox ambiance elfique, tour de cou articul\u00e9 et pendentif serti Am\u00e9thyste Trapiche. Cabochon de tr\u00e8s belle qualit\u00e9 forme ronde, aux teintes violettes claires et fonc\u00e9es. D\u00e9cor d&#8217;entrelacs qui entourent la pierre en serti griffe. Tour de cou articul\u00e9 avec fils qui serpentent, de 40 \u00e0 45 cm de long, avec chainette de rallonge termin\u00e9 par un entrelac, afin de jouer sur la longueur du collier. Dimension du pendentif: 6 cm par 4,2 cm. Diam\u00e8tre du cabochon: 2,5 cm.<br \/>\nLe pendentif peut se d\u00e9tacher du collier et \u00eatre mont\u00e9 sur une chaine.<\/p>\n<p style=\"text-align: center;\">Pendentif infiniment elfique et mystique!!<\/p>\n<hr \/>\n<p style=\"text-align: center;\"><strong>\u201cIf life is only a passage, on this passage at least let us sow flowers.\u201d<\/strong><br \/>\n<strong>Montaigne<\/strong><\/p>\n<p style=\"text-align: center;\"><strong>&#8220;Les Passages C\u00e9lestes&#8221; is a collection inspired by the different doors leading to dreamlike but also personal universes, paths that lead to full awareness of oneself and the world. These gateways transport us to supreme havens, higher ends, ultimate goals. They touch History, Spirituality, the Fantasy. Take these passages and we enter intimate and whimsical lands.<\/strong><\/p>\n<p style=\"text-align: center;\">The witch mirror differs from other round mirrors in that it is necessarily equipped with a convex glass, that is to say a glass that is curved outwards. This feature not only has an aesthetic impact, but also a practical one. Indeed this specificity of convex mirrors allows its owners to see the whole of a room. All without having to move or turn. That is why they first had a monitoring function. Thus witch mirrors were often placed in places where surveillance cameras are mostly found today, namely in banks and shops; hence its already mentioned name of &#8220;banker&#8217;s mirror&#8221;. As an element of power, surveillance and therefore deterrence, witches&#8217; mirrors quickly entered bourgeois circles. Precisely where servants were often mistrusted by their masters. But these first were relatively uneducated and illiterate and more inclined to believe in the veracity of superstitions. Thus they often believed that the mirrors continued to see, to observe them, even in the absence of their master. From where was born the most common and well-known name of this mirror: the witch mirror. It is therefore wrong to believe, contrary to what common opinion thinks, that their name comes from their deforming power.<\/p>\n<p style=\"text-align: center;\">Stainless steel necklace with elvish atmosphere, articulated choker and pendant set with Amethyst Trapiche. Cabochon of very good quality round shape, with light and dark purple hues. Decor of interlacing which surrounds the stone in claw setting. Articulated choker with meandering threads, 40 to 45 cm long, with extension chain ending in interlacing, in order to play on the length of the necklace. Dimension of the pendant: 6 cm by 4.2 cm. Diameter of the cabochon: 2.5 cm.<br \/>\nThe pendant can be detached from the necklace and be mounted on a chain.<\/p>\n<p style=\"text-align: center;\">Infinitely elven and mystical pendant!!<\/p>\n","protected":false},"excerpt":{"rendered":"<p style=\"text-align: center;\"><strong>Collier pendentif esprit elfique et celtique, serti Am\u00e9thyste Trapiche. <\/strong><\/p>\n<p style=\"text-align: center;\"><strong>Infiniment mystique et onirique!<\/strong><\/p>\n<hr \/>\n<p style=\"text-align: center;\"><span class=\"tlid-translation translation\" lang=\"en\"><strong><span class=\"\" title=\"\">Elven and Celtic spirit pendant necklace, set with Amethyst Trapiche.<\/span><\/strong><\/span><\/p>\n<p style=\"text-align: center;\"><strong><span title=\"\">Infinitely mystical and dreamlike!<\/span><\/strong><\/p>\n","protected":false},"featured_media":5332,"comment_status":"open","ping_status":"closed","template":"","meta":[],"product_brand":[],"product_cat":[222],"product_tag":[31,131],"class_list":{"0":"post-5330","1":"product","2":"type-product","3":"status-publish","4":"has-post-thumbnail","6":"product_cat-les-adoptes","7":"product_tag-collier","8":"product_tag-pendentif","9":"pa_ambiance-baroque","10":"pa_ambiance-celtique","11":"pa_ambiance-elfique","12":"pa_ambiance-feerique","13":"pa_ambiance-mystique","14":"pa_ambiance-victorien","15":"pa_matiere-inox","16":"pa_ornement-amethyste","17":"pa_ornement-amethyste-trapiche","18":"pa_ornement-pierre-semi","20":"first","21":"outofstock","22":"featured","23":"shipping-taxable","24":"purchasable","25":"product-type-simple"},"translation":{"provider":"WPGlobus","version":"3.0.2","language":"en","enabled_languages":["fr","en"],"languages":{"fr":{"title":true,"content":true,"excerpt":true},"en":{"title":false,"content":false,"excerpt":false}}},"jetpack-related-posts":[],"jetpack_sharing_enabled":true,"_links":{"self":[{"href":"https:\/\/www.altisfain.com\/en\/wp-json\/wp\/v2\/product\/5330","targetHints":{"allow":["GET"]}}],"collection":[{"href":"https:\/\/www.altisfain.com\/en\/wp-json\/wp\/v2\/product"}],"about":[{"href":"https:\/\/www.altisfain.com\/en\/wp-json\/wp\/v2\/types\/product"}],"replies":[{"embeddable":true,"href":"https:\/\/www.altisfain.com\/en\/wp-json\/wp\/v2\/comments?post=5330"}],"wp:featuredmedia":[{"embeddable":true,"href":"https:\/\/www.altisfain.com\/en\/wp-json\/wp\/v2\/media\/5332"}],"wp:attachment":[{"href":"https:\/\/www.altisfain.com\/en\/wp-json\/wp\/v2\/media?parent=5330"}],"wp:term":[{"taxonomy":"product_brand","embeddable":true,"href":"https:\/\/www.altisfain.com\/en\/wp-json\/wp\/v2\/product_brand?post=5330"},{"taxonomy":"product_cat","embeddable":true,"href":"https:\/\/www.altisfain.com\/en\/wp-json\/wp\/v2\/product_cat?post=5330"},{"taxonomy":"product_tag","embeddable":true,"href":"https:\/\/www.altisfain.com\/en\/wp-json\/wp\/v2\/product_tag?post=5330"}],"curies":[{"name":"wp","href":"https:\/\/api.w.org\/{rel}","templated":true}]}}