{"id":5325,"date":"2023-01-05T22:47:04","date_gmt":"2023-01-05T21:47:04","guid":{"rendered":"https:\/\/www.altisfain.com\/?post_type=product&#038;p=5325"},"modified":"2024-10-20T21:48:00","modified_gmt":"2024-10-20T19:48:00","slug":"collier-histoires-delles-la-sacree-amazonite","status":"publish","type":"product","link":"https:\/\/www.altisfain.com\/en\/boutique\/les-adoptes\/collier-histoires-delles-la-sacree-amazonite\/","title":{"rendered":"Collier &#8220;Histoires d&#8217;Elles: la Sacr\u00e9e&#8221; Amazonite"},"content":{"rendered":"<p style=\"text-align: center;\"><strong>\u00ab Le sacr\u00e9 est ce qui donne la vie et ce qui la ravit, c&#8217;est la source d&#8217;o\u00f9 elle coule, l&#8217;estuaire d&#8217;o\u00f9 elle se perd.&#8221; <\/strong><br \/>\n<strong>Roger Caillois<\/strong><\/p>\n<p style=\"text-align: center;\"><strong>La collection s\u2019appelle \u00ab Histoires d\u2019Elles \u00bb : elle parle de nous, les Femmes, une Ode \u00e0 cette F\u00e9minit\u00e9 multiple et sacr\u00e9e.<\/strong><br \/>\n<strong>Ce sont des histoires \u00e0 la fois communes et personnelles, un retour sur nos qualit\u00e9s assum\u00e9es, nos talents revendiqu\u00e9s mais aussi nos travers, nos fantaisies voir nos manies que l\u2019on souhaite cacher, mais qui nous rendent uniques, sp\u00e9ciales, qui font de nous ce que nous sommes.<\/strong><br \/>\n<strong>Ces cr\u00e9ations n\u2019enjolivent pas mais subliment toutes ces parts de nous, sans rien omettre.<\/strong><br \/>\n<strong>Je vous souhaite de belles histoires avec cette collection, que vous puissiez vous rencontrer et vous raconter \u00e0 travers elle.<\/strong><\/p>\n<p style=\"text-align: center;\">Ce collier tr\u00e8s Art Nouveau marie un plastron articul\u00e9 avec entrelacs et feuilles de lotus et un serti Amazonite d\u00e9cal\u00e9 du centre du collier .<br \/>\nLa pierre est un cabochon de forme ovale, de tr\u00e8s belle qualit\u00e9 avec des teintes vertes bleues aux reflets iris\u00e9es.<br \/>\nLe m\u00e9tal utilis\u00e9 est un inox type alimentaire, poli et martel\u00e9 main.<br \/>\nLe tour de cou se termine par un mousqueton et une chainette de rallonge agr\u00e9ment\u00e9e d\u2019une feuille de lotus . Cela permet de jouer sur la longueur du collier et ajoute \u00e0 l\u2019ensemble une coh\u00e9rence harmonieuse.<br \/>\nDimension des feuilles de lierre: 2 cm par 2 cm.<br \/>\nDimension du cabochon: 3,5 cm par 2 cm.<\/p>\n<p style=\"text-align: center;\">Collier infiniment\u2026. je vous laisse libre des interpr\u00e9tations!<\/p>\n<hr \/>\n<p style=\"text-align: center;\"><strong>&#8220;The sacred is what gives life and what delights it, it is the source from which it flows, the estuary from which it is lost.&#8221;<\/strong><br \/>\n<strong>Roger Caillois<\/strong><\/p>\n<p style=\"text-align: center;\"><strong>The collection is called \u201cHistoires d\u2019Elles\u201d: it talks about us, Women, an Ode to this multiple and sacred Femininity.<\/strong><br \/>\n<strong>These are both common and personal stories, a return to our assumed qualities, our claimed talents but also our failings, our fantasies or even our quirks that we wish to hide, but which make us unique, special, which make us what we are.<\/strong><br \/>\n<strong>These creations do not embellish but sublimate all these parts of us, without omitting anything.<\/strong><br \/>\n<strong>I wish you great stories with this collection, that you can meet and tell each other through it.<\/strong><\/p>\n<p style=\"text-align: center;\">This very Art Nouveau necklace combines an articulated breastplate with interlacing and lotus leaves and an Amazonite setting offset from the center of the necklace.<br \/>\nThe stone is an oval-shaped cabochon, of very good quality with blue green hues with iridescent reflections.<br \/>\nThe metal used is food-grade stainless steel, polished and hand-hammered.<br \/>\nThe choker ends with a carabiner and an extension chain embellished with a lotus leaf. This allows you to play on the length of the necklace and adds a harmonious coherence to the whole.<br \/>\nDimension of the ivy leaves: 2 cm by 2 cm.<br \/>\nDimensions of the cabochon: 3.5 cm by 2 cm.<\/p>\n<p style=\"text-align: center;\">Necklace infinitely\u2026. I leave you free to interpret!<\/p>\n","protected":false},"excerpt":{"rendered":"<p style=\"text-align: center;\"><strong>Collier inox mariant serti Amazonite et feuilles de lotus, inspiration elfique et onirique.<\/strong><\/p>\n<hr \/>\n<p style=\"text-align: center;\"><strong><span class=\"tlid-translation translation\" lang=\"en\"><span class=\"\" title=\"\">Stainless steel necklace set with Amazonite and lotus leaves, elven and dreamlike inspiration.<\/span><\/span><\/strong><\/p>\n","protected":false},"featured_media":5326,"comment_status":"open","ping_status":"closed","template":"","meta":{"jetpack_publicize_message":"","jetpack_publicize_feature_enabled":true,"jetpack_social_post_already_shared":false,"jetpack_social_options":{"image_generator_settings":{"template":"highway","default_image_id":0,"font":"","enabled":false},"version":2}},"product_brand":[],"product_cat":[222],"product_tag":[31],"class_list":{"0":"post-5325","1":"product","2":"type-product","3":"status-publish","4":"has-post-thumbnail","6":"product_cat-les-adoptes","7":"product_tag-collier","8":"pa_ambiance-art-nouveau","9":"pa_ambiance-bucolique","10":"pa_ambiance-celtique","11":"pa_ambiance-elfique","12":"pa_ambiance-feerique","13":"pa_feuille-lotus","14":"pa_matiere-inox","15":"pa_ornement-amazonite","16":"pa_ornement-pierre-naturelle","18":"first","19":"outofstock","20":"featured","21":"sold-individually","22":"shipping-taxable","23":"purchasable","24":"product-type-simple"},"translation":{"provider":"WPGlobus","version":"3.0.2","language":"en","enabled_languages":["fr","en"],"languages":{"fr":{"title":true,"content":true,"excerpt":true},"en":{"title":false,"content":false,"excerpt":false}}},"jetpack_publicize_connections":[],"jetpack-related-posts":[],"jetpack_sharing_enabled":true,"jetpack_likes_enabled":true,"_links":{"self":[{"href":"https:\/\/www.altisfain.com\/en\/wp-json\/wp\/v2\/product\/5325","targetHints":{"allow":["GET"]}}],"collection":[{"href":"https:\/\/www.altisfain.com\/en\/wp-json\/wp\/v2\/product"}],"about":[{"href":"https:\/\/www.altisfain.com\/en\/wp-json\/wp\/v2\/types\/product"}],"replies":[{"embeddable":true,"href":"https:\/\/www.altisfain.com\/en\/wp-json\/wp\/v2\/comments?post=5325"}],"wp:featuredmedia":[{"embeddable":true,"href":"https:\/\/www.altisfain.com\/en\/wp-json\/wp\/v2\/media\/5326"}],"wp:attachment":[{"href":"https:\/\/www.altisfain.com\/en\/wp-json\/wp\/v2\/media?parent=5325"}],"wp:term":[{"taxonomy":"product_brand","embeddable":true,"href":"https:\/\/www.altisfain.com\/en\/wp-json\/wp\/v2\/product_brand?post=5325"},{"taxonomy":"product_cat","embeddable":true,"href":"https:\/\/www.altisfain.com\/en\/wp-json\/wp\/v2\/product_cat?post=5325"},{"taxonomy":"product_tag","embeddable":true,"href":"https:\/\/www.altisfain.com\/en\/wp-json\/wp\/v2\/product_tag?post=5325"}],"curies":[{"name":"wp","href":"https:\/\/api.w.org\/{rel}","templated":true}]}}