{"id":5320,"date":"2023-01-05T22:33:57","date_gmt":"2023-01-05T21:33:57","guid":{"rendered":"https:\/\/www.altisfain.com\/?post_type=product&#038;p=5320"},"modified":"2024-10-20T21:48:16","modified_gmt":"2024-10-20T19:48:16","slug":"collier-histoires-delles-l-imdomptee-amethyste-trapiche","status":"publish","type":"product","link":"https:\/\/www.altisfain.com\/en\/boutique\/les-adoptes\/collier-histoires-delles-l-imdomptee-amethyste-trapiche\/","title":{"rendered":"Collier &#8220;Histoires d&#8217;Elles: l&#8217; Imdompt\u00e9e&#8221; Am\u00e9thyste Trapiche"},"content":{"rendered":"<p style=\"text-align: center; padding-left: 40px;\">\u00ab On ne peut venir \u00e0 bout des femmes ni par force, ni par pr\u00e9ceptes : ce sont des \u00eatres indomptables<br \/>\nGustave Le Bon<\/p>\n<p style=\"text-align: center;\">La collection s&#8217;appelle \u00ab Histoires d&#8217;Elles \u00bb : elle parle de nous, les Femmes, une Ode \u00e0 cette F\u00e9minit\u00e9 multiple et sacr\u00e9e.<br \/>\nCe sont des histoires \u00e0 la fois communes et personnelles,un retour sur nos qualit\u00e9s assum\u00e9es, nos talents revendiqu\u00e9s mais aussi nos travers, nos fantaisies voir nos manies que l&#8217;on souhaite cacher, mais qui nous rendent uniques, sp\u00e9ciales, qui font de nous ce que nous sommes.<br \/>\nCes cr\u00e9ations n&#8217;enjolivent pas mais subliment toutes ces parts de nous, sans rien omettre.<br \/>\nJe vous souhaite de belles histoires avec cette collection, que vous puissiez vous rencontrer et vous raconter \u00e0 travers elle.<\/p>\n<p style=\"text-align: center;\"><strong>Ce collier tr\u00e8s Art Nouveau marie un plastron articul\u00e9 avec entrelacs et feuilles de lierre et un serti Am\u00e9thyste Trapiche .<\/strong><br \/>\n<strong>La pierre est un cabochon de forme goutte, de tr\u00e8s belle qualit\u00e9 avec des teintes violettes claires et fonc\u00e9es.<\/strong><br \/>\n<strong>Le m\u00e9tal utilis\u00e9 est un inox type alimentaire, poli et martel\u00e9 main.<\/strong><br \/>\n<strong>Le tour de cou se termine par un mousqueton et une chainette de rallonge agr\u00e9ment\u00e9e d\u2019une feuille de lierre . Cela permet de jouer sur la longueur du collier et ajoute \u00e0 l\u2019ensemble une coh\u00e9rence harmonieuse.<\/strong><br \/>\n<strong>Dimension des feuilles de lierre: 2 cm par 2 cm.<\/strong><br \/>\n<strong>Dimension du cabochon: 3,5 cm par 2 cm.<\/strong><\/p>\n<p style=\"text-align: center;\"><strong>Collier infiniment\u2026. je vous laisse libre des interpr\u00e9tations!<\/strong><\/p>\n<hr \/>\n<p style=\"text-align: center;\"><strong>\u201cWe cannot overcome women either by force or by precepts: they are indomitable beings.<\/strong><br \/>\n<strong>Gustave Le Bon<\/strong><\/p>\n<p style=\"text-align: center;\"><strong>The collection is called \u201cHistoires d\u2019Elles\u201d: it talks about us, Women, an Ode to this multiple and sacred Femininity.<\/strong><br \/>\n<strong>These are both common and personal stories, a return to our assumed qualities, our claimed talents but also our failings, our fantasies or even our quirks that we wish to hide, but which make us unique, special, which make us what we are.<\/strong><br \/>\n<strong>These creations do not embellish but sublimate all these parts of us, without omitting anything.<\/strong><br \/>\n<strong>I wish you great stories with this collection, that you can meet and tell each other through it.<\/strong><\/p>\n<p style=\"text-align: center;\">This very Art Nouveau necklace combines an articulated breastplate with interlacing and ivy leaves and an Amethyst Trapiche setting.<br \/>\nThe stone is a drop-shaped cabochon, of very good quality with light and dark purple hues.<br \/>\nThe metal used is food-grade stainless steel, polished and hand-hammered.<br \/>\nThe choker ends with a carabiner and an extension chain embellished with an ivy leaf. This allows you to play on the length of the necklace and adds a harmonious coherence to the whole.<br \/>\nDimension of the ivy leaves: 2 cm by 2 cm.<br \/>\nDimension of the cabochon: 3.5 cm by 2 cm.<\/p>\n<p style=\"text-align: center;\">Necklace infinitely\u2026. I leave you free to interpret!<\/p>\n","protected":false},"excerpt":{"rendered":"<p style=\"text-align: center;\"><strong>Collier inox mariant serti Am\u00e9thyste Trapiche et noire et feuilles de lierre, inspiration elfique et onirique.<\/strong><\/p>\n<hr \/>\n<p style=\"text-align: center;\"><strong><span class=\"tlid-translation translation\" lang=\"en\"><span class=\"\" title=\"\">Stainless steel necklace set with Amethyst Trapiche and ivy leaves, elven and dreamlike inspiration.<\/span><\/span><\/strong><\/p>\n","protected":false},"featured_media":5321,"comment_status":"open","ping_status":"closed","template":"","meta":[],"product_brand":[],"product_cat":[222],"product_tag":[31],"class_list":{"0":"post-5320","1":"product","2":"type-product","3":"status-publish","4":"has-post-thumbnail","6":"product_cat-les-adoptes","7":"product_tag-collier","8":"pa_ambiance-art-nouveau","9":"pa_ambiance-bucolique","10":"pa_ambiance-celtique","11":"pa_ambiance-elfique","12":"pa_ambiance-feerique","13":"pa_feuille-lierre","14":"pa_matiere-inox","15":"pa_ornement-amethyste","16":"pa_ornement-amethyste-trapiche","17":"pa_ornement-pierre-naturelle","19":"first","20":"outofstock","21":"featured","22":"sold-individually","23":"shipping-taxable","24":"purchasable","25":"product-type-simple"},"translation":{"provider":"WPGlobus","version":"3.0.2","language":"en","enabled_languages":["fr","en"],"languages":{"fr":{"title":true,"content":true,"excerpt":true},"en":{"title":false,"content":false,"excerpt":false}}},"jetpack-related-posts":[],"jetpack_sharing_enabled":true,"_links":{"self":[{"href":"https:\/\/www.altisfain.com\/en\/wp-json\/wp\/v2\/product\/5320","targetHints":{"allow":["GET"]}}],"collection":[{"href":"https:\/\/www.altisfain.com\/en\/wp-json\/wp\/v2\/product"}],"about":[{"href":"https:\/\/www.altisfain.com\/en\/wp-json\/wp\/v2\/types\/product"}],"replies":[{"embeddable":true,"href":"https:\/\/www.altisfain.com\/en\/wp-json\/wp\/v2\/comments?post=5320"}],"wp:featuredmedia":[{"embeddable":true,"href":"https:\/\/www.altisfain.com\/en\/wp-json\/wp\/v2\/media\/5321"}],"wp:attachment":[{"href":"https:\/\/www.altisfain.com\/en\/wp-json\/wp\/v2\/media?parent=5320"}],"wp:term":[{"taxonomy":"product_brand","embeddable":true,"href":"https:\/\/www.altisfain.com\/en\/wp-json\/wp\/v2\/product_brand?post=5320"},{"taxonomy":"product_cat","embeddable":true,"href":"https:\/\/www.altisfain.com\/en\/wp-json\/wp\/v2\/product_cat?post=5320"},{"taxonomy":"product_tag","embeddable":true,"href":"https:\/\/www.altisfain.com\/en\/wp-json\/wp\/v2\/product_tag?post=5320"}],"curies":[{"name":"wp","href":"https:\/\/api.w.org\/{rel}","templated":true}]}}