{"id":5313,"date":"2023-01-05T22:26:47","date_gmt":"2023-01-05T21:26:47","guid":{"rendered":"https:\/\/www.altisfain.com\/?post_type=product&#038;p=5313"},"modified":"2024-10-20T21:48:32","modified_gmt":"2024-10-20T19:48:32","slug":"collier-inox-les-passages-celestes-floreale-labradorite","status":"publish","type":"product","link":"https:\/\/www.altisfain.com\/en\/boutique\/les-adoptes\/collier-inox-les-passages-celestes-floreale-labradorite\/","title":{"rendered":"Collier inox &#8220;les Passages C\u00e9lestes: Floreale&#8221; Labradorite"},"content":{"rendered":"<p style=\"text-align: left;\"><strong>\u201cSi la vie n&#8217;est qu&#8217;un passage, sur ce passage au moins semons des fleurs.\u201d<\/strong><br \/>\n<strong>Montaigne<\/strong><\/p>\n<p style=\"text-align: center;\"><strong>\u00ab\u00a0Les Passages C\u00e9lestes\u00a0\u00bb est une collection inspir\u00e9e des diff\u00e9rents portes conduisant \u00e0 des univers oniriques mais aussi personnels, des voies qui m\u00e8nent \u00e0 la pleine conscience de soi et du monde. Ces passerelles nous transportent vers des havres supr\u00eames, des finalit\u00e9s plus hautes, des buts ultimes. Ils touchent l&#8217;Histoire, la Spiritualit\u00e9, le Fantastique. Empruntons ces passages et nous entrons dans des contr\u00e9es intimes et fantaisistes.<\/strong><\/p>\n<p style=\"text-align: center;\"><strong>L&#8217;Art nouveau (appel\u00e9 tr\u00e8s rarement Modern style) est un mouvement artistique de la fin du xixe et du d\u00e9but du xxe si\u00e8cle qui s&#8217;appuie sur l&#8217;esth\u00e9tique des lignes courbes.<\/strong><br \/>\n<strong>N\u00e9 en r\u00e9action contre les d\u00e9rives de l\u2019industrialisation \u00e0 outrance et la reproduction scl\u00e9rosante des anciens styles, c&#8217;est un mouvement soudain et rapide, qui conna\u00eet un d\u00e9veloppement international.<\/strong><br \/>\n<strong>S&#8217;il comporte des nuances selon les pays, ses crit\u00e8res sont communs : l&#8217;Art nouveau se caract\u00e9rise par l&#8217;inventivit\u00e9, la pr\u00e9sence de rythmes, couleurs, ornementations inspir\u00e9s des arbres, des fleurs, des insectes, des animaux, et qui introduisent du sensible dans le d\u00e9cor quotidien. C&#8217;est aussi un art total en ce sens qu&#8217;il occupe tout l&#8217;espace disponible pour mettre en place un univers personnel consid\u00e9r\u00e9 comme favorable \u00e0 l\u2019\u00e9panouissement de l&#8217;homme moderne \u00e0 l&#8217;aube du xxe si\u00e8cle. En France, l&#8217;Art nouveau \u00e9tait appel\u00e9 avec humour \u00ab style nouille \u00bb par ses d\u00e9tracteurs comme par l&#8217;homme de la rue, en raison de ses formes caract\u00e9ristiques en arabesques, ou encore \u00ab style Guimard \u00bb, \u00e0 cause des bouches de m\u00e9tro parisiennes r\u00e9alis\u00e9es en 1900 par Hector Guimard.<\/strong><\/p>\n<p style=\"text-align: center;\">Collier inox ambiance elfique, tour de cou articul\u00e9 et pendentif serti Labradorite. Cabochon de tr\u00e8s belle qualit\u00e9 forme ovale, aux teintes bleue vertes et dor\u00e9es. D\u00e9cor d&#8217;entrelacs qui entourent la pierre en serti griffe. Tour de cou articul\u00e9 avec fils qui serpentent, de 40 \u00e0 45 cm de long, avec chainette de rallonge termin\u00e9 par un entrelac, afin de jouer sur la longueur du collier. Dimension du pendentif: 6 cm par 3,5 cm. Dimension du cabochon: 2,5 cm par 1,5 cm.<br \/>\nLe pendentif peut se d\u00e9tacher du collier et \u00eatre mont\u00e9 sur une chaine.<\/p>\n<p style=\"text-align: center;\">Pendentif infiniment elfique et mystique!!<\/p>\n<hr \/>\n<p style=\"text-align: center;\"><strong>\u201cIf life is only a passage, on this passage at least let us sow flowers.\u201d<\/strong><br \/>\n<strong>Montaigne<\/strong><\/p>\n<p style=\"text-align: center;\"><strong>&#8220;Les Passages C\u00e9lestes&#8221; is a collection inspired by the different doors leading to dreamlike but also personal universes, paths that lead to full awareness of oneself and the world. These gateways transport us to supreme havens, higher ends, ultimate goals. They touch History, Spirituality, the Fantasy. Take these passages and we enter intimate and whimsical lands.<\/strong><\/p>\n<p style=\"text-align: center;\"><strong>Art Nouveau (very rarely called Modern style) is an artistic movement of the end of the 19th and the beginning of the 20th century which is based on the aesthetics of curved lines.<\/strong><br \/>\n<strong>Born in reaction against the excesses of excessive industrialization and the sclerosing reproduction of old styles, it is a sudden and rapid movement, which is experiencing international development.<\/strong><br \/>\n<strong>If it includes nuances depending on the country, its criteria are common: Art Nouveau is characterized by inventiveness, the presence of rhythms, colors, ornamentations inspired by trees, flowers, insects, animals, and which introduce of the sensitive in the daily decoration. It is also a total art in the sense that it occupies all the space available to set up a personal universe considered favorable to the development of modern man at the dawn of the 20th century. In France, Art Nouveau was humorously called &#8220;noodle style&#8221; by its detractors as well as by the man in the street, because of its characteristic arabesque shapes, or even &#8220;Guimard style&#8221;, because of the Paris metro entrances. made in 1900 by Hector Guimard.<\/strong><\/p>\n<p style=\"text-align: center;\">Stainless steel necklace with elven atmosphere, articulated neck and pendant set with Labradorite. Cabochon of very good quality oval shape, with blue, green and golden hues. Decor of interlacing which surrounds the stone in claw setting. Articulated choker with meandering threads, 40 to 45 cm long, with extension chain ending in interlacing, in order to play on the length of the necklace. Dimension of the pendant: 6 cm by 3.5 cm. Dimension of the cabochon: 2.5 cm by 1.5 cm.<br \/>\nThe pendant can be detached from the necklace and be mounted on a chain.<\/p>\n<p style=\"text-align: center;\">Infinitely elven and mystical pendant!!<\/p>\n","protected":false},"excerpt":{"rendered":"<p style=\"text-align: center;\"><strong>Collier pendentif esprit elfique et celtique, serti Labradorite. <\/strong><\/p>\n<p style=\"text-align: center;\"><strong>Infiniment mystique et onirique!<\/strong><\/p>\n<hr \/>\n<p style=\"text-align: center;\"><span class=\"tlid-translation translation\" lang=\"en\"><strong><span class=\"\" title=\"\">Elven and Celtic spirit pendant necklace, set with Labradorite.<\/span><\/strong><\/span><\/p>\n<p style=\"text-align: center;\"><strong><span title=\"\">Infinitely mystical and dreamlike!<\/span><\/strong><\/p>\n","protected":false},"featured_media":5370,"comment_status":"open","ping_status":"closed","template":"","meta":[],"product_brand":[],"product_cat":[222],"product_tag":[31,131],"class_list":{"0":"post-5313","1":"product","2":"type-product","3":"status-publish","4":"has-post-thumbnail","6":"product_cat-les-adoptes","7":"product_tag-collier","8":"product_tag-pendentif","9":"pa_ambiance-baroque","10":"pa_ambiance-celtique","11":"pa_ambiance-elfique","12":"pa_ambiance-feerique","13":"pa_ambiance-mystique","14":"pa_ambiance-victorien","15":"pa_matiere-inox","16":"pa_ornement-labradorite","17":"pa_ornement-labradorite-bleue","18":"pa_ornement-labradorite-doree","19":"pa_ornement-labradorite-verte","20":"pa_ornement-pierre-semi","22":"first","23":"outofstock","24":"featured","25":"shipping-taxable","26":"purchasable","27":"product-type-simple"},"translation":{"provider":"WPGlobus","version":"3.0.2","language":"en","enabled_languages":["fr","en"],"languages":{"fr":{"title":true,"content":true,"excerpt":true},"en":{"title":false,"content":false,"excerpt":false}}},"jetpack-related-posts":[],"jetpack_sharing_enabled":true,"_links":{"self":[{"href":"https:\/\/www.altisfain.com\/en\/wp-json\/wp\/v2\/product\/5313","targetHints":{"allow":["GET"]}}],"collection":[{"href":"https:\/\/www.altisfain.com\/en\/wp-json\/wp\/v2\/product"}],"about":[{"href":"https:\/\/www.altisfain.com\/en\/wp-json\/wp\/v2\/types\/product"}],"replies":[{"embeddable":true,"href":"https:\/\/www.altisfain.com\/en\/wp-json\/wp\/v2\/comments?post=5313"}],"wp:featuredmedia":[{"embeddable":true,"href":"https:\/\/www.altisfain.com\/en\/wp-json\/wp\/v2\/media\/5370"}],"wp:attachment":[{"href":"https:\/\/www.altisfain.com\/en\/wp-json\/wp\/v2\/media?parent=5313"}],"wp:term":[{"taxonomy":"product_brand","embeddable":true,"href":"https:\/\/www.altisfain.com\/en\/wp-json\/wp\/v2\/product_brand?post=5313"},{"taxonomy":"product_cat","embeddable":true,"href":"https:\/\/www.altisfain.com\/en\/wp-json\/wp\/v2\/product_cat?post=5313"},{"taxonomy":"product_tag","embeddable":true,"href":"https:\/\/www.altisfain.com\/en\/wp-json\/wp\/v2\/product_tag?post=5313"}],"curies":[{"name":"wp","href":"https:\/\/api.w.org\/{rel}","templated":true}]}}