{"id":530,"date":"2018-03-05T19:37:43","date_gmt":"2018-03-05T18:37:43","guid":{"rendered":"http:\/\/www.altisfain.com\/?post_type=product&#038;p=530"},"modified":"2023-06-30T21:00:54","modified_gmt":"2023-06-30T19:00:54","slug":"collier-inox-monsho-acanthe","status":"publish","type":"product","link":"https:\/\/www.altisfain.com\/en\/boutique\/monsho\/collier-inox-monsho-acanthe\/","title":{"rendered":"Collier inox Monsh\u014d Acanthe"},"content":{"rendered":"<p style=\"text-align: center;\">Les Monsh\u014d sont les armoiries des familles japonaises.<br \/>\nIls consistent en un symbole souvent encercl\u00e9 ou de forme arrondie. Les dessins \u00e9taient souvent des versions stylis\u00e9es de th\u00e8mes ou objets japonais, souvent issus de la nature.<br \/>\nPresque tout dans la nature avait une symbolique, superstitieuse ou non, ce que influen\u00e7ait les familles dans le choix du motif embl\u00e8me de leur clan.<\/p>\n<p style=\"text-align: center;\">L&#8217;Acanthe symbolise la victoire et le terme des \u00e9preuves terrestres. La feuille d&#8217;acanthe surmonte les colonnes corinthiennes comme un symbole de gloire pour ceux qui ont triomph\u00e9 des obstacles jalonnant leur route.<\/p>\n<p style=\"text-align: center;\"><b>Pendentif circulaire mont\u00e9 sur un tour de cou articul\u00e9.<br \/>\nUne cha\u00eenette de rallonge termin\u00e9e par une feuille d&#8217;acanthe permet de jouer sur la longueur du collier.<br \/>\nLe pendentif est form\u00e9 de 2 feuilles d&#8217;acanthe martel\u00e9es main et soud\u00e9es sur deux branches.<br \/>\nQuatre brins inox entrelacent les feuilles et sortent du cercle en volutes. Diam\u00e8tre du cercle: 5,9 cm.<br \/>\nDimension feuilles: 2,6 cm par 2,8 cm pour la grande feuille, 2,4 cm par 2,4 cm pour la plus petite.<br \/>\nB\u00e9li\u00e8re de pendentif int\u00e9gr\u00e9 au cercle.<br \/>\n<\/b><\/p>\n<p style=\"text-align: center;\"><strong>Collier talisman, d&#8217;inspiration asiatique et elfique!<\/strong><\/p>\n<hr \/>\n<p style=\"text-align: center;\"><span class=\"tlid-translation translation\" lang=\"en\">The Monsh\u014d are the coat of arms of Japanese families.<br \/>\nThey consist of a symbol often circled or rounded. The drawings were often stylized versions of Japanese themes or objects, often from nature.<br \/>\nAlmost everything in nature had a symbolic, superstitious or not, which influenced the families in the choice of emblem pattern of their clan.<\/p>\n<p>The Acanthus symbolizes the victory and the end of the earthly trials. The acanthus leaf surmounts the Corinthian columns as a symbol of glory for those who have triumphed over obstacles in their path.<\/p>\n<p><strong>Circular pendant mounted on a hinged neck.<\/strong><br \/>\n<strong>An extension chain terminated by an acanthus leaf allows to play along the length of the necklace.<\/strong><br \/>\n<strong>The pendant is made of 2 hand hammered acanthus leaves and welded on two branches.<\/strong><br \/>\n<strong>Four stainless strands interlace the leaves and leave the circle in volutes. Diameter of the circle: 5.9 cm.<\/strong><br \/>\n<strong>Leaf size: 2.6 cm by 2.8 cm for the large leaf, 2.4 cm by 2.4 cm for the smaller one.<\/strong><br \/>\n<strong>Bead of pendant integrated in the circle.<\/strong><\/p>\n<p><strong>Talisman necklace, Asian and Elvish inspired!<\/strong><\/span><\/p>\n","protected":false},"excerpt":{"rendered":"<p style=\"text-align: center;\"><strong>Collier inox pendentif, entrelacs et feuilles d&#8217;acanthe, d&#8217;inspiration asiatique et elfique.<\/strong><\/p>\n<hr \/>\n<p style=\"text-align: center;\"><strong><span class=\"tlid-translation translation\" lang=\"en\"><span class=\"\" title=\"\">Necklace stainless steel pendant, tracery and acanthus leaves, Asian and Elvish inspiration.<\/span><\/span><\/strong><\/p>\n","protected":false},"featured_media":531,"comment_status":"open","ping_status":"closed","template":"","meta":[],"product_brand":[],"product_cat":[25],"product_tag":[31],"class_list":{"0":"post-530","1":"product","2":"type-product","3":"status-publish","4":"has-post-thumbnail","6":"product_cat-monsho","7":"product_tag-collier","8":"pa_ambiance-asiatique","9":"pa_ambiance-elfique","10":"pa_ambiance-feerique","11":"pa_ambiance-vegetal","12":"pa_feuille-acanthe","13":"pa_matiere-inox","15":"first","16":"outofstock","17":"sold-individually","18":"shipping-taxable","19":"purchasable","20":"product-type-simple"},"translation":{"provider":"WPGlobus","version":"3.0.2","language":"en","enabled_languages":["fr","en"],"languages":{"fr":{"title":true,"content":true,"excerpt":true},"en":{"title":false,"content":false,"excerpt":false}}},"jetpack-related-posts":[],"jetpack_sharing_enabled":true,"_links":{"self":[{"href":"https:\/\/www.altisfain.com\/en\/wp-json\/wp\/v2\/product\/530","targetHints":{"allow":["GET"]}}],"collection":[{"href":"https:\/\/www.altisfain.com\/en\/wp-json\/wp\/v2\/product"}],"about":[{"href":"https:\/\/www.altisfain.com\/en\/wp-json\/wp\/v2\/types\/product"}],"replies":[{"embeddable":true,"href":"https:\/\/www.altisfain.com\/en\/wp-json\/wp\/v2\/comments?post=530"}],"wp:featuredmedia":[{"embeddable":true,"href":"https:\/\/www.altisfain.com\/en\/wp-json\/wp\/v2\/media\/531"}],"wp:attachment":[{"href":"https:\/\/www.altisfain.com\/en\/wp-json\/wp\/v2\/media?parent=530"}],"wp:term":[{"taxonomy":"product_brand","embeddable":true,"href":"https:\/\/www.altisfain.com\/en\/wp-json\/wp\/v2\/product_brand?post=530"},{"taxonomy":"product_cat","embeddable":true,"href":"https:\/\/www.altisfain.com\/en\/wp-json\/wp\/v2\/product_cat?post=530"},{"taxonomy":"product_tag","embeddable":true,"href":"https:\/\/www.altisfain.com\/en\/wp-json\/wp\/v2\/product_tag?post=530"}],"curies":[{"name":"wp","href":"https:\/\/api.w.org\/{rel}","templated":true}]}}