{"id":524,"date":"2018-03-05T19:10:35","date_gmt":"2018-03-05T18:10:35","guid":{"rendered":"http:\/\/www.altisfain.com\/?post_type=product&#038;p=524"},"modified":"2019-10-20T12:24:40","modified_gmt":"2019-10-20T10:24:40","slug":"collier-inox-monsho-lotus","status":"publish","type":"product","link":"https:\/\/www.altisfain.com\/en\/boutique\/monsho\/collier-inox-monsho-lotus\/","title":{"rendered":"Collier inox Monsh\u014d Lotus"},"content":{"rendered":"<p style=\"text-align: center;\">Les Monsh\u014d sont les armoiries des familles japonaises.<br \/>\nIls consistent en un symbole souvent encercl\u00e9 ou de forme arrondie. Les dessins \u00e9taient souvent des versions stylis\u00e9es de th\u00e8mes ou objets japonais, souvent issus de la nature.<br \/>\nPresque tout dans la nature avait une symbolique, superstitieuse ou non, ce que influen\u00e7ait les familles dans le choix du motif embl\u00e8me de leur clan.<\/p>\n<p style=\"text-align: center;\">Le Lotus est symbole d&#8217;\u00e9panouissement.<\/p>\n<p style=\"text-align: center;\"><b>Pendentif circulaire mont\u00e9 sur un tour de cou articul\u00e9.<br \/>\nUne cha\u00eenette de rallonge termin\u00e9e par une feuille de lotus permet de jouer sur la longueur du collier.<br \/>\nLe pendentif est form\u00e9 de 2 feuilles de lotus martel\u00e9es main et soud\u00e9es sur deux branches.<br \/>\nQuatres brins inox entrelacent les feuilles et sortent du cercle en volutes.<br \/>\nDiam\u00e8tre du cercle: 5,4 cm.<br \/>\nDimension feuilles: 2,2 cm par 2,5 cm pour la grande feuille, 1,8 cm par 2,1 cm pour la plus petite.<br \/>\nB\u00e9li\u00e8re de pendentif int\u00e9gr\u00e9 au cercle.<br \/>\n<\/b><\/p>\n<p style=\"text-align: center;\"><strong>Collier talisman, d&#8217;inspiration asiatique et elfique!<\/strong><\/p>\n<hr \/>\n<p style=\"text-align: center;\"><span class=\"tlid-translation translation\" lang=\"en\"><span class=\"\" title=\"\">The Monsh\u014d are the coat of arms of Japanese families.<\/span><br \/>\n<span class=\"\" title=\"\">They consist of a symbol often circled or rounded.<\/span> <span class=\"\" title=\"\">The drawings were often stylized versions of Japanese themes or objects, often from nature.<\/span><br \/>\n<span class=\"\" title=\"\">Almost everything in nature had a symbolic, superstitious or not, which influenced the families in the choice of emblem pattern of their clan.<\/span><\/p>\n<p><span class=\"\" title=\"\">The Lotus is a symbol of fulfillment.<\/span><\/p>\n<p><strong><span class=\"\" title=\"\">Circular pendant mounted on a hinged neck.<\/span><\/strong><br \/>\n<strong><span class=\"\" title=\"\">An extension chain terminated by a lotus leaf makes it possible to play along the length of the collar.<\/span><\/strong><br \/>\n<strong><span title=\"\">The pendant is made of 2 hand-hammered lotus leaves and soldered on two branches.<\/span><\/strong><br \/>\n<strong><span title=\"\">Four stainless strands intertwine the leaves and leave the circle in volutes.<\/span><\/strong><br \/>\n<strong><span title=\"\">Diameter of the circle: 5.4 cm.<\/span><\/strong><br \/>\n<strong><span title=\"\">Leaf size: 2.2 cm by 2.5 cm for the large leaf, 1.8 cm by 2.1 cm for the smallest.<\/span><\/strong><br \/>\n<strong><span title=\"\">Bead of pendant integrated in the circle.<\/span><\/strong><\/p>\n<p><strong><span title=\"\">Talisman necklace, Asian and Elvish inspired!<\/span><\/strong><\/span><\/p>\n","protected":false},"excerpt":{"rendered":"<p style=\"text-align: center;\"><strong>Collier inox pendentif, entrelacs et feuilles de lotus, d&#8217;inspiration asiatique et elfique.<\/strong><\/p>\n<hr \/>\n<p style=\"text-align: center;\"><strong><span class=\"tlid-translation translation\" lang=\"en\"><span class=\"\" title=\"\">Stainless steel necklace pendant, interlacing and lotus leaves, Asian and Elvish inspiration.<\/span><\/span><\/strong><\/p>\n","protected":false},"featured_media":525,"comment_status":"open","ping_status":"closed","template":"","meta":[],"product_brand":[],"product_cat":[25],"product_tag":[31],"class_list":{"0":"post-524","1":"product","2":"type-product","3":"status-publish","4":"has-post-thumbnail","6":"product_cat-monsho","7":"product_tag-collier","8":"pa_ambiance-asiatique","9":"pa_ambiance-elfique","10":"pa_ambiance-feerique","11":"pa_ambiance-vegetal","12":"pa_feuille-lotus","13":"pa_matiere-inox","15":"first","16":"instock","17":"sold-individually","18":"shipping-taxable","19":"purchasable","20":"product-type-simple"},"translation":{"provider":"WPGlobus","version":"3.0.2","language":"en","enabled_languages":["fr","en"],"languages":{"fr":{"title":true,"content":true,"excerpt":true},"en":{"title":false,"content":false,"excerpt":false}}},"jetpack-related-posts":[],"jetpack_sharing_enabled":true,"_links":{"self":[{"href":"https:\/\/www.altisfain.com\/en\/wp-json\/wp\/v2\/product\/524","targetHints":{"allow":["GET"]}}],"collection":[{"href":"https:\/\/www.altisfain.com\/en\/wp-json\/wp\/v2\/product"}],"about":[{"href":"https:\/\/www.altisfain.com\/en\/wp-json\/wp\/v2\/types\/product"}],"replies":[{"embeddable":true,"href":"https:\/\/www.altisfain.com\/en\/wp-json\/wp\/v2\/comments?post=524"}],"wp:featuredmedia":[{"embeddable":true,"href":"https:\/\/www.altisfain.com\/en\/wp-json\/wp\/v2\/media\/525"}],"wp:attachment":[{"href":"https:\/\/www.altisfain.com\/en\/wp-json\/wp\/v2\/media?parent=524"}],"wp:term":[{"taxonomy":"product_brand","embeddable":true,"href":"https:\/\/www.altisfain.com\/en\/wp-json\/wp\/v2\/product_brand?post=524"},{"taxonomy":"product_cat","embeddable":true,"href":"https:\/\/www.altisfain.com\/en\/wp-json\/wp\/v2\/product_cat?post=524"},{"taxonomy":"product_tag","embeddable":true,"href":"https:\/\/www.altisfain.com\/en\/wp-json\/wp\/v2\/product_tag?post=524"}],"curies":[{"name":"wp","href":"https:\/\/api.w.org\/{rel}","templated":true}]}}