{"id":5198,"date":"2022-10-20T17:00:27","date_gmt":"2022-10-20T15:00:27","guid":{"rendered":"https:\/\/www.altisfain.com\/?post_type=product&#038;p=5198"},"modified":"2025-03-17T22:58:04","modified_gmt":"2025-03-17T21:58:04","slug":"collier-inox-les-diaboliques-nyx-amethyste-trapiche","status":"publish","type":"product","link":"https:\/\/www.altisfain.com\/en\/boutique\/diaboliques\/collier-inox-les-diaboliques-nyx-amethyste-trapiche\/","title":{"rendered":"Collier inox &#8220;Les Diaboliques: Nyx&#8221; Am\u00e9thyste trapiche"},"content":{"rendered":"<p style=\"text-align: center;\">&#8220;Le mot na\u00eff et \u00e9tonn\u00e9 de la Borgh\u00e8se, quand on lui demanda comment elle avait bien pu poser nue devant Canova: \u00abmais l&#8217;atelier \u00e9tait chaud! il y avait un po\u00eale!\u00bb&#8221;<br \/>\nLes Diaboliques, Barbey d&#8217;Aurevilly.<\/p>\n<p style=\"text-align: center;\">Collection inspir\u00e9e de femmes, fictives ou historiques qui, \u00e0 tord ou \u00e0 raison, ont suscit\u00e9 accusations et calomnies et marqu\u00e9 l&#8217;Histoire ou les histoires par leur personnalit\u00e9 sulfureuse&#8230;..<\/p>\n<p style=\"text-align: center;\">\u00a0Comme beaucoup de divinit\u00e9s primordiales, elle n\u2019a pas de repr\u00e9sentation et de description pr\u00e9cise. Cependant, on sait qu\u2019elle vit aux confins du monde et poss\u00e8de le don de proph\u00e9tie. C\u2019est une d\u00e9esse plut\u00f4t bienveillante, surtout envers ses enfants dont elle est tr\u00e8s protectrice. Sa puissance est redout\u00e9e car, bien que Zeus ait combattu les titans, il craint Nyx et n\u2019a jamais pris le risque de devoir l\u2019affronter. Par exemple : un jour pour s\u2019en prendre \u00e0 H\u00e9racl\u00e8s, Hypnos endormit Zeus et se r\u00e9fugie aupr\u00e8s de sa m\u00e8re ; Zeus renon\u00e7a \u00e0 se venger car il serait oblig\u00e9 de se mesurer \u00e0 Nyx qui prot\u00e9gerait son fils. Dans des p\u00e9riodes plus r\u00e9centes que l\u2019antiquit\u00e9, elle se pr\u00e9sente comme une femme dot\u00e9e d\u2019ailes, portant un voile bleu nuit sur le visage. Parfois, elle est sur un char noir tir\u00e9 par des chevaux sombres.<\/p>\n<p style=\"text-align: center;\"><strong>Collier inox compos\u00e9 d&#8217; une plaque martel\u00e9e et cisel\u00e9e, surmont\u00e9e d&#8217;un serti cabochon de tr\u00e8s belle qualit\u00e9 forme goutte serti griffe Am\u00e9thyste trapiche aux teintes violettes tr\u00e8s intenses et aux formes g\u00e9om\u00e9triques. Des papillons de nuit au nombre de 9 volettent autour de la pierre.<br \/>\nLe martel\u00e9 est une cr\u00e9ation sp\u00e9cifique .<br \/>\nLe collier articul\u00e9 se termine par une chainette de rallonge avec entrelacs pour jouer sur la longueur du collier.<br \/>\nDimension du cabochon: 3,5 cm par 2,5 cm.<br \/>\nDimension du collier: 8 cm de long au centre,\u00a0 8 cm d&#8217;un bord \u00e0 l&#8217;autre.<br \/>\nTaille du tour de cou: 42 cm \u00e0 49 cm.<\/strong><\/p>\n<p style=\"text-align: center;\"><strong>Collier infiniment gothique, pi\u00e8ce unique!!<\/strong><\/p>\n<hr \/>\n<div class=\"text-wrap tlid-copy-target\" style=\"text-align: center;\"><span class=\"tlid-translation translation\" lang=\"en\"><span class=\"tlid-translation translation\" lang=\"en\"><strong>&#8220;The naive and astonished word from the Borghese, when asked how she could have posed naked in front of Canova:&#8221; but the workshop was hot! There was a stove! &#8220;<\/strong><br \/>\n<strong>Les Diaboliques, Barbey d&#8217;Aurevilly.<\/strong><\/span><\/span><\/div>\n<div><\/div>\n<div class=\"text-wrap tlid-copy-target\" style=\"text-align: center;\"><strong>Collection inspired by women, fictitious or historical who, rightl<\/strong><strong>y or wrongly, have aroused accusations and calumnies and marked History or stories by their sulphurous personality &#8230;..<\/strong><\/div>\n<div><\/div>\n<div class=\"text-wrap tlid-copy-target\" style=\"text-align: center;\"><span class=\"VIiyi\" lang=\"en\"><span class=\"JLqJ4b\" data-language-for-alternatives=\"en\" data-language-to-translate-into=\"fr\" data-phrase-index=\"0\">\u00a0Like many primordial deities, she has no precise representation and description. However, we know that she lives on the edge of the world and has the gift of prophecy. She is a rather benevolent goddess, especially towards her children of whom she is very protective. His power is feared because, although Zeus fought the titans, he fears Nyx and never took the risk of having to face him. For example: one day to attack Heracles, Hypnos put Zeus to sleep and took refuge with his mother; Zeus gave up revenge because he would be forced to measure himself against Nyx who would protect his son. In more recent periods than antiquity, she appears as a woman with wings, wearing a midnight blue veil over her face. Sometimes she is on a black chariot pulled by dark horses.<\/span><\/span><\/div>\n<div class=\"text-wrap tlid-copy-target\" style=\"text-align: center;\"><span class=\"VIiyi\" lang=\"en\"><span class=\"JLqJ4b\" data-language-for-alternatives=\"en\" data-language-to-translate-into=\"fr\" data-phrase-index=\"0\">\u00a0<\/span><\/span><\/div>\n<div class=\"text-wrap tlid-copy-target\" style=\"text-align: center;\"><b>Stainless steel necklace composed of a hammered and chiseled plate, surmounted by a very fine quality drop-shaped cabochon setting set with a trapiche Amethyst claw in very intense purple hues and geometric shapes. Nine night butterflies around the stone.<\/b><\/div>\n<div class=\"text-wrap tlid-copy-target\" style=\"text-align: center;\"><b>\u00a0Hammered is a specific creation.<\/b><\/div>\n<div class=\"text-wrap tlid-copy-target\" style=\"text-align: center;\"><b>\u00a0The articulated necklace ends with an extension chain with interlacing to play on the length of the necklace.<\/b><\/div>\n<div class=\"text-wrap tlid-copy-target\" style=\"text-align: center;\"><b>\u00a0Dimensions of the cabochon: 3.5 cm by 2.5 cm.<\/b><\/div>\n<div class=\"text-wrap tlid-copy-target\" style=\"text-align: center;\"><b>\u00a0Necklace dimension: 8 cm long in the center, 8 cm from one edge to the other.<\/b><\/div>\n<div class=\"text-wrap tlid-copy-target\" style=\"text-align: center;\"><b>\u00a0Neck circumference size: 42 cm to 49 cm.<\/b><\/div>\n<div class=\"text-wrap tlid-copy-target\" style=\"text-align: center;\"><b>\u00a0<\/b><\/div>\n<div><\/div>\n<div class=\"text-wrap tlid-copy-target\" style=\"text-align: center;\"><strong><span class=\"tlid-translation translation\" lang=\"en\"><span class=\"\" title=\"\">Infinitely gothic necklace, unique piece !!<\/span><\/span><\/strong><\/div>\n<div class=\"tlid-result-transliteration-container result-transliteration-container transliteration-container\">\n<div class=\"tlid-transliteration-content transliteration-content full\"><\/div>\n<\/div>\n","protected":false},"excerpt":{"rendered":"<p style=\"text-align: center;\"><strong>Collier inox serti Am\u00e9thyste trapiche, d&#8217;inspiration gothique.<br \/>\n<\/strong><\/p>\n<hr \/>\n<div class=\"text-wrap tlid-copy-target\">\n<div class=\"result-shield-container tlid-copy-target\" style=\"text-align: center;\" tabindex=\"0\">\n<div class=\"text-wrap tlid-copy-target\">\n<div class=\"result-shield-container tlid-copy-target\" tabindex=\"0\"><strong><span class=\"tlid-translation translation\" lang=\"en\"><span class=\"\" title=\"\">Stainless steel necklace with Amethyst setting, of gothic inspiration.<\/span><\/span><\/strong><\/div>\n<\/div>\n<div class=\"tlid-result-transliteration-container result-transliteration-container transliteration-container\">\n<div class=\"tlid-transliteration-content transliteration-content full\"><\/div>\n<\/div>\n<p><strong><span class=\"tlid-translation translation\" lang=\"en\"><span class=\"\" title=\"\">\u00a0<\/span><\/span><\/strong><\/p>\n<\/div>\n<\/div>\n<div class=\"tlid-result-transliteration-container result-transliteration-container transliteration-container\" style=\"text-align: center;\">\n<div class=\"tlid-transliteration-content transliteration-content full\"><\/div>\n<\/div>\n<div class=\"result-footer source-or-target-footer tlid-copy-target\" style=\"text-align: center;\"><\/div>\n","protected":false},"featured_media":5199,"comment_status":"open","ping_status":"closed","template":"","meta":[],"product_brand":[],"product_cat":[15],"product_tag":[31],"class_list":{"0":"post-5198","1":"product","2":"type-product","3":"status-publish","4":"has-post-thumbnail","6":"product_cat-diaboliques","7":"product_tag-collier","8":"pa_ambiance-antique","9":"pa_ambiance-art-nouveau","10":"pa_ambiance-baroque","11":"pa_ambiance-elfique","12":"pa_ambiance-feerique","13":"pa_ambiance-gothique","14":"pa_ambiance-grece-antique","15":"pa_ambiance-victorien","16":"pa_matiere-inox","17":"pa_ornement-amethyste","18":"pa_ornement-amethyste-trapiche","19":"pa_ornement-pierre-semi","21":"first","22":"outofstock","23":"featured","24":"sold-individually","25":"shipping-taxable","26":"purchasable","27":"product-type-simple"},"translation":{"provider":"WPGlobus","version":"3.0.2","language":"en","enabled_languages":["fr","en"],"languages":{"fr":{"title":true,"content":true,"excerpt":true},"en":{"title":false,"content":false,"excerpt":false}}},"jetpack-related-posts":[],"jetpack_sharing_enabled":true,"_links":{"self":[{"href":"https:\/\/www.altisfain.com\/en\/wp-json\/wp\/v2\/product\/5198","targetHints":{"allow":["GET"]}}],"collection":[{"href":"https:\/\/www.altisfain.com\/en\/wp-json\/wp\/v2\/product"}],"about":[{"href":"https:\/\/www.altisfain.com\/en\/wp-json\/wp\/v2\/types\/product"}],"replies":[{"embeddable":true,"href":"https:\/\/www.altisfain.com\/en\/wp-json\/wp\/v2\/comments?post=5198"}],"wp:featuredmedia":[{"embeddable":true,"href":"https:\/\/www.altisfain.com\/en\/wp-json\/wp\/v2\/media\/5199"}],"wp:attachment":[{"href":"https:\/\/www.altisfain.com\/en\/wp-json\/wp\/v2\/media?parent=5198"}],"wp:term":[{"taxonomy":"product_brand","embeddable":true,"href":"https:\/\/www.altisfain.com\/en\/wp-json\/wp\/v2\/product_brand?post=5198"},{"taxonomy":"product_cat","embeddable":true,"href":"https:\/\/www.altisfain.com\/en\/wp-json\/wp\/v2\/product_cat?post=5198"},{"taxonomy":"product_tag","embeddable":true,"href":"https:\/\/www.altisfain.com\/en\/wp-json\/wp\/v2\/product_tag?post=5198"}],"curies":[{"name":"wp","href":"https:\/\/api.w.org\/{rel}","templated":true}]}}