{"id":516,"date":"2018-03-05T18:43:23","date_gmt":"2018-03-05T17:43:23","guid":{"rendered":"http:\/\/www.altisfain.com\/?post_type=product&#038;p=516"},"modified":"2019-10-19T22:34:56","modified_gmt":"2019-10-19T20:34:56","slug":"collier-inox-monsho-ginkgo-biloba","status":"publish","type":"product","link":"https:\/\/www.altisfain.com\/en\/boutique\/monsho\/collier-inox-monsho-ginkgo-biloba\/","title":{"rendered":"Collier inox Monsh\u014d Ginkgo Biloba"},"content":{"rendered":"<p style=\"text-align: center;\">Les Monsh\u014d sont les armoiries des familles japonaises.<br \/>\nIls consistent en un symbole souvent encercl\u00e9 ou de forme arrondie. Les dessins \u00e9taient souvent des versions stylis\u00e9es de th\u00e8mes ou objets japonais, souvent issus de la nature.<br \/>\nPresque tout dans la nature avait une symbolique, superstitieuse ou non, ce que influen\u00e7ait les familles dans le choix du motif embl\u00e8me de leur clan.<\/p>\n<p style=\"text-align: center;\">Le Ginkgo biloba est symbole d&#8217;unit\u00e9 des oppos\u00e9s et de long\u00e9vit\u00e9.<\/p>\n<p style=\"text-align: center;\"><b>Pendentif circulaire mont\u00e9 sur un tour de cou articul\u00e9.<br \/>\nUne cha\u00eenette de rallonge termin\u00e9e par une feuille de ginkgo biloba permet de jouer sur la longueur du collier.<br \/>\nLe pendentif est form\u00e9 de 2 feuilles de ginkgo martel\u00e9es main et soud\u00e9es sur deux branches.<br \/>\nQuatres brins inox entrelacent les feuilles et sortent du cercle en volutes.<br \/>\nDiam\u00e8tre du cercle: 5,4 cm.<br \/>\nDimension feuilles: 2 cm par 3 cm pour la feuille en \u00e9ventail, 2 cm par 2 cm pour la plus petite.<br \/>\nB\u00e9li\u00e8re de pendentif int\u00e9gr\u00e9 au cercle.<\/b><\/p>\n<p style=\"text-align: center;\"><strong>Collier talisman, d&#8217;inspiration asiatique et elfique!<\/strong><\/p>\n<hr \/>\n<p style=\"text-align: center;\">The Monsh\u014d is the coat of Japanese families.<br \/>\nThey consist of a symbol often encircled or rounded.<br \/>\nThe drawings were often stylized versions of Japanese themes or objects, often derived from nature.<br \/>\nAlmost everything in nature had a symbolic, superstitious or not, what influenced families in choosing the emblem reason for their clan.<\/p>\n<p style=\"text-align: center;\">Ginkgo biloba is a symbol of unity of opposites and longevity.<\/p>\n<p><strong>Circular pendant mounted on a tower articulated neck.<\/strong><br \/>\n<strong>An extension chain ended with a ginkgo biloba leaf can play on the length of the necklace.<\/strong><br \/>\n<strong>The pendant is made of two sheets of ginkgo hand hammered and welded on two branches.<\/strong><br \/>\n<strong>Four stainless steel strands intertwine leaves and scrolls out of the circle.<\/strong><br \/>\n<strong>Circle diameter: 5,4 cm.<\/strong><br \/>\n<strong>Size leaves: 2 cm by 3 cm for the leaf range, 2 cm by 2 cm for the smallest.<\/strong><br \/>\n<strong>Pendant Bail integrated into the circle.<\/strong><\/p>\n<p><strong>Asian and magical inspiration necklace.<\/strong><\/p>\n","protected":false},"excerpt":{"rendered":"<p style=\"text-align: center;\"><strong>Collier inox pendentif, entrelacs et feuilles de ginkgo biloba, d&#8217;inspiration asiatique et elfique.<\/strong><\/p>\n<hr \/>\n<p style=\"text-align: center;\"><strong><span class=\"tlid-translation translation\" lang=\"en\"><span class=\"\" title=\"\">Necklace stainless steel pendant, tracery and leaves of ginkgo biloba, of Asian and Elvish inspiration.<\/span><\/span><\/strong><\/p>\n","protected":false},"featured_media":517,"comment_status":"open","ping_status":"closed","template":"","meta":[],"product_brand":[],"product_cat":[25],"product_tag":[31],"class_list":{"0":"post-516","1":"product","2":"type-product","3":"status-publish","4":"has-post-thumbnail","6":"product_cat-monsho","7":"product_tag-collier","8":"pa_ambiance-asiatique","9":"pa_ambiance-elfique","10":"pa_ambiance-feerique","11":"pa_ambiance-vegetal","12":"pa_feuille-ginkgo-biloba","13":"pa_matiere-inox","15":"first","16":"instock","17":"sold-individually","18":"shipping-taxable","19":"purchasable","20":"product-type-simple"},"translation":{"provider":"WPGlobus","version":"3.0.2","language":"en","enabled_languages":["fr","en"],"languages":{"fr":{"title":true,"content":true,"excerpt":true},"en":{"title":false,"content":false,"excerpt":false}}},"jetpack-related-posts":[],"jetpack_sharing_enabled":true,"_links":{"self":[{"href":"https:\/\/www.altisfain.com\/en\/wp-json\/wp\/v2\/product\/516","targetHints":{"allow":["GET"]}}],"collection":[{"href":"https:\/\/www.altisfain.com\/en\/wp-json\/wp\/v2\/product"}],"about":[{"href":"https:\/\/www.altisfain.com\/en\/wp-json\/wp\/v2\/types\/product"}],"replies":[{"embeddable":true,"href":"https:\/\/www.altisfain.com\/en\/wp-json\/wp\/v2\/comments?post=516"}],"wp:featuredmedia":[{"embeddable":true,"href":"https:\/\/www.altisfain.com\/en\/wp-json\/wp\/v2\/media\/517"}],"wp:attachment":[{"href":"https:\/\/www.altisfain.com\/en\/wp-json\/wp\/v2\/media?parent=516"}],"wp:term":[{"taxonomy":"product_brand","embeddable":true,"href":"https:\/\/www.altisfain.com\/en\/wp-json\/wp\/v2\/product_brand?post=516"},{"taxonomy":"product_cat","embeddable":true,"href":"https:\/\/www.altisfain.com\/en\/wp-json\/wp\/v2\/product_cat?post=516"},{"taxonomy":"product_tag","embeddable":true,"href":"https:\/\/www.altisfain.com\/en\/wp-json\/wp\/v2\/product_tag?post=516"}],"curies":[{"name":"wp","href":"https:\/\/api.w.org\/{rel}","templated":true}]}}