{"id":5133,"date":"2022-09-01T11:37:10","date_gmt":"2022-09-01T09:37:10","guid":{"rendered":"https:\/\/www.altisfain.com\/?post_type=product&#038;p=5133"},"modified":"2025-07-14T12:47:55","modified_gmt":"2025-07-14T10:47:55","slug":"collier-inox-les-passages-celestes-minute-papillon-fluorite","status":"publish","type":"product","link":"https:\/\/www.altisfain.com\/en\/boutique\/les-passages-celestes\/collier-inox-les-passages-celestes-minute-papillon-fluorite\/","title":{"rendered":"Collier inox &#8220;les Passages C\u00e9lestes: &#8220;Minute, Papillon!&#8221; Fluorite"},"content":{"rendered":"<p style=\"text-align: center;\"><strong>\u201cSi la vie n&#8217;est qu&#8217;un passage, sur ce passage au moins semons des fleurs.\u201d<\/strong><br \/>\n<strong>Montaigne<\/strong><\/p>\n<p style=\"text-align: center;\"><strong>\u00ab Les Passages C\u00e9lestes \u00bb est une collection inspir\u00e9e des diff\u00e9rents portes conduisant \u00e0 des univers oniriques mais aussi personnels, des voies qui m\u00e8nent \u00e0 la pleine conscience de soi et du monde. Ces passerelles nous transportent vers des havres supr\u00eames, des finalit\u00e9s plus hautes, des buts ultimes. Ils touchent l&#8217;Histoire, la Spiritualit\u00e9, le Fantastique. Empruntons ces passages et nous entrons dans des contr\u00e9es intimes et fantaisistes.<\/strong><\/p>\n<p style=\"text-align: center;\"><strong>\u00a0 \u00a0 <\/strong><strong>\u00a0<\/strong><strong>\u00a0<\/strong><strong>\u00a0<\/strong><strong>\u00a0<\/strong><strong>\u00a0 Cette expression semble \u00eatre apparue pour la premi\u00e8re fois au XXe si\u00e8cle. Toutefois, ses origines sont controvers\u00e9es. Il pourrait s&#8217;agir d&#8217;une r\u00e9f\u00e9rence aux papillons qui volent rapidement mais qui ne se posent jamais ou pas longtemps. Une autre explication attribue l&#8217;origine de l&#8217;expression aux journalistes du Canard Encha\u00een\u00e9, qui, avant la Seconde Guerre Mondiale, allaient souvent dans un caf\u00e9 voisin. L\u00e0, il y aurait eut un serveur du nom de Papillon qui, lorsqu&#8217;on l&#8217;appelait, r\u00e9pondait &#8220;minute, j&#8217;arrive&#8221;. Ils l&#8217;auraient alors surnomm\u00e9 &#8220;Minute Papillon&#8221;. Quelle que soit l&#8217;origine exacte, l&#8217;expression signifie que l&#8217;on demande \u00e0 une personne de prendre du temps pour r\u00e9fl\u00e9chir, ou bien que l&#8217;on souhaite qu&#8217;elle patiente.<\/strong><strong>\u00a0<\/strong><\/p>\n<p style=\"text-align: center;\">\u00a0 Collier inox ambiance elfique, petit plastron articul\u00e9 et pendentif serti Fluorite. Cabochon de tr\u00e8s belle qualit\u00e9 forme ovale, teintes violettes et vertes intenses. D\u00e9cor de papillons sur le pendentif et sur le\u00a0 plastron. Tour de cou articul\u00e9 de 40 \u00e0 45 cm de long, avec chainette de rallonge termin\u00e9 par un papillon, afin de jouer sur la longueur du collier. Dimension du pendentif: 4,5 cm par 5 cm. Dimension du cabochon: 2,5 cm par 1,8 cm.<\/p>\n<p style=\"text-align: center;\">Pendentif infiniment elfique et mystique!!<\/p>\n<hr \/>\n<p style=\"text-align: center;\">&#8220;If life is only a passage, on this passage at least sow flowers.&#8221;<br \/>\nMontaigne<\/p>\n<p style=\"text-align: center;\">&#8220;The heavenly passages&#8221; is a collection inspired by the different doors leading to dreamlike but also personal worlds, paths that lead to the full awareness of oneself and the world. These bridges carry us to supreme havens, higher ends, ultimate goals. They touch History, Spirituality, Fantasy. Let&#8217;s take these passages and we enter intimate and fanciful countries.<\/p>\n<p style=\"text-align: center;\"><span class=\"VIiyi\" lang=\"en\"><span class=\"JLqJ4b\" data-language-for-alternatives=\"en\" data-language-to-translate-into=\"fr\" data-phrase-index=\"0\">\u00a0 \u00a0<\/span><\/span>\u00a0 \u00a0\u00a0<b>\u00a0This expression seems to have appeared for the first time in the 20th century. However, its origins are controversial. It could be a reference to butterflies that fly fast but never land or don&#8217;t land for long. Another explanation attributes the origin of the expression to the journalists of Le Canard Encha\u00een\u00e9, who, before the Second World War, often went to a nearby caf\u00e9. There, there would have been a waiter named Papillon who, when called, replied &#8220;minute, I&#8217;m coming&#8221;. They would then have nicknamed it &#8220;Minute Papillon&#8221;. Whatever the exact origin, the expression means that one asks a person to take time to reflect, or that one wishes them to be patient.<\/b><\/p>\n<p style=\"text-align: center;\"><b>\u00a0Elven-inspired stainless steel necklace, small articulated breastplate and Fluorite-set pendant. Very good quality cabochon, oval shape, intense purple and green hues. Decorated with butterflies on the pendant and on the breastplate. Articulated choker of 40 to 45 cm long, with extension chain ending in a butterfly, in order to play on the length of the necklace. Dimension of the pendant: 4.5 cm by 5 cm. Dimension of the cabochon: 2.5 cm by 1.8 cm.<\/b><\/p>\n<p><strong>Pendant infinitely Elvish and mystical !!<\/strong><\/p>\n","protected":false},"excerpt":{"rendered":"<p style=\"text-align: center;\"><strong>Collier pendentif esprit elfique et celtique, serti Fluorite et papillon.<\/strong><\/p>\n<p style=\"text-align: center;\"><strong>Infiniment mystique et onirique!<\/strong><\/p>\n<hr \/>\n<p style=\"text-align: center;\"><span class=\"tlid-translation translation\" lang=\"en\"><strong><span class=\"\" title=\"\">Elven and Celtic spirit pendant necklace, set with Fluorite and butterfly.<\/span><\/strong><\/span><\/p>\n<p style=\"text-align: center;\"><strong><span title=\"\">Infinitely mystical and dreamlike!<\/span><\/strong><\/p>\n","protected":false},"featured_media":5134,"comment_status":"open","ping_status":"closed","template":"","meta":[],"product_brand":[],"product_cat":[130],"product_tag":[31,131],"class_list":{"0":"post-5133","1":"product","2":"type-product","3":"status-publish","4":"has-post-thumbnail","6":"product_cat-les-passages-celestes","7":"product_tag-collier","8":"product_tag-pendentif","9":"pa_ambiance-baroque","10":"pa_ambiance-celtique","11":"pa_ambiance-elfique","12":"pa_ambiance-feerique","13":"pa_ambiance-mystique","14":"pa_ambiance-victorien","15":"pa_matiere-inox","16":"pa_ornement-fluorite","17":"pa_ornement-pierre-semi","19":"first","20":"instock","21":"featured","22":"shipping-taxable","23":"purchasable","24":"product-type-simple"},"translation":{"provider":"WPGlobus","version":"3.0.2","language":"en","enabled_languages":["fr","en"],"languages":{"fr":{"title":true,"content":true,"excerpt":true},"en":{"title":false,"content":false,"excerpt":false}}},"jetpack-related-posts":[],"jetpack_sharing_enabled":true,"_links":{"self":[{"href":"https:\/\/www.altisfain.com\/en\/wp-json\/wp\/v2\/product\/5133","targetHints":{"allow":["GET"]}}],"collection":[{"href":"https:\/\/www.altisfain.com\/en\/wp-json\/wp\/v2\/product"}],"about":[{"href":"https:\/\/www.altisfain.com\/en\/wp-json\/wp\/v2\/types\/product"}],"replies":[{"embeddable":true,"href":"https:\/\/www.altisfain.com\/en\/wp-json\/wp\/v2\/comments?post=5133"}],"wp:featuredmedia":[{"embeddable":true,"href":"https:\/\/www.altisfain.com\/en\/wp-json\/wp\/v2\/media\/5134"}],"wp:attachment":[{"href":"https:\/\/www.altisfain.com\/en\/wp-json\/wp\/v2\/media?parent=5133"}],"wp:term":[{"taxonomy":"product_brand","embeddable":true,"href":"https:\/\/www.altisfain.com\/en\/wp-json\/wp\/v2\/product_brand?post=5133"},{"taxonomy":"product_cat","embeddable":true,"href":"https:\/\/www.altisfain.com\/en\/wp-json\/wp\/v2\/product_cat?post=5133"},{"taxonomy":"product_tag","embeddable":true,"href":"https:\/\/www.altisfain.com\/en\/wp-json\/wp\/v2\/product_tag?post=5133"}],"curies":[{"name":"wp","href":"https:\/\/api.w.org\/{rel}","templated":true}]}}