{"id":5123,"date":"2022-08-29T10:52:04","date_gmt":"2022-08-29T08:52:04","guid":{"rendered":"https:\/\/www.altisfain.com\/?post_type=product&#038;p=5123"},"modified":"2022-08-29T11:18:47","modified_gmt":"2022-08-29T09:18:47","slug":"collier-inox-les-passages-celestes-le-reve-dicare-fluorite","status":"publish","type":"product","link":"https:\/\/www.altisfain.com\/en\/boutique\/les-passages-celestes\/collier-inox-les-passages-celestes-le-reve-dicare-fluorite\/","title":{"rendered":"Collier inox &#8220;les Passages C\u00e9lestes: &#8220;le R\u00eave d&#8217;Icare&#8221; Fluorite"},"content":{"rendered":"<p style=\"text-align: left; padding-left: 30px;\"><strong>\u201cSi la vie n&#8217;est qu&#8217;un passage, sur ce passage au moins semons des fleurs.\u201d<\/strong><br \/>\n<strong>Montaigne<\/strong><\/p>\n<p style=\"text-align: center;\"><strong>\u00ab Les Passages C\u00e9lestes \u00bb est une collection inspir\u00e9e des diff\u00e9rents portes conduisant \u00e0 des univers oniriques mais aussi personnels, des voies qui m\u00e8nent \u00e0 la pleine conscience de soi et du monde. Ces passerelles nous transportent vers des havres supr\u00eames, des finalit\u00e9s plus hautes, des buts ultimes. Ils touchent l&#8217;Histoire, la Spiritualit\u00e9, le Fantastique. Empruntons ces passages et nous entrons dans des contr\u00e9es intimes et fantaisistes.<\/strong><\/p>\n<p style=\"text-align: center;\"><strong>\u00a0 \u00a0 <\/strong><strong>\u00a0<\/strong><strong>\u00a0<\/strong><strong>\u00a0<\/strong><strong>\u00a0<\/strong><strong>\u00a0 Le mythe de D\u00e9dale et Icare, qui est notamment racont\u00e9 dans les M\u00e9tamorphoses d\u2019Ovide, a inspir\u00e9 des tableaux et des films. Il relate comment l\u2019ing\u00e9nieux D\u00e9dale a tent\u00e9 de fuir le Labyrinthe en fabricant des ailes pour lui-m\u00eame et son fils. Mais l\u2019imprudent Icare s\u2019approcha trop pr\u00e8s du soleil et tomba dans la mer.\u00a0<\/strong><strong>Le mythe de D\u00e9dale et Icare symbolise le d\u00e9sir de l&#8217;homme d&#8217;aller toujours plus loin, au risque de devoir finalement reconna\u00eetre sa condition de simple \u00eatre humain.\u00a0<\/strong><strong>La chute d&#8217;Icare peut ainsi \u00eatre interpr\u00e9t\u00e9e comme une mise en garde rappelant le ch\u00e2timent qui menace les hommes qui font preuve de d\u00e9mesure et de t\u00e9m\u00e9rit\u00e9.<\/strong><\/p>\n<p style=\"text-align: center;\">\u00a0 Collier inox ambiance elfique, tour de cou articul\u00e9 et pendentif serti Fluorite. Cabochon de tr\u00e8s belle qualit\u00e9 forme ovale, teintes violettes et bleues intenses. D\u00e9cor d&#8217;oiseaux sur le pendentif et de plumes sur le tour de cou. Tour de cou articul\u00e9 avec fils qui serpentent, de 40 \u00e0 45 cm de long, avec chainette de rallonge termin\u00e9 par une plume, afin de jouer sur la longueur du collier. Dimension du pendentif: 5,5 cm par 3,8 cm. Dimension du cabochon: 2,7 cm par 1,8 cm.<\/p>\n<p style=\"text-align: center;\">Pendentif infiniment elfique et mystique!!<\/p>\n<hr \/>\n<p style=\"text-align: center;\">&#8220;If life is only a passage, on this passage at least sow flowers.&#8221;<br \/>\nMontaigne<\/p>\n<p style=\"text-align: center;\">&#8220;The heavenly passages&#8221; is a collection inspired by the different doors leading to dreamlike but also personal worlds, paths that lead to the full awareness of oneself and the world. These bridges carry us to supreme havens, higher ends, ultimate goals. They touch History, Spirituality, Fantasy. Let&#8217;s take these passages and we enter intimate and fanciful countries.<\/p>\n<p style=\"text-align: center;\"><span class=\"VIiyi\" lang=\"en\"><span class=\"JLqJ4b\" data-language-for-alternatives=\"en\" data-language-to-translate-into=\"fr\" data-phrase-index=\"0\">\u00a0 \u00a0<\/span><\/span>\u00a0 \u00a0The myth of Daedalus and Icarus, which is told in particular in Ovid&#8217;s Metamorphoses, has inspired paintings and films. It relates how the ingenious Daedalus tried to escape the Labyrinth by making wings for himself and his son. But the reckless Icarus approached too close to the sun and fell into the sea. The myth of Daedalus and Icarus symbolizes man&#8217;s desire to always go further, at the risk of finally having to recognize his condition as a simple human being. The fall of Icarus can thus be interpreted as a warning recalling the punishment that threatens men who show excess and temerity.<\/p>\n<p style=\"text-align: center;\"><b>Stainless steel necklace with elven atmosphere, articulated neck and pendant set with Fluorite. Cabochon of very good quality oval shape, intense purple and blue hues. Decorated with birds on the pendant and feathers around the neck. Articulated choker with meandering threads, 40 to 45 cm long, with extension chain ending in a feather, in order to play on the length of the necklace. Dimension of the pendant: 5.5 cm by 3.8 cm. Dimension of the cabochon: 2.7 cm by 1.8 cm.<\/b><\/p>\n<p><strong>Pendant infinitely Elvish and mystical !!<\/strong><\/p>\n","protected":false},"excerpt":{"rendered":"<p style=\"text-align: center;\"><strong>Collier pendentif esprit elfique et celtique, serti Fluorite, oiseaux et plumes.<\/strong><\/p>\n<p style=\"text-align: center;\"><strong>Infiniment mystique et onirique!<\/strong><\/p>\n<hr \/>\n<p style=\"text-align: center;\"><span class=\"tlid-translation translation\" lang=\"en\"><strong><span class=\"\" title=\"\">Elven and Celtic spirit pendant necklace, set with Fluorite, birds and feathers.<\/span><\/strong><\/span><\/p>\n<p style=\"text-align: center;\"><strong><span title=\"\">Infinitely mystical and dreamlike!<\/span><\/strong><\/p>\n","protected":false},"featured_media":5124,"comment_status":"open","ping_status":"closed","template":"","meta":[],"product_brand":[],"product_cat":[130],"product_tag":[31,131],"class_list":{"0":"post-5123","1":"product","2":"type-product","3":"status-publish","4":"has-post-thumbnail","6":"product_cat-les-passages-celestes","7":"product_tag-collier","8":"product_tag-pendentif","9":"pa_ambiance-baroque","10":"pa_ambiance-celtique","11":"pa_ambiance-elfique","12":"pa_ambiance-feerique","13":"pa_ambiance-mystique","14":"pa_ambiance-victorien","15":"pa_matiere-inox","16":"pa_ornement-fluorite","17":"pa_ornement-pierre-semi","19":"first","20":"instock","21":"featured","22":"shipping-taxable","23":"purchasable","24":"product-type-simple"},"translation":{"provider":"WPGlobus","version":"3.0.2","language":"en","enabled_languages":["fr","en"],"languages":{"fr":{"title":true,"content":true,"excerpt":true},"en":{"title":false,"content":false,"excerpt":false}}},"jetpack-related-posts":[],"jetpack_sharing_enabled":true,"_links":{"self":[{"href":"https:\/\/www.altisfain.com\/en\/wp-json\/wp\/v2\/product\/5123","targetHints":{"allow":["GET"]}}],"collection":[{"href":"https:\/\/www.altisfain.com\/en\/wp-json\/wp\/v2\/product"}],"about":[{"href":"https:\/\/www.altisfain.com\/en\/wp-json\/wp\/v2\/types\/product"}],"replies":[{"embeddable":true,"href":"https:\/\/www.altisfain.com\/en\/wp-json\/wp\/v2\/comments?post=5123"}],"wp:featuredmedia":[{"embeddable":true,"href":"https:\/\/www.altisfain.com\/en\/wp-json\/wp\/v2\/media\/5124"}],"wp:attachment":[{"href":"https:\/\/www.altisfain.com\/en\/wp-json\/wp\/v2\/media?parent=5123"}],"wp:term":[{"taxonomy":"product_brand","embeddable":true,"href":"https:\/\/www.altisfain.com\/en\/wp-json\/wp\/v2\/product_brand?post=5123"},{"taxonomy":"product_cat","embeddable":true,"href":"https:\/\/www.altisfain.com\/en\/wp-json\/wp\/v2\/product_cat?post=5123"},{"taxonomy":"product_tag","embeddable":true,"href":"https:\/\/www.altisfain.com\/en\/wp-json\/wp\/v2\/product_tag?post=5123"}],"curies":[{"name":"wp","href":"https:\/\/api.w.org\/{rel}","templated":true}]}}