{"id":5052,"date":"2022-07-15T13:02:06","date_gmt":"2022-07-15T11:02:06","guid":{"rendered":"https:\/\/www.altisfain.com\/?post_type=product&#038;p=5052"},"modified":"2024-10-20T21:49:16","modified_gmt":"2024-10-20T19:49:16","slug":"collier-inox-les-passages-celestes-le-temps-de-linnocence-labradorite","status":"publish","type":"product","link":"https:\/\/www.altisfain.com\/en\/boutique\/les-adoptes\/collier-inox-les-passages-celestes-le-temps-de-linnocence-labradorite\/","title":{"rendered":"Collier inox &#8220;les Passages C\u00e9lestes: le Temps de l&#8217;Innocence&#8221; Labradorite"},"content":{"rendered":"<p style=\"text-align: left; padding-left: 30px;\"><strong>\u201cSi la vie n&#8217;est qu&#8217;un passage, sur ce passage au moins semons des fleurs.\u201d<\/strong><br \/>\n<strong>Montaigne<\/strong><\/p>\n<p style=\"text-align: center;\"><strong>\u00ab Les Passages C\u00e9lestes \u00bb est une collection inspir\u00e9e des diff\u00e9rents portes conduisant \u00e0 des univers oniriques mais aussi personnels, des voies qui m\u00e8nent \u00e0 la pleine conscience de soi et du monde. Ces passerelles nous transportent vers des havres supr\u00eames, des finalit\u00e9s plus hautes, des buts ultimes. Ils touchent l&#8217;Histoire, la Spiritualit\u00e9, le Fantastique. Empruntons ces passages et nous entrons dans des contr\u00e9es intimes et fantaisistes.<\/strong><\/p>\n<p style=\"text-align: center;\"><strong>\u00a0 \u00a0 <\/strong><strong>\u00a0<\/strong><strong>\u00a0<\/strong><strong>\u00a0<\/strong><strong>\u00a0 Le symbolisme des libellules est g\u00e9n\u00e9ralement li\u00e9 \u00e0 la prosp\u00e9rit\u00e9, \u00e0 la chance, \u00e0 la force, \u00e0 la paix, \u00e0 l\u2019harmonie et \u00e0 la puret\u00e9. Leurs ailes iris\u00e9es tr\u00e8s sensibles nous rappellent de rester attentifs \u00e0 la direction du vent et d\u2019\u00e9viter de nous pr\u00e9cipiter dans une temp\u00eate. L\u2019inkage signifie la fragilit\u00e9 et l\u2019inconstance, mais \u00e9galement la l\u00e9g\u00e8ret\u00e9 et l\u2019\u00e9l\u00e9gance. Ces cr\u00e9atures ail\u00e9es repr\u00e9sentent aussi le changement ainsi que les r\u00eaves de l\u2019\u00e2me et les pens\u00e9es. Le tatouage libellule incarne la locution latine Carpe Diem, \u00e9tant donn\u00e9 que ces cr\u00e9atures ont une vie courte.<\/strong><\/p>\n<p style=\"text-align: center;\">\u00a0 Collier inox ambiance elfique, serti Labradorite, d\u00e9cor d&#8217;entrelacs et de libellules. Cabochon de tr\u00e8s belle qualit\u00e9 forme goutte, teintes vertes tr\u00e8s intenses, stri\u00e9e de noir. Tour de cou de 40 \u00e0 45 cm de long, avec chainette de rallonge termin\u00e9 par un entrelacs, afin de jouer sur la longueur du collier. Dimension du cabochon: 3,6 cm par 4,8 cm.<\/p>\n<p style=\"text-align: center;\">Pendentif infiniment elfique et mystique!!<\/p>\n<hr \/>\n<p style=\"text-align: center;\">&#8220;If life is only a passage, on this passage at least sow flowers.&#8221;<br \/>\nMontaigne<\/p>\n<p style=\"text-align: center;\">&#8220;The heavenly passages&#8221; is a collection inspired by the different doors leading to dreamlike but also personal worlds, paths that lead to the full awareness of oneself and the world. These bridges carry us to supreme havens, higher ends, ultimate goals. They touch History, Spirituality, Fantasy. Let&#8217;s take these passages and we enter intimate and fanciful countries.<\/p>\n<p style=\"text-align: center;\"><span class=\"VIiyi\" lang=\"en\"><span class=\"JLqJ4b\" data-language-for-alternatives=\"en\" data-language-to-translate-into=\"fr\" data-phrase-index=\"0\">\u00a0 \u00a0<\/span><\/span>\u00a0<strong>Dragonfly symbolism is generally related to prosperity, luck, strength, peace, harmony, and purity. Their highly sensitive iridescent wings remind us to stay alert to the direction of the wind and to avoid rushing into a storm. Inkage means fragility and inconstancy, but also lightness and elegance. These winged creatures also represent change as well as soul dreams and thoughts. The dragonfly tattoo embodies the Latin phrase Carpe Diem, given that these creatures have a short life.<\/strong><\/p>\n<p style=\"text-align: center;\"><strong>\u00a0Stainless steel necklace with elven atmosphere, set with Labradorite, interlacing and dragonfly decor. Very good quality drop-shaped cabochon, very intense green hues, streaked with black. Choker 40 to 45 cm long, with extension chain ending in interlacing, in order to play on the length of the necklace. Dimension of the cabochon: 3.6 cm by 4.8 cm.<\/strong><\/p>\n<p style=\"text-align: center;\"><strong>\u00a0Infinitely elven and mystical pendant!!<\/strong><\/p>\n","protected":false},"excerpt":{"rendered":"<p style=\"text-align: center;\"><strong>Collier pendentif esprit elfique et celtique, serti Labradorite. <\/strong><\/p>\n<p style=\"text-align: center;\"><strong>Infiniment mystique et onirique!<\/strong><\/p>\n<hr \/>\n<p style=\"text-align: center;\"><span class=\"tlid-translation translation\" lang=\"en\"><strong><span class=\"\" title=\"\">Elven and Celtic spirit pendant necklace, set with Labradorite.<\/span><\/strong><\/span><\/p>\n<p style=\"text-align: center;\"><strong><span title=\"\">Infinitely mystical and dreamlike!<\/span><\/strong><\/p>\n","protected":false},"featured_media":5085,"comment_status":"open","ping_status":"closed","template":"","meta":[],"product_brand":[],"product_cat":[222],"product_tag":[31,131],"class_list":{"0":"post-5052","1":"product","2":"type-product","3":"status-publish","4":"has-post-thumbnail","6":"product_cat-les-adoptes","7":"product_tag-collier","8":"product_tag-pendentif","9":"pa_ambiance-baroque","10":"pa_ambiance-celtique","11":"pa_ambiance-elfique","12":"pa_ambiance-feerique","13":"pa_ambiance-mystique","14":"pa_ambiance-victorien","15":"pa_matiere-inox","16":"pa_ornement-labradorite","17":"pa_ornement-labradorite-bleue","18":"pa_ornement-labradorite-verte","19":"pa_ornement-pierre-semi","21":"first","22":"outofstock","23":"featured","24":"shipping-taxable","25":"purchasable","26":"product-type-simple"},"translation":{"provider":"WPGlobus","version":"3.0.2","language":"en","enabled_languages":["fr","en"],"languages":{"fr":{"title":true,"content":true,"excerpt":true},"en":{"title":false,"content":false,"excerpt":false}}},"jetpack-related-posts":[],"jetpack_sharing_enabled":true,"_links":{"self":[{"href":"https:\/\/www.altisfain.com\/en\/wp-json\/wp\/v2\/product\/5052","targetHints":{"allow":["GET"]}}],"collection":[{"href":"https:\/\/www.altisfain.com\/en\/wp-json\/wp\/v2\/product"}],"about":[{"href":"https:\/\/www.altisfain.com\/en\/wp-json\/wp\/v2\/types\/product"}],"replies":[{"embeddable":true,"href":"https:\/\/www.altisfain.com\/en\/wp-json\/wp\/v2\/comments?post=5052"}],"wp:featuredmedia":[{"embeddable":true,"href":"https:\/\/www.altisfain.com\/en\/wp-json\/wp\/v2\/media\/5085"}],"wp:attachment":[{"href":"https:\/\/www.altisfain.com\/en\/wp-json\/wp\/v2\/media?parent=5052"}],"wp:term":[{"taxonomy":"product_brand","embeddable":true,"href":"https:\/\/www.altisfain.com\/en\/wp-json\/wp\/v2\/product_brand?post=5052"},{"taxonomy":"product_cat","embeddable":true,"href":"https:\/\/www.altisfain.com\/en\/wp-json\/wp\/v2\/product_cat?post=5052"},{"taxonomy":"product_tag","embeddable":true,"href":"https:\/\/www.altisfain.com\/en\/wp-json\/wp\/v2\/product_tag?post=5052"}],"curies":[{"name":"wp","href":"https:\/\/api.w.org\/{rel}","templated":true}]}}