{"id":505,"date":"2018-03-05T17:51:08","date_gmt":"2018-03-05T16:51:08","guid":{"rendered":"http:\/\/www.altisfain.com\/?post_type=product&#038;p=505"},"modified":"2020-07-27T19:50:07","modified_gmt":"2020-07-27T17:50:07","slug":"collier-inox-les-vertus-la-temperance-charoite","status":"publish","type":"product","link":"https:\/\/www.altisfain.com\/en\/boutique\/peches-capitaux\/collier-inox-les-vertus-la-temperance-charoite\/","title":{"rendered":"Collier inox &#8220;Les Vertus: la Temp\u00e9rance&#8221; Charoite"},"content":{"rendered":"<p style=\"text-align: center;\">\u201cParfois les pleurs ont la vertu de l\u2019\u00e9loquence.\u201d<br \/>\nOvide<\/p>\n<p style=\"text-align: center;\">Une vertu th\u00e9ologale est une vertu qui doit guider les hommes dans leur rapport au monde et au spirituel. Les vertus th\u00e9ologales sont au nombre de trois et comprennent l\u2019esp\u00e9rance, la foi et la charit\u00e9. Avec les quatre vertus cardinales, elles forment les vertus catholiques. La Temp\u00e9rance est l&#8217;une d&#8217;entre elles.<\/p>\n<p style=\"text-align: center;\"><b>Collier inox articul\u00e9 en 3 parties.<br \/>\nJeu d&#8217;entrelacs sur sept fils inox, soud\u00e9s argent et martel\u00e9s main.<br \/>\nCabochon pierre Charoite couleur violette et noire forme rectangulaire mont\u00e9e sur un serti griffe.<br \/>\nLa couleur violette du cabochon symbolise la Temp\u00e9rance selon la hi\u00e9rarchie m\u00e9di\u00e9vale.<br \/>\nAttache pendentif et cha\u00eenette de rallonge termin\u00e9e par un entrelacs inox, permettant de jouer sur la longueur du collier.<br \/>\nDimension du cabochon: 2,6 cm par 1,3 cm.<br \/>\n<\/b><\/p>\n<p style=\"text-align: center;\"><b>Collier infiniment mystique!!<\/b><\/p>\n","protected":false},"excerpt":{"rendered":"<p style=\"text-align: center;\"><strong>Collier inox entrelacs et serti Charoite, inspir\u00e9 des couleurs des P\u00e9ch\u00e9s Capitaux au Moyen \u00c2ge. Ambiance elfique et mystique.<\/strong><\/p>\n<p>&nbsp;<\/p>\n","protected":false},"featured_media":506,"comment_status":"open","ping_status":"closed","template":"","meta":[],"product_brand":[],"product_cat":[23],"product_tag":[31],"class_list":{"0":"post-505","1":"product","2":"type-product","3":"status-publish","4":"has-post-thumbnail","6":"product_cat-peches-capitaux","7":"product_tag-collier","8":"pa_ambiance-baroque","9":"pa_ambiance-elfique","10":"pa_ambiance-feerique","11":"pa_ambiance-mystique","12":"pa_ambiance-victorien","13":"pa_matiere-inox","14":"pa_ornement-charoite","15":"pa_ornement-pierre-semi","17":"first","18":"instock","19":"sale","20":"sold-individually","21":"shipping-taxable","22":"purchasable","23":"product-type-simple"},"translation":{"provider":"WPGlobus","version":"3.0.2","language":"en","enabled_languages":["fr","en"],"languages":{"fr":{"title":true,"content":true,"excerpt":true},"en":{"title":false,"content":false,"excerpt":false}}},"jetpack-related-posts":[],"jetpack_sharing_enabled":true,"_links":{"self":[{"href":"https:\/\/www.altisfain.com\/en\/wp-json\/wp\/v2\/product\/505","targetHints":{"allow":["GET"]}}],"collection":[{"href":"https:\/\/www.altisfain.com\/en\/wp-json\/wp\/v2\/product"}],"about":[{"href":"https:\/\/www.altisfain.com\/en\/wp-json\/wp\/v2\/types\/product"}],"replies":[{"embeddable":true,"href":"https:\/\/www.altisfain.com\/en\/wp-json\/wp\/v2\/comments?post=505"}],"wp:featuredmedia":[{"embeddable":true,"href":"https:\/\/www.altisfain.com\/en\/wp-json\/wp\/v2\/media\/506"}],"wp:attachment":[{"href":"https:\/\/www.altisfain.com\/en\/wp-json\/wp\/v2\/media?parent=505"}],"wp:term":[{"taxonomy":"product_brand","embeddable":true,"href":"https:\/\/www.altisfain.com\/en\/wp-json\/wp\/v2\/product_brand?post=505"},{"taxonomy":"product_cat","embeddable":true,"href":"https:\/\/www.altisfain.com\/en\/wp-json\/wp\/v2\/product_cat?post=505"},{"taxonomy":"product_tag","embeddable":true,"href":"https:\/\/www.altisfain.com\/en\/wp-json\/wp\/v2\/product_tag?post=505"}],"curies":[{"name":"wp","href":"https:\/\/api.w.org\/{rel}","templated":true}]}}